

{"id":2211,"date":"2022-01-14T10:20:41","date_gmt":"2022-01-14T09:20:41","guid":{"rendered":"https:\/\/lei.net\/?page_id=2211"},"modified":"2022-01-14T10:20:44","modified_gmt":"2022-01-14T09:20:44","slug":"katalog","status":"publish","type":"page","link":"https:\/\/lei.net\/cs\/katalog\/","title":{"rendered":"Katalog"},"content":{"rendered":"\n<continents-list-component items=\"[{&quot;code&quot;:&quot;af&quot;,&quot;name&quot;:&quot;Africa&quot;,&quot;slug&quot;:&quot;af&quot;},{&quot;code&quot;:&quot;an&quot;,&quot;name&quot;:&quot;Antarctica&quot;,&quot;slug&quot;:&quot;an&quot;},{&quot;code&quot;:&quot;as&quot;,&quot;name&quot;:&quot;Asia&quot;,&quot;slug&quot;:&quot;as&quot;},{&quot;code&quot;:&quot;eu&quot;,&quot;name&quot;:&quot;Europe&quot;,&quot;slug&quot;:&quot;eu&quot;},{&quot;code&quot;:&quot;na&quot;,&quot;name&quot;:&quot;North America&quot;,&quot;slug&quot;:&quot;na&quot;},{&quot;code&quot;:&quot;oc&quot;,&quot;name&quot;:&quot;Oceania&quot;,&quot;slug&quot;:&quot;oc&quot;},{&quot;code&quot;:&quot;sa&quot;,&quot;name&quot;:&quot;South America&quot;,&quot;slug&quot;:&quot;sa&quot;}]\" item-url=\"https:\/\/lei.net\/cs\/continent\/\"><\/continents-list-component>\n","protected":false},"excerpt":{"rendered":"","protected":false},"author":1,"featured_media":0,"parent":0,"menu_order":0,"comment_status":"closed","ping_status":"closed","template":"","meta":{"_acf_changed":false,"footnotes":""},"class_list":["post-2211","page","type-page","status-publish","hentry"],"acf":[],"yoast_head":"<!-- This site is optimized with the Yoast SEO plugin v25.6 - https:\/\/yoast.com\/wordpress\/plugins\/seo\/ -->\n<title>Katalog - LEI.net<\/title>\n<meta name=\"robots\" content=\"index, follow, max-snippet:-1, max-image-preview:large, max-video-preview:-1\" \/>\n<link rel=\"canonical\" href=\"https:\/\/lei.net\/cs\/wp-json\/wp\/v2\/pages\/2211\" \/>\n<meta property=\"og:locale\" content=\"cs_CZ\" \/>\n<meta property=\"og:type\" content=\"article\" \/>\n<meta property=\"og:title\" content=\"Katalog - LEI.net\" \/>\n<meta property=\"og:url\" content=\"https:\/\/lei.net\/cs\/katalog\/\" \/>\n<meta property=\"og:site_name\" content=\"LEI.net\" \/>\n<meta property=\"article:modified_time\" content=\"2022-01-14T09:20:44+00:00\" \/>\n<meta name=\"twitter:card\" content=\"summary_large_image\" \/>\n<meta name=\"twitter:label1\" content=\"Odhadovan\u00e1 doba \u010dten\u00ed\" \/>\n\t<meta name=\"twitter:data1\" content=\"1 minuta\" \/>\n<script type=\"application\/ld+json\" class=\"yoast-schema-graph\">{\"@context\":\"https:\/\/schema.org\",\"@graph\":[{\"@type\":\"WebPage\",\"@id\":\"https:\/\/lei.net\/cs\/katalog\/\",\"url\":\"https:\/\/lei.net\/cs\/katalog\/\",\"name\":\"Katalog - LEI.net\",\"isPartOf\":{\"@id\":\"https:\/\/lei.net\/#website\"},\"datePublished\":\"2022-01-14T09:20:41+00:00\",\"dateModified\":\"2022-01-14T09:20:44+00:00\",\"breadcrumb\":{\"@id\":\"https:\/\/lei.net\/cs\/katalog\/#breadcrumb\"},\"inLanguage\":\"cs\",\"potentialAction\":[{\"@type\":\"ReadAction\",\"target\":[\"https:\/\/lei.net\/cs\/katalog\/\"]}]},{\"@type\":\"BreadcrumbList\",\"@id\":\"https:\/\/lei.net\/cs\/katalog\/#breadcrumb\",\"itemListElement\":[{\"@type\":\"ListItem\",\"position\":1,\"name\":\"Startseite\",\"item\":\"https:\/\/lei.net\/cs\/\"},{\"@type\":\"ListItem\",\"position\":2,\"name\":\"Katalog\"}]},{\"@type\":\"WebSite\",\"@id\":\"https:\/\/lei.net\/#website\",\"url\":\"https:\/\/lei.net\/\",\"name\":\"LEI.net\",\"description\":\"Official Legal Entity Identifier (LEI) Registrar\",\"publisher\":{\"@id\":\"https:\/\/lei.net\/#organization\"},\"potentialAction\":[{\"@type\":\"SearchAction\",\"target\":{\"@type\":\"EntryPoint\",\"urlTemplate\":\"https:\/\/lei.net\/?s={search_term_string}\"},\"query-input\":{\"@type\":\"PropertyValueSpecification\",\"valueRequired\":true,\"valueName\":\"search_term_string\"}}],\"inLanguage\":\"cs\"},{\"@type\":\"Organization\",\"@id\":\"https:\/\/lei.net\/#organization\",\"name\":\"F.I.D.Firmeninformationsdienst GmbH\",\"url\":\"https:\/\/lei.net\/\",\"logo\":{\"@type\":\"ImageObject\",\"inLanguage\":\"cs\",\"@id\":\"https:\/\/lei.net\/#\/schema\/logo\/image\/\",\"url\":\"https:\/\/lei.net\/wp-content\/uploads\/2021\/12\/color_vertical.jpg\",\"contentUrl\":\"https:\/\/lei.net\/wp-content\/uploads\/2021\/12\/color_vertical.jpg\",\"width\":283,\"height\":283,\"caption\":\"F.I.D.Firmeninformationsdienst GmbH\"},\"image\":{\"@id\":\"https:\/\/lei.net\/#\/schema\/logo\/image\/\"}}]}<\/script>\n<!-- \/ Yoast SEO plugin. -->","yoast_head_json":{"title":"Katalog - LEI.net","robots":{"index":"index","follow":"follow","max-snippet":"max-snippet:-1","max-image-preview":"max-image-preview:large","max-video-preview":"max-video-preview:-1"},"canonical":"https:\/\/lei.net\/cs\/wp-json\/wp\/v2\/pages\/2211","og_locale":"cs_CZ","og_type":"article","og_title":"Katalog - LEI.net","og_url":"https:\/\/lei.net\/cs\/katalog\/","og_site_name":"LEI.net","article_modified_time":"2022-01-14T09:20:44+00:00","twitter_card":"summary_large_image","twitter_misc":{"Odhadovan\u00e1 doba \u010dten\u00ed":"1 minuta"},"schema":{"@context":"https:\/\/schema.org","@graph":[{"@type":"WebPage","@id":"https:\/\/lei.net\/cs\/katalog\/","url":"https:\/\/lei.net\/cs\/katalog\/","name":"Katalog - LEI.net","isPartOf":{"@id":"https:\/\/lei.net\/#website"},"datePublished":"2022-01-14T09:20:41+00:00","dateModified":"2022-01-14T09:20:44+00:00","breadcrumb":{"@id":"https:\/\/lei.net\/cs\/katalog\/#breadcrumb"},"inLanguage":"cs","potentialAction":[{"@type":"ReadAction","target":["https:\/\/lei.net\/cs\/katalog\/"]}]},{"@type":"BreadcrumbList","@id":"https:\/\/lei.net\/cs\/katalog\/#breadcrumb","itemListElement":[{"@type":"ListItem","position":1,"name":"Startseite","item":"https:\/\/lei.net\/cs\/"},{"@type":"ListItem","position":2,"name":"Katalog"}]},{"@type":"WebSite","@id":"https:\/\/lei.net\/#website","url":"https:\/\/lei.net\/","name":"LEI.net","description":"Official Legal Entity Identifier (LEI) Registrar","publisher":{"@id":"https:\/\/lei.net\/#organization"},"potentialAction":[{"@type":"SearchAction","target":{"@type":"EntryPoint","urlTemplate":"https:\/\/lei.net\/?s={search_term_string}"},"query-input":{"@type":"PropertyValueSpecification","valueRequired":true,"valueName":"search_term_string"}}],"inLanguage":"cs"},{"@type":"Organization","@id":"https:\/\/lei.net\/#organization","name":"F.I.D.Firmeninformationsdienst GmbH","url":"https:\/\/lei.net\/","logo":{"@type":"ImageObject","inLanguage":"cs","@id":"https:\/\/lei.net\/#\/schema\/logo\/image\/","url":"https:\/\/lei.net\/wp-content\/uploads\/2021\/12\/color_vertical.jpg","contentUrl":"https:\/\/lei.net\/wp-content\/uploads\/2021\/12\/color_vertical.jpg","width":283,"height":283,"caption":"F.I.D.Firmeninformationsdienst GmbH"},"image":{"@id":"https:\/\/lei.net\/#\/schema\/logo\/image\/"}}]}},"_links":{"self":[{"href":"https:\/\/lei.net\/cs\/wp-json\/wp\/v2\/pages\/2211","targetHints":{"allow":["GET"]}}],"collection":[{"href":"https:\/\/lei.net\/cs\/wp-json\/wp\/v2\/pages"}],"about":[{"href":"https:\/\/lei.net\/cs\/wp-json\/wp\/v2\/types\/page"}],"author":[{"embeddable":true,"href":"https:\/\/lei.net\/cs\/wp-json\/wp\/v2\/users\/1"}],"replies":[{"embeddable":true,"href":"https:\/\/lei.net\/cs\/wp-json\/wp\/v2\/comments?post=2211"}],"version-history":[{"count":1,"href":"https:\/\/lei.net\/cs\/wp-json\/wp\/v2\/pages\/2211\/revisions"}],"predecessor-version":[{"id":2212,"href":"https:\/\/lei.net\/cs\/wp-json\/wp\/v2\/pages\/2211\/revisions\/2212"}],"wp:attachment":[{"href":"https:\/\/lei.net\/cs\/wp-json\/wp\/v2\/media?parent=2211"}],"curies":[{"name":"wp","href":"https:\/\/api.w.org\/{rel}","templated":true}]}}