

{"id":5279,"date":"2021-06-30T13:44:40","date_gmt":"2021-06-30T12:44:40","guid":{"rendered":"https:\/\/lei.net\/transfer\/"},"modified":"2026-03-09T06:19:36","modified_gmt":"2026-03-09T05:19:36","slug":"transfer","status":"publish","type":"page","link":"https:\/\/lei.net\/cs\/transfer\/","title":{"rendered":"Transfer"},"content":{"rendered":"\n<select-plan-component default-subscription-type=\"transfer\" :switcher=\"false\" :reasons=\"[{&quot;_type&quot;:&quot;_&quot;,&quot;reason_code&quot;:&quot;NATURAL_PERSON&quot;,&quot;reason&quot;:&quot;Fyzick\\u00e9 osoby: Podle definice neexistuje mate\\u0159sk\\u00e1 spole\\u010dnost, proto\\u017ee \\u00fa\\u010detn\\u00ed jednotka je ovl\\u00e1d\\u00e1na fyzickou osobou nebo osobami bez mezimate\\u0159sk\\u00e9ho podniku, kte\\u0159\\u00ed spl\\u0148uj\\u00ed definici rozsahu konsolidace mate\\u0159sk\\u00e9 spole\\u010dnosti.&quot;,&quot;information_points&quot;:[]},{&quot;_type&quot;:&quot;_&quot;,&quot;reason_code&quot;:&quot;NON_CONSOLIDATING&quot;,&quot;reason&quot;:&quot;NON_CONSOLIDATED: Podle definice neexistuje \\u017e\\u00e1dn\\u00e1 mate\\u0159sk\\u00e1 spole\\u010dnost, proto\\u017ee \\u00fa\\u010detn\\u00ed jednotka je ovl\\u00e1d\\u00e1na pr\\u00e1vnick\\u00fdmi osobami, kter\\u00e9 nepodl\\u00e9haj\\u00ed sestavov\\u00e1n\\u00ed konsolidovan\\u00e9 \\u00fa\\u010detn\\u00ed z\\u00e1v\\u011brky.&quot;,&quot;information_points&quot;:[]},{&quot;_type&quot;:&quot;_&quot;,&quot;reason_code&quot;:&quot;NO_KNOWN_PERSON&quot;,&quot;reason&quot;:&quot;\\u017d\\u00e1dn\\u00e1 zn\\u00e1m\\u00e1 osoba: Podle definice nen\\u00ed v nadaci Legal Entity Identifier Foundation \\u017e\\u00e1dn\\u00fd rodi\\u010d, proto\\u017ee neexistuje \\u017e\\u00e1dn\\u00e1 zn\\u00e1m\\u00e1 osoba ovl\\u00e1daj\\u00edc\\u00ed entitu (nap\\u0159. rozpt\\u00fdlen\\u00ed akcion\\u00e1\\u0159i).&quot;,&quot;information_points&quot;:[]},{&quot;_type&quot;:&quot;_&quot;,&quot;reason_code&quot;:&quot;NON_PUBLIC&quot;,&quot;reason&quot;:&quot;NON_PUBLIC: Pro n\\u00e1sleduj\\u00edc\\u00ed aplikace:&quot;,&quot;information_points&quot;:[{&quot;_type&quot;:&quot;_&quot;,&quot;information_point&quot;:&quot;Pr\\u00e1vn\\u00ed bari\\u00e9ry: Poskytov\\u00e1n\\u00ed nebo zve\\u0159ej\\u0148ov\\u00e1n\\u00ed informac\\u00ed br\\u00e1n\\u00ed bari\\u00e9ry v z\\u00e1konech nebo na\\u0159\\u00edzen\\u00edch dan\\u00e9 jurisdikce. Subjekt nem\\u016f\\u017ee publikovat mate\\u0159skou spole\\u010dnost v glob\\u00e1ln\\u00ed datab\\u00e1zi \\u010d\\u00edsel LEI.&quot;},{&quot;_type&quot;:&quot;_&quot;,&quot;information_point&quot;:&quot;Souhlas nebyl z\\u00edsk\\u00e1n: Podle platn\\u00e9ho pr\\u00e1vn\\u00edho r\\u00e1mce byl vy\\u017eadov\\u00e1n souhlas mate\\u0159sk\\u00e9 spole\\u010dnosti a mate\\u0159sk\\u00e1 spole\\u010dnost nesouhlasila nebo ji nebylo mo\\u017en\\u00e9 kontaktovat.&quot;},{&quot;_type&quot;:&quot;_&quot;,&quot;information_point&quot;:&quot;Z\\u00e1vazn\\u00e9 pr\\u00e1vn\\u00ed z\\u00e1vazky: Z\\u00e1vazn\\u00e9 pr\\u00e1vn\\u00ed z\\u00e1vazky (jin\\u00e9 ne\\u017e z\\u00e1kony nebo p\\u0159edpisy jurisdikce), jako jsou stanovy upravuj\\u00edc\\u00ed pr\\u00e1vn\\u00ed subjekt nebo smlouvu, br\\u00e1n\\u00ed poskytov\\u00e1n\\u00ed nebo zve\\u0159ejn\\u011bn\\u00ed t\\u011bchto informac\\u00ed.&quot;},{&quot;_type&quot;:&quot;_&quot;,&quot;information_point&quot;:&quot;Sn\\u00ed\\u017een\\u00ed hodnoty nen\\u00ed osvobozeno: Dce\\u0159in\\u00e1 spole\\u010dnost po\\u017e\\u00e1dala o n\\u00e1v\\u0161t\\u011bvu mate\\u0159sk\\u00e9 spole\\u010dnosti v souvislosti s vykazov\\u00e1n\\u00edm mate\\u0159sk\\u00e9 spole\\u010dnosti, ale nemohla to potvrdit z d\\u016fvodu chyb\\u011bj\\u00edc\\u00edho sn\\u00ed\\u017een\\u00ed hodnoty zp\\u016fsobem, kter\\u00fd by zabr\\u00e1nil p\\u0159im\\u011b\\u0159en\\u00fdm rizik\\u016fm odpov\\u011bdnosti dce\\u0159in\\u00e9 spole\\u010dnosti.&quot;},{&quot;_type&quot;:&quot;_&quot;,&quot;information_point&quot;:&quot;Nep\\u0159\\u00edzniv\\u00fd vliv na zve\\u0159ejn\\u011bn\\u00ed: Zve\\u0159ejn\\u011bn\\u00ed t\\u011bchto informac\\u00ed by po\\u0161kodilo p\\u0159\\u00edslu\\u0161nou pr\\u00e1vnickou nebo mate\\u0159skou osobu. To zahrnuje d\\u016fvody obecn\\u011b uzn\\u00e1van\\u00e9 ve\\u0159ejn\\u00fdmi org\\u00e1ny za podobn\\u00fdch okolnost\\u00ed na z\\u00e1klad\\u011b prohl\\u00e1\\u0161en\\u00ed \\u00fa\\u010detn\\u00ed jednotky.&quot;}]},{&quot;_type&quot;:&quot;_&quot;,&quot;reason_code&quot;:&quot;NO_LEI&quot;,&quot;reason&quot;:&quot;\\u017d\\u00e1dn\\u00fd LEI: D\\u011btsk\\u00e1 pr\\u00e1vnick\\u00e1 osoba uv\\u00e1d\\u00ed, \\u017ee m\\u00e1 rodi\\u010de podle pou\\u017eit\\u00e9 definice, ale tento rodi\\u010d je\\u0161t\\u011b nem\\u00e1 LEI.&quot;,&quot;information_points&quot;:[]}]\" :countries=\"{&quot;AF&quot;:&quot;Afghanistan&quot;,&quot;AL&quot;:&quot;Albania&quot;,&quot;DZ&quot;:&quot;Algeria&quot;,&quot;AS&quot;:&quot;American Samoa&quot;,&quot;AD&quot;:&quot;Andorra&quot;,&quot;AO&quot;:&quot;Angola&quot;,&quot;AI&quot;:&quot;Anguilla&quot;,&quot;AG&quot;:&quot;Antigua and Barbuda&quot;,&quot;AR&quot;:&quot;Argentina&quot;,&quot;AM&quot;:&quot;Armenia&quot;,&quot;AW&quot;:&quot;Aruba&quot;,&quot;AU&quot;:&quot;Australia&quot;,&quot;AT&quot;:&quot;Austria&quot;,&quot;AZ&quot;:&quot;Azerbaijan&quot;,&quot;BS&quot;:&quot;Bahamas&quot;,&quot;BD&quot;:&quot;Bangladesh&quot;,&quot;BB&quot;:&quot;Barbados&quot;,&quot;BY&quot;:&quot;Belarus&quot;,&quot;BE&quot;:&quot;Belgium&quot;,&quot;BZ&quot;:&quot;Belize&quot;,&quot;BJ&quot;:&quot;Benin&quot;,&quot;BM&quot;:&quot;Bermuda&quot;,&quot;BT&quot;:&quot;Bhutan&quot;,&quot;BO&quot;:&quot;Bolivia&quot;,&quot;BA&quot;:&quot;Bosnia and Herzegovina&quot;,&quot;BW&quot;:&quot;Botswana&quot;,&quot;BV&quot;:&quot;Bouvet Island&quot;,&quot;BR&quot;:&quot;Brazil&quot;,&quot;IO&quot;:&quot;British Indian Ocean Territory&quot;,&quot;BN&quot;:&quot;Brunei Darussalam&quot;,&quot;BG&quot;:&quot;Bulgaria&quot;,&quot;BF&quot;:&quot;Burkina Faso&quot;,&quot;BI&quot;:&quot;Burundi&quot;,&quot;KH&quot;:&quot;Cambodia&quot;,&quot;CM&quot;:&quot;Cameroon&quot;,&quot;CA&quot;:&quot;Canada&quot;,&quot;KY&quot;:&quot;Cayman Islands&quot;,&quot;CF&quot;:&quot;Central African Republic&quot;,&quot;TD&quot;:&quot;Chad&quot;,&quot;CL&quot;:&quot;Chile&quot;,&quot;CN&quot;:&quot;China&quot;,&quot;CX&quot;:&quot;Christmas Island&quot;,&quot;CC&quot;:&quot;Cocos (Keeling) Islands&quot;,&quot;CO&quot;:&quot;Colombia&quot;,&quot;KM&quot;:&quot;Comoros&quot;,&quot;CG&quot;:&quot;Congo&quot;,&quot;CK&quot;:&quot;Cook Islands&quot;,&quot;CR&quot;:&quot;Costa Rica&quot;,&quot;CI&quot;:&quot;C\\u00f4te d&#039;Ivoire&quot;,&quot;HR&quot;:&quot;Croatia&quot;,&quot;CY&quot;:&quot;Cyprus&quot;,&quot;CZ&quot;:&quot;Czech Republic&quot;,&quot;DK&quot;:&quot;Denmark&quot;,&quot;DJ&quot;:&quot;Djibouti&quot;,&quot;DM&quot;:&quot;Dominica&quot;,&quot;DO&quot;:&quot;Dominican Republic&quot;,&quot;EC&quot;:&quot;Ecuador&quot;,&quot;EG&quot;:&quot;Egypt&quot;,&quot;SV&quot;:&quot;El Salvador&quot;,&quot;GQ&quot;:&quot;Equatorial Guinea&quot;,&quot;EE&quot;:&quot;Estonia&quot;,&quot;ET&quot;:&quot;Ethiopia&quot;,&quot;FK&quot;:&quot;Falkland Islands (Malvinas)&quot;,&quot;FO&quot;:&quot;Faroe Islands&quot;,&quot;FJ&quot;:&quot;Fiji&quot;,&quot;FI&quot;:&quot;Finland&quot;,&quot;FR&quot;:&quot;France&quot;,&quot;GF&quot;:&quot;French Guiana&quot;,&quot;PF&quot;:&quot;French Polynesia&quot;,&quot;TF&quot;:&quot;French Southern Territories&quot;,&quot;GA&quot;:&quot;Gabon&quot;,&quot;GM&quot;:&quot;Gambia&quot;,&quot;GE&quot;:&quot;Georgia&quot;,&quot;DE&quot;:&quot;Germany&quot;,&quot;GH&quot;:&quot;Ghana&quot;,&quot;GI&quot;:&quot;Gibraltar&quot;,&quot;GR&quot;:&quot;Greece&quot;,&quot;GL&quot;:&quot;Greenland&quot;,&quot;GD&quot;:&quot;Grenada&quot;,&quot;GP&quot;:&quot;Guadeloupe&quot;,&quot;GU&quot;:&quot;Guam&quot;,&quot;GT&quot;:&quot;Guatemala&quot;,&quot;GN&quot;:&quot;Guinea&quot;,&quot;GW&quot;:&quot;Guinea-Bissau&quot;,&quot;GY&quot;:&quot;Guyana&quot;,&quot;HT&quot;:&quot;Haiti&quot;,&quot;HM&quot;:&quot;Heard Island and McDonald Islands&quot;,&quot;VA&quot;:&quot;Holy See (Vatican City State)&quot;,&quot;HN&quot;:&quot;Honduras&quot;,&quot;HK&quot;:&quot;Hong Kong&quot;,&quot;HU&quot;:&quot;Hungary&quot;,&quot;IS&quot;:&quot;Iceland&quot;,&quot;IN&quot;:&quot;India&quot;,&quot;ID&quot;:&quot;Indonesia&quot;,&quot;IR&quot;:&quot;Iran&quot;,&quot;IQ&quot;:&quot;Iraq&quot;,&quot;IE&quot;:&quot;Ireland&quot;,&quot;IL&quot;:&quot;Israel&quot;,&quot;IT&quot;:&quot;Italy&quot;,&quot;JM&quot;:&quot;Jamaica&quot;,&quot;JP&quot;:&quot;Japan&quot;,&quot;JO&quot;:&quot;Jordan&quot;,&quot;KZ&quot;:&quot;Kazakhstan&quot;,&quot;KE&quot;:&quot;Kenya&quot;,&quot;KI&quot;:&quot;Kiribati&quot;,&quot;KP&quot;:&quot;North Korea&quot;,&quot;KR&quot;:&quot;South Korea&quot;,&quot;KW&quot;:&quot;Kuwait&quot;,&quot;KG&quot;:&quot;Kyrgyzstan&quot;,&quot;LA&quot;:&quot;Lao People&#039;s Democratic Republic&quot;,&quot;LV&quot;:&quot;Latvia&quot;,&quot;LB&quot;:&quot;Lebanon&quot;,&quot;LS&quot;:&quot;Lesotho&quot;,&quot;LR&quot;:&quot;Liberia&quot;,&quot;LY&quot;:&quot;Libyan Arab Jamahiriya&quot;,&quot;LI&quot;:&quot;Liechtenstein&quot;,&quot;LT&quot;:&quot;Lithuania&quot;,&quot;LU&quot;:&quot;Luxembourg&quot;,&quot;MO&quot;:&quot;Macao&quot;,&quot;MK&quot;:&quot;Macedonia&quot;,&quot;MG&quot;:&quot;Madagascar&quot;,&quot;MW&quot;:&quot;Malawi&quot;,&quot;MY&quot;:&quot;Malaysia&quot;,&quot;MV&quot;:&quot;Maldives&quot;,&quot;ML&quot;:&quot;Mali&quot;,&quot;MT&quot;:&quot;Malta&quot;,&quot;MH&quot;:&quot;Marshall Islands&quot;,&quot;MQ&quot;:&quot;Martinique&quot;,&quot;MR&quot;:&quot;Mauritania&quot;,&quot;MU&quot;:&quot;Mauritius&quot;,&quot;YT&quot;:&quot;Mayotte&quot;,&quot;MX&quot;:&quot;Mexico&quot;,&quot;FM&quot;:&quot;Micronesia&quot;,&quot;MD&quot;:&quot;Moldova&quot;,&quot;MC&quot;:&quot;Monaco&quot;,&quot;MN&quot;:&quot;Mongolia&quot;,&quot;ME&quot;:&quot;Montenegro&quot;,&quot;MS&quot;:&quot;Montserrat&quot;,&quot;MA&quot;:&quot;Morocco&quot;,&quot;MZ&quot;:&quot;Mozambique&quot;,&quot;MM&quot;:&quot;Myanmar&quot;,&quot;NA&quot;:&quot;Namibia&quot;,&quot;NR&quot;:&quot;Nauru&quot;,&quot;NP&quot;:&quot;Nepal&quot;,&quot;NL&quot;:&quot;Netherlands&quot;,&quot;AN&quot;:&quot;Netherlands Antilles&quot;,&quot;NC&quot;:&quot;New Caledonia&quot;,&quot;NZ&quot;:&quot;New Zealand&quot;,&quot;NI&quot;:&quot;Nicaragua&quot;,&quot;NE&quot;:&quot;Niger&quot;,&quot;NG&quot;:&quot;Nigeria&quot;,&quot;NU&quot;:&quot;Niue&quot;,&quot;NF&quot;:&quot;Norfolk Island&quot;,&quot;MP&quot;:&quot;Northern Mariana Islands&quot;,&quot;NO&quot;:&quot;Norway&quot;,&quot;OM&quot;:&quot;Oman&quot;,&quot;PK&quot;:&quot;Pakistan&quot;,&quot;PW&quot;:&quot;Palau&quot;,&quot;PS&quot;:&quot;Palestinian Territory&quot;,&quot;PA&quot;:&quot;Panama&quot;,&quot;PG&quot;:&quot;Papua New Guinea&quot;,&quot;PY&quot;:&quot;Paraguay&quot;,&quot;PE&quot;:&quot;Peru&quot;,&quot;PH&quot;:&quot;Philippines&quot;,&quot;PN&quot;:&quot;Pitcairn&quot;,&quot;PL&quot;:&quot;Poland&quot;,&quot;PT&quot;:&quot;Portugal&quot;,&quot;PR&quot;:&quot;Puerto Rico&quot;,&quot;QA&quot;:&quot;Qatar&quot;,&quot;RE&quot;:&quot;R\\u00e9union&quot;,&quot;RO&quot;:&quot;Romania&quot;,&quot;RU&quot;:&quot;Russian Federation&quot;,&quot;RW&quot;:&quot;Rwanda&quot;,&quot;WS&quot;:&quot;Samoa&quot;,&quot;SM&quot;:&quot;San Marino&quot;,&quot;ST&quot;:&quot;Sao Tome and Principe&quot;,&quot;SA&quot;:&quot;Saudi Arabia&quot;,&quot;SN&quot;:&quot;Senegal&quot;,&quot;RS&quot;:&quot;Serbia&quot;,&quot;SC&quot;:&quot;Seychelles&quot;,&quot;SL&quot;:&quot;Sierra Leone&quot;,&quot;SG&quot;:&quot;Singapore&quot;,&quot;SK&quot;:&quot;Slovakia&quot;,&quot;SI&quot;:&quot;Slovenia&quot;,&quot;SB&quot;:&quot;Solomon Islands&quot;,&quot;SO&quot;:&quot;Somalia&quot;,&quot;ZA&quot;:&quot;South Africa&quot;,&quot;GS&quot;:&quot;South Georgia and the South Sandwich Islands&quot;,&quot;ES&quot;:&quot;Spain&quot;,&quot;LK&quot;:&quot;Sri Lanka&quot;,&quot;SD&quot;:&quot;Sudan&quot;,&quot;SR&quot;:&quot;Suriname&quot;,&quot;SJ&quot;:&quot;Svalbard and Jan Mayen&quot;,&quot;SZ&quot;:&quot;Swaziland&quot;,&quot;SE&quot;:&quot;Sweden&quot;,&quot;CH&quot;:&quot;Switzerland&quot;,&quot;SY&quot;:&quot;Syrian Arab Republic&quot;,&quot;TW&quot;:&quot;Taiwan&quot;,&quot;TJ&quot;:&quot;Tajikistan&quot;,&quot;TZ&quot;:&quot;Tanzania&quot;,&quot;TH&quot;:&quot;Thailand&quot;,&quot;TL&quot;:&quot;Timor-Leste&quot;,&quot;TG&quot;:&quot;Togo&quot;,&quot;TK&quot;:&quot;Tokelau&quot;,&quot;TO&quot;:&quot;Tonga&quot;,&quot;TT&quot;:&quot;Trinidad and Tobago&quot;,&quot;TN&quot;:&quot;Tunisia&quot;,&quot;TR&quot;:&quot;Turkey&quot;,&quot;TM&quot;:&quot;Turkmenistan&quot;,&quot;TC&quot;:&quot;Turks and Caicos Islands&quot;,&quot;TV&quot;:&quot;Tuvalu&quot;,&quot;UG&quot;:&quot;Uganda&quot;,&quot;UA&quot;:&quot;Ukraine&quot;,&quot;AE&quot;:&quot;United Arab Emirates&quot;,&quot;GB&quot;:&quot;United Kingdom&quot;,&quot;US&quot;:&quot;United States&quot;,&quot;UM&quot;:&quot;United States Minor Outlying Islands&quot;,&quot;UY&quot;:&quot;Uruguay&quot;,&quot;UZ&quot;:&quot;Uzbekistan&quot;,&quot;VU&quot;:&quot;Vanuatu&quot;,&quot;VE&quot;:&quot;Venezuela&quot;,&quot;VN&quot;:&quot;Viet Nam&quot;,&quot;VG&quot;:&quot;Virgin Islands, British&quot;,&quot;VI&quot;:&quot;Virgin Islands, U.S.&quot;,&quot;WF&quot;:&quot;Wallis and Futuna&quot;,&quot;EH&quot;:&quot;Western Sahara&quot;,&quot;YE&quot;:&quot;Yemen&quot;,&quot;ZM&quot;:&quot;Zambia&quot;,&quot;ZW&quot;:&quot;Zimbabwe&quot;}\" :plans=\"{&quot;registration&quot;:[{&quot;pricePerYear&quot;:&quot;79\\u20ac \\\/ 1 rok&quot;,&quot;price&quot;:&quot;79\\u20ac&quot;,&quot;priceText&quot;:&quot; \\\/ 1 rok&quot;,&quot;duration&quot;:&quot;1 rok&quot;,&quot;name&quot;:&quot;\\u010d\\u00edslo LEI&quot;,&quot;isPopular&quot;:false,&quot;benefits&quot;:[]}],&quot;renewal&quot;:[{&quot;pricePerYear&quot;:&quot;79\\u20ac \\\/ 1 rok&quot;,&quot;price&quot;:&quot;79\\u20ac&quot;,&quot;priceText&quot;:&quot; \\\/ 1 rok&quot;,&quot;duration&quot;:&quot;1 rok&quot;,&quot;name&quot;:&quot;P\\u0159evod\\\/obnoven\\u00ed LEI&quot;,&quot;isPopular&quot;:&quot;&quot;,&quot;benefits&quot;:&quot;&quot;}],&quot;transfer&quot;:[{&quot;pricePerYear&quot;:&quot;79\\u20ac \\\/ 1 rok&quot;,&quot;price&quot;:&quot;79\\u20ac&quot;,&quot;priceText&quot;:&quot; \\\/ 1 rok&quot;,&quot;duration&quot;:&quot;1 rok&quot;,&quot;name&quot;:&quot;P\\u0159evod\\\/obnoven\\u00ed LEI&quot;,&quot;isPopular&quot;:&quot;&quot;,&quot;benefits&quot;:&quot;&quot;}]}\" lang=\"cs\" plan-bg=\"https:\/\/lei.net\/wp-content\/themes\/leinumber\/assets\/images\/plan-bg.webp\" confirm-bg=\"https:\/\/lei.net\/wp-content\/themes\/leinumber\/assets\/images\/confirm-bg.webp\"><\/select-plan-component>\n\r\n\r\n\r\n<div class=\"wp-block-spacer\" style=\"height: 50px;\" aria-hidden=\"true\">\u00a0<\/div>\r\n\r\n\r\n\r\n<h2 class=\"wp-block-heading has-text-align-center font-axiforma\" style=\"font-size: 45px; font-style: normal; font-weight: 600;\">Nej\u010dast\u011bj\u0161\u00ed dotazy<\/h2>\r\n\r\n\r\n\r\n<p class=\"has-text-align-center\">Klienti se n\u00e1s \u010dasto ptaj\u00ed na n\u00e1sleduj\u00edc\u00ed ot\u00e1zky<\/p>\r\n\r\n\r\n\r\n<div class=\"wp-block-spacer\" style=\"height: 50px;\" aria-hidden=\"true\">\u00a0<\/div>\r\n\r\n\r\n<faq-component data='[{&quot;_id&quot;:&quot;cf-zLCyF1AGp2zcbxMYhe_6Z&quot;,&quot;_type&quot;:&quot;_&quot;,&quot;question&quot;:&quot;Co je p\\u0159evod LEI?&quot;,&quot;answer&quot;:&quot;P\\u0159evod LEI je proces, kdy va\\u0161e \\u010d\\u00edslo LEI spravuje jin\\u00fd poskytovatel. O tuto slu\\u017ebu m\\u016f\\u017eete po\\u017e\\u00e1dat pomoc\\u00ed na\\u0161eho p\\u0159evodn\\u00edho formul\\u00e1\\u0159e, kter\\u00fd je zdarma a lze jej vyplnit b\\u011bhem n\\u011bkolika minut.&quot;},{&quot;_id&quot;:&quot;cf-aVQh0q7I_E6NAfnISmeo8&quot;,&quot;_type&quot;:&quot;_&quot;,&quot;question&quot;:&quot;Jak funguje p\\u0159enos LEI?&quot;,&quot;answer&quot;:&quot;Jednodu\\u0161e vypl\\u0148te a ode\\u0161lete p\\u0159evodn\\u00ed formul\\u00e1\\u0159 na na\\u0161ich webov\\u00fdch str\\u00e1nk\\u00e1ch. N\\u00e1sledn\\u011b vy\\u0159\\u00edd\\u00edme komunikaci s va\\u0161\\u00edm sou\\u010dasn\\u00fdm poskytovatelem a zajist\\u00edme p\\u0159evod v r\\u00e1mci s\\u00edt\\u011b GLEIF. Po dokon\\u010den\\u00ed p\\u0159evodu budete informov\\u00e1ni.&quot;},{&quot;_id&quot;:&quot;cf-wbp5hFdmEZ_R5ZcE9GuSU&quot;,&quot;_type&quot;:&quot;_&quot;,&quot;question&quot;:&quot;Co je to \\u010d\\u00edslo LEI?&quot;,&quot;answer&quot;:&quot;LEI je zkratka pro Legal Entity Identifier, jedine\\u010dn\\u00fd k\\u00f3d vy\\u017eadovan\\u00fd pr\\u00e1vnick\\u00fdmi osobami pro finan\\u010dn\\u00ed transakce. Zefektiv\\u0148uje sd\\u00edlen\\u00ed dat b\\u011bhem transakc\\u00ed, co\\u017e je proces, kter\\u00fd je obvykle pom\\u011brn\\u011b zdlouhav\\u00fd. LEI vyd\\u00e1v\\u00e1 Global Legal Entity Identifier Foundation (GLEIF), zalo\\u017een\\u00e1 v roce 2014, se s\\u00eddlem v Basileji. \\u00dadaje o dr\\u017eitel\\u00edch LEI jsou ulo\\u017eeny v centr\\u00e1ln\\u00ed datab\\u00e1zi zn\\u00e1m\\u00e9 jako glob\\u00e1ln\\u00ed syst\\u00e9m LEI (GLEIS).&quot;},{&quot;_id&quot;:&quot;cf-Wsr_XCfX8hyDLNc1GoFpR&quot;,&quot;_type&quot;:&quot;_&quot;,&quot;question&quot;:&quot;Jak mohu po\\u017e\\u00e1dat o \\u010d\\u00edslo LEI?&quot;,&quot;answer&quot;:&quot;LEI vyd\\u00e1v\\u00e1 GLEIF a lze jej z\\u00edskat prost\\u0159ednictv\\u00edm LOU nebo registra\\u010dn\\u00edch agent\\u016f. Vypl\\u0148te p\\u0159ihl\\u00e1\\u0161ku a ode\\u0161lete ji spolu s platbou. Obvykle trv\\u00e1 a\\u017e 24 hodin, ne\\u017e se LEI po zaplacen\\u00ed stane aktivn\\u00ed. Pro pohodl\\u00ed nab\\u00edz\\u00edme r\\u016fzn\\u00e9 zp\\u016fsoby platby. Pro urgentn\\u00ed finan\\u010dn\\u00ed transakce vyberte zp\\u016fsob okam\\u017eit\\u00e9 platby. LEI jsou platn\\u00e9 jeden rok a lze je obnovit nebo z\\u00edskat na v\\u00edce let, aby se zabr\\u00e1nilo ka\\u017edoro\\u010dn\\u00edmu obnovov\\u00e1n\\u00ed.&quot;},{&quot;_id&quot;:&quot;cf-0kx1rTkOVA5hdM1SxDgcz&quot;,&quot;_type&quot;:&quot;_&quot;,&quot;question&quot;:&quot;Pro\\u010d v\\u016fbec \\u010d\\u00edslo LEI existuje?&quot;,&quot;answer&quot;:&quot;LEI zjednodu\\u0161uje registraci z\\u00e1kazn\\u00edk\\u016f pro finan\\u010dn\\u00ed transakce. \\u0160et\\u0159\\u00ed \\u010das, proto\\u017ee sni\\u017euje mno\\u017estv\\u00ed pot\\u0159ebn\\u00fdch dat. Finan\\u010dn\\u00ed transakce s sebou nesou rizika a v\\u0161echny strany cht\\u011bj\\u00ed v\\u011bd\\u011bt, s k\\u00fdm maj\\u00ed co do \\u010din\\u011bn\\u00ed. LEI poskytuje tyto informace rychle a spolehliv\\u011b.&quot;}]'><\/faq-component>\n","protected":false},"excerpt":{"rendered":"<p>Nej\u010dast\u011bj\u0161\u00ed dotazy Klienti se n\u00e1s \u010dasto ptaj\u00ed na n\u00e1sleduj\u00edc\u00ed ot\u00e1zky<\/p>\n","protected":false},"author":1,"featured_media":0,"parent":0,"menu_order":0,"comment_status":"closed","ping_status":"closed","template":"","meta":{"_acf_changed":false,"footnotes":""},"class_list":["post-5279","page","type-page","status-publish","hentry"],"acf":[],"yoast_head":"<!-- This site is optimized with the Yoast SEO plugin v25.6 - https:\/\/yoast.com\/wordpress\/plugins\/seo\/ -->\n<title>Transfer - LEI.net<\/title>\n<meta name=\"description\" content=\"P\u0159evod va\u0161eho LEI je s LEI.net rychl\u00fd a bezprobl\u00e9mov\u00fd. Nab\u00edz\u00edme spolehliv\u00fd servis p\u0159evodu identifik\u00e1toru pr\u00e1vnick\u00e9 osoby v \u010cesk\u00e9 republice.\" \/>\n<meta name=\"robots\" content=\"index, follow, max-snippet:-1, max-image-preview:large, max-video-preview:-1\" \/>\n<link rel=\"canonical\" href=\"https:\/\/lei.net\/cs\/wp-json\/wp\/v2\/pages\/5279\" \/>\n<meta property=\"og:locale\" content=\"cs_CZ\" \/>\n<meta property=\"og:type\" content=\"article\" \/>\n<meta property=\"og:title\" content=\"Transfer - LEI.net\" \/>\n<meta property=\"og:description\" content=\"P\u0159evod va\u0161eho LEI je s LEI.net rychl\u00fd a bezprobl\u00e9mov\u00fd. Nab\u00edz\u00edme spolehliv\u00fd servis p\u0159evodu identifik\u00e1toru pr\u00e1vnick\u00e9 osoby v \u010cesk\u00e9 republice.\" \/>\n<meta property=\"og:url\" content=\"https:\/\/lei.net\/cs\/transfer\/\" \/>\n<meta property=\"og:site_name\" content=\"LEI.net\" \/>\n<meta property=\"article:modified_time\" content=\"2026-03-09T05:19:36+00:00\" \/>\n<meta name=\"twitter:card\" content=\"summary_large_image\" \/>\n<meta name=\"twitter:label1\" content=\"Odhadovan\u00e1 doba \u010dten\u00ed\" \/>\n\t<meta name=\"twitter:data1\" content=\"1 minuta\" \/>\n<script type=\"application\/ld+json\" class=\"yoast-schema-graph\">{\"@context\":\"https:\/\/schema.org\",\"@graph\":[{\"@type\":\"WebPage\",\"@id\":\"https:\/\/lei.net\/cs\/transfer\/\",\"url\":\"https:\/\/lei.net\/cs\/transfer\/\",\"name\":\"Transfer - LEI.net\",\"isPartOf\":{\"@id\":\"https:\/\/lei.net\/#website\"},\"datePublished\":\"2021-06-30T12:44:40+00:00\",\"dateModified\":\"2026-03-09T05:19:36+00:00\",\"description\":\"P\u0159evod va\u0161eho LEI je s LEI.net rychl\u00fd a bezprobl\u00e9mov\u00fd. Nab\u00edz\u00edme spolehliv\u00fd servis p\u0159evodu identifik\u00e1toru pr\u00e1vnick\u00e9 osoby v \u010cesk\u00e9 republice.\",\"breadcrumb\":{\"@id\":\"https:\/\/lei.net\/cs\/transfer\/#breadcrumb\"},\"inLanguage\":\"cs\",\"potentialAction\":[{\"@type\":\"ReadAction\",\"target\":[\"https:\/\/lei.net\/cs\/transfer\/\"]}]},{\"@type\":\"BreadcrumbList\",\"@id\":\"https:\/\/lei.net\/cs\/transfer\/#breadcrumb\",\"itemListElement\":[{\"@type\":\"ListItem\",\"position\":1,\"name\":\"Startseite\",\"item\":\"https:\/\/lei.net\/cs\/\"},{\"@type\":\"ListItem\",\"position\":2,\"name\":\"Transfer\"}]},{\"@type\":\"WebSite\",\"@id\":\"https:\/\/lei.net\/#website\",\"url\":\"https:\/\/lei.net\/\",\"name\":\"LEI.net\",\"description\":\"Official Legal Entity Identifier (LEI) Registrar\",\"publisher\":{\"@id\":\"https:\/\/lei.net\/#organization\"},\"potentialAction\":[{\"@type\":\"SearchAction\",\"target\":{\"@type\":\"EntryPoint\",\"urlTemplate\":\"https:\/\/lei.net\/?s={search_term_string}\"},\"query-input\":{\"@type\":\"PropertyValueSpecification\",\"valueRequired\":true,\"valueName\":\"search_term_string\"}}],\"inLanguage\":\"cs\"},{\"@type\":\"Organization\",\"@id\":\"https:\/\/lei.net\/#organization\",\"name\":\"F.I.D.Firmeninformationsdienst GmbH\",\"url\":\"https:\/\/lei.net\/\",\"logo\":{\"@type\":\"ImageObject\",\"inLanguage\":\"cs\",\"@id\":\"https:\/\/lei.net\/#\/schema\/logo\/image\/\",\"url\":\"https:\/\/lei.net\/wp-content\/uploads\/2021\/12\/color_vertical.jpg\",\"contentUrl\":\"https:\/\/lei.net\/wp-content\/uploads\/2021\/12\/color_vertical.jpg\",\"width\":283,\"height\":283,\"caption\":\"F.I.D.Firmeninformationsdienst GmbH\"},\"image\":{\"@id\":\"https:\/\/lei.net\/#\/schema\/logo\/image\/\"}}]}<\/script>\n<!-- \/ Yoast SEO plugin. -->","yoast_head_json":{"title":"Transfer - LEI.net","description":"P\u0159evod va\u0161eho LEI je s LEI.net rychl\u00fd a bezprobl\u00e9mov\u00fd. Nab\u00edz\u00edme spolehliv\u00fd servis p\u0159evodu identifik\u00e1toru pr\u00e1vnick\u00e9 osoby v \u010cesk\u00e9 republice.","robots":{"index":"index","follow":"follow","max-snippet":"max-snippet:-1","max-image-preview":"max-image-preview:large","max-video-preview":"max-video-preview:-1"},"canonical":"https:\/\/lei.net\/cs\/wp-json\/wp\/v2\/pages\/5279","og_locale":"cs_CZ","og_type":"article","og_title":"Transfer - LEI.net","og_description":"P\u0159evod va\u0161eho LEI je s LEI.net rychl\u00fd a bezprobl\u00e9mov\u00fd. Nab\u00edz\u00edme spolehliv\u00fd servis p\u0159evodu identifik\u00e1toru pr\u00e1vnick\u00e9 osoby v \u010cesk\u00e9 republice.","og_url":"https:\/\/lei.net\/cs\/transfer\/","og_site_name":"LEI.net","article_modified_time":"2026-03-09T05:19:36+00:00","twitter_card":"summary_large_image","twitter_misc":{"Odhadovan\u00e1 doba \u010dten\u00ed":"1 minuta"},"schema":{"@context":"https:\/\/schema.org","@graph":[{"@type":"WebPage","@id":"https:\/\/lei.net\/cs\/transfer\/","url":"https:\/\/lei.net\/cs\/transfer\/","name":"Transfer - LEI.net","isPartOf":{"@id":"https:\/\/lei.net\/#website"},"datePublished":"2021-06-30T12:44:40+00:00","dateModified":"2026-03-09T05:19:36+00:00","description":"P\u0159evod va\u0161eho LEI je s LEI.net rychl\u00fd a bezprobl\u00e9mov\u00fd. Nab\u00edz\u00edme spolehliv\u00fd servis p\u0159evodu identifik\u00e1toru pr\u00e1vnick\u00e9 osoby v \u010cesk\u00e9 republice.","breadcrumb":{"@id":"https:\/\/lei.net\/cs\/transfer\/#breadcrumb"},"inLanguage":"cs","potentialAction":[{"@type":"ReadAction","target":["https:\/\/lei.net\/cs\/transfer\/"]}]},{"@type":"BreadcrumbList","@id":"https:\/\/lei.net\/cs\/transfer\/#breadcrumb","itemListElement":[{"@type":"ListItem","position":1,"name":"Startseite","item":"https:\/\/lei.net\/cs\/"},{"@type":"ListItem","position":2,"name":"Transfer"}]},{"@type":"WebSite","@id":"https:\/\/lei.net\/#website","url":"https:\/\/lei.net\/","name":"LEI.net","description":"Official Legal Entity Identifier (LEI) Registrar","publisher":{"@id":"https:\/\/lei.net\/#organization"},"potentialAction":[{"@type":"SearchAction","target":{"@type":"EntryPoint","urlTemplate":"https:\/\/lei.net\/?s={search_term_string}"},"query-input":{"@type":"PropertyValueSpecification","valueRequired":true,"valueName":"search_term_string"}}],"inLanguage":"cs"},{"@type":"Organization","@id":"https:\/\/lei.net\/#organization","name":"F.I.D.Firmeninformationsdienst GmbH","url":"https:\/\/lei.net\/","logo":{"@type":"ImageObject","inLanguage":"cs","@id":"https:\/\/lei.net\/#\/schema\/logo\/image\/","url":"https:\/\/lei.net\/wp-content\/uploads\/2021\/12\/color_vertical.jpg","contentUrl":"https:\/\/lei.net\/wp-content\/uploads\/2021\/12\/color_vertical.jpg","width":283,"height":283,"caption":"F.I.D.Firmeninformationsdienst GmbH"},"image":{"@id":"https:\/\/lei.net\/#\/schema\/logo\/image\/"}}]}},"_links":{"self":[{"href":"https:\/\/lei.net\/cs\/wp-json\/wp\/v2\/pages\/5279","targetHints":{"allow":["GET"]}}],"collection":[{"href":"https:\/\/lei.net\/cs\/wp-json\/wp\/v2\/pages"}],"about":[{"href":"https:\/\/lei.net\/cs\/wp-json\/wp\/v2\/types\/page"}],"author":[{"embeddable":true,"href":"https:\/\/lei.net\/cs\/wp-json\/wp\/v2\/users\/1"}],"replies":[{"embeddable":true,"href":"https:\/\/lei.net\/cs\/wp-json\/wp\/v2\/comments?post=5279"}],"version-history":[{"count":5,"href":"https:\/\/lei.net\/cs\/wp-json\/wp\/v2\/pages\/5279\/revisions"}],"predecessor-version":[{"id":19641,"href":"https:\/\/lei.net\/cs\/wp-json\/wp\/v2\/pages\/5279\/revisions\/19641"}],"wp:attachment":[{"href":"https:\/\/lei.net\/cs\/wp-json\/wp\/v2\/media?parent=5279"}],"curies":[{"name":"wp","href":"https:\/\/api.w.org\/{rel}","templated":true}]}}