

{"id":204,"date":"2021-07-07T13:46:43","date_gmt":"2021-07-07T12:46:43","guid":{"rendered":"https:\/\/lei.net\/?page_id=204"},"modified":"2026-03-06T06:22:01","modified_gmt":"2026-03-06T05:22:01","slug":"lei-transfer","status":"publish","type":"page","link":"https:\/\/lei.net\/de\/lei-transfer\/","title":{"rendered":"LEI Transfer"},"content":{"rendered":"\n<select-plan-component default-subscription-type=\"transfer\" :switcher=\"false\" :reasons=\"[{&quot;_type&quot;:&quot;_&quot;,&quot;reason_code&quot;:&quot;NATURAL_PERSON&quot;,&quot;reason&quot;:&quot;Nat\\u00fcrliche Personen: Definitionsgem\\u00e4\\u00df gibt es kein Mutterunternehmen, da das Unternehmen von einer oder mehreren nat\\u00fcrlichen Personen ohne ein zwischengeschaltetes Mutterunternehmen beherrscht wird, das die Definition des Konsolidierungskreises des Mutterunternehmens erf\\u00fcllt.&quot;,&quot;information_points&quot;:[]},{&quot;_type&quot;:&quot;_&quot;,&quot;reason_code&quot;:&quot;NON_CONSOLIDATING&quot;,&quot;reason&quot;:&quot;NICHT_KONSOLIDIERT: Gem\\u00e4\\u00df der Definition gibt es keine Muttergesellschaft, da das Unternehmen von juristischen Personen kontrolliert wird, die nicht zur Erstellung eines Konzernabschlusses verpflichtet sind.&quot;,&quot;information_points&quot;:[]},{&quot;_type&quot;:&quot;_&quot;,&quot;reason_code&quot;:&quot;NO_KNOWN_PERSON&quot;,&quot;reason&quot;:&quot;Keine bekannte Person: Gem\\u00e4\\u00df der Definition gibt es in der Legal Entity Identifier Foundation keine Muttergesellschaft, da es keine bekannte Person gibt, die die Einheit kontrolliert (z. B. verstreute Aktion\\u00e4re).&quot;,&quot;information_points&quot;:[]},{&quot;_type&quot;:&quot;_&quot;,&quot;reason_code&quot;:&quot;NON_PUBLIC&quot;,&quot;reason&quot;:&quot;NICHT_\\u00d6FFENTLICH: F\\u00fcr die folgenden Anwendungen:&quot;,&quot;information_points&quot;:[{&quot;_type&quot;:&quot;_&quot;,&quot;information_point&quot;:&quot;Rechtliche Barrieren: Hindernisse in den Gesetzen oder Vorschriften eines Landes verhindern die Bereitstellung oder Ver\\u00f6ffentlichung von Informationen. Das Unternehmen kann die Muttergesellschaft nicht in der globalen LEI-Nummern-Datenbank ver\\u00f6ffentlichen.&quot;},{&quot;_type&quot;:&quot;_&quot;,&quot;information_point&quot;:&quot;Zustimmung nicht eingeholt: Nach dem geltenden Rechtsrahmen war die Zustimmung der Muttergesellschaft erforderlich, die jedoch nicht zugestimmt hat oder nicht erreichbar war.&quot;},{&quot;_type&quot;:&quot;_&quot;,&quot;information_point&quot;:&quot;Zwingende rechtliche Verpflichtungen: Zwingende rechtliche Verpflichtungen (au\\u00dfer den Gesetzen oder Verordnungen einer Rechtsordnung), wie die Satzung einer juristischen Person oder ein Vertrag, verhindern die Bereitstellung oder Ver\\u00f6ffentlichung dieser Informationen.&quot;},{&quot;_type&quot;:&quot;_&quot;,&quot;information_point&quot;:&quot;Wertminderung nicht freigestellt: Die Tochtergesellschaft beantragte einen Besuch bei der Muttergesellschaft im Zusammenhang mit der Berichterstattung der Muttergesellschaft, konnte dies jedoch nicht best\\u00e4tigen, da keine Wertminderung in einer Weise vorlag, die angemessene Haftungsrisiken f\\u00fcr die Tochtergesellschaft vermeiden w\\u00fcrde.&quot;},{&quot;_type&quot;:&quot;_&quot;,&quot;information_point&quot;:&quot;Nachteilige Auswirkungen der Offenlegung: Die Offenlegung dieser Information w\\u00fcrde der betreffenden juristischen Person oder der Muttergesellschaft schaden. Dazu geh\\u00f6ren Gr\\u00fcnde, die von Beh\\u00f6rden unter \\u00e4hnlichen Umst\\u00e4nden allgemein akzeptiert werden und auf einer Erkl\\u00e4rung des Unternehmens beruhen.&quot;}]},{&quot;_type&quot;:&quot;_&quot;,&quot;reason_code&quot;:&quot;NO_LEI&quot;,&quot;reason&quot;:&quot;Kein LEI: Untergeordnete juristische Person meldet, dass sie gem\\u00e4\\u00df der verwendeten Definition zwar \\u00fcber ein Mutterunternehmen verf\\u00fcgt, dieses Mutterunternehmen jedoch noch \\u00fcber kein LEI verf\\u00fcgt.&quot;,&quot;information_points&quot;:[]}]\" :countries=\"{&quot;AF&quot;:&quot;Afghanistan&quot;,&quot;AL&quot;:&quot;Albania&quot;,&quot;DZ&quot;:&quot;Algeria&quot;,&quot;AS&quot;:&quot;American Samoa&quot;,&quot;AD&quot;:&quot;Andorra&quot;,&quot;AO&quot;:&quot;Angola&quot;,&quot;AI&quot;:&quot;Anguilla&quot;,&quot;AG&quot;:&quot;Antigua and Barbuda&quot;,&quot;AR&quot;:&quot;Argentina&quot;,&quot;AM&quot;:&quot;Armenia&quot;,&quot;AW&quot;:&quot;Aruba&quot;,&quot;AU&quot;:&quot;Australia&quot;,&quot;AT&quot;:&quot;Austria&quot;,&quot;AZ&quot;:&quot;Azerbaijan&quot;,&quot;BS&quot;:&quot;Bahamas&quot;,&quot;BD&quot;:&quot;Bangladesh&quot;,&quot;BB&quot;:&quot;Barbados&quot;,&quot;BY&quot;:&quot;Belarus&quot;,&quot;BE&quot;:&quot;Belgium&quot;,&quot;BZ&quot;:&quot;Belize&quot;,&quot;BJ&quot;:&quot;Benin&quot;,&quot;BM&quot;:&quot;Bermuda&quot;,&quot;BT&quot;:&quot;Bhutan&quot;,&quot;BO&quot;:&quot;Bolivia&quot;,&quot;BA&quot;:&quot;Bosnia and Herzegovina&quot;,&quot;BW&quot;:&quot;Botswana&quot;,&quot;BV&quot;:&quot;Bouvet Island&quot;,&quot;BR&quot;:&quot;Brazil&quot;,&quot;IO&quot;:&quot;British Indian Ocean Territory&quot;,&quot;BN&quot;:&quot;Brunei Darussalam&quot;,&quot;BG&quot;:&quot;Bulgaria&quot;,&quot;BF&quot;:&quot;Burkina Faso&quot;,&quot;BI&quot;:&quot;Burundi&quot;,&quot;KH&quot;:&quot;Cambodia&quot;,&quot;CM&quot;:&quot;Cameroon&quot;,&quot;CA&quot;:&quot;Canada&quot;,&quot;KY&quot;:&quot;Cayman Islands&quot;,&quot;CF&quot;:&quot;Central African Republic&quot;,&quot;TD&quot;:&quot;Chad&quot;,&quot;CL&quot;:&quot;Chile&quot;,&quot;CN&quot;:&quot;China&quot;,&quot;CX&quot;:&quot;Christmas Island&quot;,&quot;CC&quot;:&quot;Cocos (Keeling) Islands&quot;,&quot;CO&quot;:&quot;Colombia&quot;,&quot;KM&quot;:&quot;Comoros&quot;,&quot;CG&quot;:&quot;Congo&quot;,&quot;CK&quot;:&quot;Cook Islands&quot;,&quot;CR&quot;:&quot;Costa Rica&quot;,&quot;CI&quot;:&quot;C\\u00f4te d&#039;Ivoire&quot;,&quot;HR&quot;:&quot;Croatia&quot;,&quot;CY&quot;:&quot;Cyprus&quot;,&quot;CZ&quot;:&quot;Czech Republic&quot;,&quot;DK&quot;:&quot;Denmark&quot;,&quot;DJ&quot;:&quot;Djibouti&quot;,&quot;DM&quot;:&quot;Dominica&quot;,&quot;DO&quot;:&quot;Dominican Republic&quot;,&quot;EC&quot;:&quot;Ecuador&quot;,&quot;EG&quot;:&quot;Egypt&quot;,&quot;SV&quot;:&quot;El Salvador&quot;,&quot;GQ&quot;:&quot;Equatorial Guinea&quot;,&quot;EE&quot;:&quot;Estonia&quot;,&quot;ET&quot;:&quot;Ethiopia&quot;,&quot;FK&quot;:&quot;Falkland Islands (Malvinas)&quot;,&quot;FO&quot;:&quot;Faroe Islands&quot;,&quot;FJ&quot;:&quot;Fiji&quot;,&quot;FI&quot;:&quot;Finland&quot;,&quot;FR&quot;:&quot;France&quot;,&quot;GF&quot;:&quot;French Guiana&quot;,&quot;PF&quot;:&quot;French Polynesia&quot;,&quot;TF&quot;:&quot;French Southern Territories&quot;,&quot;GA&quot;:&quot;Gabon&quot;,&quot;GM&quot;:&quot;Gambia&quot;,&quot;GE&quot;:&quot;Georgia&quot;,&quot;DE&quot;:&quot;Germany&quot;,&quot;GH&quot;:&quot;Ghana&quot;,&quot;GI&quot;:&quot;Gibraltar&quot;,&quot;GR&quot;:&quot;Greece&quot;,&quot;GL&quot;:&quot;Greenland&quot;,&quot;GD&quot;:&quot;Grenada&quot;,&quot;GP&quot;:&quot;Guadeloupe&quot;,&quot;GU&quot;:&quot;Guam&quot;,&quot;GT&quot;:&quot;Guatemala&quot;,&quot;GN&quot;:&quot;Guinea&quot;,&quot;GW&quot;:&quot;Guinea-Bissau&quot;,&quot;GY&quot;:&quot;Guyana&quot;,&quot;HT&quot;:&quot;Haiti&quot;,&quot;HM&quot;:&quot;Heard Island and McDonald Islands&quot;,&quot;VA&quot;:&quot;Holy See (Vatican City State)&quot;,&quot;HN&quot;:&quot;Honduras&quot;,&quot;HK&quot;:&quot;Hong Kong&quot;,&quot;HU&quot;:&quot;Hungary&quot;,&quot;IS&quot;:&quot;Iceland&quot;,&quot;IN&quot;:&quot;India&quot;,&quot;ID&quot;:&quot;Indonesia&quot;,&quot;IR&quot;:&quot;Iran&quot;,&quot;IQ&quot;:&quot;Iraq&quot;,&quot;IE&quot;:&quot;Ireland&quot;,&quot;IL&quot;:&quot;Israel&quot;,&quot;IT&quot;:&quot;Italy&quot;,&quot;JM&quot;:&quot;Jamaica&quot;,&quot;JP&quot;:&quot;Japan&quot;,&quot;JO&quot;:&quot;Jordan&quot;,&quot;KZ&quot;:&quot;Kazakhstan&quot;,&quot;KE&quot;:&quot;Kenya&quot;,&quot;KI&quot;:&quot;Kiribati&quot;,&quot;KP&quot;:&quot;North Korea&quot;,&quot;KR&quot;:&quot;South Korea&quot;,&quot;KW&quot;:&quot;Kuwait&quot;,&quot;KG&quot;:&quot;Kyrgyzstan&quot;,&quot;LA&quot;:&quot;Lao People&#039;s Democratic Republic&quot;,&quot;LV&quot;:&quot;Latvia&quot;,&quot;LB&quot;:&quot;Lebanon&quot;,&quot;LS&quot;:&quot;Lesotho&quot;,&quot;LR&quot;:&quot;Liberia&quot;,&quot;LY&quot;:&quot;Libyan Arab Jamahiriya&quot;,&quot;LI&quot;:&quot;Liechtenstein&quot;,&quot;LT&quot;:&quot;Lithuania&quot;,&quot;LU&quot;:&quot;Luxembourg&quot;,&quot;MO&quot;:&quot;Macao&quot;,&quot;MK&quot;:&quot;Macedonia&quot;,&quot;MG&quot;:&quot;Madagascar&quot;,&quot;MW&quot;:&quot;Malawi&quot;,&quot;MY&quot;:&quot;Malaysia&quot;,&quot;MV&quot;:&quot;Maldives&quot;,&quot;ML&quot;:&quot;Mali&quot;,&quot;MT&quot;:&quot;Malta&quot;,&quot;MH&quot;:&quot;Marshall Islands&quot;,&quot;MQ&quot;:&quot;Martinique&quot;,&quot;MR&quot;:&quot;Mauritania&quot;,&quot;MU&quot;:&quot;Mauritius&quot;,&quot;YT&quot;:&quot;Mayotte&quot;,&quot;MX&quot;:&quot;Mexico&quot;,&quot;FM&quot;:&quot;Micronesia&quot;,&quot;MD&quot;:&quot;Moldova&quot;,&quot;MC&quot;:&quot;Monaco&quot;,&quot;MN&quot;:&quot;Mongolia&quot;,&quot;ME&quot;:&quot;Montenegro&quot;,&quot;MS&quot;:&quot;Montserrat&quot;,&quot;MA&quot;:&quot;Morocco&quot;,&quot;MZ&quot;:&quot;Mozambique&quot;,&quot;MM&quot;:&quot;Myanmar&quot;,&quot;NA&quot;:&quot;Namibia&quot;,&quot;NR&quot;:&quot;Nauru&quot;,&quot;NP&quot;:&quot;Nepal&quot;,&quot;NL&quot;:&quot;Netherlands&quot;,&quot;AN&quot;:&quot;Netherlands Antilles&quot;,&quot;NC&quot;:&quot;New Caledonia&quot;,&quot;NZ&quot;:&quot;New Zealand&quot;,&quot;NI&quot;:&quot;Nicaragua&quot;,&quot;NE&quot;:&quot;Niger&quot;,&quot;NG&quot;:&quot;Nigeria&quot;,&quot;NU&quot;:&quot;Niue&quot;,&quot;NF&quot;:&quot;Norfolk Island&quot;,&quot;MP&quot;:&quot;Northern Mariana Islands&quot;,&quot;NO&quot;:&quot;Norway&quot;,&quot;OM&quot;:&quot;Oman&quot;,&quot;PK&quot;:&quot;Pakistan&quot;,&quot;PW&quot;:&quot;Palau&quot;,&quot;PS&quot;:&quot;Palestinian Territory&quot;,&quot;PA&quot;:&quot;Panama&quot;,&quot;PG&quot;:&quot;Papua New Guinea&quot;,&quot;PY&quot;:&quot;Paraguay&quot;,&quot;PE&quot;:&quot;Peru&quot;,&quot;PH&quot;:&quot;Philippines&quot;,&quot;PN&quot;:&quot;Pitcairn&quot;,&quot;PL&quot;:&quot;Poland&quot;,&quot;PT&quot;:&quot;Portugal&quot;,&quot;PR&quot;:&quot;Puerto Rico&quot;,&quot;QA&quot;:&quot;Qatar&quot;,&quot;RE&quot;:&quot;R\\u00e9union&quot;,&quot;RO&quot;:&quot;Romania&quot;,&quot;RU&quot;:&quot;Russian Federation&quot;,&quot;RW&quot;:&quot;Rwanda&quot;,&quot;WS&quot;:&quot;Samoa&quot;,&quot;SM&quot;:&quot;San Marino&quot;,&quot;ST&quot;:&quot;Sao Tome and Principe&quot;,&quot;SA&quot;:&quot;Saudi Arabia&quot;,&quot;SN&quot;:&quot;Senegal&quot;,&quot;RS&quot;:&quot;Serbia&quot;,&quot;SC&quot;:&quot;Seychelles&quot;,&quot;SL&quot;:&quot;Sierra Leone&quot;,&quot;SG&quot;:&quot;Singapore&quot;,&quot;SK&quot;:&quot;Slovakia&quot;,&quot;SI&quot;:&quot;Slovenia&quot;,&quot;SB&quot;:&quot;Solomon Islands&quot;,&quot;SO&quot;:&quot;Somalia&quot;,&quot;ZA&quot;:&quot;South Africa&quot;,&quot;GS&quot;:&quot;South Georgia and the South Sandwich Islands&quot;,&quot;ES&quot;:&quot;Spain&quot;,&quot;LK&quot;:&quot;Sri Lanka&quot;,&quot;SD&quot;:&quot;Sudan&quot;,&quot;SR&quot;:&quot;Suriname&quot;,&quot;SJ&quot;:&quot;Svalbard and Jan Mayen&quot;,&quot;SZ&quot;:&quot;Swaziland&quot;,&quot;SE&quot;:&quot;Sweden&quot;,&quot;CH&quot;:&quot;Switzerland&quot;,&quot;SY&quot;:&quot;Syrian Arab Republic&quot;,&quot;TW&quot;:&quot;Taiwan&quot;,&quot;TJ&quot;:&quot;Tajikistan&quot;,&quot;TZ&quot;:&quot;Tanzania&quot;,&quot;TH&quot;:&quot;Thailand&quot;,&quot;TL&quot;:&quot;Timor-Leste&quot;,&quot;TG&quot;:&quot;Togo&quot;,&quot;TK&quot;:&quot;Tokelau&quot;,&quot;TO&quot;:&quot;Tonga&quot;,&quot;TT&quot;:&quot;Trinidad and Tobago&quot;,&quot;TN&quot;:&quot;Tunisia&quot;,&quot;TR&quot;:&quot;Turkey&quot;,&quot;TM&quot;:&quot;Turkmenistan&quot;,&quot;TC&quot;:&quot;Turks and Caicos Islands&quot;,&quot;TV&quot;:&quot;Tuvalu&quot;,&quot;UG&quot;:&quot;Uganda&quot;,&quot;UA&quot;:&quot;Ukraine&quot;,&quot;AE&quot;:&quot;United Arab Emirates&quot;,&quot;GB&quot;:&quot;United Kingdom&quot;,&quot;US&quot;:&quot;United States&quot;,&quot;UM&quot;:&quot;United States Minor Outlying Islands&quot;,&quot;UY&quot;:&quot;Uruguay&quot;,&quot;UZ&quot;:&quot;Uzbekistan&quot;,&quot;VU&quot;:&quot;Vanuatu&quot;,&quot;VE&quot;:&quot;Venezuela&quot;,&quot;VN&quot;:&quot;Viet Nam&quot;,&quot;VG&quot;:&quot;Virgin Islands, British&quot;,&quot;VI&quot;:&quot;Virgin Islands, U.S.&quot;,&quot;WF&quot;:&quot;Wallis and Futuna&quot;,&quot;EH&quot;:&quot;Western Sahara&quot;,&quot;YE&quot;:&quot;Yemen&quot;,&quot;ZM&quot;:&quot;Zambia&quot;,&quot;ZW&quot;:&quot;Zimbabwe&quot;}\" :plans=\"{&quot;registration&quot;:[{&quot;pricePerYear&quot;:&quot;79\\u20ac \\\/ 1 Jahr&quot;,&quot;price&quot;:&quot;79\\u20ac&quot;,&quot;priceText&quot;:&quot; \\\/ Jahr&quot;,&quot;duration&quot;:&quot;Jahr&quot;,&quot;name&quot;:&quot;Offizielle LEI Registrierung&quot;,&quot;isPopular&quot;:false,&quot;benefits&quot;:[]}],&quot;renewal&quot;:[{&quot;pricePerYear&quot;:&quot;79\\u20ac \\\/ 1 Jahr&quot;,&quot;price&quot;:&quot;79\\u20ac&quot;,&quot;priceText&quot;:&quot; \\\/ Jahr&quot;,&quot;duration&quot;:&quot;Jahr&quot;,&quot;name&quot;:&quot;LEI Nummer erneuern \\\/ verl\\u00e4ngern&quot;,&quot;isPopular&quot;:&quot;&quot;,&quot;benefits&quot;:&quot;&quot;}],&quot;transfer&quot;:[{&quot;pricePerYear&quot;:&quot;79\\u20ac \\\/ 1 Jahr&quot;,&quot;price&quot;:&quot;79\\u20ac&quot;,&quot;priceText&quot;:&quot; \\\/ Jahr&quot;,&quot;duration&quot;:&quot;Jahr&quot;,&quot;name&quot;:&quot;LEI Nummer erneuern \\\/ verl\\u00e4ngern&quot;,&quot;isPopular&quot;:&quot;&quot;,&quot;benefits&quot;:&quot;&quot;}]}\" lang=\"de\" plan-bg=\"https:\/\/lei.net\/wp-content\/themes\/leinumber\/assets\/images\/plan-bg.webp\" confirm-bg=\"https:\/\/lei.net\/wp-content\/themes\/leinumber\/assets\/images\/confirm-bg.webp\"><\/select-plan-component>\n\r\n\r\n\r\n<p>&nbsp;<\/p>\r\n\r\n\r\n\r\n<div class=\"wp-block-spacer\" style=\"height: 50px;\" aria-hidden=\"true\">\u00a0<\/div>\r\n\r\n\r\n\r\n<h2 class=\"wp-block-heading has-text-align-center font-axiforma\" style=\"font-size: 45px; font-style: normal; font-weight: 600;\">FAQ<\/h2>\r\n\r\n\r\n\r\n<p class=\"has-text-align-center\">Kunden stellen uns oft folgende Fragen<\/p>\r\n\r\n\r\n\r\n<div class=\"wp-block-spacer\" style=\"height: 50px;\" aria-hidden=\"true\">\u00a0<\/div>\r\n\r\n\r\n<faq-component data='[{&quot;_id&quot;:&quot;cf-dUzROvutCyY663jenPY72&quot;,&quot;_type&quot;:&quot;_&quot;,&quot;question&quot;:&quot;Was ist ein LEI-Transfer?&quot;,&quot;answer&quot;:&quot;Um Ihre LEI-Nummer von einem anderen Anbieter verwalten zu lassen, haben Sie die M\\u00f6glichkeit einen Transfer zu beantragen, dann bezeichnet man das als LEI-Transfer.\\n\\nWir bieten diesen Service mit unserem Transferformular an, dieser ist kostenfrei und in wenigen Minuten ausgef\\u00fcllt.&quot;},{&quot;_id&quot;:&quot;cf-4d9UEpXHjWtheiUt306pg&quot;,&quot;_type&quot;:&quot;_&quot;,&quot;question&quot;:&quot;Wie l\\u00e4uft der LEI-Transfer ab?&quot;,&quot;answer&quot;:&quot;Als Kunde m\\u00fcssen Sie nur das Transfer-Formular auf unserer Webseite ausf\\u00fcllen und abschicken. Wir werden dann mit Ihrem derzeitigen Anbieter Kontakt aufnehmen und uns intern in der GLEIF-Familie um den Transfer k\\u00fcmmern. Sie erhalten eine Nachricht von uns, sobald der Transfer vollzogen ist.&quot;},{&quot;_id&quot;:&quot;cf-Iait2GLzsIf3RGY4NZWja&quot;,&quot;_type&quot;:&quot;_&quot;,&quot;question&quot;:&quot;Was ist eine LEI-Nummer?&quot;,&quot;answer&quot;:&quot;LEI ist die Abk\\u00fcrzung f\\u00fcr Legal Entity Identification. Es handelt sich dabei um eine Identifikationsnummer, welche juristische Personen bei einer finanziellen Transaktion angeben m\\u00fcssen. Durch diese Nummer ist es einfach, dem Partner bei einer finanziellen Transaktion die gew\\u00fcnschten Daten zu \\u00fcbermitteln. Ein Vorgang, der ansonsten sehr langwierig ist, dauert bei Verwendung einer LEI nur wenige Minuten.\\n\\nDie LEI-Nummer wird von der GLEIF (Global Entity Identifier Foundation) ausgegeben. Diese Organisation gibt es seit 2014. Sie arbeitet l\\u00e4nder\\u00fcbergreifend und hat ihren Sitz in Basel.\\n\\nS\\u00e4mtliche Daten von Inhabern einer LEI-Nummer werden in einer zentralen Datenbank gespeichert. Diese hei\\u00dft Global Lei System oder kurz GLEIS.&quot;},{&quot;_id&quot;:&quot;cf-quzeGiv8xFWX2GNllsXGI&quot;,&quot;_type&quot;:&quot;_&quot;,&quot;question&quot;:&quot;Wie kann ich eine LEI-Nummer beantragen?&quot;,&quot;answer&quot;:&quot;GLEIF ist die Organisation, welche die LEI-Nummer ausgibt. Beantragt werden kann sie entweder bei sogenannten LOUs oder \\u00fcber Registration Agents. F\\u00fcllen Sie einfach die gew\\u00fcnschten Angaben aus und schicken Sie Ihr Antragsformular ab. Nachdem die Zahlung bei uns eingegangen ist, dauert es maximal 24 Stunden, bis ihre LEI-Nummer aktiv ist. Wir bieten verschiedene Bezahloptionen an um den Prozess so reibungslos wie m\\u00f6glich zu gestalten. Sollten Sie die LEI-Nummer sehr dringend f\\u00fcr ein Finanzgesch\\u00e4ft ben\\u00f6tigen, achten Sie darauf, dass Sie eine Bezahloption w\\u00e4hlen mit der Ihre Zahlung unverz\\u00fcglich gelingt.\\n\\nDie LEI-Nummer ist ein Jahr g\\u00fcltig. Danach k\\u00f6nnen Sie die LEI-Nummer verl\\u00e4ngern. Es ist auch m\\u00f6glich, einen Vertrag f\\u00fcr mehrere Jahre abzuschlie\\u00dfen, dann brauchen Sie sich um die Verl\\u00e4ngerung Ihrer LEI-Nummer nicht zu k\\u00fcmmern.&quot;},{&quot;_id&quot;:&quot;cf-yDmMHo9DOksHnanTWWqie&quot;,&quot;_type&quot;:&quot;_&quot;,&quot;question&quot;:&quot;Warum gibt es die LEI-Nummer \\u00fcberhaupt?&quot;,&quot;answer&quot;:&quot;Mit einer LEI-Nummer ist die Kundenerfassung wesentlich einfacher. Bei jedem finanziellen Gesch\\u00e4ft m\\u00fcssen viele Daten eingegeben werden. Durch die LEI-Nummer sparen sich alles Beteiligen viel Zeit.\\u00a0\\n\\nEine finanzielle Transaktion ist immer mit einem gewissen Risiko verbunden. Deshalb will jeder Beteiligte genau wissen, mit wem er es zu tun hat. Die LEI-Nummer gibt dar\\u00fcber schnell und zuverl\\u00e4ssig Auskunft&quot;}]'><\/faq-component>\n","protected":false},"excerpt":{"rendered":"<p>&nbsp; FAQ Kunden stellen uns oft folgende Fragen<\/p>\n","protected":false},"author":4,"featured_media":0,"parent":0,"menu_order":0,"comment_status":"closed","ping_status":"closed","template":"","meta":{"_acf_changed":false,"footnotes":""},"class_list":["post-204","page","type-page","status-publish","hentry"],"acf":[],"yoast_head":"<!-- This site is optimized with the Yoast SEO plugin v25.6 - https:\/\/yoast.com\/wordpress\/plugins\/seo\/ -->\n<title>LEI-\u00dcbertragung - LEI.net<\/title>\n<meta name=\"description\" content=\"Jetzt schnell und einfach eine LEI-\u00dcbertragung durchf\u00fchren. Nur unter Angabe Ihres Firmennamens oder Ihrer aktuellen LEI\" \/>\n<meta name=\"robots\" content=\"index, follow, max-snippet:-1, max-image-preview:large, max-video-preview:-1\" \/>\n<link rel=\"canonical\" href=\"https:\/\/lei.net\/de\/wp-json\/wp\/v2\/pages\/204\" \/>\n<meta property=\"og:locale\" content=\"de_DE\" \/>\n<meta property=\"og:type\" content=\"article\" \/>\n<meta property=\"og:title\" content=\"LEI-\u00dcbertragung - LEI.net\" \/>\n<meta property=\"og:description\" content=\"Jetzt schnell und einfach eine LEI-\u00dcbertragung durchf\u00fchren. Nur unter Angabe Ihres Firmennamens oder Ihrer aktuellen LEI\" \/>\n<meta property=\"og:url\" content=\"https:\/\/lei.net\/de\/lei-transfer\/\" \/>\n<meta property=\"og:site_name\" content=\"LEI.net\" \/>\n<meta property=\"article:modified_time\" content=\"2026-03-06T05:22:01+00:00\" \/>\n<meta name=\"twitter:card\" content=\"summary_large_image\" \/>\n<meta name=\"twitter:label1\" content=\"Gesch\u00e4tzte Lesezeit\" \/>\n\t<meta name=\"twitter:data1\" content=\"1\u00a0Minute\" \/>\n<script type=\"application\/ld+json\" class=\"yoast-schema-graph\">{\"@context\":\"https:\/\/schema.org\",\"@graph\":[{\"@type\":\"WebPage\",\"@id\":\"https:\/\/lei.net\/de\/lei-transfer\/\",\"url\":\"https:\/\/lei.net\/de\/lei-transfer\/\",\"name\":\"LEI-\u00dcbertragung - LEI.net\",\"isPartOf\":{\"@id\":\"https:\/\/lei.net\/#website\"},\"datePublished\":\"2021-07-07T12:46:43+00:00\",\"dateModified\":\"2026-03-06T05:22:01+00:00\",\"description\":\"Jetzt schnell und einfach eine LEI-\u00dcbertragung durchf\u00fchren. Nur unter Angabe Ihres Firmennamens oder Ihrer aktuellen LEI\",\"breadcrumb\":{\"@id\":\"https:\/\/lei.net\/de\/lei-transfer\/#breadcrumb\"},\"inLanguage\":\"de\",\"potentialAction\":[{\"@type\":\"ReadAction\",\"target\":[\"https:\/\/lei.net\/de\/lei-transfer\/\"]}]},{\"@type\":\"BreadcrumbList\",\"@id\":\"https:\/\/lei.net\/de\/lei-transfer\/#breadcrumb\",\"itemListElement\":[{\"@type\":\"ListItem\",\"position\":1,\"name\":\"Startseite\",\"item\":\"https:\/\/lei.net\/de\/\"},{\"@type\":\"ListItem\",\"position\":2,\"name\":\"LEI Transfer\"}]},{\"@type\":\"WebSite\",\"@id\":\"https:\/\/lei.net\/#website\",\"url\":\"https:\/\/lei.net\/\",\"name\":\"LEI.net\",\"description\":\"Official Legal Entity Identifier (LEI) Registrar\",\"publisher\":{\"@id\":\"https:\/\/lei.net\/#organization\"},\"potentialAction\":[{\"@type\":\"SearchAction\",\"target\":{\"@type\":\"EntryPoint\",\"urlTemplate\":\"https:\/\/lei.net\/?s={search_term_string}\"},\"query-input\":{\"@type\":\"PropertyValueSpecification\",\"valueRequired\":true,\"valueName\":\"search_term_string\"}}],\"inLanguage\":\"de\"},{\"@type\":\"Organization\",\"@id\":\"https:\/\/lei.net\/#organization\",\"name\":\"F.I.D.Firmeninformationsdienst GmbH\",\"url\":\"https:\/\/lei.net\/\",\"logo\":{\"@type\":\"ImageObject\",\"inLanguage\":\"de\",\"@id\":\"https:\/\/lei.net\/#\/schema\/logo\/image\/\",\"url\":\"https:\/\/lei.net\/wp-content\/uploads\/2021\/12\/color_vertical.jpg\",\"contentUrl\":\"https:\/\/lei.net\/wp-content\/uploads\/2021\/12\/color_vertical.jpg\",\"width\":283,\"height\":283,\"caption\":\"F.I.D.Firmeninformationsdienst GmbH\"},\"image\":{\"@id\":\"https:\/\/lei.net\/#\/schema\/logo\/image\/\"}}]}<\/script>\n<!-- \/ Yoast SEO plugin. -->","yoast_head_json":{"title":"LEI-\u00dcbertragung - LEI.net","description":"Jetzt schnell und einfach eine LEI-\u00dcbertragung durchf\u00fchren. Nur unter Angabe Ihres Firmennamens oder Ihrer aktuellen LEI","robots":{"index":"index","follow":"follow","max-snippet":"max-snippet:-1","max-image-preview":"max-image-preview:large","max-video-preview":"max-video-preview:-1"},"canonical":"https:\/\/lei.net\/de\/wp-json\/wp\/v2\/pages\/204","og_locale":"de_DE","og_type":"article","og_title":"LEI-\u00dcbertragung - LEI.net","og_description":"Jetzt schnell und einfach eine LEI-\u00dcbertragung durchf\u00fchren. Nur unter Angabe Ihres Firmennamens oder Ihrer aktuellen LEI","og_url":"https:\/\/lei.net\/de\/lei-transfer\/","og_site_name":"LEI.net","article_modified_time":"2026-03-06T05:22:01+00:00","twitter_card":"summary_large_image","twitter_misc":{"Gesch\u00e4tzte Lesezeit":"1\u00a0Minute"},"schema":{"@context":"https:\/\/schema.org","@graph":[{"@type":"WebPage","@id":"https:\/\/lei.net\/de\/lei-transfer\/","url":"https:\/\/lei.net\/de\/lei-transfer\/","name":"LEI-\u00dcbertragung - LEI.net","isPartOf":{"@id":"https:\/\/lei.net\/#website"},"datePublished":"2021-07-07T12:46:43+00:00","dateModified":"2026-03-06T05:22:01+00:00","description":"Jetzt schnell und einfach eine LEI-\u00dcbertragung durchf\u00fchren. Nur unter Angabe Ihres Firmennamens oder Ihrer aktuellen LEI","breadcrumb":{"@id":"https:\/\/lei.net\/de\/lei-transfer\/#breadcrumb"},"inLanguage":"de","potentialAction":[{"@type":"ReadAction","target":["https:\/\/lei.net\/de\/lei-transfer\/"]}]},{"@type":"BreadcrumbList","@id":"https:\/\/lei.net\/de\/lei-transfer\/#breadcrumb","itemListElement":[{"@type":"ListItem","position":1,"name":"Startseite","item":"https:\/\/lei.net\/de\/"},{"@type":"ListItem","position":2,"name":"LEI Transfer"}]},{"@type":"WebSite","@id":"https:\/\/lei.net\/#website","url":"https:\/\/lei.net\/","name":"LEI.net","description":"Official Legal Entity Identifier (LEI) Registrar","publisher":{"@id":"https:\/\/lei.net\/#organization"},"potentialAction":[{"@type":"SearchAction","target":{"@type":"EntryPoint","urlTemplate":"https:\/\/lei.net\/?s={search_term_string}"},"query-input":{"@type":"PropertyValueSpecification","valueRequired":true,"valueName":"search_term_string"}}],"inLanguage":"de"},{"@type":"Organization","@id":"https:\/\/lei.net\/#organization","name":"F.I.D.Firmeninformationsdienst GmbH","url":"https:\/\/lei.net\/","logo":{"@type":"ImageObject","inLanguage":"de","@id":"https:\/\/lei.net\/#\/schema\/logo\/image\/","url":"https:\/\/lei.net\/wp-content\/uploads\/2021\/12\/color_vertical.jpg","contentUrl":"https:\/\/lei.net\/wp-content\/uploads\/2021\/12\/color_vertical.jpg","width":283,"height":283,"caption":"F.I.D.Firmeninformationsdienst GmbH"},"image":{"@id":"https:\/\/lei.net\/#\/schema\/logo\/image\/"}}]}},"_links":{"self":[{"href":"https:\/\/lei.net\/de\/wp-json\/wp\/v2\/pages\/204","targetHints":{"allow":["GET"]}}],"collection":[{"href":"https:\/\/lei.net\/de\/wp-json\/wp\/v2\/pages"}],"about":[{"href":"https:\/\/lei.net\/de\/wp-json\/wp\/v2\/types\/page"}],"author":[{"embeddable":true,"href":"https:\/\/lei.net\/de\/wp-json\/wp\/v2\/users\/4"}],"replies":[{"embeddable":true,"href":"https:\/\/lei.net\/de\/wp-json\/wp\/v2\/comments?post=204"}],"version-history":[{"count":13,"href":"https:\/\/lei.net\/de\/wp-json\/wp\/v2\/pages\/204\/revisions"}],"predecessor-version":[{"id":18635,"href":"https:\/\/lei.net\/de\/wp-json\/wp\/v2\/pages\/204\/revisions\/18635"}],"wp:attachment":[{"href":"https:\/\/lei.net\/de\/wp-json\/wp\/v2\/media?parent=204"}],"curies":[{"name":"wp","href":"https:\/\/api.w.org\/{rel}","templated":true}]}}