

{"id":247,"date":"2021-06-29T14:14:05","date_gmt":"2021-06-29T13:14:05","guid":{"rendered":"https:\/\/lei.net\/what-is-lei\/"},"modified":"2026-03-06T05:48:59","modified_gmt":"2026-03-06T04:48:59","slug":"was-ist-lei","status":"publish","type":"page","link":"https:\/\/lei.net\/de\/was-ist-lei\/","title":{"rendered":"Was ist LEI?"},"content":{"rendered":"  <div class=\"container px-4 xl:px-0\">\n    <div class=\"flex flex-wrap  mb-10 md:mb-16\">\n      <div class=\"w-full md:w-1\/2\">\n      <h1 class=\"font-axiforma text-[45px] md:text-[55px] text-center md:text-left\">Was ist LEI?<\/h1>\n            <\/div>\n      <div class=\"w-full md:w-1\/2 flex justify-center mt-10 md:mt-0\">\n        <img loading=\"lazy\" decoding=\"async\" alt=\"\" src=\"https:\/\/lei.net\/wp-content\/uploads\/2024\/02\/whyus.svg\" width=\"590\" height=\"300\">      <\/div>\n    <\/div>\n  <\/div>\n\r\n\r\n\r\n<div class=\"wp-block-columns is-layout-flex wp-container-core-columns-is-layout-9d6595d7 wp-block-columns-is-layout-flex\">\r\n<div class=\"wp-block-column is-layout-flow wp-block-column-is-layout-flow\" style=\"flex-basis: 33.33%;\">\r\n<h2 class=\"wp-block-heading has-large-font-size\" style=\"font-style: normal; font-weight: 600;\">Der\u00a0LEI-Code\u00a0in einfachen Worten<\/h2>\r\n<\/div>\r\n\r\n\r\n\r\n<div class=\"wp-block-column is-layout-flow wp-block-column-is-layout-flow\" style=\"flex-basis: 66.66%;\">\r\n<p>LEI \u2013 eine Identifikationsnummer f\u00fcr juristische Personen (Legal Entity Identification number).<br \/>Ein eindeutiger Identifikationscode f\u00fcr Unternehmen, die an Finanzm\u00e4rkten handeln (mit Aktien, Anleihen, Futures, Devisen etc.).<br \/>Jedes an den Finanzm\u00e4rkten durchgef\u00fchrte Gesch\u00e4ft wird \u00fcbe eine LEI- Nummer mit dem Handelspartner verkn\u00fcpft.<br \/>LEI-Codes werden von Regulierungsbeh\u00f6rden zur \u00dcberwachung von Finanzm\u00e4rkten eingesetzt.<br \/>LEI-Codes verbinden Finanzm\u00e4rkte, Unternehmen und Aufsichtsbeh\u00f6rden.<br \/>Die Vergabe einer LEI-Nummer erfolgt \u00fcber GLEIF-akkreditierte LOUs.<br \/>GLEIF \u2013 Global Legal Entity Identifier Foundation (weltweite Stiftung f\u00fcr juristische Personen).<br \/><strong>OHNE LEI KEIN HANDEL.<\/strong><\/p>\r\n<\/div>\r\n<\/div>\r\n\r\n\r\n\r\n<div class=\"wp-block-spacer\" style=\"height: 50px;\" aria-hidden=\"true\">\u00a0<\/div>\r\n\r\n\r\n\r\n<div class=\"wp-block-columns is-layout-flex wp-container-core-columns-is-layout-9d6595d7 wp-block-columns-is-layout-flex\">\r\n<div class=\"wp-block-column is-layout-flow wp-block-column-is-layout-flow\" style=\"flex-basis: 33.33%;\">\r\n<h2 class=\"wp-block-heading has-large-font-size\" style=\"font-style: normal; font-weight: 600;\">Die Vorteile eines <span class=\"has-inline-color has-vivid-red-color\" style=\"background-color: rgba(0, 0, 0, 0);\"><span class=\"highlighted-text\">LEI-Code<\/span><\/span><\/h2>\r\n<\/div>\r\n\r\n\r\n\r\n<div class=\"wp-block-column is-layout-flow wp-block-column-is-layout-flow\" style=\"flex-basis: 66.66%;\">\r\n<p>In der Erfassung von Kundendaten liegt wohl der gr\u00f6\u00dfte Vorteil der LEI-Nummer. Fr\u00fcher mussten manuell Ausweise kopiert und auf Genauigkeit \u00fcberpr\u00fcft werden, was im Hinblick auf die damalige Zeit zu einem langwierigen Ablauf f\u00fchrte. Zudem ben\u00f6tigte man eine Menge Daten, um den sicheren Weg eines Aktienkaufs zu gew\u00e4hrleisten. Das Konzept der LEI-Nummerierung f\u00fchrt zu einer Verbesserung des Prozesses. Mit Hilfe der Digitalisierung der verschiedenen Schritte wird heute nur noch ein kleines Online-Formular ben\u00f6tigt. Ebenso unterliegen die Aktualisierung, Erweiterung und L\u00f6schung von Unternehmensdaten jetzt einem funktionalen System, das mit den sich schnell entwickelnden internationalen Finanzm\u00e4rkten gut mithalten kann.<\/p>\r\n\r\n\r\n\r\n<p>Offene und transparente Daten minimieren das Risiko einer internationalen Finanztransaktion. So l\u00e4sst sich leicht erkennen, wer der Handelspartner ist und was er repr\u00e4sentiert. Dies gibt Sicherheit, die es vor der LEI-Nummer in dieser Form nicht gab.<\/p>\r\n<\/div>\r\n<\/div>\r\n\r\n\r\n\r\n<div class=\"wp-block-spacer\" style=\"height: 50px;\" aria-hidden=\"true\">\u00a0<\/div>\r\n\r\n\r\n\n<section class=\"container px-4 xl:px-0\">\n    <div class=\"flex rounded-2xl bg-gradient-to-r from-[#B3E0FF] to-[#6097D7] px-10 md:px-20 py-10 items-center gap-10 flex-col md:flex-row\">\n        <div class=\"w-full md:w-1\/2 flex justify-center\">\n            <img loading=\"lazy\" decoding=\"async\" alt=\"\" src=\"https:\/\/lei.net\/wp-content\/uploads\/2024\/02\/cta.svg\" width=\"440\" height=\"350\">        <\/div>\n        <div class=\"w-full md:w-1\/2\">\n            <h3 class=\"text-lightgray-200 font-axiforma text-[25px] md:text-[35px] mb-4\">M\u00f6chten Sie eine LEI-Nummer erwerben?<\/h3>\n            <p class=\"font-axiforma-light !text-base md:!text-xl !font-light !text-lightgray-200 !mb-12\">Ihre juristische Person Registrierungsnummer LEI in Deutschland<\/p>\n            <div class=\"text-center md:text-left\">\n                <a href=\"https:\/\/lei.net\/de\/lei-registrierung\/\" class=\"bg-primary text-lightgray-200 text-lg px-8 py-4 rounded-full hover:bg-opacity-40 transition\">Beginnen wir<\/a>\n            <\/div>\n        <\/div>\n    <\/div>\n<\/section>\r\n\r\n\r\n<div class=\"wp-block-spacer\" style=\"height: 50px;\" aria-hidden=\"true\">\u00a0<\/div>\r\n\r\n\r\n\r\n<h3 class=\"wp-block-heading has-text-align-center\" style=\"font-size: 45px; font-style: normal; font-weight: 600;\">Aufbau eines LEI-Code<\/h3>\r\n\r\n\r\n\r\n<p class=\"has-text-align-center\" style=\"font-size: 20px;\">Eine LEI-Nummer ist \u00fcber das ISO-Zertifikat 17442 genormt. Sie besteht aus einer Kombination von 20 Ziffern und Buchstaben.<\/p>\r\n\r\n\r\n\r\n<div class=\"wp-block-spacer\" style=\"height: 50px;\" aria-hidden=\"true\">\u00a0<\/div>\r\n\r\n\r\n<div class=\"container px-4 xl:px-0\">\n  <div class=\"shadow-medium rounded-2xl my-12 py-5 md:py-12 overflow-auto\">\n    <div class=\"flex justify-start md:justify-center gap-1 mx-5 md:mx-0\">\n      <div>\n        <div class='text-2xl md:text-[40px] text-black font-axiforma tracking-widest'>1.2.3.4.<\/div>\n        <div class='flex items-center border-r border-l border-lightgray h-[0.8vw]'>\n          <div class='bg-lightgray h-[1px] w-full'><\/div>\n        <\/div>\n        <div class='text-center text-xs md:text-lg font-axiforma text-black'>LOU ID<\/div>\n      <\/div>\n      <div>\n        <div class='text-2xl md:text-[40px] text-black font-axiforma tracking-widest'>5.6.<\/div>\n        <div class='flex items-center border-r border-l border-lightgray h-[0.8vw]'>\n          <div class='bg-lightgray h-[1px] w-full'><\/div>\n        <\/div>\n        <div class='text-center text-xs md:text-lg font-axiforma text-black'>0.0<\/div>\n      <\/div>\n      <div>\n        <div class='text-2xl md:text-[40px] text-primary font-axiforma tracking-widest'>7.8.9.10.11.12.13.14.15.16.17.18.<\/div>\n        <div class='flex items-center border-r border-l border-lightgray h-[0.8vw]'>\n          <div class='bg-lightgray h-[1px] w-full'><\/div>\n        <\/div>\n        <div class='text-center text-xs md:text-lg font-axiforma text-primary'>Entity Identifier<\/div>\n      <\/div>\n      <div>\n        <div class='text-2xl md:text-[40px] text-black font-axiforma tracking-widest'>19.20.<\/div>\n        <div class='flex items-center border-r border-l border-lightgray h-[0.8vw]'>\n          <div class='bg-lightgray h-[1px] w-full'><\/div>\n        <\/div>\n        <div class='text-center text-xs md:text-lg font-axiforma text-black'>Verifizierungs-ID<\/div>\n      <\/div>\n    <\/div>\n  <\/div>\n<\/div>\n\r\n\r\n\r\n<div class=\"wp-block-columns is-layout-flex wp-container-core-columns-is-layout-9d6595d7 wp-block-columns-is-layout-flex\">\r\n<div class=\"wp-block-column is-layout-flow wp-block-column-is-layout-flow\">\r\n<p>Die Ziffern <strong>1-4<\/strong> zeigen immer die ID derjenigen LOU an, die die LEI ausgegeben hat.<\/p>\r\n\r\n\r\n\r\n<p>Die Ziffern <strong>5-6<\/strong> haben immer den Wert 0.<\/p>\r\n\r\n\r\n\r\n<p>Die Ziffern\/Buchstaben <strong>7-18<\/strong> sind f\u00fcr jedes Unternehmen einzigartig.<\/p>\r\n\r\n\r\n\r\n<p>Die Ziffern <strong>19-20<\/strong> dienen der Verifizierung.<\/p>\r\n\r\n\r\n\r\n<p>Gem\u00e4\u00df der Norm ist jede LEI mit den folgenden Mindestinformationen verkn\u00fcpft:<br \/><br \/>Offizieller Name der juristischen Person, mit dem sie im \u00f6rtlichen Register eingetragen ist.<br \/>Eingetragene Adresse der juristischen Person.<br \/>Land der Registrierung<br \/>Der L\u00e4ndernamencode und dessen Untergliederungen.<br \/>Das Datum der ersten LEI-Zuweisung; das Datum der letzten Aktualisierung der LEI-Informationen und ggf. das Verfallsdatum.<\/p>\r\n<\/div>\r\n<\/div>\r\n\r\n\r\n\r\n<div class=\"wp-block-spacer\" style=\"height: 50px;\" aria-hidden=\"true\">\u00a0<\/div>\r\n\r\n\r\n\r\n<div class=\"wp-block-columns is-layout-flex wp-container-core-columns-is-layout-9d6595d7 wp-block-columns-is-layout-flex\">\r\n<div class=\"wp-block-column is-layout-flow wp-block-column-is-layout-flow\">\r\n<h2 id=\"h-bei-lei-codes-geht-es-um-das-knupfen-von-verbindungen\" class=\"wp-block-heading\"><strong>Bei LEI-Codes geht es um das Kn\u00fcpfen von Verbindungen!<\/strong><\/h2>\r\n\r\n\r\n\r\n<p>Die Vision von GLEIF ist es, ein einheitliches Registrierungsnummersystem f\u00fcr alle Unternehmen weltweit zu schaffen. Dieses w\u00fcrde Identifikatoren enthalten, die standardisierte und qualitativ hochwertige Referenzdaten liefern.<\/p>\r\n\r\n\r\n\r\n<p class=\"has-leinumber-black-color has-text-color\">&#8220;Wir glauben, dass schlussendlich hinter jedem Unternehmen eine Identit\u00e4t stehen sollte. Eine LEI zu besitzen, wird dazu beitragen, dieses Ziel zu erreichen.&#8221;<\/p>\r\n\r\n\r\n\r\n<p>GLEIF &#8211; Global Legal Entity Identifier Foundation.<\/p>\r\n\r\n\r\n\r\n<h2 id=\"h-historischer-hintergrund\" class=\"wp-block-heading\">Historischer Hintergrund<\/h2>\r\n\r\n\r\n\r\n<p>Vor der Einf\u00fchrung des LEI 2012 gab es bereits Nummern, anhand welcher die Beh\u00f6rden Geldtransfers verfolgen konnten. Mit diesen Nummern konnten allerdings nur Geldtransfers innerhalb der eigenen Landesgrenzen nachvollzogen werden, weshalb eine Risikoabsch\u00e4tzung internationaler Finanzgesch\u00e4fte nur bedingt m\u00f6glich waren. Diese Intransparenz m\u00fcndete 2008 in einer Finanzkrise, weshalb die f\u00fchrenden Industrie- und Schwellenl\u00e4nder beim G20-Gipel im September 2009 in Pittsburgh beschlossen ein einheitliches und internationales System einzuf\u00fchren.<\/p>\r\n\r\n\r\n\r\n<p>Die Durchf\u00fchrung \u00fcbernahm das Finacial Stability Board, das beim Treffen einige Monate zuvor in London gegr\u00fcndet wurde. Diese Organisation \u00fcberwacht das globale Finanzsystem. Im Juni 2014 wurde die GLEIF als gemeinn\u00fctzige Organisation vom Financial Stability Board gegr\u00fcndet mit dem Auftrag der F\u00f6rderung von LEI. \u00dcber GLEIF k\u00f6nnen Gesch\u00e4ftsleute, Unternehmen und Organisationen auf den Global LEI Index zugreifen. Das ist eine wichtige Quelle f\u00fcr hochwertige Daten \u00fcber Referenztr\u00e4ger. Der Zugriff auf die Daten ist kostenlos. Beaufsichtigt wird GLEIF vom LEI Regulatory Oversight Committee, dessen Mitglieder aus der ganzen Welt kommen. Demnach ist GLEIF keinem Staat verbunden.<\/p>\r\n\r\n\r\n\r\n<h2 id=\"h-iso-17442\" class=\"wp-block-heading\">ISO 17442<\/h2>\r\n\r\n\r\n\r\n<p>Die ISO-Norm 17442 definier eine Reihe von Daten, mit denen der Rechtstr\u00e4ger zweifelsfrei identifiziert werden kann. Diese muss jeder Antragsteller angeben. Diese sogenannten Level1-Daten beinhalten:<\/p>\r\n\r\n\r\n\r\n<blockquote class=\"wp-block-quote is-layout-flow wp-block-quote-is-layout-flow\">\r\n<p>&#8211; Den Namen des Rechtstr\u00e4gers. Dieser muss mit den offiziellen Verzeichnissen \u00fcbereinstimmen<\/p>\r\n\r\n\r\n\r\n<p>&#8211; Die Anschrift<\/p>\r\n\r\n\r\n\r\n<p>&#8211; Das Land, in welchem die Firma gegr\u00fcndet wurde<\/p>\r\n\r\n\r\n\r\n<p>&#8211; Codes f\u00fcr die L\u00e4ndernamen und gegebenenfalls die Unterbereiche<\/p>\r\n\r\n\r\n\r\n<p>&#8211; Datum der LEI-Zuweisung, der letzten Aktualisierung und das Ablaufdatum<\/p>\r\n<\/blockquote>\r\n\r\n\r\n\r\n<p>Die Level-1- Daten geben also genau Auskunft \u00fcber den Rechteinhaber<\/p>\r\n\r\n\r\n\r\n<p>Leven-2-Daten geben Auskunft \u00fcber die Beziehungen der Firmen untereinander. Level-2-Daten k\u00f6nnen nur von Firmen eingereicht werden, deren Muttergesellschaft die Jahresabschl\u00fcsse der Tochtergesellschaft zu einem gemeinsamen Abschluss zusammenf\u00fcgt (Konsolidierung). Leven-2-Daten k\u00f6nnen nur mit dem letzten gemeinsamen Jahresabschluss der Mutter- und Tochtergesellschaft eingereicht werden. Dadurch best\u00e4tigt das Unternehmen das Firmenverh\u00e4ltnis zur Muttergesellschaft.<\/p>\r\n\r\n\r\n\r\n<h2 id=\"h-die-mifid-ii-richtlinie\" class=\"wp-block-heading\">Die MiFID-II-Richtlinie<\/h2>\r\n\r\n\r\n\r\n<p>Das Akronym MiFID bedeutet Markets in Financial Instrument Directive. Diese Verordnung soll die Anleger sch\u00fctzen, gr\u00f6\u00dferen Wettbewerb erm\u00f6glichen und den europ\u00e4ischen Finanzmarkt harmonisieren. Die MiFID I-Richtlinie trat am 31. Januar 2007 in Kraft. Sie war bis zum 2. Januar 2018 g\u00fcltig und wurde durch die neue MiFID-II-Richtlinie ersetzt. Oft taucht in Zusammenhang mit MiFID-II der Begriff MiFIR auf. Oft werden die beiden Begriffe als Einheit MiFID II\/MiFIR geschrieben. MiFIR ist die Abk\u00fcrzung f\u00fcr Markets in Financial Instruments. Es handelt sich dabei um die dazugeh\u00f6rige Verordnung.<\/p>\r\n\r\n\r\n\r\n<p>Die Durchf\u00fchrung der neuen Richtlinien war f\u00fcr die Firmen eine gro\u00dfe Herausforderung. Alleine schon sich in das Regelwerk mit 20 000 Seiten einzuarbeiten war keine Aufgabe, die man an einem Nachmittag erledigen konnte.<\/p>\r\n\r\n\r\n\r\n<p>Viele der Vorschriften betrifft den Verkauf von Wertpapieren an Privatkunden. F\u00fcr den gewerblichen Kunden ist das wenig von Bedeutung. Die einzige bedeutsame Auswirkung der MiFID-II-Richtlinie ist die LEI-Nummer. Diese m\u00fcssen ab dem 3. Januar 2018 alle Gewerbetreibenden, die als Unternehmer mit Wertpapieren handeln, besitzen.<\/p>\r\n<\/div>\r\n<\/div>\r\n","protected":false},"excerpt":{"rendered":"<p>Der\u00a0LEI-Code\u00a0in einfachen Worten LEI \u2013 eine Identifikationsnummer f\u00fcr juristische Personen (Legal Entity Identification number).Ein eindeutiger Identifikationscode f\u00fcr Unternehmen, die an Finanzm\u00e4rkten handeln (mit Aktien, Anleihen, Futures, Devisen etc.).Jedes an den Finanzm\u00e4rkten durchgef\u00fchrte Gesch\u00e4ft wird \u00fcbe eine LEI- Nummer mit dem Handelspartner verkn\u00fcpft.LEI-Codes werden von Regulierungsbeh\u00f6rden zur \u00dcberwachung von Finanzm\u00e4rkten eingesetzt.LEI-Codes verbinden Finanzm\u00e4rkte, Unternehmen und Aufsichtsbeh\u00f6rden.Die [&hellip;]<\/p>\n","protected":false},"author":1,"featured_media":0,"parent":0,"menu_order":0,"comment_status":"closed","ping_status":"closed","template":"","meta":{"_acf_changed":false,"footnotes":""},"class_list":["post-247","page","type-page","status-publish","hentry"],"acf":[],"yoast_head":"<!-- This site is optimized with the Yoast SEO plugin v25.6 - https:\/\/yoast.com\/wordpress\/plugins\/seo\/ -->\n<title>Was ist LEI? - LEI.net<\/title>\n<meta name=\"description\" content=\"Was ist LEI? Hier gibt es alle Informationen, die Sie zum Thema LEI (Legal Entity Identifier) wissen m\u00fcssen\" \/>\n<meta name=\"robots\" content=\"index, follow, max-snippet:-1, max-image-preview:large, max-video-preview:-1\" \/>\n<link rel=\"canonical\" href=\"https:\/\/lei.net\/de\/wp-json\/wp\/v2\/pages\/247\" \/>\n<meta property=\"og:locale\" content=\"de_DE\" \/>\n<meta property=\"og:type\" content=\"article\" \/>\n<meta property=\"og:title\" content=\"Was ist LEI? - LEI.net\" \/>\n<meta property=\"og:description\" content=\"Was ist LEI? Hier gibt es alle Informationen, die Sie zum Thema LEI (Legal Entity Identifier) wissen m\u00fcssen\" \/>\n<meta property=\"og:url\" content=\"https:\/\/lei.net\/de\/was-ist-lei\/\" \/>\n<meta property=\"og:site_name\" content=\"LEI.net\" \/>\n<meta property=\"article:modified_time\" content=\"2026-03-06T04:48:59+00:00\" \/>\n<meta name=\"twitter:card\" content=\"summary_large_image\" \/>\n<meta name=\"twitter:label1\" content=\"Gesch\u00e4tzte Lesezeit\" \/>\n\t<meta name=\"twitter:data1\" content=\"4\u00a0Minuten\" \/>\n<script type=\"application\/ld+json\" class=\"yoast-schema-graph\">{\"@context\":\"https:\/\/schema.org\",\"@graph\":[{\"@type\":\"WebPage\",\"@id\":\"https:\/\/lei.net\/de\/was-ist-lei\/\",\"url\":\"https:\/\/lei.net\/de\/was-ist-lei\/\",\"name\":\"Was ist LEI? - LEI.net\",\"isPartOf\":{\"@id\":\"https:\/\/lei.net\/#website\"},\"datePublished\":\"2021-06-29T13:14:05+00:00\",\"dateModified\":\"2026-03-06T04:48:59+00:00\",\"description\":\"Was ist LEI? Hier gibt es alle Informationen, die Sie zum Thema LEI (Legal Entity Identifier) wissen m\u00fcssen\",\"breadcrumb\":{\"@id\":\"https:\/\/lei.net\/de\/was-ist-lei\/#breadcrumb\"},\"inLanguage\":\"de\",\"potentialAction\":[{\"@type\":\"ReadAction\",\"target\":[\"https:\/\/lei.net\/de\/was-ist-lei\/\"]}]},{\"@type\":\"BreadcrumbList\",\"@id\":\"https:\/\/lei.net\/de\/was-ist-lei\/#breadcrumb\",\"itemListElement\":[{\"@type\":\"ListItem\",\"position\":1,\"name\":\"Startseite\",\"item\":\"https:\/\/lei.net\/de\/\"},{\"@type\":\"ListItem\",\"position\":2,\"name\":\"Was ist LEI?\"}]},{\"@type\":\"WebSite\",\"@id\":\"https:\/\/lei.net\/#website\",\"url\":\"https:\/\/lei.net\/\",\"name\":\"LEI.net\",\"description\":\"Official Legal Entity Identifier (LEI) Registrar\",\"publisher\":{\"@id\":\"https:\/\/lei.net\/#organization\"},\"potentialAction\":[{\"@type\":\"SearchAction\",\"target\":{\"@type\":\"EntryPoint\",\"urlTemplate\":\"https:\/\/lei.net\/?s={search_term_string}\"},\"query-input\":{\"@type\":\"PropertyValueSpecification\",\"valueRequired\":true,\"valueName\":\"search_term_string\"}}],\"inLanguage\":\"de\"},{\"@type\":\"Organization\",\"@id\":\"https:\/\/lei.net\/#organization\",\"name\":\"F.I.D.Firmeninformationsdienst GmbH\",\"url\":\"https:\/\/lei.net\/\",\"logo\":{\"@type\":\"ImageObject\",\"inLanguage\":\"de\",\"@id\":\"https:\/\/lei.net\/#\/schema\/logo\/image\/\",\"url\":\"https:\/\/lei.net\/wp-content\/uploads\/2021\/12\/color_vertical.jpg\",\"contentUrl\":\"https:\/\/lei.net\/wp-content\/uploads\/2021\/12\/color_vertical.jpg\",\"width\":283,\"height\":283,\"caption\":\"F.I.D.Firmeninformationsdienst GmbH\"},\"image\":{\"@id\":\"https:\/\/lei.net\/#\/schema\/logo\/image\/\"}}]}<\/script>\n<!-- \/ Yoast SEO plugin. -->","yoast_head_json":{"title":"Was ist LEI? - LEI.net","description":"Was ist LEI? Hier gibt es alle Informationen, die Sie zum Thema LEI (Legal Entity Identifier) wissen m\u00fcssen","robots":{"index":"index","follow":"follow","max-snippet":"max-snippet:-1","max-image-preview":"max-image-preview:large","max-video-preview":"max-video-preview:-1"},"canonical":"https:\/\/lei.net\/de\/wp-json\/wp\/v2\/pages\/247","og_locale":"de_DE","og_type":"article","og_title":"Was ist LEI? - LEI.net","og_description":"Was ist LEI? Hier gibt es alle Informationen, die Sie zum Thema LEI (Legal Entity Identifier) wissen m\u00fcssen","og_url":"https:\/\/lei.net\/de\/was-ist-lei\/","og_site_name":"LEI.net","article_modified_time":"2026-03-06T04:48:59+00:00","twitter_card":"summary_large_image","twitter_misc":{"Gesch\u00e4tzte Lesezeit":"4\u00a0Minuten"},"schema":{"@context":"https:\/\/schema.org","@graph":[{"@type":"WebPage","@id":"https:\/\/lei.net\/de\/was-ist-lei\/","url":"https:\/\/lei.net\/de\/was-ist-lei\/","name":"Was ist LEI? - LEI.net","isPartOf":{"@id":"https:\/\/lei.net\/#website"},"datePublished":"2021-06-29T13:14:05+00:00","dateModified":"2026-03-06T04:48:59+00:00","description":"Was ist LEI? Hier gibt es alle Informationen, die Sie zum Thema LEI (Legal Entity Identifier) wissen m\u00fcssen","breadcrumb":{"@id":"https:\/\/lei.net\/de\/was-ist-lei\/#breadcrumb"},"inLanguage":"de","potentialAction":[{"@type":"ReadAction","target":["https:\/\/lei.net\/de\/was-ist-lei\/"]}]},{"@type":"BreadcrumbList","@id":"https:\/\/lei.net\/de\/was-ist-lei\/#breadcrumb","itemListElement":[{"@type":"ListItem","position":1,"name":"Startseite","item":"https:\/\/lei.net\/de\/"},{"@type":"ListItem","position":2,"name":"Was ist LEI?"}]},{"@type":"WebSite","@id":"https:\/\/lei.net\/#website","url":"https:\/\/lei.net\/","name":"LEI.net","description":"Official Legal Entity Identifier (LEI) Registrar","publisher":{"@id":"https:\/\/lei.net\/#organization"},"potentialAction":[{"@type":"SearchAction","target":{"@type":"EntryPoint","urlTemplate":"https:\/\/lei.net\/?s={search_term_string}"},"query-input":{"@type":"PropertyValueSpecification","valueRequired":true,"valueName":"search_term_string"}}],"inLanguage":"de"},{"@type":"Organization","@id":"https:\/\/lei.net\/#organization","name":"F.I.D.Firmeninformationsdienst GmbH","url":"https:\/\/lei.net\/","logo":{"@type":"ImageObject","inLanguage":"de","@id":"https:\/\/lei.net\/#\/schema\/logo\/image\/","url":"https:\/\/lei.net\/wp-content\/uploads\/2021\/12\/color_vertical.jpg","contentUrl":"https:\/\/lei.net\/wp-content\/uploads\/2021\/12\/color_vertical.jpg","width":283,"height":283,"caption":"F.I.D.Firmeninformationsdienst GmbH"},"image":{"@id":"https:\/\/lei.net\/#\/schema\/logo\/image\/"}}]}},"_links":{"self":[{"href":"https:\/\/lei.net\/de\/wp-json\/wp\/v2\/pages\/247","targetHints":{"allow":["GET"]}}],"collection":[{"href":"https:\/\/lei.net\/de\/wp-json\/wp\/v2\/pages"}],"about":[{"href":"https:\/\/lei.net\/de\/wp-json\/wp\/v2\/types\/page"}],"author":[{"embeddable":true,"href":"https:\/\/lei.net\/de\/wp-json\/wp\/v2\/users\/1"}],"replies":[{"embeddable":true,"href":"https:\/\/lei.net\/de\/wp-json\/wp\/v2\/comments?post=247"}],"version-history":[{"count":23,"href":"https:\/\/lei.net\/de\/wp-json\/wp\/v2\/pages\/247\/revisions"}],"predecessor-version":[{"id":18609,"href":"https:\/\/lei.net\/de\/wp-json\/wp\/v2\/pages\/247\/revisions\/18609"}],"wp:attachment":[{"href":"https:\/\/lei.net\/de\/wp-json\/wp\/v2\/media?parent=247"}],"curies":[{"name":"wp","href":"https:\/\/api.w.org\/{rel}","templated":true}]}}