

{"id":385,"date":"2021-06-14T10:54:15","date_gmt":"2021-06-14T09:54:15","guid":{"rendered":"https:\/\/lei.net\/lei-search\/"},"modified":"2021-11-04T17:25:38","modified_gmt":"2021-11-04T16:25:38","slug":"lei-suche","status":"publish","type":"page","link":"https:\/\/lei.net\/de\/lei-suche\/","title":{"rendered":"LEI Suche"},"content":{"rendered":"\n<h2 class=\"wp-block-heading\">Wer ben\u00f6tigt heutzutage eine LEI-NUMMER?<\/h2>\n\n\n\n<p>Die vom Financial Stability Board im Juni 2014 gegr\u00fcndete Global Legal Entity Identifier Foundation (GLEIF ) hat die Aufgabe, die Implementierung und Verwendung von Legal Entity Identifiers (LEIs) zu unterst\u00fctzen. Unterst\u00fctzt und beaufsichtigt wird die Stiftung vom LEI Regulatory Oversight Committee, das Beh\u00f6rden aus aller Welt vertritt, die sich zusammengeschlossen haben, um gemeinsam die Transparenz auf den globalen Finanzm\u00e4rkten voranzutre iben. GLEIF ist eine supranationale gemeinn\u00fctzige Organisation mit Sitz in Basel, in der Schweiz.<br><br>Die Dienstleistungen von GLEIF gew\u00e4hrleisten die operative Integrit\u00e4t des globalen LEI-Systems. GLEIF erh\u00f6ht kontinuierlich sowohl die im LEI-Datenpool verf\u00fcgbaren Informationen als auch die Qualit\u00e4t des Datenpools und erleichtert den \u00f6ffentlichen Zugang zu den Informationen.<br><br>1.2 Der ISO 17442 Standard<br>Die Norm der International Organization for Standardization (ISO) 17442 definiert einen Satz von Attributen oder Referenzdaten von juristischen Personen, die die wichtigsten Identifizierungselemente sind. Der LEI-Code (Legal Entity Identifier) selbst ist neutral, ohne eingebettete Intelligenz oder L\u00e4ndercodes, die f\u00fcr die Nutzer unn\u00f6tige Komplexit\u00e4t schaffen k\u00f6nnten.<br><br>Die Norm ISO 17442 legt die minimalen Referenzdaten fest, die f\u00fcr jeden LEI anzugeben sind. Diese Daten werden in der Regel als Level-1-Daten bezeichnet \u2013 wer ist wer?<br><br>Der offizielle Name der juristischen Person, wie er in den offiziellen Registern eingetragen ist.The registered address of that legal entity.<br>Die eingetragene Adresse dieser juristischen Person.<br>Das Gr\u00fcndungsland.<br>Die Codes f\u00fcr die Darstellung von Namen von L\u00e4ndern und deren Unterteilungen.<br>Das Datum der ersten LEI-Zuordnung, das Datum der letzten Aktualisierung der LEI-Informationen und gegebenenfalls das Verfallsdatum.<\/p>\n\n\n\n\n\n<h2 class=\"wp-block-heading\">Wer ben\u00f6tigt heutzutage eine LEI-NUMMER?<\/h2>\n\n\n\n<p>Die vom Financial Stability Board im Juni 2014 gegr\u00fcndete Global Legal Entity Identifier Foundation (GLEIF ) hat die Aufgabe, die Implementierung und Verwendung von Legal Entity Identifiers (LEIs) zu unterst\u00fctzen. Unterst\u00fctzt und beaufsichtigt wird die Stiftung vom LEI Regulatory Oversight Committee, das Beh\u00f6rden aus aller Welt vertritt, die sich zusammengeschlossen haben, um gemeinsam die Transparenz auf den globalen Finanzm\u00e4rkten voranzutre iben. GLEIF ist eine supranationale gemeinn\u00fctzige Organisation mit Sitz in Basel, in der Schweiz.<br><br>Die Dienstleistungen von GLEIF gew\u00e4hrleisten die operative Integrit\u00e4t des globalen LEI-Systems. GLEIF erh\u00f6ht kontinuierlich sowohl die im LEI-Datenpool verf\u00fcgbaren Informationen als auch die Qualit\u00e4t des Datenpools und erleichtert den \u00f6ffentlichen Zugang zu den Informationen.<br><br>1.2 Der ISO 17442 Standard<br>Die Norm der International Organization for Standardization (ISO) 17442 definiert einen Satz von Attributen oder Referenzdaten von juristischen Personen, die die wichtigsten Identifizierungselemente sind. Der LEI-Code (Legal Entity Identifier) selbst ist neutral, ohne eingebettete Intelligenz oder L\u00e4ndercodes, die f\u00fcr die Nutzer unn\u00f6tige Komplexit\u00e4t schaffen k\u00f6nnten.<br><br>Die Norm ISO 17442 legt die minimalen Referenzdaten fest, die f\u00fcr jeden LEI anzugeben sind. Diese Daten werden in der Regel als Level-1-Daten bezeichnet \u2013 wer ist wer?<br><br>Der offizielle Name der juristischen Person, wie er in den offiziellen Registern eingetragen ist.The registered address of that legal entity.<br>Die eingetragene Adresse dieser juristischen Person.<br>Das Gr\u00fcndungsland.<br>Die Codes f\u00fcr die Darstellung von Namen von L\u00e4ndern und deren Unterteilungen.<br>Das Datum der ersten LEI-Zuordnung, das Datum der letzten Aktualisierung der LEI-Informationen und gegebenenfalls das Verfallsdatum.<\/p>\n\n\n\n\n\n<h2 class=\"wp-block-heading\">Wer ben\u00f6tigt heutzutage eine LEI-NUMMER?<\/h2>\n\n\n\n<p>Die vom Financial Stability Board im Juni 2014 gegr\u00fcndete Global Legal Entity Identifier Foundation (GLEIF ) hat die Aufgabe, die Implementierung und Verwendung von Legal Entity Identifiers (LEIs) zu unterst\u00fctzen. Unterst\u00fctzt und beaufsichtigt wird die Stiftung vom LEI Regulatory Oversight Committee, das Beh\u00f6rden aus aller Welt vertritt, die sich zusammengeschlossen haben, um gemeinsam die Transparenz auf den globalen Finanzm\u00e4rkten voranzutre iben. GLEIF ist eine supranationale gemeinn\u00fctzige Organisation mit Sitz in Basel, in der Schweiz.<br><br>Die Dienstleistungen von GLEIF gew\u00e4hrleisten die operative Integrit\u00e4t des globalen LEI-Systems. GLEIF erh\u00f6ht kontinuierlich sowohl die im LEI-Datenpool verf\u00fcgbaren Informationen als auch die Qualit\u00e4t des Datenpools und erleichtert den \u00f6ffentlichen Zugang zu den Informationen.<br><br>1.2 Der ISO 17442 Standard<br>Die Norm der International Organization for Standardization (ISO) 17442 definiert einen Satz von Attributen oder Referenzdaten von juristischen Personen, die die wichtigsten Identifizierungselemente sind. Der LEI-Code (Legal Entity Identifier) selbst ist neutral, ohne eingebettete Intelligenz oder L\u00e4ndercodes, die f\u00fcr die Nutzer unn\u00f6tige Komplexit\u00e4t schaffen k\u00f6nnten.<br><br>Die Norm ISO 17442 legt die minimalen Referenzdaten fest, die f\u00fcr jeden LEI anzugeben sind. Diese Daten werden in der Regel als Level-1-Daten bezeichnet \u2013 wer ist wer?<br><br>Der offizielle Name der juristischen Person, wie er in den offiziellen Registern eingetragen ist.The registered address of that legal entity.<br>Die eingetragene Adresse dieser juristischen Person.<br>Das Gr\u00fcndungsland.<br>Die Codes f\u00fcr die Darstellung von Namen von L\u00e4ndern und deren Unterteilungen.<br>Das Datum der ersten LEI-Zuordnung, das Datum der letzten Aktualisierung der LEI-Informationen und gegebenenfalls das Verfallsdatum.<\/p>\n","protected":false},"excerpt":{"rendered":"<p>Wer ben\u00f6tigt heutzutage eine LEI-NUMMER? Die vom Financial Stability Board im Juni 2014 gegr\u00fcndete Global Legal Entity Identifier Foundation (GLEIF ) hat die Aufgabe, die Implementierung und Verwendung von Legal Entity Identifiers (LEIs) zu unterst\u00fctzen. Unterst\u00fctzt und beaufsichtigt wird die Stiftung vom LEI Regulatory Oversight Committee, das Beh\u00f6rden aus aller Welt vertritt, die sich zusammengeschlossen [&hellip;]<\/p>\n","protected":false},"author":1,"featured_media":0,"parent":0,"menu_order":0,"comment_status":"closed","ping_status":"closed","template":"page-search.php","meta":{"_acf_changed":false,"footnotes":""},"class_list":["post-385","page","type-page","status-publish","hentry"],"acf":[],"yoast_head":"<!-- This site is optimized with the Yoast SEO plugin v25.6 - https:\/\/yoast.com\/wordpress\/plugins\/seo\/ -->\n<title>LEI Suche - LEI.net<\/title>\n<meta name=\"description\" content=\"Hier k\u00f6nnen Sie eine kostenlose Suche nach vergebenen LEI-Nummern starten, indem Sie einfach den Firmennamen eintragen\" \/>\n<meta name=\"robots\" content=\"index, follow, max-snippet:-1, max-image-preview:large, max-video-preview:-1\" \/>\n<link rel=\"canonical\" href=\"https:\/\/lei.net\/de\/wp-json\/wp\/v2\/pages\/385\" \/>\n<meta property=\"og:locale\" content=\"de_DE\" \/>\n<meta property=\"og:type\" content=\"article\" \/>\n<meta property=\"og:title\" content=\"LEI Suche - LEI.net\" \/>\n<meta property=\"og:description\" content=\"Hier k\u00f6nnen Sie eine kostenlose Suche nach vergebenen LEI-Nummern starten, indem Sie einfach den Firmennamen eintragen\" \/>\n<meta property=\"og:url\" content=\"https:\/\/lei.net\/de\/lei-suche\/\" \/>\n<meta property=\"og:site_name\" content=\"LEI.net\" \/>\n<meta property=\"article:modified_time\" content=\"2021-11-04T16:25:38+00:00\" \/>\n<meta name=\"twitter:card\" content=\"summary_large_image\" \/>\n<meta name=\"twitter:label1\" content=\"Gesch\u00e4tzte Lesezeit\" \/>\n\t<meta name=\"twitter:data1\" content=\"4\u00a0Minuten\" \/>\n<script type=\"application\/ld+json\" class=\"yoast-schema-graph\">{\"@context\":\"https:\/\/schema.org\",\"@graph\":[{\"@type\":\"WebPage\",\"@id\":\"https:\/\/lei.net\/de\/lei-suche\/\",\"url\":\"https:\/\/lei.net\/de\/lei-suche\/\",\"name\":\"LEI Suche - LEI.net\",\"isPartOf\":{\"@id\":\"https:\/\/lei.net\/#website\"},\"datePublished\":\"2021-06-14T09:54:15+00:00\",\"dateModified\":\"2021-11-04T16:25:38+00:00\",\"description\":\"Hier k\u00f6nnen Sie eine kostenlose Suche nach vergebenen LEI-Nummern starten, indem Sie einfach den Firmennamen eintragen\",\"breadcrumb\":{\"@id\":\"https:\/\/lei.net\/de\/lei-suche\/#breadcrumb\"},\"inLanguage\":\"de\",\"potentialAction\":[{\"@type\":\"ReadAction\",\"target\":[\"https:\/\/lei.net\/de\/lei-suche\/\"]}]},{\"@type\":\"BreadcrumbList\",\"@id\":\"https:\/\/lei.net\/de\/lei-suche\/#breadcrumb\",\"itemListElement\":[{\"@type\":\"ListItem\",\"position\":1,\"name\":\"Startseite\",\"item\":\"https:\/\/lei.net\/de\/\"},{\"@type\":\"ListItem\",\"position\":2,\"name\":\"LEI Suche\"}]},{\"@type\":\"WebSite\",\"@id\":\"https:\/\/lei.net\/#website\",\"url\":\"https:\/\/lei.net\/\",\"name\":\"LEI.net\",\"description\":\"Official Legal Entity Identifier (LEI) Registrar\",\"publisher\":{\"@id\":\"https:\/\/lei.net\/#organization\"},\"potentialAction\":[{\"@type\":\"SearchAction\",\"target\":{\"@type\":\"EntryPoint\",\"urlTemplate\":\"https:\/\/lei.net\/?s={search_term_string}\"},\"query-input\":{\"@type\":\"PropertyValueSpecification\",\"valueRequired\":true,\"valueName\":\"search_term_string\"}}],\"inLanguage\":\"de\"},{\"@type\":\"Organization\",\"@id\":\"https:\/\/lei.net\/#organization\",\"name\":\"F.I.D.Firmeninformationsdienst GmbH\",\"url\":\"https:\/\/lei.net\/\",\"logo\":{\"@type\":\"ImageObject\",\"inLanguage\":\"de\",\"@id\":\"https:\/\/lei.net\/#\/schema\/logo\/image\/\",\"url\":\"https:\/\/lei.net\/wp-content\/uploads\/2021\/12\/color_vertical.jpg\",\"contentUrl\":\"https:\/\/lei.net\/wp-content\/uploads\/2021\/12\/color_vertical.jpg\",\"width\":283,\"height\":283,\"caption\":\"F.I.D.Firmeninformationsdienst GmbH\"},\"image\":{\"@id\":\"https:\/\/lei.net\/#\/schema\/logo\/image\/\"}}]}<\/script>\n<!-- \/ Yoast SEO plugin. -->","yoast_head_json":{"title":"LEI Suche - LEI.net","description":"Hier k\u00f6nnen Sie eine kostenlose Suche nach vergebenen LEI-Nummern starten, indem Sie einfach den Firmennamen eintragen","robots":{"index":"index","follow":"follow","max-snippet":"max-snippet:-1","max-image-preview":"max-image-preview:large","max-video-preview":"max-video-preview:-1"},"canonical":"https:\/\/lei.net\/de\/wp-json\/wp\/v2\/pages\/385","og_locale":"de_DE","og_type":"article","og_title":"LEI Suche - LEI.net","og_description":"Hier k\u00f6nnen Sie eine kostenlose Suche nach vergebenen LEI-Nummern starten, indem Sie einfach den Firmennamen eintragen","og_url":"https:\/\/lei.net\/de\/lei-suche\/","og_site_name":"LEI.net","article_modified_time":"2021-11-04T16:25:38+00:00","twitter_card":"summary_large_image","twitter_misc":{"Gesch\u00e4tzte Lesezeit":"4\u00a0Minuten"},"schema":{"@context":"https:\/\/schema.org","@graph":[{"@type":"WebPage","@id":"https:\/\/lei.net\/de\/lei-suche\/","url":"https:\/\/lei.net\/de\/lei-suche\/","name":"LEI Suche - LEI.net","isPartOf":{"@id":"https:\/\/lei.net\/#website"},"datePublished":"2021-06-14T09:54:15+00:00","dateModified":"2021-11-04T16:25:38+00:00","description":"Hier k\u00f6nnen Sie eine kostenlose Suche nach vergebenen LEI-Nummern starten, indem Sie einfach den Firmennamen eintragen","breadcrumb":{"@id":"https:\/\/lei.net\/de\/lei-suche\/#breadcrumb"},"inLanguage":"de","potentialAction":[{"@type":"ReadAction","target":["https:\/\/lei.net\/de\/lei-suche\/"]}]},{"@type":"BreadcrumbList","@id":"https:\/\/lei.net\/de\/lei-suche\/#breadcrumb","itemListElement":[{"@type":"ListItem","position":1,"name":"Startseite","item":"https:\/\/lei.net\/de\/"},{"@type":"ListItem","position":2,"name":"LEI Suche"}]},{"@type":"WebSite","@id":"https:\/\/lei.net\/#website","url":"https:\/\/lei.net\/","name":"LEI.net","description":"Official Legal Entity Identifier (LEI) Registrar","publisher":{"@id":"https:\/\/lei.net\/#organization"},"potentialAction":[{"@type":"SearchAction","target":{"@type":"EntryPoint","urlTemplate":"https:\/\/lei.net\/?s={search_term_string}"},"query-input":{"@type":"PropertyValueSpecification","valueRequired":true,"valueName":"search_term_string"}}],"inLanguage":"de"},{"@type":"Organization","@id":"https:\/\/lei.net\/#organization","name":"F.I.D.Firmeninformationsdienst GmbH","url":"https:\/\/lei.net\/","logo":{"@type":"ImageObject","inLanguage":"de","@id":"https:\/\/lei.net\/#\/schema\/logo\/image\/","url":"https:\/\/lei.net\/wp-content\/uploads\/2021\/12\/color_vertical.jpg","contentUrl":"https:\/\/lei.net\/wp-content\/uploads\/2021\/12\/color_vertical.jpg","width":283,"height":283,"caption":"F.I.D.Firmeninformationsdienst GmbH"},"image":{"@id":"https:\/\/lei.net\/#\/schema\/logo\/image\/"}}]}},"_links":{"self":[{"href":"https:\/\/lei.net\/de\/wp-json\/wp\/v2\/pages\/385","targetHints":{"allow":["GET"]}}],"collection":[{"href":"https:\/\/lei.net\/de\/wp-json\/wp\/v2\/pages"}],"about":[{"href":"https:\/\/lei.net\/de\/wp-json\/wp\/v2\/types\/page"}],"author":[{"embeddable":true,"href":"https:\/\/lei.net\/de\/wp-json\/wp\/v2\/users\/1"}],"replies":[{"embeddable":true,"href":"https:\/\/lei.net\/de\/wp-json\/wp\/v2\/comments?post=385"}],"version-history":[{"count":1,"href":"https:\/\/lei.net\/de\/wp-json\/wp\/v2\/pages\/385\/revisions"}],"predecessor-version":[{"id":833,"href":"https:\/\/lei.net\/de\/wp-json\/wp\/v2\/pages\/385\/revisions\/833"}],"wp:attachment":[{"href":"https:\/\/lei.net\/de\/wp-json\/wp\/v2\/media?parent=385"}],"curies":[{"name":"wp","href":"https:\/\/api.w.org\/{rel}","templated":true}]}}