

{"id":688,"date":"2021-08-05T13:07:05","date_gmt":"2021-08-05T12:07:05","guid":{"rendered":"https:\/\/lei.net\/imprint\/"},"modified":"2026-03-06T06:32:29","modified_gmt":"2026-03-06T05:32:29","slug":"impressum","status":"publish","type":"page","link":"https:\/\/lei.net\/de\/impressum\/","title":{"rendered":"Impressum"},"content":{"rendered":"\r\n<div class=\"wp-block-columns is-layout-flex wp-container-core-columns-is-layout-9d6595d7 wp-block-columns-is-layout-flex\">\r\n<div class=\"wp-block-column is-layout-flow wp-block-column-is-layout-flow\">  <div>\n    <h1 class=\"font-axiforma text-[45px] md:text-[70px] text-center md:text-left\">Impressum<\/h1>\n        <div class=\"flex justify-center mt-10\">\n      <img loading=\"lazy\" decoding=\"async\" alt=\"\" src=\"https:\/\/lei.net\/wp-content\/uploads\/2024\/01\/imprint.svg\" width=\"440\" height=\"350\">    <\/div>\n  <\/div>\n<\/div>\r\n\r\n\r\n\r\n<div class=\"wp-block-column is-layout-flow wp-block-column-is-layout-flow\">\r\n<p>LEI.NET ist ein Dienst von F.I.D. Firmeninformationsdienst GmbH.<\/p>\r\n\r\n\r\n\r\n<p>Die gesetzlichen Vertreter von F.I.D. Firmeninformationsdienst GmbH sind die Gesch\u00e4ftsf\u00fchrer C. Raphael Mahir und Markus S. Glatz.<\/p>\r\n\r\n\r\n\r\n<p>F.I.D. Firmen Informationsdienst GmbH<br \/>Gabelsbergerstrasse 52<br \/>D-80333 M\u00fcnchen<\/p>\r\n\r\n\r\n\r\n<p>Telefonnummer: +49 (89) 614215110<br \/>E-mail: <a href=\"mailto:support@lei.net\">support@lei.net<\/a><\/p>\r\n\r\n\r\n\r\n<p>HRB 216109 (Amtsgericht M\u00fcnchen)<br \/>USt ID.: DE298120788<br \/>Finanzamt M\u00fcnchen II<br \/>LEI: 98450069D77R7698B317<\/p>\r\n<\/div>\r\n<\/div>\r\n","protected":false},"excerpt":{"rendered":"<p>LEI.NET ist ein Dienst von F.I.D. Firmeninformationsdienst GmbH. Die gesetzlichen Vertreter von F.I.D. Firmeninformationsdienst GmbH sind die Gesch\u00e4ftsf\u00fchrer C. Raphael Mahir und Markus S. Glatz. F.I.D. Firmen Informationsdienst GmbHGabelsbergerstrasse 52D-80333 M\u00fcnchen Telefonnummer: +49 (89) 614215110E-mail: support@lei.net HRB 216109 (Amtsgericht M\u00fcnchen)USt ID.: DE298120788Finanzamt M\u00fcnchen IILEI: 98450069D77R7698B317<\/p>\n","protected":false},"author":4,"featured_media":0,"parent":0,"menu_order":0,"comment_status":"closed","ping_status":"closed","template":"","meta":{"_acf_changed":false,"footnotes":""},"class_list":["post-688","page","type-page","status-publish","hentry"],"acf":[],"yoast_head":"<!-- This site is optimized with the Yoast SEO plugin v25.6 - https:\/\/yoast.com\/wordpress\/plugins\/seo\/ -->\n<title>Impressum - LEI.net<\/title>\n<meta name=\"description\" content=\"Hier finden Sie das Impressum von LEI.NET - ein Angebot der F.I.D. Firmeninformationsdienst GmbH in M\u00fcnchen\" \/>\n<meta name=\"robots\" content=\"index, follow, max-snippet:-1, max-image-preview:large, max-video-preview:-1\" \/>\n<link rel=\"canonical\" href=\"https:\/\/lei.net\/de\/wp-json\/wp\/v2\/pages\/688\" \/>\n<meta property=\"og:locale\" content=\"de_DE\" \/>\n<meta property=\"og:type\" content=\"article\" \/>\n<meta property=\"og:title\" content=\"Impressum - LEI.net\" \/>\n<meta property=\"og:description\" content=\"Hier finden Sie das Impressum von LEI.NET - ein Angebot der F.I.D. Firmeninformationsdienst GmbH in M\u00fcnchen\" \/>\n<meta property=\"og:url\" content=\"https:\/\/lei.net\/de\/impressum\/\" \/>\n<meta property=\"og:site_name\" content=\"LEI.net\" \/>\n<meta property=\"article:modified_time\" content=\"2026-03-06T05:32:29+00:00\" \/>\n<meta name=\"twitter:card\" content=\"summary_large_image\" \/>\n<meta name=\"twitter:label1\" content=\"Gesch\u00e4tzte Lesezeit\" \/>\n\t<meta name=\"twitter:data1\" content=\"1\u00a0Minute\" \/>\n<script type=\"application\/ld+json\" class=\"yoast-schema-graph\">{\"@context\":\"https:\/\/schema.org\",\"@graph\":[{\"@type\":\"WebPage\",\"@id\":\"https:\/\/lei.net\/de\/impressum\/\",\"url\":\"https:\/\/lei.net\/de\/impressum\/\",\"name\":\"Impressum - LEI.net\",\"isPartOf\":{\"@id\":\"https:\/\/lei.net\/#website\"},\"datePublished\":\"2021-08-05T12:07:05+00:00\",\"dateModified\":\"2026-03-06T05:32:29+00:00\",\"description\":\"Hier finden Sie das Impressum von LEI.NET - ein Angebot der F.I.D. Firmeninformationsdienst GmbH in M\u00fcnchen\",\"breadcrumb\":{\"@id\":\"https:\/\/lei.net\/de\/impressum\/#breadcrumb\"},\"inLanguage\":\"de\",\"potentialAction\":[{\"@type\":\"ReadAction\",\"target\":[\"https:\/\/lei.net\/de\/impressum\/\"]}]},{\"@type\":\"BreadcrumbList\",\"@id\":\"https:\/\/lei.net\/de\/impressum\/#breadcrumb\",\"itemListElement\":[{\"@type\":\"ListItem\",\"position\":1,\"name\":\"Startseite\",\"item\":\"https:\/\/lei.net\/de\/\"},{\"@type\":\"ListItem\",\"position\":2,\"name\":\"Impressum\"}]},{\"@type\":\"WebSite\",\"@id\":\"https:\/\/lei.net\/#website\",\"url\":\"https:\/\/lei.net\/\",\"name\":\"LEI.net\",\"description\":\"Official Legal Entity Identifier (LEI) Registrar\",\"publisher\":{\"@id\":\"https:\/\/lei.net\/#organization\"},\"potentialAction\":[{\"@type\":\"SearchAction\",\"target\":{\"@type\":\"EntryPoint\",\"urlTemplate\":\"https:\/\/lei.net\/?s={search_term_string}\"},\"query-input\":{\"@type\":\"PropertyValueSpecification\",\"valueRequired\":true,\"valueName\":\"search_term_string\"}}],\"inLanguage\":\"de\"},{\"@type\":\"Organization\",\"@id\":\"https:\/\/lei.net\/#organization\",\"name\":\"F.I.D.Firmeninformationsdienst GmbH\",\"url\":\"https:\/\/lei.net\/\",\"logo\":{\"@type\":\"ImageObject\",\"inLanguage\":\"de\",\"@id\":\"https:\/\/lei.net\/#\/schema\/logo\/image\/\",\"url\":\"https:\/\/lei.net\/wp-content\/uploads\/2021\/12\/color_vertical.jpg\",\"contentUrl\":\"https:\/\/lei.net\/wp-content\/uploads\/2021\/12\/color_vertical.jpg\",\"width\":283,\"height\":283,\"caption\":\"F.I.D.Firmeninformationsdienst GmbH\"},\"image\":{\"@id\":\"https:\/\/lei.net\/#\/schema\/logo\/image\/\"}}]}<\/script>\n<!-- \/ Yoast SEO plugin. -->","yoast_head_json":{"title":"Impressum - LEI.net","description":"Hier finden Sie das Impressum von LEI.NET - ein Angebot der F.I.D. Firmeninformationsdienst GmbH in M\u00fcnchen","robots":{"index":"index","follow":"follow","max-snippet":"max-snippet:-1","max-image-preview":"max-image-preview:large","max-video-preview":"max-video-preview:-1"},"canonical":"https:\/\/lei.net\/de\/wp-json\/wp\/v2\/pages\/688","og_locale":"de_DE","og_type":"article","og_title":"Impressum - LEI.net","og_description":"Hier finden Sie das Impressum von LEI.NET - ein Angebot der F.I.D. Firmeninformationsdienst GmbH in M\u00fcnchen","og_url":"https:\/\/lei.net\/de\/impressum\/","og_site_name":"LEI.net","article_modified_time":"2026-03-06T05:32:29+00:00","twitter_card":"summary_large_image","twitter_misc":{"Gesch\u00e4tzte Lesezeit":"1\u00a0Minute"},"schema":{"@context":"https:\/\/schema.org","@graph":[{"@type":"WebPage","@id":"https:\/\/lei.net\/de\/impressum\/","url":"https:\/\/lei.net\/de\/impressum\/","name":"Impressum - LEI.net","isPartOf":{"@id":"https:\/\/lei.net\/#website"},"datePublished":"2021-08-05T12:07:05+00:00","dateModified":"2026-03-06T05:32:29+00:00","description":"Hier finden Sie das Impressum von LEI.NET - ein Angebot der F.I.D. Firmeninformationsdienst GmbH in M\u00fcnchen","breadcrumb":{"@id":"https:\/\/lei.net\/de\/impressum\/#breadcrumb"},"inLanguage":"de","potentialAction":[{"@type":"ReadAction","target":["https:\/\/lei.net\/de\/impressum\/"]}]},{"@type":"BreadcrumbList","@id":"https:\/\/lei.net\/de\/impressum\/#breadcrumb","itemListElement":[{"@type":"ListItem","position":1,"name":"Startseite","item":"https:\/\/lei.net\/de\/"},{"@type":"ListItem","position":2,"name":"Impressum"}]},{"@type":"WebSite","@id":"https:\/\/lei.net\/#website","url":"https:\/\/lei.net\/","name":"LEI.net","description":"Official Legal Entity Identifier (LEI) Registrar","publisher":{"@id":"https:\/\/lei.net\/#organization"},"potentialAction":[{"@type":"SearchAction","target":{"@type":"EntryPoint","urlTemplate":"https:\/\/lei.net\/?s={search_term_string}"},"query-input":{"@type":"PropertyValueSpecification","valueRequired":true,"valueName":"search_term_string"}}],"inLanguage":"de"},{"@type":"Organization","@id":"https:\/\/lei.net\/#organization","name":"F.I.D.Firmeninformationsdienst GmbH","url":"https:\/\/lei.net\/","logo":{"@type":"ImageObject","inLanguage":"de","@id":"https:\/\/lei.net\/#\/schema\/logo\/image\/","url":"https:\/\/lei.net\/wp-content\/uploads\/2021\/12\/color_vertical.jpg","contentUrl":"https:\/\/lei.net\/wp-content\/uploads\/2021\/12\/color_vertical.jpg","width":283,"height":283,"caption":"F.I.D.Firmeninformationsdienst GmbH"},"image":{"@id":"https:\/\/lei.net\/#\/schema\/logo\/image\/"}}]}},"_links":{"self":[{"href":"https:\/\/lei.net\/de\/wp-json\/wp\/v2\/pages\/688","targetHints":{"allow":["GET"]}}],"collection":[{"href":"https:\/\/lei.net\/de\/wp-json\/wp\/v2\/pages"}],"about":[{"href":"https:\/\/lei.net\/de\/wp-json\/wp\/v2\/types\/page"}],"author":[{"embeddable":true,"href":"https:\/\/lei.net\/de\/wp-json\/wp\/v2\/users\/4"}],"replies":[{"embeddable":true,"href":"https:\/\/lei.net\/de\/wp-json\/wp\/v2\/comments?post=688"}],"version-history":[{"count":9,"href":"https:\/\/lei.net\/de\/wp-json\/wp\/v2\/pages\/688\/revisions"}],"predecessor-version":[{"id":18639,"href":"https:\/\/lei.net\/de\/wp-json\/wp\/v2\/pages\/688\/revisions\/18639"}],"wp:attachment":[{"href":"https:\/\/lei.net\/de\/wp-json\/wp\/v2\/media?parent=688"}],"curies":[{"name":"wp","href":"https:\/\/api.w.org\/{rel}","templated":true}]}}