

{"id":2656,"date":"2021-06-29T14:14:05","date_gmt":"2021-06-29T13:14:05","guid":{"rendered":"https:\/\/lei.net\/what-is-lei\/"},"modified":"2026-02-25T07:48:54","modified_gmt":"2026-02-25T06:48:54","slug":"que-es-el-ipj","status":"publish","type":"page","link":"https:\/\/lei.net\/es\/que-es-el-ipj\/","title":{"rendered":"\u00bfQu\u00e9 es el IPJ?"},"content":{"rendered":"  <div class=\"container px-4 xl:px-0\">\n    <div class=\"flex flex-wrap  mb-10 md:mb-16\">\n      <div class=\"w-full md:w-1\/2\">\n      <h1 class=\"font-axiforma text-[45px] md:text-[55px] text-center md:text-left\">\u00bfQu\u00e9 es el LEI?<\/h1>\n            <\/div>\n      <div class=\"w-full md:w-1\/2 flex justify-center mt-10 md:mt-0\">\n        <img loading=\"lazy\" decoding=\"async\" alt=\"\" src=\"https:\/\/lei.net\/wp-content\/uploads\/2024\/02\/whyus.svg\" width=\"590\" height=\"300\">      <\/div>\n    <\/div>\n  <\/div>\n\r\n\r\n\r\n<div class=\"wp-block-columns is-layout-flex wp-container-core-columns-is-layout-9d6595d7 wp-block-columns-is-layout-flex\">\r\n<div class=\"wp-block-column is-layout-flow wp-block-column-is-layout-flow\" style=\"flex-basis: 33.33%;\">\r\n<h2 class=\"wp-block-heading has-large-font-size\" style=\"font-style: normal; font-weight: 600;\">Informaci\u00f3n b\u00e1sica<\/h2>\r\n<\/div>\r\n\r\n\r\n\r\n<div class=\"wp-block-column is-layout-flow wp-block-column-is-layout-flow\" style=\"flex-basis: 66.66%;\">\r\n<p>LEI: un n\u00famero de identificaci\u00f3n para personas jur\u00eddicas (Legal Entity Identification number). Un c\u00f3digo de identificaci\u00f3n \u00fanico para las empresas que negocian en los mercados financieros (con acciones, bonos, futuros, divisas, etc.). Cada transacci\u00f3n realizada en los mercados financieros est\u00e1 vinculada al socio comercial a trav\u00e9s de un n\u00famero LEI. Los c\u00f3digos LEI son utilizados por los reguladores para monitorear los mercados financieros. Los c\u00f3digos LEI vinculan a los mercados financieros, las empresas y los reguladores. Los n\u00fameros LEI son emitidos por LOU acreditadas por la GLEIF. GLEIF \u2013 Global Legal Entity Identifier Foundation. NO TRADE SIN LE\u00cd.<\/p>\r\n<\/div>\r\n<\/div>\r\n\r\n\r\n\r\n<div class=\"wp-block-spacer\" style=\"height: 50px;\" aria-hidden=\"true\">\u00a0<\/div>\r\n\r\n\r\n\r\n<div class=\"wp-block-columns is-layout-flex wp-container-core-columns-is-layout-9d6595d7 wp-block-columns-is-layout-flex\">\r\n<div class=\"wp-block-column is-layout-flow wp-block-column-is-layout-flow\" style=\"flex-basis: 33.33%;\">\r\n<h2 class=\"wp-block-heading has-large-font-size\" style=\"font-style: normal; font-weight: 600;\">Las ventajas de un c\u00f3digo LEI<\/h2>\r\n<\/div>\r\n\r\n\r\n\r\n<div class=\"wp-block-column is-layout-flow wp-block-column-is-layout-flow\" style=\"flex-basis: 66.66%;\">\r\n<p>La captura de datos de los clientes es probablemente la mayor ventaja del n\u00famero LEI. Anteriormente, las tarjetas de identificaci\u00f3n deb\u00edan copiarse manualmente y comprobarse su exactitud, lo que era un proceso largo teniendo en cuenta los tiempos que corren. Adem\u00e1s, se necesitaban muchos datos para garantizar el camino seguro en la compra de acciones. El concepto de numeraci\u00f3n LEI conduce a una mejora del proceso. Con la ayuda de la digitalizaci\u00f3n de los distintos pasos, hoy en d\u00eda s\u00f3lo se necesita un peque\u00f1o formulario en l\u00ednea. Del mismo modo, la actualizaci\u00f3n, ampliaci\u00f3n y eliminaci\u00f3n de los datos de las empresas ahora est\u00e1n sujetas a un sistema funcional que puede seguir el ritmo de los mercados financieros internacionales en r\u00e1pida evoluci\u00f3n.<\/p>\r\n\r\n\r\n\r\n<p>Los datos abiertos y transparentes minimizan el riesgo de una transacci\u00f3n financiera internacional. Esto facilita ver qui\u00e9n es el socio comercial y qu\u00e9 representa. Esto proporciona una seguridad que no exist\u00eda en este formulario antes del n\u00famero LEI.<\/p>\r\n<\/div>\r\n<\/div>\r\n\r\n\r\n\r\n<div class=\"wp-block-spacer\" style=\"height: 50px;\" aria-hidden=\"true\">\u00a0<\/div>\r\n\r\n\r\n\n<section class=\"container px-4 xl:px-0\">\n    <div class=\"flex rounded-2xl bg-gradient-to-r from-[#B3E0FF] to-[#6097D7] px-10 md:px-20 py-10 items-center gap-10 flex-col md:flex-row\">\n        <div class=\"w-full md:w-1\/2 flex justify-center\">\n            <img loading=\"lazy\" decoding=\"async\" alt=\"\" src=\"https:\/\/lei.net\/wp-content\/uploads\/2024\/02\/cta.svg\" width=\"440\" height=\"350\">        <\/div>\n        <div class=\"w-full md:w-1\/2\">\n            <h3 class=\"text-lightgray-200 font-axiforma text-[25px] md:text-[35px] mb-4\">\u00bfLe gustar\u00eda comprar un n\u00famero LEI?<\/h3>\n            <p class=\"font-axiforma-light !text-base md:!text-xl !font-light !text-lightgray-200 !mb-12\">\u00a1Tu n\u00famero de registro de entidad jur\u00eddica LEI en Espa\u00f1a!<\/p>\n            <div class=\"text-center md:text-left\">\n                <a href=\"https:\/\/lei.net\/registration\/\" class=\"bg-primary text-lightgray-200 text-lg px-8 py-4 rounded-full hover:bg-opacity-40 transition\">Empecemos<\/a>\n            <\/div>\n        <\/div>\n    <\/div>\n<\/section>\r\n\r\n\r\n<h3 class=\"wp-block-heading has-text-align-center\" style=\"font-size: 45px; font-style: normal; font-weight: 600;\">Estructura de un c\u00f3digo LEI<\/h3>\r\n\r\n\r\n\r\n<p class=\"has-text-align-center\" style=\"font-size: 20px;\">Un n\u00famero LEI est\u00e1 estandarizado mediante el certificado ISO 17442. Consta de una combinaci\u00f3n de 20 d\u00edgitos y letras.<\/p>\r\n\r\n\r\n<div class=\"container px-4 xl:px-0\">\n  <div class=\"shadow-medium rounded-2xl my-12 py-5 md:py-12 overflow-auto\">\n    <div class=\"flex justify-start md:justify-center gap-1 mx-5 md:mx-0\">\n      <div>\n        <div class='text-2xl md:text-[40px] text-black font-axiforma tracking-widest'>1.2.3.4.<\/div>\n        <div class='flex items-center border-r border-l border-lightgray h-[0.8vw]'>\n          <div class='bg-lightgray h-[1px] w-full'><\/div>\n        <\/div>\n        <div class='text-center text-xs md:text-lg font-axiforma text-black'>LOU ID<\/div>\n      <\/div>\n      <div>\n        <div class='text-2xl md:text-[40px] text-black font-axiforma tracking-widest'>5.6.<\/div>\n        <div class='flex items-center border-r border-l border-lightgray h-[0.8vw]'>\n          <div class='bg-lightgray h-[1px] w-full'><\/div>\n        <\/div>\n        <div class='text-center text-xs md:text-lg font-axiforma text-black'>0.0<\/div>\n      <\/div>\n      <div>\n        <div class='text-2xl md:text-[40px] text-primary font-axiforma tracking-widest'>7.8.9.10.11.12.13.14.15.16.17.18.<\/div>\n        <div class='flex items-center border-r border-l border-lightgray h-[0.8vw]'>\n          <div class='bg-lightgray h-[1px] w-full'><\/div>\n        <\/div>\n        <div class='text-center text-xs md:text-lg font-axiforma text-primary'>Entity Identifier<\/div>\n      <\/div>\n      <div>\n        <div class='text-2xl md:text-[40px] text-black font-axiforma tracking-widest'>19.20.<\/div>\n        <div class='flex items-center border-r border-l border-lightgray h-[0.8vw]'>\n          <div class='bg-lightgray h-[1px] w-full'><\/div>\n        <\/div>\n        <div class='text-center text-xs md:text-lg font-axiforma text-black'>Verification ID<\/div>\n      <\/div>\n    <\/div>\n  <\/div>\n<\/div>\n\r\n\r\n\r\n\r\n\r\n<div class=\"wp-block-columns is-layout-flex wp-container-core-columns-is-layout-9d6595d7 wp-block-columns-is-layout-flex\">\r\n<div class=\"wp-block-column is-layout-flow wp-block-column-is-layout-flow\">\r\n<p>Los d\u00edgitos del <strong>1 al 4<\/strong> siempre indican el ID de la LOU que emiti\u00f3 el LEI.<\/p>\r\n\r\n\r\n\r\n<p>Los d\u00edgitos <strong>5-6<\/strong> siempre tienen el valor 0.<\/p>\r\n\r\n\r\n\r\n<p>Los d\u00edgitos\/letras del <strong>7 al 18<\/strong> son \u00fanicos para cada entidad.<\/p>\r\n\r\n\r\n\r\n<p>Los d\u00edgitos <strong>19-20<\/strong> se utilizan para verificaci\u00f3n.<\/p>\r\n<\/div>\r\n<\/div>\r\n\r\n\r\n\r\n<div class=\"wp-block-spacer\" style=\"height: 50px;\" aria-hidden=\"true\">\u00a0<\/div>\r\n","protected":false},"excerpt":{"rendered":"<p>Informaci\u00f3n b\u00e1sica LEI: un n\u00famero de identificaci\u00f3n para personas jur\u00eddicas (Legal Entity Identification number). Un c\u00f3digo de identificaci\u00f3n \u00fanico para las empresas que negocian en los mercados financieros (con acciones, bonos, futuros, divisas, etc.). Cada transacci\u00f3n realizada en los mercados financieros est\u00e1 vinculada al socio comercial a trav\u00e9s de un n\u00famero LEI. Los c\u00f3digos LEI [&hellip;]<\/p>\n","protected":false},"author":1,"featured_media":0,"parent":0,"menu_order":0,"comment_status":"closed","ping_status":"closed","template":"","meta":{"_acf_changed":false,"footnotes":""},"class_list":["post-2656","page","type-page","status-publish","hentry"],"acf":[],"yoast_head":"<!-- This site is optimized with the Yoast SEO plugin v25.6 - https:\/\/yoast.com\/wordpress\/plugins\/seo\/ -->\n<title>\u00bfQu\u00e9 es el IPJ? - LEI.net<\/title>\n<meta name=\"description\" content=\"Informaci\u00f3n b\u00e1sica LEI: un n\u00famero de identificaci\u00f3n para personas jur\u00eddicas (Legal Entity Identification number). Un c\u00f3digo de identificaci\u00f3n \u00fanico para\" \/>\n<meta name=\"robots\" content=\"index, follow, max-snippet:-1, max-image-preview:large, max-video-preview:-1\" \/>\n<link rel=\"canonical\" href=\"https:\/\/lei.net\/es\/wp-json\/wp\/v2\/pages\/2656\" \/>\n<meta property=\"og:locale\" content=\"es_ES\" \/>\n<meta property=\"og:type\" content=\"article\" \/>\n<meta property=\"og:title\" content=\"\u00bfQu\u00e9 es el IPJ? - LEI.net\" \/>\n<meta property=\"og:description\" content=\"Informaci\u00f3n b\u00e1sica LEI: un n\u00famero de identificaci\u00f3n para personas jur\u00eddicas (Legal Entity Identification number). Un c\u00f3digo de identificaci\u00f3n \u00fanico para\" \/>\n<meta property=\"og:url\" content=\"https:\/\/lei.net\/es\/que-es-el-ipj\/\" \/>\n<meta property=\"og:site_name\" content=\"LEI.net\" \/>\n<meta property=\"article:modified_time\" content=\"2026-02-25T06:48:54+00:00\" \/>\n<meta name=\"twitter:card\" content=\"summary_large_image\" \/>\n<meta name=\"twitter:label1\" content=\"Tiempo de lectura\" \/>\n\t<meta name=\"twitter:data1\" content=\"2 minutos\" \/>\n<script type=\"application\/ld+json\" class=\"yoast-schema-graph\">{\"@context\":\"https:\/\/schema.org\",\"@graph\":[{\"@type\":\"WebPage\",\"@id\":\"https:\/\/lei.net\/es\/que-es-el-ipj\/\",\"url\":\"https:\/\/lei.net\/es\/que-es-el-ipj\/\",\"name\":\"\u00bfQu\u00e9 es el IPJ? - LEI.net\",\"isPartOf\":{\"@id\":\"https:\/\/lei.net\/#website\"},\"datePublished\":\"2021-06-29T13:14:05+00:00\",\"dateModified\":\"2026-02-25T06:48:54+00:00\",\"description\":\"Informaci\u00f3n b\u00e1sica LEI: un n\u00famero de identificaci\u00f3n para personas jur\u00eddicas (Legal Entity Identification number). Un c\u00f3digo de identificaci\u00f3n \u00fanico para\",\"breadcrumb\":{\"@id\":\"https:\/\/lei.net\/es\/que-es-el-ipj\/#breadcrumb\"},\"inLanguage\":\"es\",\"potentialAction\":[{\"@type\":\"ReadAction\",\"target\":[\"https:\/\/lei.net\/es\/que-es-el-ipj\/\"]}]},{\"@type\":\"BreadcrumbList\",\"@id\":\"https:\/\/lei.net\/es\/que-es-el-ipj\/#breadcrumb\",\"itemListElement\":[{\"@type\":\"ListItem\",\"position\":1,\"name\":\"Startseite\",\"item\":\"https:\/\/lei.net\/es\/\"},{\"@type\":\"ListItem\",\"position\":2,\"name\":\"\u00bfQu\u00e9 es el IPJ?\"}]},{\"@type\":\"WebSite\",\"@id\":\"https:\/\/lei.net\/#website\",\"url\":\"https:\/\/lei.net\/\",\"name\":\"LEI.net\",\"description\":\"Official Legal Entity Identifier (LEI) Registrar\",\"publisher\":{\"@id\":\"https:\/\/lei.net\/#organization\"},\"potentialAction\":[{\"@type\":\"SearchAction\",\"target\":{\"@type\":\"EntryPoint\",\"urlTemplate\":\"https:\/\/lei.net\/?s={search_term_string}\"},\"query-input\":{\"@type\":\"PropertyValueSpecification\",\"valueRequired\":true,\"valueName\":\"search_term_string\"}}],\"inLanguage\":\"es\"},{\"@type\":\"Organization\",\"@id\":\"https:\/\/lei.net\/#organization\",\"name\":\"F.I.D.Firmeninformationsdienst GmbH\",\"url\":\"https:\/\/lei.net\/\",\"logo\":{\"@type\":\"ImageObject\",\"inLanguage\":\"es\",\"@id\":\"https:\/\/lei.net\/#\/schema\/logo\/image\/\",\"url\":\"https:\/\/lei.net\/wp-content\/uploads\/2021\/12\/color_vertical.jpg\",\"contentUrl\":\"https:\/\/lei.net\/wp-content\/uploads\/2021\/12\/color_vertical.jpg\",\"width\":283,\"height\":283,\"caption\":\"F.I.D.Firmeninformationsdienst GmbH\"},\"image\":{\"@id\":\"https:\/\/lei.net\/#\/schema\/logo\/image\/\"}}]}<\/script>\n<!-- \/ Yoast SEO plugin. -->","yoast_head_json":{"title":"\u00bfQu\u00e9 es el IPJ? - LEI.net","description":"Informaci\u00f3n b\u00e1sica LEI: un n\u00famero de identificaci\u00f3n para personas jur\u00eddicas (Legal Entity Identification number). Un c\u00f3digo de identificaci\u00f3n \u00fanico para","robots":{"index":"index","follow":"follow","max-snippet":"max-snippet:-1","max-image-preview":"max-image-preview:large","max-video-preview":"max-video-preview:-1"},"canonical":"https:\/\/lei.net\/es\/wp-json\/wp\/v2\/pages\/2656","og_locale":"es_ES","og_type":"article","og_title":"\u00bfQu\u00e9 es el IPJ? - LEI.net","og_description":"Informaci\u00f3n b\u00e1sica LEI: un n\u00famero de identificaci\u00f3n para personas jur\u00eddicas (Legal Entity Identification number). Un c\u00f3digo de identificaci\u00f3n \u00fanico para","og_url":"https:\/\/lei.net\/es\/que-es-el-ipj\/","og_site_name":"LEI.net","article_modified_time":"2026-02-25T06:48:54+00:00","twitter_card":"summary_large_image","twitter_misc":{"Tiempo de lectura":"2 minutos"},"schema":{"@context":"https:\/\/schema.org","@graph":[{"@type":"WebPage","@id":"https:\/\/lei.net\/es\/que-es-el-ipj\/","url":"https:\/\/lei.net\/es\/que-es-el-ipj\/","name":"\u00bfQu\u00e9 es el IPJ? - LEI.net","isPartOf":{"@id":"https:\/\/lei.net\/#website"},"datePublished":"2021-06-29T13:14:05+00:00","dateModified":"2026-02-25T06:48:54+00:00","description":"Informaci\u00f3n b\u00e1sica LEI: un n\u00famero de identificaci\u00f3n para personas jur\u00eddicas (Legal Entity Identification number). Un c\u00f3digo de identificaci\u00f3n \u00fanico para","breadcrumb":{"@id":"https:\/\/lei.net\/es\/que-es-el-ipj\/#breadcrumb"},"inLanguage":"es","potentialAction":[{"@type":"ReadAction","target":["https:\/\/lei.net\/es\/que-es-el-ipj\/"]}]},{"@type":"BreadcrumbList","@id":"https:\/\/lei.net\/es\/que-es-el-ipj\/#breadcrumb","itemListElement":[{"@type":"ListItem","position":1,"name":"Startseite","item":"https:\/\/lei.net\/es\/"},{"@type":"ListItem","position":2,"name":"\u00bfQu\u00e9 es el IPJ?"}]},{"@type":"WebSite","@id":"https:\/\/lei.net\/#website","url":"https:\/\/lei.net\/","name":"LEI.net","description":"Official Legal Entity Identifier (LEI) Registrar","publisher":{"@id":"https:\/\/lei.net\/#organization"},"potentialAction":[{"@type":"SearchAction","target":{"@type":"EntryPoint","urlTemplate":"https:\/\/lei.net\/?s={search_term_string}"},"query-input":{"@type":"PropertyValueSpecification","valueRequired":true,"valueName":"search_term_string"}}],"inLanguage":"es"},{"@type":"Organization","@id":"https:\/\/lei.net\/#organization","name":"F.I.D.Firmeninformationsdienst GmbH","url":"https:\/\/lei.net\/","logo":{"@type":"ImageObject","inLanguage":"es","@id":"https:\/\/lei.net\/#\/schema\/logo\/image\/","url":"https:\/\/lei.net\/wp-content\/uploads\/2021\/12\/color_vertical.jpg","contentUrl":"https:\/\/lei.net\/wp-content\/uploads\/2021\/12\/color_vertical.jpg","width":283,"height":283,"caption":"F.I.D.Firmeninformationsdienst GmbH"},"image":{"@id":"https:\/\/lei.net\/#\/schema\/logo\/image\/"}}]}},"_links":{"self":[{"href":"https:\/\/lei.net\/es\/wp-json\/wp\/v2\/pages\/2656","targetHints":{"allow":["GET"]}}],"collection":[{"href":"https:\/\/lei.net\/es\/wp-json\/wp\/v2\/pages"}],"about":[{"href":"https:\/\/lei.net\/es\/wp-json\/wp\/v2\/types\/page"}],"author":[{"embeddable":true,"href":"https:\/\/lei.net\/es\/wp-json\/wp\/v2\/users\/1"}],"replies":[{"embeddable":true,"href":"https:\/\/lei.net\/es\/wp-json\/wp\/v2\/comments?post=2656"}],"version-history":[{"count":9,"href":"https:\/\/lei.net\/es\/wp-json\/wp\/v2\/pages\/2656\/revisions"}],"predecessor-version":[{"id":14438,"href":"https:\/\/lei.net\/es\/wp-json\/wp\/v2\/pages\/2656\/revisions\/14438"}],"wp:attachment":[{"href":"https:\/\/lei.net\/es\/wp-json\/wp\/v2\/media?parent=2656"}],"curies":[{"name":"wp","href":"https:\/\/api.w.org\/{rel}","templated":true}]}}