

{"id":1084,"date":"2021-06-29T14:14:05","date_gmt":"2021-06-29T13:14:05","guid":{"rendered":"https:\/\/lei.net\/what-is-lei\/"},"modified":"2026-02-27T07:19:03","modified_gmt":"2026-02-27T06:19:03","slug":"mis-on-lei","status":"publish","type":"page","link":"https:\/\/lei.net\/et\/mis-on-lei\/","title":{"rendered":"Mis on LEI ?"},"content":{"rendered":"  <div class=\"container px-4 xl:px-0\">\n    <div class=\"flex flex-wrap  mb-10 md:mb-16\">\n      <div class=\"w-full md:w-1\/2\">\n      <h1 class=\"font-axiforma text-[45px] md:text-[55px] text-center md:text-left\">Mis on LEI?<\/h1>\n            <\/div>\n      <div class=\"w-full md:w-1\/2 flex justify-center mt-10 md:mt-0\">\n        <img loading=\"lazy\" decoding=\"async\" alt=\"\" src=\"https:\/\/lei.net\/wp-content\/uploads\/2024\/02\/whyus.svg\" width=\"590\" height=\"300\">      <\/div>\n    <\/div>\n  <\/div>\n\r\n\r\n\r\n<div class=\"wp-block-columns is-layout-flex wp-container-core-columns-is-layout-9d6595d7 wp-block-columns-is-layout-flex\">\r\n<div class=\"wp-block-column is-layout-flow wp-block-column-is-layout-flow\" style=\"flex-basis: 33.33%;\">\r\n<h2 class=\"wp-block-heading has-large-font-size\" style=\"font-style: normal; font-weight: 600;\">P\u00f5hiinfo<\/h2>\r\n<\/div>\r\n\r\n\r\n\r\n<div class=\"wp-block-column is-layout-flow wp-block-column-is-layout-flow\" style=\"flex-basis: 66.66%;\">\r\n<p>LEI \u2013 juriidiliste isikute identifitseerimisnumber (Legal Entity Identification number). Unikaalne identifitseerimiskood ettev\u00f5tetele, kes kauplevad finantsturgudel (aktsiad, v\u00f5lakirjad, futuurid, valuutad jne). Iga finantsturgudel tehtud tehing on kauplemispartneriga seotud LEI numbriga. LEI koode kasutavad regulaatorid finantsturgude j\u00e4lgimiseks. LEI koodid seovad finantsturud, ettev\u00f5tted ja regulaatorid. LEI numbreid v\u00e4ljastavad GLEIF-i akrediteeritud LOU-d. GLEIF \u2013 Global Legal Entity Identifier Foundation. KAUPLEMIST EI TOIMU ILMA LEI-ta.<\/p>\r\n<\/div>\r\n<\/div>\r\n\r\n\r\n\r\n<div class=\"wp-block-spacer\" style=\"height: 50px;\" aria-hidden=\"true\">\u00a0<\/div>\r\n\r\n\r\n\r\n<div class=\"wp-block-columns is-layout-flex wp-container-core-columns-is-layout-9d6595d7 wp-block-columns-is-layout-flex\">\r\n<div class=\"wp-block-column is-layout-flow wp-block-column-is-layout-flow\" style=\"flex-basis: 33.33%;\">\r\n<h2 class=\"wp-block-heading has-large-font-size\" style=\"font-style: normal; font-weight: 600;\">LEI koodi eelised<\/h2>\r\n<\/div>\r\n\r\n\r\n\r\n<div class=\"wp-block-column is-layout-flow wp-block-column-is-layout-flow\" style=\"flex-basis: 66.66%;\">\r\n<p>Kliendiandmete kogumine on ilmselt LEI numbri suurim eelis. Varem tuli ID-kaarte k\u00e4sitsi kopeerida ja nende \u00f5igsust kontrollida, mis oli ajamahukas protsess arvestades aegu. Lisaks oli aktsiaostu turvalise tee tagamiseks vaja palju andmeid. LEI numbrite kontseptsioon viib protsessi parendamiseni. Erinevate sammude digitaliseerimise abil on t\u00e4na vajalik ainult v\u00e4ike veebivorm. Samuti on ettev\u00f5tte andmete uuendamine, pikendamine ja kustutamine n\u00fc\u00fcd funktsionaalse s\u00fcsteemi all, mis suudab h\u00e4sti sammu pidada kiiresti arenevate rahvusvaheliste finantsturgudega.<\/p>\r\n\r\n\r\n\r\n<p>Avalikud ja l\u00e4bipaistvad andmed v\u00e4hendavad rahvusvahelise finantstehingu riski. See teeb lihtsaks n\u00e4ha, kes on kauplemispartner ja mida nad esindavad. See pakub turvalisust, mis enne LEI numbrit sellisel kujul ei eksisteerinud.<\/p>\r\n<\/div>\r\n<\/div>\r\n\r\n\r\n\r\n<div class=\"wp-block-spacer\" style=\"height: 50px;\" aria-hidden=\"true\">\u00a0<\/div>\r\n\r\n\r\n\n<section class=\"container px-4 xl:px-0\">\n    <div class=\"flex rounded-2xl bg-gradient-to-r from-[#B3E0FF] to-[#6097D7] px-10 md:px-20 py-10 items-center gap-10 flex-col md:flex-row\">\n        <div class=\"w-full md:w-1\/2 flex justify-center\">\n            <img loading=\"lazy\" decoding=\"async\" alt=\"\" src=\"https:\/\/lei.net\/wp-content\/uploads\/2024\/02\/cta.svg\" width=\"440\" height=\"350\">        <\/div>\n        <div class=\"w-full md:w-1\/2\">\n            <h3 class=\"text-lightgray-200 font-axiforma text-[25px] md:text-[35px] mb-4\">Kas soovite osta LEI numbrit?<\/h3>\n            <p class=\"font-axiforma-light !text-base md:!text-xl !font-light !text-lightgray-200 !mb-12\">Teie juriidilise isiku registreerimisnumber LEI Eestis!<\/p>\n            <div class=\"text-center md:text-left\">\n                <a href=\"https:\/\/lei.net\/registration\/\" class=\"bg-primary text-lightgray-200 text-lg px-8 py-4 rounded-full hover:bg-opacity-40 transition\">Alustame<\/a>\n            <\/div>\n        <\/div>\n    <\/div>\n<\/section>\r\n\r\n\r\n<h3 class=\"wp-block-heading has-text-align-center\" style=\"font-size: 45px; font-style: normal; font-weight: 600;\">LEI koodi struktuur<\/h3>\r\n\r\n\r\n\r\n<p class=\"has-text-align-center\" style=\"font-size: 20px;\">LEI number on standardiseeritud ISO sertifikaadi 17442 kaudu. See koosneb 20 t\u00e4hem\u00e4rgi ja numbri kombinatsioonist<\/p>\r\n\r\n\r\n<div class=\"container px-4 xl:px-0\">\n  <div class=\"shadow-medium rounded-2xl my-12 py-5 md:py-12 overflow-auto\">\n    <div class=\"flex justify-start md:justify-center gap-1 mx-5 md:mx-0\">\n      <div>\n        <div class='text-2xl md:text-[40px] text-black font-axiforma tracking-widest'>1.2.3.4.<\/div>\n        <div class='flex items-center border-r border-l border-lightgray h-[0.8vw]'>\n          <div class='bg-lightgray h-[1px] w-full'><\/div>\n        <\/div>\n        <div class='text-center text-xs md:text-lg font-axiforma text-black'>LOU ID<\/div>\n      <\/div>\n      <div>\n        <div class='text-2xl md:text-[40px] text-black font-axiforma tracking-widest'>5.6.<\/div>\n        <div class='flex items-center border-r border-l border-lightgray h-[0.8vw]'>\n          <div class='bg-lightgray h-[1px] w-full'><\/div>\n        <\/div>\n        <div class='text-center text-xs md:text-lg font-axiforma text-black'>0.0<\/div>\n      <\/div>\n      <div>\n        <div class='text-2xl md:text-[40px] text-primary font-axiforma tracking-widest'>7.8.9.10.11.12.13.14.15.16.17.18.<\/div>\n        <div class='flex items-center border-r border-l border-lightgray h-[0.8vw]'>\n          <div class='bg-lightgray h-[1px] w-full'><\/div>\n        <\/div>\n        <div class='text-center text-xs md:text-lg font-axiforma text-primary'>\u00dcksuse identifikaator<\/div>\n      <\/div>\n      <div>\n        <div class='text-2xl md:text-[40px] text-black font-axiforma tracking-widest'>19.20.<\/div>\n        <div class='flex items-center border-r border-l border-lightgray h-[0.8vw]'>\n          <div class='bg-lightgray h-[1px] w-full'><\/div>\n        <\/div>\n        <div class='text-center text-xs md:text-lg font-axiforma text-black'>Kontrollimine ID<\/div>\n      <\/div>\n    <\/div>\n  <\/div>\n<\/div>\n\r\n\r\n\r\n\r\n\r\n<div class=\"wp-block-columns is-layout-flex wp-container-core-columns-is-layout-9d6595d7 wp-block-columns-is-layout-flex\">\r\n<div class=\"wp-block-column is-layout-flow wp-block-column-is-layout-flow\">\r\n<p>Numbrite <strong>1-4<\/strong> puhul n\u00e4itavad alati LOU ID-d, mis andis v\u00e4lja LEI.<\/p>\r\n\r\n\r\n\r\n<p>Numbrite <strong>5-6<\/strong> v\u00e4\u00e4rtus on alati 0.<\/p>\r\n\r\n\r\n\r\n<p>T\u00e4hed\/numbrid <strong>7-18<\/strong> on unikaalsed iga \u00fcksuse jaoks.<\/p>\r\n\r\n\r\n\r\n<p>Numbrite <strong>19-20<\/strong> kasutatakse verifitseerimiseks.<\/p>\r\n<\/div>\r\n<\/div>\r\n\r\n\r\n","protected":false},"excerpt":{"rendered":"<p>P\u00f5hiinfo LEI \u2013 juriidiliste isikute identifitseerimisnumber (Legal Entity Identification number). Unikaalne identifitseerimiskood ettev\u00f5tetele, kes kauplevad finantsturgudel (aktsiad, v\u00f5lakirjad, futuurid, valuutad jne). Iga finantsturgudel tehtud tehing on kauplemispartneriga seotud LEI numbriga. LEI koode kasutavad regulaatorid finantsturgude j\u00e4lgimiseks. LEI koodid seovad finantsturud, ettev\u00f5tted ja regulaatorid. LEI numbreid v\u00e4ljastavad GLEIF-i akrediteeritud LOU-d. GLEIF \u2013 Global Legal Entity Identifier [&hellip;]<\/p>\n","protected":false},"author":1,"featured_media":0,"parent":0,"menu_order":0,"comment_status":"closed","ping_status":"closed","template":"","meta":{"_acf_changed":false,"footnotes":""},"class_list":["post-1084","page","type-page","status-publish","hentry"],"acf":[],"yoast_head":"<!-- This site is optimized with the Yoast SEO plugin v25.6 - https:\/\/yoast.com\/wordpress\/plugins\/seo\/ -->\n<title>Mis on LEI ? - LEI.net<\/title>\n<meta name=\"description\" content=\"P\u00f5hiinfo LEI \u2013 juriidiliste isikute identifitseerimisnumber (Legal Entity Identification number). Unikaalne identifitseerimiskood ettev\u00f5tetele, kes\" \/>\n<meta name=\"robots\" content=\"index, follow, max-snippet:-1, max-image-preview:large, max-video-preview:-1\" \/>\n<link rel=\"canonical\" href=\"https:\/\/lei.net\/et\/wp-json\/wp\/v2\/pages\/1084\" \/>\n<meta property=\"og:locale\" content=\"et_EE\" \/>\n<meta property=\"og:type\" content=\"article\" \/>\n<meta property=\"og:title\" content=\"Mis on LEI ? - LEI.net\" \/>\n<meta property=\"og:description\" content=\"P\u00f5hiinfo LEI \u2013 juriidiliste isikute identifitseerimisnumber (Legal Entity Identification number). Unikaalne identifitseerimiskood ettev\u00f5tetele, kes\" \/>\n<meta property=\"og:url\" content=\"https:\/\/lei.net\/et\/mis-on-lei\/\" \/>\n<meta property=\"og:site_name\" content=\"LEI.net\" \/>\n<meta property=\"article:modified_time\" content=\"2026-02-27T06:19:03+00:00\" \/>\n<meta name=\"twitter:card\" content=\"summary_large_image\" \/>\n<meta name=\"twitter:label1\" content=\"Est. reading time\" \/>\n\t<meta name=\"twitter:data1\" content=\"1 minut\" \/>\n<script type=\"application\/ld+json\" class=\"yoast-schema-graph\">{\"@context\":\"https:\/\/schema.org\",\"@graph\":[{\"@type\":\"WebPage\",\"@id\":\"https:\/\/lei.net\/et\/mis-on-lei\/\",\"url\":\"https:\/\/lei.net\/et\/mis-on-lei\/\",\"name\":\"Mis on LEI ? - LEI.net\",\"isPartOf\":{\"@id\":\"https:\/\/lei.net\/#website\"},\"datePublished\":\"2021-06-29T13:14:05+00:00\",\"dateModified\":\"2026-02-27T06:19:03+00:00\",\"description\":\"P\u00f5hiinfo LEI \u2013 juriidiliste isikute identifitseerimisnumber (Legal Entity Identification number). Unikaalne identifitseerimiskood ettev\u00f5tetele, kes\",\"breadcrumb\":{\"@id\":\"https:\/\/lei.net\/et\/mis-on-lei\/#breadcrumb\"},\"inLanguage\":\"et\",\"potentialAction\":[{\"@type\":\"ReadAction\",\"target\":[\"https:\/\/lei.net\/et\/mis-on-lei\/\"]}]},{\"@type\":\"BreadcrumbList\",\"@id\":\"https:\/\/lei.net\/et\/mis-on-lei\/#breadcrumb\",\"itemListElement\":[{\"@type\":\"ListItem\",\"position\":1,\"name\":\"Startseite\",\"item\":\"https:\/\/lei.net\/et\/\"},{\"@type\":\"ListItem\",\"position\":2,\"name\":\"Mis on LEI ?\"}]},{\"@type\":\"WebSite\",\"@id\":\"https:\/\/lei.net\/#website\",\"url\":\"https:\/\/lei.net\/\",\"name\":\"LEI.net\",\"description\":\"Official Legal Entity Identifier (LEI) Registrar\",\"publisher\":{\"@id\":\"https:\/\/lei.net\/#organization\"},\"potentialAction\":[{\"@type\":\"SearchAction\",\"target\":{\"@type\":\"EntryPoint\",\"urlTemplate\":\"https:\/\/lei.net\/?s={search_term_string}\"},\"query-input\":{\"@type\":\"PropertyValueSpecification\",\"valueRequired\":true,\"valueName\":\"search_term_string\"}}],\"inLanguage\":\"et\"},{\"@type\":\"Organization\",\"@id\":\"https:\/\/lei.net\/#organization\",\"name\":\"F.I.D.Firmeninformationsdienst GmbH\",\"url\":\"https:\/\/lei.net\/\",\"logo\":{\"@type\":\"ImageObject\",\"inLanguage\":\"et\",\"@id\":\"https:\/\/lei.net\/#\/schema\/logo\/image\/\",\"url\":\"https:\/\/lei.net\/wp-content\/uploads\/2021\/12\/color_vertical.jpg\",\"contentUrl\":\"https:\/\/lei.net\/wp-content\/uploads\/2021\/12\/color_vertical.jpg\",\"width\":283,\"height\":283,\"caption\":\"F.I.D.Firmeninformationsdienst GmbH\"},\"image\":{\"@id\":\"https:\/\/lei.net\/#\/schema\/logo\/image\/\"}}]}<\/script>\n<!-- \/ Yoast SEO plugin. -->","yoast_head_json":{"title":"Mis on LEI ? - LEI.net","description":"P\u00f5hiinfo LEI \u2013 juriidiliste isikute identifitseerimisnumber (Legal Entity Identification number). Unikaalne identifitseerimiskood ettev\u00f5tetele, kes","robots":{"index":"index","follow":"follow","max-snippet":"max-snippet:-1","max-image-preview":"max-image-preview:large","max-video-preview":"max-video-preview:-1"},"canonical":"https:\/\/lei.net\/et\/wp-json\/wp\/v2\/pages\/1084","og_locale":"et_EE","og_type":"article","og_title":"Mis on LEI ? - LEI.net","og_description":"P\u00f5hiinfo LEI \u2013 juriidiliste isikute identifitseerimisnumber (Legal Entity Identification number). Unikaalne identifitseerimiskood ettev\u00f5tetele, kes","og_url":"https:\/\/lei.net\/et\/mis-on-lei\/","og_site_name":"LEI.net","article_modified_time":"2026-02-27T06:19:03+00:00","twitter_card":"summary_large_image","twitter_misc":{"Est. reading time":"1 minut"},"schema":{"@context":"https:\/\/schema.org","@graph":[{"@type":"WebPage","@id":"https:\/\/lei.net\/et\/mis-on-lei\/","url":"https:\/\/lei.net\/et\/mis-on-lei\/","name":"Mis on LEI ? - LEI.net","isPartOf":{"@id":"https:\/\/lei.net\/#website"},"datePublished":"2021-06-29T13:14:05+00:00","dateModified":"2026-02-27T06:19:03+00:00","description":"P\u00f5hiinfo LEI \u2013 juriidiliste isikute identifitseerimisnumber (Legal Entity Identification number). Unikaalne identifitseerimiskood ettev\u00f5tetele, kes","breadcrumb":{"@id":"https:\/\/lei.net\/et\/mis-on-lei\/#breadcrumb"},"inLanguage":"et","potentialAction":[{"@type":"ReadAction","target":["https:\/\/lei.net\/et\/mis-on-lei\/"]}]},{"@type":"BreadcrumbList","@id":"https:\/\/lei.net\/et\/mis-on-lei\/#breadcrumb","itemListElement":[{"@type":"ListItem","position":1,"name":"Startseite","item":"https:\/\/lei.net\/et\/"},{"@type":"ListItem","position":2,"name":"Mis on LEI ?"}]},{"@type":"WebSite","@id":"https:\/\/lei.net\/#website","url":"https:\/\/lei.net\/","name":"LEI.net","description":"Official Legal Entity Identifier (LEI) Registrar","publisher":{"@id":"https:\/\/lei.net\/#organization"},"potentialAction":[{"@type":"SearchAction","target":{"@type":"EntryPoint","urlTemplate":"https:\/\/lei.net\/?s={search_term_string}"},"query-input":{"@type":"PropertyValueSpecification","valueRequired":true,"valueName":"search_term_string"}}],"inLanguage":"et"},{"@type":"Organization","@id":"https:\/\/lei.net\/#organization","name":"F.I.D.Firmeninformationsdienst GmbH","url":"https:\/\/lei.net\/","logo":{"@type":"ImageObject","inLanguage":"et","@id":"https:\/\/lei.net\/#\/schema\/logo\/image\/","url":"https:\/\/lei.net\/wp-content\/uploads\/2021\/12\/color_vertical.jpg","contentUrl":"https:\/\/lei.net\/wp-content\/uploads\/2021\/12\/color_vertical.jpg","width":283,"height":283,"caption":"F.I.D.Firmeninformationsdienst GmbH"},"image":{"@id":"https:\/\/lei.net\/#\/schema\/logo\/image\/"}}]}},"_links":{"self":[{"href":"https:\/\/lei.net\/et\/wp-json\/wp\/v2\/pages\/1084","targetHints":{"allow":["GET"]}}],"collection":[{"href":"https:\/\/lei.net\/et\/wp-json\/wp\/v2\/pages"}],"about":[{"href":"https:\/\/lei.net\/et\/wp-json\/wp\/v2\/types\/page"}],"author":[{"embeddable":true,"href":"https:\/\/lei.net\/et\/wp-json\/wp\/v2\/users\/1"}],"replies":[{"embeddable":true,"href":"https:\/\/lei.net\/et\/wp-json\/wp\/v2\/comments?post=1084"}],"version-history":[{"count":6,"href":"https:\/\/lei.net\/et\/wp-json\/wp\/v2\/pages\/1084\/revisions"}],"predecessor-version":[{"id":15899,"href":"https:\/\/lei.net\/et\/wp-json\/wp\/v2\/pages\/1084\/revisions\/15899"}],"wp:attachment":[{"href":"https:\/\/lei.net\/et\/wp-json\/wp\/v2\/media?parent=1084"}],"curies":[{"name":"wp","href":"https:\/\/api.w.org\/{rel}","templated":true}]}}