

{"id":1086,"date":"2021-06-30T13:47:20","date_gmt":"2021-06-30T12:47:20","guid":{"rendered":"https:\/\/lei.net\/registration\/"},"modified":"2026-02-27T07:55:42","modified_gmt":"2026-02-27T06:55:42","slug":"registreerimine","status":"publish","type":"page","link":"https:\/\/lei.net\/et\/registreerimine\/","title":{"rendered":"Registreerimine"},"content":{"rendered":"\n<select-plan-component default-subscription-type=\"registration\" :switcher=\"false\" :reasons=\"[{&quot;_type&quot;:&quot;_&quot;,&quot;reason_code&quot;:&quot;NATURAL_PERSON&quot;,&quot;reason&quot;:&quot;F\\u00fc\\u00fcsilised isikud: definitsiooni j\\u00e4rgi ei ole emaettev\\u00f5tet, sest ettev\\u00f5tet kontrollib f\\u00fc\\u00fcsiline isik v\\u00f5i isikud, kellel puudub vahepealne emaettev\\u00f5te, mis vastab emaettev\\u00f5tte konsolideerimise ulatuse m\\u00e4\\u00e4ratlusele.&quot;,&quot;information_points&quot;:[]},{&quot;_type&quot;:&quot;_&quot;,&quot;reason_code&quot;:&quot;NON_CONSOLIDATING&quot;,&quot;reason&quot;:&quot;MITTE_KONSOLIDEERITUD: Definitsiooni kohaselt ei ole emaettev\\u00f5tet, kuna majandus\\u00fcksust kontrollivad juriidilised isikud, kes ei kuulu konsolideeritud finantsaruannete koostamisele.&quot;,&quot;information_points&quot;:[]},{&quot;_type&quot;:&quot;_&quot;,&quot;reason_code&quot;:&quot;NO_KNOWN_PERSON&quot;,&quot;reason&quot;:&quot;Isik pole teada: definitsiooni kohaselt ei ole juriidilise isiku tunnuse sihtasutuses vanemat, kuna puudub teadaolevalt \\u00fcksust kontrolliv isik (nt hajutatud aktsion\\u00e4rid).&quot;,&quot;information_points&quot;:[]},{&quot;_type&quot;:&quot;_&quot;,&quot;reason_code&quot;:&quot;NON_PUBLIC&quot;,&quot;reason&quot;:&quot;NON_PUBLIC: j\\u00e4rgmiste rakenduste jaoks:&quot;,&quot;information_points&quot;:[{&quot;_type&quot;:&quot;_&quot;,&quot;information_point&quot;:&quot;\\u00d5iguslikud t\\u00f5kked: t\\u00f5kked jurisdiktsiooni seadustes v\\u00f5i m\\u00e4\\u00e4rustes takistavad teabe edastamist v\\u00f5i avaldamist. \\u00dcksus ei saa avaldada emaettev\\u00f5tet globaalses LEI numbrite andmebaasis.&quot;},{&quot;_type&quot;:&quot;_&quot;,&quot;information_point&quot;:&quot;N\\u00f5usolekut ei saadud: Kehtiva \\u00f5igusraamistiku kohaselt oli vajalik emaettev\\u00f5tte n\\u00f5usolek ja emaettev\\u00f5te ei andnud n\\u00f5usolekut v\\u00f5i ei saanud temaga \\u00fchendust v\\u00f5tta.&quot;},{&quot;_type&quot;:&quot;_&quot;,&quot;information_point&quot;:&quot;Siduvad juriidilised kohustused: selle teabe esitamist v\\u00f5i avaldamist takistavad siduvad juriidilised kohustused (muud kui jurisdiktsiooni seadused v\\u00f5i m\\u00e4\\u00e4rused), nagu juriidilist isikut reguleerivad p\\u00f5hikirjad v\\u00f5i leping.&quot;},{&quot;_type&quot;:&quot;_&quot;,&quot;information_point&quot;:&quot;V\\u00e4\\u00e4rtuse langus ei ole vabastatud: T\\u00fctarettev\\u00f5te soovis k\\u00fclastada emaettev\\u00f5tet seoses emaettev\\u00f5tte aruandlusega, kuid ei saanud seda kinnitada, kuna allahindlus puudus viisil, mis v\\u00e4ldiks t\\u00fctarettev\\u00f5tte m\\u00f5istlikke vastutusriske.&quot;},{&quot;_type&quot;:&quot;_&quot;,&quot;information_point&quot;:&quot;Kahjulik m\\u00f5ju avalikustamisele: selle teabe avaldamine kahjustaks asjaomast juriidilist isikut v\\u00f5i emaettev\\u00f5tet. See h\\u00f5lmab p\\u00f5hjuseid, mida riigiasutused sarnastel asjaoludel \\u00fcldiselt aktsepteerivad ja mis p\\u00f5hinevad \\u00fcksuse avaldusel.&quot;}]},{&quot;_type&quot;:&quot;_&quot;,&quot;reason_code&quot;:&quot;NO_LEI&quot;,&quot;reason&quot;:&quot;LEI-d pole: Juriidilisest lapsest isik teatab, et tal on kasutatud m\\u00e4\\u00e4ratluse kohaselt vanem, kuid sellel vanemal pole veel LEI-d.&quot;,&quot;information_points&quot;:[]}]\" :countries=\"{&quot;AF&quot;:&quot;Afghanistan&quot;,&quot;AL&quot;:&quot;Albania&quot;,&quot;DZ&quot;:&quot;Algeria&quot;,&quot;AS&quot;:&quot;American Samoa&quot;,&quot;AD&quot;:&quot;Andorra&quot;,&quot;AO&quot;:&quot;Angola&quot;,&quot;AI&quot;:&quot;Anguilla&quot;,&quot;AG&quot;:&quot;Antigua and Barbuda&quot;,&quot;AR&quot;:&quot;Argentina&quot;,&quot;AM&quot;:&quot;Armenia&quot;,&quot;AW&quot;:&quot;Aruba&quot;,&quot;AU&quot;:&quot;Australia&quot;,&quot;AT&quot;:&quot;Austria&quot;,&quot;AZ&quot;:&quot;Azerbaijan&quot;,&quot;BS&quot;:&quot;Bahamas&quot;,&quot;BD&quot;:&quot;Bangladesh&quot;,&quot;BB&quot;:&quot;Barbados&quot;,&quot;BY&quot;:&quot;Belarus&quot;,&quot;BE&quot;:&quot;Belgium&quot;,&quot;BZ&quot;:&quot;Belize&quot;,&quot;BJ&quot;:&quot;Benin&quot;,&quot;BM&quot;:&quot;Bermuda&quot;,&quot;BT&quot;:&quot;Bhutan&quot;,&quot;BO&quot;:&quot;Bolivia&quot;,&quot;BA&quot;:&quot;Bosnia and Herzegovina&quot;,&quot;BW&quot;:&quot;Botswana&quot;,&quot;BV&quot;:&quot;Bouvet Island&quot;,&quot;BR&quot;:&quot;Brazil&quot;,&quot;IO&quot;:&quot;British Indian Ocean Territory&quot;,&quot;BN&quot;:&quot;Brunei Darussalam&quot;,&quot;BG&quot;:&quot;Bulgaria&quot;,&quot;BF&quot;:&quot;Burkina Faso&quot;,&quot;BI&quot;:&quot;Burundi&quot;,&quot;KH&quot;:&quot;Cambodia&quot;,&quot;CM&quot;:&quot;Cameroon&quot;,&quot;CA&quot;:&quot;Canada&quot;,&quot;KY&quot;:&quot;Cayman Islands&quot;,&quot;CF&quot;:&quot;Central African Republic&quot;,&quot;TD&quot;:&quot;Chad&quot;,&quot;CL&quot;:&quot;Chile&quot;,&quot;CN&quot;:&quot;China&quot;,&quot;CX&quot;:&quot;Christmas Island&quot;,&quot;CC&quot;:&quot;Cocos (Keeling) Islands&quot;,&quot;CO&quot;:&quot;Colombia&quot;,&quot;KM&quot;:&quot;Comoros&quot;,&quot;CG&quot;:&quot;Congo&quot;,&quot;CK&quot;:&quot;Cook Islands&quot;,&quot;CR&quot;:&quot;Costa Rica&quot;,&quot;CI&quot;:&quot;C\\u00f4te d&#039;Ivoire&quot;,&quot;HR&quot;:&quot;Croatia&quot;,&quot;CY&quot;:&quot;Cyprus&quot;,&quot;CZ&quot;:&quot;Czech Republic&quot;,&quot;DK&quot;:&quot;Denmark&quot;,&quot;DJ&quot;:&quot;Djibouti&quot;,&quot;DM&quot;:&quot;Dominica&quot;,&quot;DO&quot;:&quot;Dominican Republic&quot;,&quot;EC&quot;:&quot;Ecuador&quot;,&quot;EG&quot;:&quot;Egypt&quot;,&quot;SV&quot;:&quot;El Salvador&quot;,&quot;GQ&quot;:&quot;Equatorial Guinea&quot;,&quot;EE&quot;:&quot;Estonia&quot;,&quot;ET&quot;:&quot;Ethiopia&quot;,&quot;FK&quot;:&quot;Falkland Islands (Malvinas)&quot;,&quot;FO&quot;:&quot;Faroe Islands&quot;,&quot;FJ&quot;:&quot;Fiji&quot;,&quot;FI&quot;:&quot;Finland&quot;,&quot;FR&quot;:&quot;France&quot;,&quot;GF&quot;:&quot;French Guiana&quot;,&quot;PF&quot;:&quot;French Polynesia&quot;,&quot;TF&quot;:&quot;French Southern Territories&quot;,&quot;GA&quot;:&quot;Gabon&quot;,&quot;GM&quot;:&quot;Gambia&quot;,&quot;GE&quot;:&quot;Georgia&quot;,&quot;DE&quot;:&quot;Germany&quot;,&quot;GH&quot;:&quot;Ghana&quot;,&quot;GI&quot;:&quot;Gibraltar&quot;,&quot;GR&quot;:&quot;Greece&quot;,&quot;GL&quot;:&quot;Greenland&quot;,&quot;GD&quot;:&quot;Grenada&quot;,&quot;GP&quot;:&quot;Guadeloupe&quot;,&quot;GU&quot;:&quot;Guam&quot;,&quot;GT&quot;:&quot;Guatemala&quot;,&quot;GN&quot;:&quot;Guinea&quot;,&quot;GW&quot;:&quot;Guinea-Bissau&quot;,&quot;GY&quot;:&quot;Guyana&quot;,&quot;HT&quot;:&quot;Haiti&quot;,&quot;HM&quot;:&quot;Heard Island and McDonald Islands&quot;,&quot;VA&quot;:&quot;Holy See (Vatican City State)&quot;,&quot;HN&quot;:&quot;Honduras&quot;,&quot;HK&quot;:&quot;Hong Kong&quot;,&quot;HU&quot;:&quot;Hungary&quot;,&quot;IS&quot;:&quot;Iceland&quot;,&quot;IN&quot;:&quot;India&quot;,&quot;ID&quot;:&quot;Indonesia&quot;,&quot;IR&quot;:&quot;Iran&quot;,&quot;IQ&quot;:&quot;Iraq&quot;,&quot;IE&quot;:&quot;Ireland&quot;,&quot;IL&quot;:&quot;Israel&quot;,&quot;IT&quot;:&quot;Italy&quot;,&quot;JM&quot;:&quot;Jamaica&quot;,&quot;JP&quot;:&quot;Japan&quot;,&quot;JO&quot;:&quot;Jordan&quot;,&quot;KZ&quot;:&quot;Kazakhstan&quot;,&quot;KE&quot;:&quot;Kenya&quot;,&quot;KI&quot;:&quot;Kiribati&quot;,&quot;KP&quot;:&quot;North Korea&quot;,&quot;KR&quot;:&quot;South Korea&quot;,&quot;KW&quot;:&quot;Kuwait&quot;,&quot;KG&quot;:&quot;Kyrgyzstan&quot;,&quot;LA&quot;:&quot;Lao People&#039;s Democratic Republic&quot;,&quot;LV&quot;:&quot;Latvia&quot;,&quot;LB&quot;:&quot;Lebanon&quot;,&quot;LS&quot;:&quot;Lesotho&quot;,&quot;LR&quot;:&quot;Liberia&quot;,&quot;LY&quot;:&quot;Libyan Arab Jamahiriya&quot;,&quot;LI&quot;:&quot;Liechtenstein&quot;,&quot;LT&quot;:&quot;Lithuania&quot;,&quot;LU&quot;:&quot;Luxembourg&quot;,&quot;MO&quot;:&quot;Macao&quot;,&quot;MK&quot;:&quot;Macedonia&quot;,&quot;MG&quot;:&quot;Madagascar&quot;,&quot;MW&quot;:&quot;Malawi&quot;,&quot;MY&quot;:&quot;Malaysia&quot;,&quot;MV&quot;:&quot;Maldives&quot;,&quot;ML&quot;:&quot;Mali&quot;,&quot;MT&quot;:&quot;Malta&quot;,&quot;MH&quot;:&quot;Marshall Islands&quot;,&quot;MQ&quot;:&quot;Martinique&quot;,&quot;MR&quot;:&quot;Mauritania&quot;,&quot;MU&quot;:&quot;Mauritius&quot;,&quot;YT&quot;:&quot;Mayotte&quot;,&quot;MX&quot;:&quot;Mexico&quot;,&quot;FM&quot;:&quot;Micronesia&quot;,&quot;MD&quot;:&quot;Moldova&quot;,&quot;MC&quot;:&quot;Monaco&quot;,&quot;MN&quot;:&quot;Mongolia&quot;,&quot;ME&quot;:&quot;Montenegro&quot;,&quot;MS&quot;:&quot;Montserrat&quot;,&quot;MA&quot;:&quot;Morocco&quot;,&quot;MZ&quot;:&quot;Mozambique&quot;,&quot;MM&quot;:&quot;Myanmar&quot;,&quot;NA&quot;:&quot;Namibia&quot;,&quot;NR&quot;:&quot;Nauru&quot;,&quot;NP&quot;:&quot;Nepal&quot;,&quot;NL&quot;:&quot;Netherlands&quot;,&quot;AN&quot;:&quot;Netherlands Antilles&quot;,&quot;NC&quot;:&quot;New Caledonia&quot;,&quot;NZ&quot;:&quot;New Zealand&quot;,&quot;NI&quot;:&quot;Nicaragua&quot;,&quot;NE&quot;:&quot;Niger&quot;,&quot;NG&quot;:&quot;Nigeria&quot;,&quot;NU&quot;:&quot;Niue&quot;,&quot;NF&quot;:&quot;Norfolk Island&quot;,&quot;MP&quot;:&quot;Northern Mariana Islands&quot;,&quot;NO&quot;:&quot;Norway&quot;,&quot;OM&quot;:&quot;Oman&quot;,&quot;PK&quot;:&quot;Pakistan&quot;,&quot;PW&quot;:&quot;Palau&quot;,&quot;PS&quot;:&quot;Palestinian Territory&quot;,&quot;PA&quot;:&quot;Panama&quot;,&quot;PG&quot;:&quot;Papua New Guinea&quot;,&quot;PY&quot;:&quot;Paraguay&quot;,&quot;PE&quot;:&quot;Peru&quot;,&quot;PH&quot;:&quot;Philippines&quot;,&quot;PN&quot;:&quot;Pitcairn&quot;,&quot;PL&quot;:&quot;Poland&quot;,&quot;PT&quot;:&quot;Portugal&quot;,&quot;PR&quot;:&quot;Puerto Rico&quot;,&quot;QA&quot;:&quot;Qatar&quot;,&quot;RE&quot;:&quot;R\\u00e9union&quot;,&quot;RO&quot;:&quot;Romania&quot;,&quot;RU&quot;:&quot;Russian Federation&quot;,&quot;RW&quot;:&quot;Rwanda&quot;,&quot;WS&quot;:&quot;Samoa&quot;,&quot;SM&quot;:&quot;San Marino&quot;,&quot;ST&quot;:&quot;Sao Tome and Principe&quot;,&quot;SA&quot;:&quot;Saudi Arabia&quot;,&quot;SN&quot;:&quot;Senegal&quot;,&quot;RS&quot;:&quot;Serbia&quot;,&quot;SC&quot;:&quot;Seychelles&quot;,&quot;SL&quot;:&quot;Sierra Leone&quot;,&quot;SG&quot;:&quot;Singapore&quot;,&quot;SK&quot;:&quot;Slovakia&quot;,&quot;SI&quot;:&quot;Slovenia&quot;,&quot;SB&quot;:&quot;Solomon Islands&quot;,&quot;SO&quot;:&quot;Somalia&quot;,&quot;ZA&quot;:&quot;South Africa&quot;,&quot;GS&quot;:&quot;South Georgia and the South Sandwich Islands&quot;,&quot;ES&quot;:&quot;Spain&quot;,&quot;LK&quot;:&quot;Sri Lanka&quot;,&quot;SD&quot;:&quot;Sudan&quot;,&quot;SR&quot;:&quot;Suriname&quot;,&quot;SJ&quot;:&quot;Svalbard and Jan Mayen&quot;,&quot;SZ&quot;:&quot;Swaziland&quot;,&quot;SE&quot;:&quot;Sweden&quot;,&quot;CH&quot;:&quot;Switzerland&quot;,&quot;SY&quot;:&quot;Syrian Arab Republic&quot;,&quot;TW&quot;:&quot;Taiwan&quot;,&quot;TJ&quot;:&quot;Tajikistan&quot;,&quot;TZ&quot;:&quot;Tanzania&quot;,&quot;TH&quot;:&quot;Thailand&quot;,&quot;TL&quot;:&quot;Timor-Leste&quot;,&quot;TG&quot;:&quot;Togo&quot;,&quot;TK&quot;:&quot;Tokelau&quot;,&quot;TO&quot;:&quot;Tonga&quot;,&quot;TT&quot;:&quot;Trinidad and Tobago&quot;,&quot;TN&quot;:&quot;Tunisia&quot;,&quot;TR&quot;:&quot;Turkey&quot;,&quot;TM&quot;:&quot;Turkmenistan&quot;,&quot;TC&quot;:&quot;Turks and Caicos Islands&quot;,&quot;TV&quot;:&quot;Tuvalu&quot;,&quot;UG&quot;:&quot;Uganda&quot;,&quot;UA&quot;:&quot;Ukraine&quot;,&quot;AE&quot;:&quot;United Arab Emirates&quot;,&quot;GB&quot;:&quot;United Kingdom&quot;,&quot;US&quot;:&quot;United States&quot;,&quot;UM&quot;:&quot;United States Minor Outlying Islands&quot;,&quot;UY&quot;:&quot;Uruguay&quot;,&quot;UZ&quot;:&quot;Uzbekistan&quot;,&quot;VU&quot;:&quot;Vanuatu&quot;,&quot;VE&quot;:&quot;Venezuela&quot;,&quot;VN&quot;:&quot;Viet Nam&quot;,&quot;VG&quot;:&quot;Virgin Islands, British&quot;,&quot;VI&quot;:&quot;Virgin Islands, U.S.&quot;,&quot;WF&quot;:&quot;Wallis and Futuna&quot;,&quot;EH&quot;:&quot;Western Sahara&quot;,&quot;YE&quot;:&quot;Yemen&quot;,&quot;ZM&quot;:&quot;Zambia&quot;,&quot;ZW&quot;:&quot;Zimbabwe&quot;}\" :plans=\"{&quot;registration&quot;:[{&quot;pricePerYear&quot;:&quot;79\\u20ac \\\/ 1 aasta&quot;,&quot;price&quot;:&quot;79\\u20ac&quot;,&quot;priceText&quot;:&quot; \\\/ 1 aasta&quot;,&quot;duration&quot;:&quot;1 aasta&quot;,&quot;name&quot;:&quot;Official LEI Registration&quot;,&quot;isPopular&quot;:false,&quot;benefits&quot;:[]}],&quot;renewal&quot;:[{&quot;pricePerYear&quot;:&quot;79\\u20ac \\\/ 1 aasta&quot;,&quot;price&quot;:&quot;79\\u20ac&quot;,&quot;priceText&quot;:&quot; \\\/ 1 aasta&quot;,&quot;duration&quot;:&quot;1 aasta&quot;,&quot;name&quot;:&quot;LEI \\u00fclekandmine\\\/uuendamine&quot;,&quot;isPopular&quot;:&quot;&quot;,&quot;benefits&quot;:&quot;&quot;}],&quot;transfer&quot;:[{&quot;pricePerYear&quot;:&quot;79\\u20ac \\\/ 1 aasta&quot;,&quot;price&quot;:&quot;79\\u20ac&quot;,&quot;priceText&quot;:&quot; \\\/ 1 aasta&quot;,&quot;duration&quot;:&quot;1 aasta&quot;,&quot;name&quot;:&quot;LEI \\u00fclekandmine\\\/uuendamine&quot;,&quot;isPopular&quot;:&quot;&quot;,&quot;benefits&quot;:&quot;&quot;}]}\" lang=\"et\" plan-bg=\"https:\/\/lei.net\/wp-content\/themes\/leinumber\/assets\/images\/plan-bg.webp\" confirm-bg=\"https:\/\/lei.net\/wp-content\/themes\/leinumber\/assets\/images\/confirm-bg.webp\"><\/select-plan-component>\n\r\n\r\n\r\n<div class=\"wp-block-spacer\" style=\"height: 50px;\" aria-hidden=\"true\">\u00a0<\/div>\r\n\r\n\r\n\r\n<h2 class=\"wp-block-heading has-text-align-center font-axiforma\" style=\"font-size: 45px; font-style: normal; font-weight: 600;\">KKK<\/h2>\r\n\r\n\r\n\r\n<p class=\"has-text-align-center\">Kliendid k\u00fcsivad meilt sageli j\u00e4rgmisi k\u00fcsimusi<\/p>\r\n\r\n\r\n\r\n<div class=\"wp-block-spacer\" style=\"height: 50px;\" aria-hidden=\"true\">\u00a0<\/div>\r\n\r\n\r\n<faq-component data='[{&quot;_id&quot;:&quot;cf-lwX4XcZyn0HnNr4fDa7VT&quot;,&quot;_type&quot;:&quot;_&quot;,&quot;question&quot;:&quot;Mida t\\u00e4hendab l\\u00fchend LEI?&quot;,&quot;answer&quot;:&quot;LEI on l\\u00fchend s\\u00f5nadele Legal Entity Identifier, mis t\\u00e4hendab juriidilise isiku identifikaatorit. Seda kasutatakse finantstehingus osaleva kaubandusliku osaleja h\\u00f5lpsaks tuvastamiseks. See on kahek\\u00fcmnekohaline t\\u00e4htede ja numbrite kombinatsioon, mis v\\u00f5imaldab hoidja \\u00fcheselt tuvastada.&quot;},{&quot;_id&quot;:&quot;cf-jpgmm4_StgydGRbtFxxdZ&quot;,&quot;_type&quot;:&quot;_&quot;,&quot;question&quot;:&quot;Kes vajab LEI-d?&quot;,&quot;answer&quot;:&quot;Iga finantstehingus osaleja vajab LEI numbrit. Eelk\\u00f5ige kehtib see:\\n\\n1. Ettev\\u00f5tted, t\\u00fctarettev\\u00f5tted ja filiaalid\\n2. Mittetulundus\\u00fchingud\\n3. Sihtasutused ja fondid\\n4. Valitsusasutused ja avalik-\\u00f5iguslikud institutsioonid\\n5. F\\u00fc\\u00fcsilisest isikust ettev\\u00f5tjad&quot;},{&quot;_id&quot;:&quot;cf-ff9S3i_2JTJ9G_NSx0c6k&quot;,&quot;_type&quot;:&quot;_&quot;,&quot;question&quot;:&quot;Kuidas taotleda LEI-d?&quot;,&quot;answer&quot;:&quot;Registreerimisagendina hoolitseme teie LEI hankimise eest. Selleks peate lihtsalt valima teile sobiva paketi, t\\u00e4itma vormi LEI taotlemiseks vajaliku teabega ja sisestama makseviisi. Taotleme teie eest LEI meie koost\\u00f6\\u00f6d tegeva LOU juures ja saadame teile LEI numbri e-posti teel m\\u00f5ne hetkega.&quot;},{&quot;_id&quot;:&quot;cf-EoGn8TvIvfcnucKRoblx6&quot;,&quot;_type&quot;:&quot;_&quot;,&quot;question&quot;:&quot;Kes saab taotleda LEI-d?&quot;,&quot;answer&quot;:&quot;P\\u00f5him\\u00f5tteliselt saab LEI-d taotleda ainult juriidiline isik, mitte eraisik. LEI-d saavad taotleda ainult need isikud, kes on volitatud tegema ettev\\u00f5tte nimel finantstehinguid vastavalt konkreetse riigi seadustele.&quot;},{&quot;_id&quot;:&quot;cf-IZ3FCr8Oaj2fRZnaSbkAk&quot;,&quot;_type&quot;:&quot;_&quot;,&quot;question&quot;:&quot;Millist teavet\\\/dokumente on vaja LEI taotlemiseks?&quot;,&quot;answer&quot;:&quot;Enamikul juhtudel on ettev\\u00f5te registreeritud registrikohtus. Kui see pole nii, on vajalik maksuameti registreerimisdokument. Lisaks on taotlemiseks vajalik vormis k\\u00fcsitud teave.&quot;},{&quot;_id&quot;:&quot;cf-481e9rKQR3AOc2hLFrySt&quot;,&quot;_type&quot;:&quot;_&quot;,&quot;question&quot;:&quot;Mida teha, kui te ei saa vajalikku teavet esitada?&quot;,&quot;answer&quot;:&quot;Sellisel juhul v\\u00f5tke julgelt \\u00fchendust meie klienditoega telefonil 0(89) 614215110 v\\u00f5i e-posti teel info@fid.de. Meie klienditoe meeskonna liikmed on teile hea meelega abiks taotlusprotsessis ja vastavad \\u00fcldistele LEI-d puudutavatele k\\u00fcsimustele.&quot;}]'><\/faq-component>\n","protected":false},"excerpt":{"rendered":"<p>KKK Kliendid k\u00fcsivad meilt sageli j\u00e4rgmisi k\u00fcsimusi<\/p>\n","protected":false},"author":1,"featured_media":0,"parent":0,"menu_order":0,"comment_status":"closed","ping_status":"closed","template":"","meta":{"_acf_changed":false,"footnotes":""},"class_list":["post-1086","page","type-page","status-publish","hentry"],"acf":[],"yoast_head":"<!-- This site is optimized with the Yoast SEO plugin v25.6 - https:\/\/yoast.com\/wordpress\/plugins\/seo\/ -->\n<title>Registreerimine - LEI.net<\/title>\n<meta name=\"description\" content=\"\u00a0    KKK    Kliendid k\u00fcsivad meilt sageli j\u00e4rgmisi k\u00fcsimusi    \u00a0\" \/>\n<meta name=\"robots\" content=\"index, follow, max-snippet:-1, max-image-preview:large, max-video-preview:-1\" \/>\n<link rel=\"canonical\" href=\"https:\/\/lei.net\/et\/wp-json\/wp\/v2\/pages\/1086\" \/>\n<meta property=\"og:locale\" content=\"et_EE\" \/>\n<meta property=\"og:type\" content=\"article\" \/>\n<meta property=\"og:title\" content=\"Registreerimine - LEI.net\" \/>\n<meta property=\"og:description\" content=\"\u00a0    KKK    Kliendid k\u00fcsivad meilt sageli j\u00e4rgmisi k\u00fcsimusi    \u00a0\" \/>\n<meta property=\"og:url\" content=\"https:\/\/lei.net\/registration\/\" \/>\n<meta property=\"og:site_name\" content=\"LEI.net\" \/>\n<meta property=\"article:modified_time\" content=\"2026-02-27T06:55:42+00:00\" \/>\n<meta name=\"twitter:card\" content=\"summary_large_image\" \/>\n<meta name=\"twitter:label1\" content=\"Est. reading time\" \/>\n\t<meta name=\"twitter:data1\" content=\"1 minut\" \/>\n<script type=\"application\/ld+json\" class=\"yoast-schema-graph\">{\"@context\":\"https:\/\/schema.org\",\"@graph\":[{\"@type\":\"WebPage\",\"@id\":\"https:\/\/lei.net\/registration\/\",\"url\":\"https:\/\/lei.net\/registration\/\",\"name\":\"Registreerimine - LEI.net\",\"isPartOf\":{\"@id\":\"https:\/\/lei.net\/#website\"},\"datePublished\":\"2021-06-30T12:47:20+00:00\",\"dateModified\":\"2026-02-27T06:55:42+00:00\",\"description\":\"\u00a0 KKK Kliendid k\u00fcsivad meilt sageli j\u00e4rgmisi k\u00fcsimusi \u00a0\",\"breadcrumb\":{\"@id\":\"https:\/\/lei.net\/registration\/#breadcrumb\"},\"inLanguage\":\"et\",\"potentialAction\":[{\"@type\":\"ReadAction\",\"target\":[\"https:\/\/lei.net\/registration\/\"]}]},{\"@type\":\"BreadcrumbList\",\"@id\":\"https:\/\/lei.net\/registration\/#breadcrumb\",\"itemListElement\":[{\"@type\":\"ListItem\",\"position\":1,\"name\":\"Startseite\",\"item\":\"https:\/\/lei.net\/et\/\"},{\"@type\":\"ListItem\",\"position\":2,\"name\":\"Registreerimine\"}]},{\"@type\":\"WebSite\",\"@id\":\"https:\/\/lei.net\/#website\",\"url\":\"https:\/\/lei.net\/\",\"name\":\"LEI.net\",\"description\":\"Official Legal Entity Identifier (LEI) Registrar\",\"publisher\":{\"@id\":\"https:\/\/lei.net\/#organization\"},\"potentialAction\":[{\"@type\":\"SearchAction\",\"target\":{\"@type\":\"EntryPoint\",\"urlTemplate\":\"https:\/\/lei.net\/?s={search_term_string}\"},\"query-input\":{\"@type\":\"PropertyValueSpecification\",\"valueRequired\":true,\"valueName\":\"search_term_string\"}}],\"inLanguage\":\"et\"},{\"@type\":\"Organization\",\"@id\":\"https:\/\/lei.net\/#organization\",\"name\":\"F.I.D.Firmeninformationsdienst GmbH\",\"url\":\"https:\/\/lei.net\/\",\"logo\":{\"@type\":\"ImageObject\",\"inLanguage\":\"et\",\"@id\":\"https:\/\/lei.net\/#\/schema\/logo\/image\/\",\"url\":\"https:\/\/lei.net\/wp-content\/uploads\/2021\/12\/color_vertical.jpg\",\"contentUrl\":\"https:\/\/lei.net\/wp-content\/uploads\/2021\/12\/color_vertical.jpg\",\"width\":283,\"height\":283,\"caption\":\"F.I.D.Firmeninformationsdienst GmbH\"},\"image\":{\"@id\":\"https:\/\/lei.net\/#\/schema\/logo\/image\/\"}}]}<\/script>\n<!-- \/ Yoast SEO plugin. -->","yoast_head_json":{"title":"Registreerimine - LEI.net","description":"\u00a0    KKK    Kliendid k\u00fcsivad meilt sageli j\u00e4rgmisi k\u00fcsimusi    \u00a0","robots":{"index":"index","follow":"follow","max-snippet":"max-snippet:-1","max-image-preview":"max-image-preview:large","max-video-preview":"max-video-preview:-1"},"canonical":"https:\/\/lei.net\/et\/wp-json\/wp\/v2\/pages\/1086","og_locale":"et_EE","og_type":"article","og_title":"Registreerimine - LEI.net","og_description":"\u00a0    KKK    Kliendid k\u00fcsivad meilt sageli j\u00e4rgmisi k\u00fcsimusi    \u00a0","og_url":"https:\/\/lei.net\/registration\/","og_site_name":"LEI.net","article_modified_time":"2026-02-27T06:55:42+00:00","twitter_card":"summary_large_image","twitter_misc":{"Est. reading time":"1 minut"},"schema":{"@context":"https:\/\/schema.org","@graph":[{"@type":"WebPage","@id":"https:\/\/lei.net\/registration\/","url":"https:\/\/lei.net\/registration\/","name":"Registreerimine - LEI.net","isPartOf":{"@id":"https:\/\/lei.net\/#website"},"datePublished":"2021-06-30T12:47:20+00:00","dateModified":"2026-02-27T06:55:42+00:00","description":"\u00a0 KKK Kliendid k\u00fcsivad meilt sageli j\u00e4rgmisi k\u00fcsimusi \u00a0","breadcrumb":{"@id":"https:\/\/lei.net\/registration\/#breadcrumb"},"inLanguage":"et","potentialAction":[{"@type":"ReadAction","target":["https:\/\/lei.net\/registration\/"]}]},{"@type":"BreadcrumbList","@id":"https:\/\/lei.net\/registration\/#breadcrumb","itemListElement":[{"@type":"ListItem","position":1,"name":"Startseite","item":"https:\/\/lei.net\/et\/"},{"@type":"ListItem","position":2,"name":"Registreerimine"}]},{"@type":"WebSite","@id":"https:\/\/lei.net\/#website","url":"https:\/\/lei.net\/","name":"LEI.net","description":"Official Legal Entity Identifier (LEI) Registrar","publisher":{"@id":"https:\/\/lei.net\/#organization"},"potentialAction":[{"@type":"SearchAction","target":{"@type":"EntryPoint","urlTemplate":"https:\/\/lei.net\/?s={search_term_string}"},"query-input":{"@type":"PropertyValueSpecification","valueRequired":true,"valueName":"search_term_string"}}],"inLanguage":"et"},{"@type":"Organization","@id":"https:\/\/lei.net\/#organization","name":"F.I.D.Firmeninformationsdienst GmbH","url":"https:\/\/lei.net\/","logo":{"@type":"ImageObject","inLanguage":"et","@id":"https:\/\/lei.net\/#\/schema\/logo\/image\/","url":"https:\/\/lei.net\/wp-content\/uploads\/2021\/12\/color_vertical.jpg","contentUrl":"https:\/\/lei.net\/wp-content\/uploads\/2021\/12\/color_vertical.jpg","width":283,"height":283,"caption":"F.I.D.Firmeninformationsdienst GmbH"},"image":{"@id":"https:\/\/lei.net\/#\/schema\/logo\/image\/"}}]}},"_links":{"self":[{"href":"https:\/\/lei.net\/et\/wp-json\/wp\/v2\/pages\/1086","targetHints":{"allow":["GET"]}}],"collection":[{"href":"https:\/\/lei.net\/et\/wp-json\/wp\/v2\/pages"}],"about":[{"href":"https:\/\/lei.net\/et\/wp-json\/wp\/v2\/types\/page"}],"author":[{"embeddable":true,"href":"https:\/\/lei.net\/et\/wp-json\/wp\/v2\/users\/1"}],"replies":[{"embeddable":true,"href":"https:\/\/lei.net\/et\/wp-json\/wp\/v2\/comments?post=1086"}],"version-history":[{"count":5,"href":"https:\/\/lei.net\/et\/wp-json\/wp\/v2\/pages\/1086\/revisions"}],"predecessor-version":[{"id":16002,"href":"https:\/\/lei.net\/et\/wp-json\/wp\/v2\/pages\/1086\/revisions\/16002"}],"wp:attachment":[{"href":"https:\/\/lei.net\/et\/wp-json\/wp\/v2\/media?parent=1086"}],"curies":[{"name":"wp","href":"https:\/\/api.w.org\/{rel}","templated":true}]}}