

{"id":1159,"date":"2021-06-29T14:14:05","date_gmt":"2021-06-29T13:14:05","guid":{"rendered":"https:\/\/lei.net\/what-is-lei\/"},"modified":"2026-03-02T06:27:51","modified_gmt":"2026-03-02T05:27:51","slug":"mika-on-lei","status":"publish","type":"page","link":"https:\/\/lei.net\/fi\/mika-on-lei\/","title":{"rendered":"Mik\u00e4 on LEI?"},"content":{"rendered":"  <div class=\"container px-4 xl:px-0\">\n    <div class=\"flex flex-wrap  mb-10 md:mb-16\">\n      <div class=\"w-full md:w-1\/2\">\n      <h1 class=\"font-axiforma text-[45px] md:text-[55px] text-center md:text-left\">Mik\u00e4 on LEI?<\/h1>\n            <\/div>\n      <div class=\"w-full md:w-1\/2 flex justify-center mt-10 md:mt-0\">\n        <img loading=\"lazy\" decoding=\"async\" alt=\"\" src=\"https:\/\/lei.net\/wp-content\/uploads\/2024\/02\/whyus.svg\" width=\"590\" height=\"300\">      <\/div>\n    <\/div>\n  <\/div>\n\r\n\r\n\r\n<div class=\"wp-block-columns is-layout-flex wp-container-core-columns-is-layout-9d6595d7 wp-block-columns-is-layout-flex\">\r\n<div class=\"wp-block-column is-layout-flow wp-block-column-is-layout-flow\" style=\"flex-basis: 33.33%;\">\r\n<h2 class=\"wp-block-heading has-large-font-size\" style=\"font-style: normal; font-weight: 600;\">Perustiedot<\/h2>\r\n<\/div>\r\n\r\n\r\n\r\n<div class=\"wp-block-column is-layout-flow wp-block-column-is-layout-flow\" style=\"flex-basis: 66.66%;\">\r\n<p>LEI \u2013 oikeushenkil\u00f6iden tunnistenumero (Legal Entity Identifier). Ainutlaatuinen tunnistuskoodi yrityksille, jotka k\u00e4yv\u00e4t kauppaa rahoitusmarkkinoilla (osakkeet, joukkovelkakirjat, futuurit, valuutat jne.). Jokainen rahoitusmarkkinoilla suoritettu toimeksianto on linkitetty kaupank\u00e4yntikumppaniin LEI-numeron kautta. LEI-koodeja k\u00e4ytt\u00e4v\u00e4t s\u00e4\u00e4ntelyviranomaiset rahoitusmarkkinoiden seurantaan. LEI-koodit yhdist\u00e4v\u00e4t rahoitusmarkkinat, yritykset ja s\u00e4\u00e4ntelyviranomaiset. LEI-numerot my\u00f6nt\u00e4\u00e4 GLEIF-hyv\u00e4ksytyt LOU:t. GLEIF \u2013 Global Legal Entity Identifier Foundation. EI KAUPANK\u00c4YNTI\u00c4 ILMAN LEI:t\u00e4.<\/p>\r\n<\/div>\r\n<\/div>\r\n\r\n\r\n\r\n<div class=\"wp-block-spacer\" style=\"height: 50px;\" aria-hidden=\"true\">\u00a0<\/div>\r\n\r\n\r\n\r\n<div class=\"wp-block-columns is-layout-flex wp-container-core-columns-is-layout-9d6595d7 wp-block-columns-is-layout-flex\">\r\n<div class=\"wp-block-column is-layout-flow wp-block-column-is-layout-flow\" style=\"flex-basis: 33.33%;\">\r\n<h2 class=\"wp-block-heading has-large-font-size\" style=\"font-style: normal; font-weight: 600;\">LEI-koodin edut<\/h2>\r\n<\/div>\r\n\r\n\r\n\r\n<div class=\"wp-block-column is-layout-flow wp-block-column-is-layout-flow\" style=\"flex-basis: 66.66%;\">\r\n<p>Asiakastietojen ker\u00e4\u00e4minen on todenn\u00e4k\u00f6isesti LEI-numeron suurin etu. Aiemmin henkil\u00f6kortit piti kopioida k\u00e4sin ja tarkistaa niiden paikkansapit\u00e4vyys, mik\u00e4 oli aikaa viev\u00e4\u00e4 ottaen huomioon aikakaudet. Lis\u00e4ksi osakeoston turvallisen polun varmistamiseen tarvittiin paljon tietoja. LEI-numeroinnin konsepti johtaa prosessin parantumiseen. Digitalisaation avulla eri vaiheista tarvitaan t\u00e4n\u00e4\u00e4n vain pieni verkkolomake. Samoin yritystietojen p\u00e4ivitt\u00e4minen, laajentaminen ja poistaminen on nyt toimivan j\u00e4rjestelm\u00e4n alaisuudessa, joka pystyy hyvin pysym\u00e4\u00e4n mukana nopeasti kehittyvien kansainv\u00e4listen rahoitusmarkkinoiden kanssa.<\/p>\r\n\r\n\r\n\r\n<p>Avoin ja l\u00e4pin\u00e4kyv\u00e4 tieto v\u00e4hent\u00e4\u00e4 kansainv\u00e4lisen rahoitustoimen riski\u00e4. T\u00e4m\u00e4n ansiosta on helppo n\u00e4hd\u00e4, kuka kaupank\u00e4yntikumppani on ja mit\u00e4 he edustavat. T\u00e4m\u00e4 tarjoaa turvallisuutta, joka ei ole ollut olemassa ennen LEI-numeroa t\u00e4ss\u00e4 muodossa.<\/p>\r\n<\/div>\r\n<\/div>\r\n\r\n\r\n\r\n<div class=\"wp-block-spacer\" style=\"height: 50px;\" aria-hidden=\"true\">\u00a0<\/div>\r\n\r\n\r\n\n<section class=\"container px-4 xl:px-0\">\n    <div class=\"flex rounded-2xl bg-gradient-to-r from-[#B3E0FF] to-[#6097D7] px-10 md:px-20 py-10 items-center gap-10 flex-col md:flex-row\">\n        <div class=\"w-full md:w-1\/2 flex justify-center\">\n            <img loading=\"lazy\" decoding=\"async\" alt=\"\" src=\"https:\/\/lei.net\/wp-content\/uploads\/2024\/02\/cta.svg\" width=\"440\" height=\"350\">        <\/div>\n        <div class=\"w-full md:w-1\/2\">\n            <h3 class=\"text-lightgray-200 font-axiforma text-[25px] md:text-[35px] mb-4\">Haluatko hankkia LEI-numeron?<\/h3>\n            <p class=\"font-axiforma-light !text-base md:!text-xl !font-light !text-lightgray-200 !mb-12\">Oikeushenkil\u00f6n rekister\u00f6intinumero LEI Suomessa!<\/p>\n            <div class=\"text-center md:text-left\">\n                <a href=\"https:\/\/lei.net\/registration\/\" class=\"bg-primary text-lightgray-200 text-lg px-8 py-4 rounded-full hover:bg-opacity-40 transition\">Aloitetaan<\/a>\n            <\/div>\n        <\/div>\n    <\/div>\n<\/section>\r\n\r\n\r\n<h3 class=\"wp-block-heading has-text-align-center\" style=\"font-size: 45px; font-style: normal; font-weight: 600;\">LEI-koodin rakenne<\/h3>\r\n\r\n\r\n\r\n<p class=\"has-text-align-center\" style=\"font-size: 20px;\">LEI-numero on standardoitu ISO-sertifikaatin 17442 mukaisesti. Se koostuu 20 numeron ja kirjaimen yhdistelm\u00e4st\u00e4<\/p>\r\n\r\n\r\n<div class=\"container px-4 xl:px-0\">\n  <div class=\"shadow-medium rounded-2xl my-12 py-5 md:py-12 overflow-auto\">\n    <div class=\"flex justify-start md:justify-center gap-1 mx-5 md:mx-0\">\n      <div>\n        <div class='text-2xl md:text-[40px] text-black font-axiforma tracking-widest'>1.2.3.4.<\/div>\n        <div class='flex items-center border-r border-l border-lightgray h-[0.8vw]'>\n          <div class='bg-lightgray h-[1px] w-full'><\/div>\n        <\/div>\n        <div class='text-center text-xs md:text-lg font-axiforma text-black'>LOU ID<\/div>\n      <\/div>\n      <div>\n        <div class='text-2xl md:text-[40px] text-black font-axiforma tracking-widest'>5.6.<\/div>\n        <div class='flex items-center border-r border-l border-lightgray h-[0.8vw]'>\n          <div class='bg-lightgray h-[1px] w-full'><\/div>\n        <\/div>\n        <div class='text-center text-xs md:text-lg font-axiforma text-black'>0.0<\/div>\n      <\/div>\n      <div>\n        <div class='text-2xl md:text-[40px] text-primary font-axiforma tracking-widest'>7.8.9.10.11.12.13.14.15.16.17.18.<\/div>\n        <div class='flex items-center border-r border-l border-lightgray h-[0.8vw]'>\n          <div class='bg-lightgray h-[1px] w-full'><\/div>\n        <\/div>\n        <div class='text-center text-xs md:text-lg font-axiforma text-primary'>Yksik\u00f6n tunniste<\/div>\n      <\/div>\n      <div>\n        <div class='text-2xl md:text-[40px] text-black font-axiforma tracking-widest'>19.20.<\/div>\n        <div class='flex items-center border-r border-l border-lightgray h-[0.8vw]'>\n          <div class='bg-lightgray h-[1px] w-full'><\/div>\n        <\/div>\n        <div class='text-center text-xs md:text-lg font-axiforma text-black'>Tarkistustunnus<\/div>\n      <\/div>\n    <\/div>\n  <\/div>\n<\/div>\n\r\n\r\n\r\n\r\n\r\n<div class=\"wp-block-columns is-layout-flex wp-container-core-columns-is-layout-9d6595d7 wp-block-columns-is-layout-flex\">\r\n<div class=\"wp-block-column is-layout-flow wp-block-column-is-layout-flow\">\r\n<p>Numerot <strong>1-4<\/strong> osoittavat aina LEI:n my\u00f6nt\u00e4neen LOU:n ID:n.<\/p>\r\n\r\n\r\n\r\n<p>Numerot <strong>5-6<\/strong> ovat aina arvoa 0.<\/p>\r\n\r\n\r\n\r\n<p>Numerot\/kirjaimet <strong>7-18<\/strong> ovat uniikkeja kullekin yksik\u00f6lle.<\/p>\r\n\r\n\r\n\r\n<p>Numerot <strong>19-20<\/strong> k\u00e4ytet\u00e4\u00e4n varmentamiseen.<\/p>\r\n<\/div>\r\n<\/div>\r\n\r\n\r\n","protected":false},"excerpt":{"rendered":"<p>Perustiedot LEI \u2013 oikeushenkil\u00f6iden tunnistenumero (Legal Entity Identifier). Ainutlaatuinen tunnistuskoodi yrityksille, jotka k\u00e4yv\u00e4t kauppaa rahoitusmarkkinoilla (osakkeet, joukkovelkakirjat, futuurit, valuutat jne.). Jokainen rahoitusmarkkinoilla suoritettu toimeksianto on linkitetty kaupank\u00e4yntikumppaniin LEI-numeron kautta. LEI-koodeja k\u00e4ytt\u00e4v\u00e4t s\u00e4\u00e4ntelyviranomaiset rahoitusmarkkinoiden seurantaan. LEI-koodit yhdist\u00e4v\u00e4t rahoitusmarkkinat, yritykset ja s\u00e4\u00e4ntelyviranomaiset. LEI-numerot my\u00f6nt\u00e4\u00e4 GLEIF-hyv\u00e4ksytyt LOU:t. GLEIF \u2013 Global Legal Entity Identifier Foundation. EI KAUPANK\u00c4YNTI\u00c4 ILMAN LEI:t\u00e4. [&hellip;]<\/p>\n","protected":false},"author":1,"featured_media":0,"parent":0,"menu_order":0,"comment_status":"closed","ping_status":"closed","template":"","meta":{"_acf_changed":false,"footnotes":""},"class_list":["post-1159","page","type-page","status-publish","hentry"],"acf":[],"yoast_head":"<!-- This site is optimized with the Yoast SEO plugin v25.6 - https:\/\/yoast.com\/wordpress\/plugins\/seo\/ -->\n<title>Mik\u00e4 on LEI? - LEI.net<\/title>\n<meta name=\"description\" content=\"Perustiedot LEI \u2013 oikeushenkil\u00f6iden tunnistenumero (Legal Entity Identifier). Ainutlaatuinen tunnistuskoodi yrityksille, jotka k\u00e4yv\u00e4t kauppaa\" \/>\n<meta name=\"robots\" content=\"index, follow, max-snippet:-1, max-image-preview:large, max-video-preview:-1\" \/>\n<link rel=\"canonical\" href=\"https:\/\/lei.net\/fi\/wp-json\/wp\/v2\/pages\/1159\" \/>\n<meta property=\"og:locale\" content=\"fi_FI\" \/>\n<meta property=\"og:type\" content=\"article\" \/>\n<meta property=\"og:title\" content=\"Mik\u00e4 on LEI? - LEI.net\" \/>\n<meta property=\"og:description\" content=\"Perustiedot LEI \u2013 oikeushenkil\u00f6iden tunnistenumero (Legal Entity Identifier). Ainutlaatuinen tunnistuskoodi yrityksille, jotka k\u00e4yv\u00e4t kauppaa\" \/>\n<meta property=\"og:url\" content=\"https:\/\/lei.net\/fi\/mika-on-lei\/\" \/>\n<meta property=\"og:site_name\" content=\"LEI.net\" \/>\n<meta property=\"article:modified_time\" content=\"2026-03-02T05:27:51+00:00\" \/>\n<meta name=\"twitter:card\" content=\"summary_large_image\" \/>\n<meta name=\"twitter:label1\" content=\"Arvioitu lukuaika\" \/>\n\t<meta name=\"twitter:data1\" content=\"1 minuutti\" \/>\n<script type=\"application\/ld+json\" class=\"yoast-schema-graph\">{\"@context\":\"https:\/\/schema.org\",\"@graph\":[{\"@type\":\"WebPage\",\"@id\":\"https:\/\/lei.net\/fi\/mika-on-lei\/\",\"url\":\"https:\/\/lei.net\/fi\/mika-on-lei\/\",\"name\":\"Mik\u00e4 on LEI? - LEI.net\",\"isPartOf\":{\"@id\":\"https:\/\/lei.net\/#website\"},\"datePublished\":\"2021-06-29T13:14:05+00:00\",\"dateModified\":\"2026-03-02T05:27:51+00:00\",\"description\":\"Perustiedot LEI \u2013 oikeushenkil\u00f6iden tunnistenumero (Legal Entity Identifier). Ainutlaatuinen tunnistuskoodi yrityksille, jotka k\u00e4yv\u00e4t kauppaa\",\"breadcrumb\":{\"@id\":\"https:\/\/lei.net\/fi\/mika-on-lei\/#breadcrumb\"},\"inLanguage\":\"fi\",\"potentialAction\":[{\"@type\":\"ReadAction\",\"target\":[\"https:\/\/lei.net\/fi\/mika-on-lei\/\"]}]},{\"@type\":\"BreadcrumbList\",\"@id\":\"https:\/\/lei.net\/fi\/mika-on-lei\/#breadcrumb\",\"itemListElement\":[{\"@type\":\"ListItem\",\"position\":1,\"name\":\"Startseite\",\"item\":\"https:\/\/lei.net\/fi\/\"},{\"@type\":\"ListItem\",\"position\":2,\"name\":\"Mik\u00e4 on LEI?\"}]},{\"@type\":\"WebSite\",\"@id\":\"https:\/\/lei.net\/#website\",\"url\":\"https:\/\/lei.net\/\",\"name\":\"LEI.net\",\"description\":\"Official Legal Entity Identifier (LEI) Registrar\",\"publisher\":{\"@id\":\"https:\/\/lei.net\/#organization\"},\"potentialAction\":[{\"@type\":\"SearchAction\",\"target\":{\"@type\":\"EntryPoint\",\"urlTemplate\":\"https:\/\/lei.net\/?s={search_term_string}\"},\"query-input\":{\"@type\":\"PropertyValueSpecification\",\"valueRequired\":true,\"valueName\":\"search_term_string\"}}],\"inLanguage\":\"fi\"},{\"@type\":\"Organization\",\"@id\":\"https:\/\/lei.net\/#organization\",\"name\":\"F.I.D.Firmeninformationsdienst GmbH\",\"url\":\"https:\/\/lei.net\/\",\"logo\":{\"@type\":\"ImageObject\",\"inLanguage\":\"fi\",\"@id\":\"https:\/\/lei.net\/#\/schema\/logo\/image\/\",\"url\":\"https:\/\/lei.net\/wp-content\/uploads\/2021\/12\/color_vertical.jpg\",\"contentUrl\":\"https:\/\/lei.net\/wp-content\/uploads\/2021\/12\/color_vertical.jpg\",\"width\":283,\"height\":283,\"caption\":\"F.I.D.Firmeninformationsdienst GmbH\"},\"image\":{\"@id\":\"https:\/\/lei.net\/#\/schema\/logo\/image\/\"}}]}<\/script>\n<!-- \/ Yoast SEO plugin. -->","yoast_head_json":{"title":"Mik\u00e4 on LEI? - LEI.net","description":"Perustiedot LEI \u2013 oikeushenkil\u00f6iden tunnistenumero (Legal Entity Identifier). Ainutlaatuinen tunnistuskoodi yrityksille, jotka k\u00e4yv\u00e4t kauppaa","robots":{"index":"index","follow":"follow","max-snippet":"max-snippet:-1","max-image-preview":"max-image-preview:large","max-video-preview":"max-video-preview:-1"},"canonical":"https:\/\/lei.net\/fi\/wp-json\/wp\/v2\/pages\/1159","og_locale":"fi_FI","og_type":"article","og_title":"Mik\u00e4 on LEI? - LEI.net","og_description":"Perustiedot LEI \u2013 oikeushenkil\u00f6iden tunnistenumero (Legal Entity Identifier). Ainutlaatuinen tunnistuskoodi yrityksille, jotka k\u00e4yv\u00e4t kauppaa","og_url":"https:\/\/lei.net\/fi\/mika-on-lei\/","og_site_name":"LEI.net","article_modified_time":"2026-03-02T05:27:51+00:00","twitter_card":"summary_large_image","twitter_misc":{"Arvioitu lukuaika":"1 minuutti"},"schema":{"@context":"https:\/\/schema.org","@graph":[{"@type":"WebPage","@id":"https:\/\/lei.net\/fi\/mika-on-lei\/","url":"https:\/\/lei.net\/fi\/mika-on-lei\/","name":"Mik\u00e4 on LEI? - LEI.net","isPartOf":{"@id":"https:\/\/lei.net\/#website"},"datePublished":"2021-06-29T13:14:05+00:00","dateModified":"2026-03-02T05:27:51+00:00","description":"Perustiedot LEI \u2013 oikeushenkil\u00f6iden tunnistenumero (Legal Entity Identifier). Ainutlaatuinen tunnistuskoodi yrityksille, jotka k\u00e4yv\u00e4t kauppaa","breadcrumb":{"@id":"https:\/\/lei.net\/fi\/mika-on-lei\/#breadcrumb"},"inLanguage":"fi","potentialAction":[{"@type":"ReadAction","target":["https:\/\/lei.net\/fi\/mika-on-lei\/"]}]},{"@type":"BreadcrumbList","@id":"https:\/\/lei.net\/fi\/mika-on-lei\/#breadcrumb","itemListElement":[{"@type":"ListItem","position":1,"name":"Startseite","item":"https:\/\/lei.net\/fi\/"},{"@type":"ListItem","position":2,"name":"Mik\u00e4 on LEI?"}]},{"@type":"WebSite","@id":"https:\/\/lei.net\/#website","url":"https:\/\/lei.net\/","name":"LEI.net","description":"Official Legal Entity Identifier (LEI) Registrar","publisher":{"@id":"https:\/\/lei.net\/#organization"},"potentialAction":[{"@type":"SearchAction","target":{"@type":"EntryPoint","urlTemplate":"https:\/\/lei.net\/?s={search_term_string}"},"query-input":{"@type":"PropertyValueSpecification","valueRequired":true,"valueName":"search_term_string"}}],"inLanguage":"fi"},{"@type":"Organization","@id":"https:\/\/lei.net\/#organization","name":"F.I.D.Firmeninformationsdienst GmbH","url":"https:\/\/lei.net\/","logo":{"@type":"ImageObject","inLanguage":"fi","@id":"https:\/\/lei.net\/#\/schema\/logo\/image\/","url":"https:\/\/lei.net\/wp-content\/uploads\/2021\/12\/color_vertical.jpg","contentUrl":"https:\/\/lei.net\/wp-content\/uploads\/2021\/12\/color_vertical.jpg","width":283,"height":283,"caption":"F.I.D.Firmeninformationsdienst GmbH"},"image":{"@id":"https:\/\/lei.net\/#\/schema\/logo\/image\/"}}]}},"_links":{"self":[{"href":"https:\/\/lei.net\/fi\/wp-json\/wp\/v2\/pages\/1159","targetHints":{"allow":["GET"]}}],"collection":[{"href":"https:\/\/lei.net\/fi\/wp-json\/wp\/v2\/pages"}],"about":[{"href":"https:\/\/lei.net\/fi\/wp-json\/wp\/v2\/types\/page"}],"author":[{"embeddable":true,"href":"https:\/\/lei.net\/fi\/wp-json\/wp\/v2\/users\/1"}],"replies":[{"embeddable":true,"href":"https:\/\/lei.net\/fi\/wp-json\/wp\/v2\/comments?post=1159"}],"version-history":[{"count":7,"href":"https:\/\/lei.net\/fi\/wp-json\/wp\/v2\/pages\/1159\/revisions"}],"predecessor-version":[{"id":16487,"href":"https:\/\/lei.net\/fi\/wp-json\/wp\/v2\/pages\/1159\/revisions\/16487"}],"wp:attachment":[{"href":"https:\/\/lei.net\/fi\/wp-json\/wp\/v2\/media?parent=1159"}],"curies":[{"name":"wp","href":"https:\/\/api.w.org\/{rel}","templated":true}]}}