

{"id":5295,"date":"2021-06-30T13:14:28","date_gmt":"2021-06-30T12:14:28","guid":{"rendered":"https:\/\/lei.net\/renewal\/"},"modified":"2026-03-02T06:57:48","modified_gmt":"2026-03-02T05:57:48","slug":"uusiminen","status":"publish","type":"page","link":"https:\/\/lei.net\/fi\/uusiminen\/","title":{"rendered":"Uusiminen"},"content":{"rendered":"\n<select-plan-component default-subscription-type=\"renewal\" :switcher=\"false\" :reasons=\"[{&quot;_type&quot;:&quot;_&quot;,&quot;reason_code&quot;:&quot;NATURAL_PERSON&quot;,&quot;reason&quot;:&quot;Luonnolliset henkil\\u00f6t: M\\u00e4\\u00e4ritelm\\u00e4n mukaan emoyhti\\u00f6t\\u00e4 ei ole, koska yhteis\\u00f6ss\\u00e4 on m\\u00e4\\u00e4r\\u00e4ysvallassa luonnollinen henkil\\u00f6 tai henkil\\u00f6t, joilla ei ole v\\u00e4liss\\u00e4 olevaa emoyhti\\u00f6t\\u00e4, joka t\\u00e4ytt\\u00e4\\u00e4 emoyrityksen konsolidointialueen m\\u00e4\\u00e4ritelm\\u00e4n.&quot;,&quot;information_points&quot;:[]},{&quot;_type&quot;:&quot;_&quot;,&quot;reason_code&quot;:&quot;NON_CONSOLIDATING&quot;,&quot;reason&quot;:&quot;EI_KONSOLIDOITU: M\\u00e4\\u00e4ritelm\\u00e4n mukaan emoyhti\\u00f6t\\u00e4 ei ole, koska yhteis\\u00f6ss\\u00e4 on m\\u00e4\\u00e4r\\u00e4ysvalta juridisilla henkil\\u00f6ill\\u00e4, jotka eiv\\u00e4t ole konsernitilinp\\u00e4\\u00e4t\\u00f6ksen laatimisen alaisia.&quot;,&quot;information_points&quot;:[]},{&quot;_type&quot;:&quot;_&quot;,&quot;reason_code&quot;:&quot;NO_KNOWN_PERSON&quot;,&quot;reason&quot;:&quot;Ei tiedossa olevaa henkil\\u00f6\\u00e4: M\\u00e4\\u00e4ritelm\\u00e4n mukaan Legal Entity Identifier Foundationissa ei ole emoyhti\\u00f6t\\u00e4, koska yhteis\\u00f6ss\\u00e4 ei ole tiedossa olevaa m\\u00e4\\u00e4r\\u00e4ysvaltaa (esim. hajallaan olevat osakkeenomistajat).&quot;,&quot;information_points&quot;:[]},{&quot;_type&quot;:&quot;_&quot;,&quot;reason_code&quot;:&quot;NON_PUBLIC&quot;,&quot;reason&quot;:&quot;NON_PUBLIC: Seuraaville sovelluksille:&quot;,&quot;information_points&quot;:[{&quot;_type&quot;:&quot;_&quot;,&quot;information_point&quot;:&quot;Oikeudelliset esteet: Laink\\u00e4ytt\\u00f6alueen lakien tai asetusten esteet est\\u00e4v\\u00e4t tietojen toimittamisen tai julkaisemisen. Yhteis\\u00f6 ei voi julkaista emoyhti\\u00f6t\\u00e4 globaalissa LEI-numerotietokannassa.&quot;},{&quot;_type&quot;:&quot;_&quot;,&quot;information_point&quot;:&quot;Suostumus ei saatu: Sovellettavan lains\\u00e4\\u00e4d\\u00e4nn\\u00f6n mukaan vaadittiin emoyhti\\u00f6n suostumus, eik\\u00e4 emoyhti\\u00f6 suostunut tai siihen ei voitu ottaa yhteytt\\u00e4.&quot;},{&quot;_type&quot;:&quot;_&quot;,&quot;information_point&quot;:&quot;Sitovat oikeudelliset sitoumukset: Sitovat oikeudelliset sitoumukset (muut kuin laink\\u00e4ytt\\u00f6alueen lait tai m\\u00e4\\u00e4r\\u00e4ykset), kuten oikeushenkil\\u00f6\\u00e4 tai sopimusta koskevat s\\u00e4\\u00e4nn\\u00f6t, est\\u00e4v\\u00e4t n\\u00e4iden tietojen toimittamisen tai julkaisemisen.&quot;},{&quot;_type&quot;:&quot;_&quot;,&quot;information_point&quot;:&quot;Arvonalentumista ei ole vapautettu: Tyt\\u00e4ryhti\\u00f6 pyysi tutustumaan emoyhti\\u00f6\\u00f6n emoyhti\\u00f6n raportoinnin yhteydess\\u00e4, mutta ei kyennyt vahvistamaan t\\u00e4t\\u00e4 arvonalentumisen puutteen vuoksi tavalla, joka v\\u00e4ltt\\u00e4isi tyt\\u00e4ryhti\\u00f6n kohtuulliset vastuuriskit.&quot;},{&quot;_type&quot;:&quot;_&quot;,&quot;information_point&quot;:&quot;Kielteinen vaikutus julkistamiseen: N\\u00e4iden tietojen paljastaminen olisi haitallista asianomaiselle oikeushenkil\\u00f6lle tai emoyhteis\\u00f6lle. T\\u00e4m\\u00e4 sis\\u00e4lt\\u00e4\\u00e4 syyt, jotka viranomaiset yleisesti hyv\\u00e4ksyv\\u00e4t vastaavissa olosuhteissa ja jotka perustuvat yhteis\\u00f6n lausumaan.&quot;}]},{&quot;_type&quot;:&quot;_&quot;,&quot;reason_code&quot;:&quot;NO_LEI&quot;,&quot;reason&quot;:&quot;Ei LEI:t\\u00e4: Lapsioikeushenkil\\u00f6 ilmoittaa, ett\\u00e4 sill\\u00e4 on k\\u00e4ytetyn m\\u00e4\\u00e4ritelm\\u00e4n mukaan vanhempi, mutta t\\u00e4ll\\u00e4 vanhemmalla ei viel\\u00e4 ole LEI-tunnusta.&quot;,&quot;information_points&quot;:[]}]\" :countries=\"{&quot;AF&quot;:&quot;Afghanistan&quot;,&quot;AL&quot;:&quot;Albania&quot;,&quot;DZ&quot;:&quot;Algeria&quot;,&quot;AS&quot;:&quot;American Samoa&quot;,&quot;AD&quot;:&quot;Andorra&quot;,&quot;AO&quot;:&quot;Angola&quot;,&quot;AI&quot;:&quot;Anguilla&quot;,&quot;AG&quot;:&quot;Antigua and Barbuda&quot;,&quot;AR&quot;:&quot;Argentina&quot;,&quot;AM&quot;:&quot;Armenia&quot;,&quot;AW&quot;:&quot;Aruba&quot;,&quot;AU&quot;:&quot;Australia&quot;,&quot;AT&quot;:&quot;Austria&quot;,&quot;AZ&quot;:&quot;Azerbaijan&quot;,&quot;BS&quot;:&quot;Bahamas&quot;,&quot;BD&quot;:&quot;Bangladesh&quot;,&quot;BB&quot;:&quot;Barbados&quot;,&quot;BY&quot;:&quot;Belarus&quot;,&quot;BE&quot;:&quot;Belgium&quot;,&quot;BZ&quot;:&quot;Belize&quot;,&quot;BJ&quot;:&quot;Benin&quot;,&quot;BM&quot;:&quot;Bermuda&quot;,&quot;BT&quot;:&quot;Bhutan&quot;,&quot;BO&quot;:&quot;Bolivia&quot;,&quot;BA&quot;:&quot;Bosnia and Herzegovina&quot;,&quot;BW&quot;:&quot;Botswana&quot;,&quot;BV&quot;:&quot;Bouvet Island&quot;,&quot;BR&quot;:&quot;Brazil&quot;,&quot;IO&quot;:&quot;British Indian Ocean Territory&quot;,&quot;BN&quot;:&quot;Brunei Darussalam&quot;,&quot;BG&quot;:&quot;Bulgaria&quot;,&quot;BF&quot;:&quot;Burkina Faso&quot;,&quot;BI&quot;:&quot;Burundi&quot;,&quot;KH&quot;:&quot;Cambodia&quot;,&quot;CM&quot;:&quot;Cameroon&quot;,&quot;CA&quot;:&quot;Canada&quot;,&quot;KY&quot;:&quot;Cayman Islands&quot;,&quot;CF&quot;:&quot;Central African Republic&quot;,&quot;TD&quot;:&quot;Chad&quot;,&quot;CL&quot;:&quot;Chile&quot;,&quot;CN&quot;:&quot;China&quot;,&quot;CX&quot;:&quot;Christmas Island&quot;,&quot;CC&quot;:&quot;Cocos (Keeling) Islands&quot;,&quot;CO&quot;:&quot;Colombia&quot;,&quot;KM&quot;:&quot;Comoros&quot;,&quot;CG&quot;:&quot;Congo&quot;,&quot;CK&quot;:&quot;Cook Islands&quot;,&quot;CR&quot;:&quot;Costa Rica&quot;,&quot;CI&quot;:&quot;C\\u00f4te d&#039;Ivoire&quot;,&quot;HR&quot;:&quot;Croatia&quot;,&quot;CY&quot;:&quot;Cyprus&quot;,&quot;CZ&quot;:&quot;Czech Republic&quot;,&quot;DK&quot;:&quot;Denmark&quot;,&quot;DJ&quot;:&quot;Djibouti&quot;,&quot;DM&quot;:&quot;Dominica&quot;,&quot;DO&quot;:&quot;Dominican Republic&quot;,&quot;EC&quot;:&quot;Ecuador&quot;,&quot;EG&quot;:&quot;Egypt&quot;,&quot;SV&quot;:&quot;El Salvador&quot;,&quot;GQ&quot;:&quot;Equatorial Guinea&quot;,&quot;EE&quot;:&quot;Estonia&quot;,&quot;ET&quot;:&quot;Ethiopia&quot;,&quot;FK&quot;:&quot;Falkland Islands (Malvinas)&quot;,&quot;FO&quot;:&quot;Faroe Islands&quot;,&quot;FJ&quot;:&quot;Fiji&quot;,&quot;FI&quot;:&quot;Finland&quot;,&quot;FR&quot;:&quot;France&quot;,&quot;GF&quot;:&quot;French Guiana&quot;,&quot;PF&quot;:&quot;French Polynesia&quot;,&quot;TF&quot;:&quot;French Southern Territories&quot;,&quot;GA&quot;:&quot;Gabon&quot;,&quot;GM&quot;:&quot;Gambia&quot;,&quot;GE&quot;:&quot;Georgia&quot;,&quot;DE&quot;:&quot;Germany&quot;,&quot;GH&quot;:&quot;Ghana&quot;,&quot;GI&quot;:&quot;Gibraltar&quot;,&quot;GR&quot;:&quot;Greece&quot;,&quot;GL&quot;:&quot;Greenland&quot;,&quot;GD&quot;:&quot;Grenada&quot;,&quot;GP&quot;:&quot;Guadeloupe&quot;,&quot;GU&quot;:&quot;Guam&quot;,&quot;GT&quot;:&quot;Guatemala&quot;,&quot;GN&quot;:&quot;Guinea&quot;,&quot;GW&quot;:&quot;Guinea-Bissau&quot;,&quot;GY&quot;:&quot;Guyana&quot;,&quot;HT&quot;:&quot;Haiti&quot;,&quot;HM&quot;:&quot;Heard Island and McDonald Islands&quot;,&quot;VA&quot;:&quot;Holy See (Vatican City State)&quot;,&quot;HN&quot;:&quot;Honduras&quot;,&quot;HK&quot;:&quot;Hong Kong&quot;,&quot;HU&quot;:&quot;Hungary&quot;,&quot;IS&quot;:&quot;Iceland&quot;,&quot;IN&quot;:&quot;India&quot;,&quot;ID&quot;:&quot;Indonesia&quot;,&quot;IR&quot;:&quot;Iran&quot;,&quot;IQ&quot;:&quot;Iraq&quot;,&quot;IE&quot;:&quot;Ireland&quot;,&quot;IL&quot;:&quot;Israel&quot;,&quot;IT&quot;:&quot;Italy&quot;,&quot;JM&quot;:&quot;Jamaica&quot;,&quot;JP&quot;:&quot;Japan&quot;,&quot;JO&quot;:&quot;Jordan&quot;,&quot;KZ&quot;:&quot;Kazakhstan&quot;,&quot;KE&quot;:&quot;Kenya&quot;,&quot;KI&quot;:&quot;Kiribati&quot;,&quot;KP&quot;:&quot;North Korea&quot;,&quot;KR&quot;:&quot;South Korea&quot;,&quot;KW&quot;:&quot;Kuwait&quot;,&quot;KG&quot;:&quot;Kyrgyzstan&quot;,&quot;LA&quot;:&quot;Lao People&#039;s Democratic Republic&quot;,&quot;LV&quot;:&quot;Latvia&quot;,&quot;LB&quot;:&quot;Lebanon&quot;,&quot;LS&quot;:&quot;Lesotho&quot;,&quot;LR&quot;:&quot;Liberia&quot;,&quot;LY&quot;:&quot;Libyan Arab Jamahiriya&quot;,&quot;LI&quot;:&quot;Liechtenstein&quot;,&quot;LT&quot;:&quot;Lithuania&quot;,&quot;LU&quot;:&quot;Luxembourg&quot;,&quot;MO&quot;:&quot;Macao&quot;,&quot;MK&quot;:&quot;Macedonia&quot;,&quot;MG&quot;:&quot;Madagascar&quot;,&quot;MW&quot;:&quot;Malawi&quot;,&quot;MY&quot;:&quot;Malaysia&quot;,&quot;MV&quot;:&quot;Maldives&quot;,&quot;ML&quot;:&quot;Mali&quot;,&quot;MT&quot;:&quot;Malta&quot;,&quot;MH&quot;:&quot;Marshall Islands&quot;,&quot;MQ&quot;:&quot;Martinique&quot;,&quot;MR&quot;:&quot;Mauritania&quot;,&quot;MU&quot;:&quot;Mauritius&quot;,&quot;YT&quot;:&quot;Mayotte&quot;,&quot;MX&quot;:&quot;Mexico&quot;,&quot;FM&quot;:&quot;Micronesia&quot;,&quot;MD&quot;:&quot;Moldova&quot;,&quot;MC&quot;:&quot;Monaco&quot;,&quot;MN&quot;:&quot;Mongolia&quot;,&quot;ME&quot;:&quot;Montenegro&quot;,&quot;MS&quot;:&quot;Montserrat&quot;,&quot;MA&quot;:&quot;Morocco&quot;,&quot;MZ&quot;:&quot;Mozambique&quot;,&quot;MM&quot;:&quot;Myanmar&quot;,&quot;NA&quot;:&quot;Namibia&quot;,&quot;NR&quot;:&quot;Nauru&quot;,&quot;NP&quot;:&quot;Nepal&quot;,&quot;NL&quot;:&quot;Netherlands&quot;,&quot;AN&quot;:&quot;Netherlands Antilles&quot;,&quot;NC&quot;:&quot;New Caledonia&quot;,&quot;NZ&quot;:&quot;New Zealand&quot;,&quot;NI&quot;:&quot;Nicaragua&quot;,&quot;NE&quot;:&quot;Niger&quot;,&quot;NG&quot;:&quot;Nigeria&quot;,&quot;NU&quot;:&quot;Niue&quot;,&quot;NF&quot;:&quot;Norfolk Island&quot;,&quot;MP&quot;:&quot;Northern Mariana Islands&quot;,&quot;NO&quot;:&quot;Norway&quot;,&quot;OM&quot;:&quot;Oman&quot;,&quot;PK&quot;:&quot;Pakistan&quot;,&quot;PW&quot;:&quot;Palau&quot;,&quot;PS&quot;:&quot;Palestinian Territory&quot;,&quot;PA&quot;:&quot;Panama&quot;,&quot;PG&quot;:&quot;Papua New Guinea&quot;,&quot;PY&quot;:&quot;Paraguay&quot;,&quot;PE&quot;:&quot;Peru&quot;,&quot;PH&quot;:&quot;Philippines&quot;,&quot;PN&quot;:&quot;Pitcairn&quot;,&quot;PL&quot;:&quot;Poland&quot;,&quot;PT&quot;:&quot;Portugal&quot;,&quot;PR&quot;:&quot;Puerto Rico&quot;,&quot;QA&quot;:&quot;Qatar&quot;,&quot;RE&quot;:&quot;R\\u00e9union&quot;,&quot;RO&quot;:&quot;Romania&quot;,&quot;RU&quot;:&quot;Russian Federation&quot;,&quot;RW&quot;:&quot;Rwanda&quot;,&quot;WS&quot;:&quot;Samoa&quot;,&quot;SM&quot;:&quot;San Marino&quot;,&quot;ST&quot;:&quot;Sao Tome and Principe&quot;,&quot;SA&quot;:&quot;Saudi Arabia&quot;,&quot;SN&quot;:&quot;Senegal&quot;,&quot;RS&quot;:&quot;Serbia&quot;,&quot;SC&quot;:&quot;Seychelles&quot;,&quot;SL&quot;:&quot;Sierra Leone&quot;,&quot;SG&quot;:&quot;Singapore&quot;,&quot;SK&quot;:&quot;Slovakia&quot;,&quot;SI&quot;:&quot;Slovenia&quot;,&quot;SB&quot;:&quot;Solomon Islands&quot;,&quot;SO&quot;:&quot;Somalia&quot;,&quot;ZA&quot;:&quot;South Africa&quot;,&quot;GS&quot;:&quot;South Georgia and the South Sandwich Islands&quot;,&quot;ES&quot;:&quot;Spain&quot;,&quot;LK&quot;:&quot;Sri Lanka&quot;,&quot;SD&quot;:&quot;Sudan&quot;,&quot;SR&quot;:&quot;Suriname&quot;,&quot;SJ&quot;:&quot;Svalbard and Jan Mayen&quot;,&quot;SZ&quot;:&quot;Swaziland&quot;,&quot;SE&quot;:&quot;Sweden&quot;,&quot;CH&quot;:&quot;Switzerland&quot;,&quot;SY&quot;:&quot;Syrian Arab Republic&quot;,&quot;TW&quot;:&quot;Taiwan&quot;,&quot;TJ&quot;:&quot;Tajikistan&quot;,&quot;TZ&quot;:&quot;Tanzania&quot;,&quot;TH&quot;:&quot;Thailand&quot;,&quot;TL&quot;:&quot;Timor-Leste&quot;,&quot;TG&quot;:&quot;Togo&quot;,&quot;TK&quot;:&quot;Tokelau&quot;,&quot;TO&quot;:&quot;Tonga&quot;,&quot;TT&quot;:&quot;Trinidad and Tobago&quot;,&quot;TN&quot;:&quot;Tunisia&quot;,&quot;TR&quot;:&quot;Turkey&quot;,&quot;TM&quot;:&quot;Turkmenistan&quot;,&quot;TC&quot;:&quot;Turks and Caicos Islands&quot;,&quot;TV&quot;:&quot;Tuvalu&quot;,&quot;UG&quot;:&quot;Uganda&quot;,&quot;UA&quot;:&quot;Ukraine&quot;,&quot;AE&quot;:&quot;United Arab Emirates&quot;,&quot;GB&quot;:&quot;United Kingdom&quot;,&quot;US&quot;:&quot;United States&quot;,&quot;UM&quot;:&quot;United States Minor Outlying Islands&quot;,&quot;UY&quot;:&quot;Uruguay&quot;,&quot;UZ&quot;:&quot;Uzbekistan&quot;,&quot;VU&quot;:&quot;Vanuatu&quot;,&quot;VE&quot;:&quot;Venezuela&quot;,&quot;VN&quot;:&quot;Viet Nam&quot;,&quot;VG&quot;:&quot;Virgin Islands, British&quot;,&quot;VI&quot;:&quot;Virgin Islands, U.S.&quot;,&quot;WF&quot;:&quot;Wallis and Futuna&quot;,&quot;EH&quot;:&quot;Western Sahara&quot;,&quot;YE&quot;:&quot;Yemen&quot;,&quot;ZM&quot;:&quot;Zambia&quot;,&quot;ZW&quot;:&quot;Zimbabwe&quot;}\" :plans=\"{&quot;registration&quot;:[{&quot;pricePerYear&quot;:&quot;79\\u20ac \\\/ 1 vuosi&quot;,&quot;price&quot;:&quot;79\\u20ac&quot;,&quot;priceText&quot;:&quot; \\\/ 1 vuosi&quot;,&quot;duration&quot;:&quot;1 vuosi&quot;,&quot;name&quot;:&quot;Official LEI Registration&quot;,&quot;isPopular&quot;:false,&quot;benefits&quot;:[]}],&quot;renewal&quot;:[{&quot;pricePerYear&quot;:&quot;79\\u20ac \\\/ 1 vuosi&quot;,&quot;price&quot;:&quot;79\\u20ac&quot;,&quot;priceText&quot;:&quot; \\\/ 1 vuosi&quot;,&quot;duration&quot;:&quot;1 vuosi&quot;,&quot;name&quot;:&quot;LEI:n siirto\\\/uudistus&quot;,&quot;isPopular&quot;:&quot;&quot;,&quot;benefits&quot;:&quot;&quot;}],&quot;transfer&quot;:[{&quot;pricePerYear&quot;:&quot;79\\u20ac \\\/ 1 vuosi&quot;,&quot;price&quot;:&quot;79\\u20ac&quot;,&quot;priceText&quot;:&quot; \\\/ 1 vuosi&quot;,&quot;duration&quot;:&quot;1 vuosi&quot;,&quot;name&quot;:&quot;LEI:n siirto\\\/uudistus&quot;,&quot;isPopular&quot;:&quot;&quot;,&quot;benefits&quot;:&quot;&quot;}]}\" lang=\"fi\" plan-bg=\"https:\/\/lei.net\/wp-content\/themes\/leinumber\/assets\/images\/plan-bg.webp\" confirm-bg=\"https:\/\/lei.net\/wp-content\/themes\/leinumber\/assets\/images\/confirm-bg.webp\"><\/select-plan-component>\n\r\n\r\n\r\n<div class=\"wp-block-spacer\" style=\"height: 50px;\" aria-hidden=\"true\">\u00a0<\/div>\r\n\r\n\r\n\r\n<h2 class=\"wp-block-heading has-text-align-center font-axiforma\" style=\"font-size: 45px; font-style: normal; font-weight: 600;\">UKK<\/h2>\r\n\r\n\r\n\r\n<p class=\"has-text-align-center\">Asiakkaat kysyv\u00e4t meilt\u00e4 usein seuraavia kysymyksi\u00e4<\/p>\r\n\r\n\r\n\r\n<div class=\"wp-block-spacer\" style=\"height: 50px;\" aria-hidden=\"true\">\u00a0<\/div>\r\n\r\n\r\n<faq-component data='[{&quot;_id&quot;:&quot;cf-7xXS7pMhCFdLOXeAkaKC2&quot;,&quot;_type&quot;:&quot;_&quot;,&quot;question&quot;:&quot;Mit\\u00e4 tarkoitetaan LEI-uusinnalla?&quot;,&quot;answer&quot;:&quot;My\\u00f6nnetty LEI-numero on voimassa t\\u00e4sm\\u00e4lleen yhden vuoden. T\\u00e4m\\u00e4 tarkoittaa, ett\\u00e4 se on uusittava tarkalleen sin\\u00e4 p\\u00e4iv\\u00e4n\\u00e4, kun sen voimassaolo p\\u00e4\\u00e4ttyy. Jos t\\u00e4t\\u00e4 m\\u00e4\\u00e4r\\u00e4aikaa ei noudateta, LEI-numerosi inaktivoidaan, kunnes se uusitaan. T\\u00e4m\\u00e4 uusimisprosessi on tarpeen, jotta kansainv\\u00e4lisen LEI-tietokannan tiedot pysyv\\u00e4t ajan tasalla ja tehd\\u00e4kseen globaalin rahoitusmarkkinan transaktiot mahdollisimman l\\u00e4pin\\u00e4kyviksi ja turvallisiksi.&quot;},{&quot;_id&quot;:&quot;cf-mAF6NF1o2yxnqnW45Ekn3&quot;,&quot;_type&quot;:&quot;_&quot;,&quot;question&quot;:&quot;Kuinka voin uusia LEI:n?&quot;,&quot;answer&quot;:&quot;LEI-numerosi uusimiseksi t\\u00e4yt\\u00e4 vain tarjottu lomake. T\\u00e4t\\u00e4 varten tarvitaan olemassa oleva LEI-numero tai yrityksen nimi. Yrityksen muuttuneet tiedot on sy\\u00f6tett\\u00e4v\\u00e4 uudelleen t\\u00e4h\\u00e4n. Jos haluat automatisoida t\\u00e4m\\u00e4n prosessin, tutustu vapaasti 3 tai 5 vuoden tilaustarjoukseemme.nnVoimme uusia vain LEI-numeron, jos se on hallinnassamme. Jos olet t\\u00e4ll\\u00e4 hetkell\\u00e4 toisen palveluntarjoajan kanssa, k\\u00e4yt\\u00e4 siirto-lomaketta.&quot;},{&quot;_id&quot;:&quot;cf-OJe3ST2nRkT3aztB_bzga&quot;,&quot;_type&quot;:&quot;_&quot;,&quot;question&quot;:&quot;Mit\\u00e4 tarkoitetaan LEI-numerolla?&quot;,&quot;answer&quot;:&quot;Yritt\\u00e4j\\u00e4t voivat k\\u00e4ytt\\u00e4\\u00e4 LEI-numeroa rahoitustransaktioiden suorittamiseen. Kaikki tarpeelliset tiedot voidaan tarkistaa LEI-numeron perusteella, esimerkiksi liikekumppanin toimesta. Kaikkien LEI-numeron haltijoiden tiedot on kirjattu globaaliin tietokantaan (GLEIS), joka on julkisesti saatavilla ja tarjoaa konkreettisen kyselyn muutamassa minuutissa.nnLEI-numeron my\\u00f6nt\\u00e4\\u00e4 kansainv\\u00e4linen instituutio nimelt\\u00e4 GLEIF (Global Entitiy Identifier Foundation). T\\u00e4m\\u00e4 instituutio, joka on perustettu vuonna 2014, sijaitsee Baselissa. Siihen liittyv\\u00e4t LOUS (Local Operation Units) ja rekister\\u00f6intiagentit. Yritt\\u00e4j\\u00e4 voi hakea LEI-numeroaan n\\u00e4iden kautta. T\\u00e4yt\\u00e4 vain lomake ja l\\u00e4het\\u00e4 hakemuslomake. Voit valita eri vaihtoehdoista. Jos tarvitset LEI-numeroa useaksi vuodeksi, voit hakea automaattista uusimista eri malleissa heti. LEI-numero on voimassa vain yhden vuoden ja sen j\\u00e4lkeen se on uusittava. Jos sinulla on usean vuoden sopimus, huolehdimme uusimisesta.nnLEI-numeron my\\u00f6nt\\u00e4minen kest\\u00e4\\u00e4 yleens\\u00e4 24 tuntia maksun vastaanottamisen j\\u00e4lkeen. Useita maksutapoja tarjotaan, jotta k\\u00e4sittelyprosessi sujuisi mahdollisimman sujuvasti.&quot;},{&quot;_id&quot;:&quot;cf-PiuUGJaAcZu5vGsQ5gbT9&quot;,&quot;_type&quot;:&quot;_&quot;,&quot;question&quot;:&quot;Yrityksen edut LEI-numerosta&quot;,&quot;answer&quot;:&quot;Oikeushenkil\\u00f6iden tunnisteen malli on nopeasti otettu k\\u00e4ytt\\u00f6\\u00f6n oikeusj\\u00e4rjestelmiss\\u00e4 ymp\\u00e4ri maailmaa ja seuraa siten kansainv\\u00e4lisesti standardoitua prosessia. Digitaalisen keruumenetelm\\u00e4n avulla yritt\\u00e4j\\u00e4tietoja voidaan esimerkiksi pankkien toimesta tarkistaa paljon tehokkaammin, mik\\u00e4 merkitt\\u00e4v\\u00e4sti v\\u00e4hent\\u00e4\\u00e4 tarvittavien tietojen vahvistamiseen liittyv\\u00e4\\u00e4 hallinnollista taakkaa. T\\u00e4m\\u00e4 est\\u00e4\\u00e4 my\\u00f6s potentiaalisten asiakkaiden menett\\u00e4misen ker\\u00e4ysprosessin aikana prosessin pituuden ja monimutkaisuuden sek\\u00e4 v\\u00e4litett\\u00e4vien tietojen m\\u00e4\\u00e4r\\u00e4n vuoksi. N\\u00e4in voidaan ennaltaehk\\u00e4ist\\u00e4 sek\\u00e4 taloudellisia tappioita ett\\u00e4 tarpeettomia hallinnollisia kustannuksia.nnLEI-numeroiden laaja k\\u00e4ytt\\u00f6\\u00f6notto johtaa merkitt\\u00e4v\\u00e4\\u00e4n riskin v\\u00e4henemiseen globaalin rahoitusmarkkinan transaktioissa. K\\u00e4ytt\\u00e4m\\u00e4ll\\u00e4 digitaalisesti LEI-numerolla tuotettua yritystietoa tied\\u00e4t, kenen kanssa olet tekem\\u00e4ss\\u00e4 transaktiota ja kuka sen omistaa. P\\u00e4\\u00e4sem\\u00e4ll\\u00e4 k\\u00e4siksi t\\u00e4h\\u00e4n tietoon voit luotettavasti arvioida riskej\\u00e4 ja tehd\\u00e4 tietoon perustuvia p\\u00e4\\u00e4t\\u00f6ksi\\u00e4.&quot;}]'><\/faq-component>\n","protected":false},"excerpt":{"rendered":"<p>UKK Asiakkaat kysyv\u00e4t meilt\u00e4 usein seuraavia kysymyksi\u00e4<\/p>\n","protected":false},"author":1,"featured_media":0,"parent":0,"menu_order":0,"comment_status":"closed","ping_status":"closed","template":"","meta":{"_acf_changed":false,"footnotes":""},"class_list":["post-5295","page","type-page","status-publish","hentry"],"acf":[],"yoast_head":"<!-- This site is optimized with the Yoast SEO plugin v25.6 - https:\/\/yoast.com\/wordpress\/plugins\/seo\/ -->\n<title>Uusiminen - LEI.net<\/title>\n<meta name=\"description\" content=\"\u00a0    UKK    Asiakkaat kysyv\u00e4t meilt\u00e4 usein seuraavia kysymyksi\u00e4    \u00a0\" \/>\n<meta name=\"robots\" content=\"index, follow, max-snippet:-1, max-image-preview:large, max-video-preview:-1\" \/>\n<link rel=\"canonical\" href=\"https:\/\/lei.net\/fi\/wp-json\/wp\/v2\/pages\/5295\" \/>\n<meta property=\"og:locale\" content=\"fi_FI\" \/>\n<meta property=\"og:type\" content=\"article\" \/>\n<meta property=\"og:title\" content=\"Uusiminen - LEI.net\" \/>\n<meta property=\"og:description\" content=\"\u00a0    UKK    Asiakkaat kysyv\u00e4t meilt\u00e4 usein seuraavia kysymyksi\u00e4    \u00a0\" \/>\n<meta property=\"og:url\" content=\"https:\/\/lei.net\/fi\/uusiminen\/\" \/>\n<meta property=\"og:site_name\" content=\"LEI.net\" \/>\n<meta property=\"article:modified_time\" content=\"2026-03-02T05:57:48+00:00\" \/>\n<meta name=\"twitter:card\" content=\"summary_large_image\" \/>\n<meta name=\"twitter:label1\" content=\"Arvioitu lukuaika\" \/>\n\t<meta name=\"twitter:data1\" content=\"1 minuutti\" \/>\n<script type=\"application\/ld+json\" class=\"yoast-schema-graph\">{\"@context\":\"https:\/\/schema.org\",\"@graph\":[{\"@type\":\"WebPage\",\"@id\":\"https:\/\/lei.net\/fi\/uusiminen\/\",\"url\":\"https:\/\/lei.net\/fi\/uusiminen\/\",\"name\":\"Uusiminen - LEI.net\",\"isPartOf\":{\"@id\":\"https:\/\/lei.net\/#website\"},\"datePublished\":\"2021-06-30T12:14:28+00:00\",\"dateModified\":\"2026-03-02T05:57:48+00:00\",\"description\":\"\u00a0 UKK Asiakkaat kysyv\u00e4t meilt\u00e4 usein seuraavia kysymyksi\u00e4 \u00a0\",\"breadcrumb\":{\"@id\":\"https:\/\/lei.net\/fi\/uusiminen\/#breadcrumb\"},\"inLanguage\":\"fi\",\"potentialAction\":[{\"@type\":\"ReadAction\",\"target\":[\"https:\/\/lei.net\/fi\/uusiminen\/\"]}]},{\"@type\":\"BreadcrumbList\",\"@id\":\"https:\/\/lei.net\/fi\/uusiminen\/#breadcrumb\",\"itemListElement\":[{\"@type\":\"ListItem\",\"position\":1,\"name\":\"Startseite\",\"item\":\"https:\/\/lei.net\/fi\/\"},{\"@type\":\"ListItem\",\"position\":2,\"name\":\"Uusiminen\"}]},{\"@type\":\"WebSite\",\"@id\":\"https:\/\/lei.net\/#website\",\"url\":\"https:\/\/lei.net\/\",\"name\":\"LEI.net\",\"description\":\"Official Legal Entity Identifier (LEI) Registrar\",\"publisher\":{\"@id\":\"https:\/\/lei.net\/#organization\"},\"potentialAction\":[{\"@type\":\"SearchAction\",\"target\":{\"@type\":\"EntryPoint\",\"urlTemplate\":\"https:\/\/lei.net\/?s={search_term_string}\"},\"query-input\":{\"@type\":\"PropertyValueSpecification\",\"valueRequired\":true,\"valueName\":\"search_term_string\"}}],\"inLanguage\":\"fi\"},{\"@type\":\"Organization\",\"@id\":\"https:\/\/lei.net\/#organization\",\"name\":\"F.I.D.Firmeninformationsdienst GmbH\",\"url\":\"https:\/\/lei.net\/\",\"logo\":{\"@type\":\"ImageObject\",\"inLanguage\":\"fi\",\"@id\":\"https:\/\/lei.net\/#\/schema\/logo\/image\/\",\"url\":\"https:\/\/lei.net\/wp-content\/uploads\/2021\/12\/color_vertical.jpg\",\"contentUrl\":\"https:\/\/lei.net\/wp-content\/uploads\/2021\/12\/color_vertical.jpg\",\"width\":283,\"height\":283,\"caption\":\"F.I.D.Firmeninformationsdienst GmbH\"},\"image\":{\"@id\":\"https:\/\/lei.net\/#\/schema\/logo\/image\/\"}}]}<\/script>\n<!-- \/ Yoast SEO plugin. -->","yoast_head_json":{"title":"Uusiminen - LEI.net","description":"\u00a0    UKK    Asiakkaat kysyv\u00e4t meilt\u00e4 usein seuraavia kysymyksi\u00e4    \u00a0","robots":{"index":"index","follow":"follow","max-snippet":"max-snippet:-1","max-image-preview":"max-image-preview:large","max-video-preview":"max-video-preview:-1"},"canonical":"https:\/\/lei.net\/fi\/wp-json\/wp\/v2\/pages\/5295","og_locale":"fi_FI","og_type":"article","og_title":"Uusiminen - LEI.net","og_description":"\u00a0    UKK    Asiakkaat kysyv\u00e4t meilt\u00e4 usein seuraavia kysymyksi\u00e4    \u00a0","og_url":"https:\/\/lei.net\/fi\/uusiminen\/","og_site_name":"LEI.net","article_modified_time":"2026-03-02T05:57:48+00:00","twitter_card":"summary_large_image","twitter_misc":{"Arvioitu lukuaika":"1 minuutti"},"schema":{"@context":"https:\/\/schema.org","@graph":[{"@type":"WebPage","@id":"https:\/\/lei.net\/fi\/uusiminen\/","url":"https:\/\/lei.net\/fi\/uusiminen\/","name":"Uusiminen - LEI.net","isPartOf":{"@id":"https:\/\/lei.net\/#website"},"datePublished":"2021-06-30T12:14:28+00:00","dateModified":"2026-03-02T05:57:48+00:00","description":"\u00a0 UKK Asiakkaat kysyv\u00e4t meilt\u00e4 usein seuraavia kysymyksi\u00e4 \u00a0","breadcrumb":{"@id":"https:\/\/lei.net\/fi\/uusiminen\/#breadcrumb"},"inLanguage":"fi","potentialAction":[{"@type":"ReadAction","target":["https:\/\/lei.net\/fi\/uusiminen\/"]}]},{"@type":"BreadcrumbList","@id":"https:\/\/lei.net\/fi\/uusiminen\/#breadcrumb","itemListElement":[{"@type":"ListItem","position":1,"name":"Startseite","item":"https:\/\/lei.net\/fi\/"},{"@type":"ListItem","position":2,"name":"Uusiminen"}]},{"@type":"WebSite","@id":"https:\/\/lei.net\/#website","url":"https:\/\/lei.net\/","name":"LEI.net","description":"Official Legal Entity Identifier (LEI) Registrar","publisher":{"@id":"https:\/\/lei.net\/#organization"},"potentialAction":[{"@type":"SearchAction","target":{"@type":"EntryPoint","urlTemplate":"https:\/\/lei.net\/?s={search_term_string}"},"query-input":{"@type":"PropertyValueSpecification","valueRequired":true,"valueName":"search_term_string"}}],"inLanguage":"fi"},{"@type":"Organization","@id":"https:\/\/lei.net\/#organization","name":"F.I.D.Firmeninformationsdienst GmbH","url":"https:\/\/lei.net\/","logo":{"@type":"ImageObject","inLanguage":"fi","@id":"https:\/\/lei.net\/#\/schema\/logo\/image\/","url":"https:\/\/lei.net\/wp-content\/uploads\/2021\/12\/color_vertical.jpg","contentUrl":"https:\/\/lei.net\/wp-content\/uploads\/2021\/12\/color_vertical.jpg","width":283,"height":283,"caption":"F.I.D.Firmeninformationsdienst GmbH"},"image":{"@id":"https:\/\/lei.net\/#\/schema\/logo\/image\/"}}]}},"_links":{"self":[{"href":"https:\/\/lei.net\/fi\/wp-json\/wp\/v2\/pages\/5295","targetHints":{"allow":["GET"]}}],"collection":[{"href":"https:\/\/lei.net\/fi\/wp-json\/wp\/v2\/pages"}],"about":[{"href":"https:\/\/lei.net\/fi\/wp-json\/wp\/v2\/types\/page"}],"author":[{"embeddable":true,"href":"https:\/\/lei.net\/fi\/wp-json\/wp\/v2\/users\/1"}],"replies":[{"embeddable":true,"href":"https:\/\/lei.net\/fi\/wp-json\/wp\/v2\/comments?post=5295"}],"version-history":[{"count":3,"href":"https:\/\/lei.net\/fi\/wp-json\/wp\/v2\/pages\/5295\/revisions"}],"predecessor-version":[{"id":16493,"href":"https:\/\/lei.net\/fi\/wp-json\/wp\/v2\/pages\/5295\/revisions\/16493"}],"wp:attachment":[{"href":"https:\/\/lei.net\/fi\/wp-json\/wp\/v2\/media?parent=5295"}],"curies":[{"name":"wp","href":"https:\/\/api.w.org\/{rel}","templated":true}]}}