

{"id":237,"date":"2021-06-29T14:14:05","date_gmt":"2021-06-29T13:14:05","guid":{"rendered":"https:\/\/lei.net\/what-is-lei\/"},"modified":"2026-03-05T05:59:40","modified_gmt":"2026-03-05T04:59:40","slug":"quest-ce-que-le-lei","status":"publish","type":"page","link":"https:\/\/lei.net\/fr\/quest-ce-que-le-lei\/","title":{"rendered":"Qu&#8217;est-ce que le LEI ?"},"content":{"rendered":"  <div class=\"container px-4 xl:px-0\">\n    <div class=\"flex flex-wrap  mb-10 md:mb-16\">\n      <div class=\"w-full md:w-1\/2\">\n      <h1 class=\"font-axiforma text-[45px] md:text-[55px] text-center md:text-left\">Qu&#8217;est-ce que LEI ?<\/h1>\n            <\/div>\n      <div class=\"w-full md:w-1\/2 flex justify-center mt-10 md:mt-0\">\n        <img loading=\"lazy\" decoding=\"async\" alt=\"\" src=\"https:\/\/lei.net\/wp-content\/uploads\/2024\/02\/whyus.svg\" width=\"590\" height=\"300\">      <\/div>\n    <\/div>\n  <\/div>\n\r\n\r\n\r\n<div class=\"wp-block-columns is-layout-flex wp-container-core-columns-is-layout-9d6595d7 wp-block-columns-is-layout-flex\">\r\n<div class=\"wp-block-column is-layout-flow wp-block-column-is-layout-flow\" style=\"flex-basis: 33.33%;\">\r\n<h2 class=\"wp-block-heading has-large-font-size\" style=\"font-style: normal; font-weight: 600;\">Informations de base<\/h2>\r\n<\/div>\r\n\r\n\r\n\r\n<div class=\"wp-block-column is-layout-flow wp-block-column-is-layout-flow\" style=\"flex-basis: 66.66%;\">\r\n<p>LEI \u2013 un num\u00e9ro d&#8217;identification pour les entit\u00e9s juridiques (num\u00e9ro d&#8217;Identification d&#8217;Entit\u00e9 Juridique). Un code d&#8217;identification unique pour les entreprises op\u00e9rant sur les march\u00e9s financiers (avec des actions, des obligations, des futurs, des devises, etc.). Chaque transaction effectu\u00e9e sur les march\u00e9s financiers est li\u00e9e au partenaire commercial via un num\u00e9ro LEI. Les codes LEI sont utilis\u00e9s par les r\u00e9gulateurs pour surveiller les march\u00e9s financiers. Les codes LEI relient les march\u00e9s financiers, les entreprises et les r\u00e9gulateurs. Les num\u00e9ros LEI sont \u00e9mis par des LOU accr\u00e9dit\u00e9s par GLEIF. GLEIF \u2013 Fondation mondiale d&#8217;identifiant d&#8217;entit\u00e9 juridique. PAS DE COMMERCE SANS LEI.<\/p>\r\n<\/div>\r\n<\/div>\r\n\r\n\r\n\r\n<div class=\"wp-block-spacer\" style=\"height: 50px;\" aria-hidden=\"true\">\u00a0<\/div>\r\n\r\n\r\n\r\n<div class=\"wp-block-columns is-layout-flex wp-container-core-columns-is-layout-9d6595d7 wp-block-columns-is-layout-flex\">\r\n<div class=\"wp-block-column is-layout-flow wp-block-column-is-layout-flow\" style=\"flex-basis: 33.33%;\">\r\n<h2 class=\"wp-block-heading has-large-font-size\" style=\"font-style: normal; font-weight: 600;\">Les avantages d&#8217;un code LEI<\/h2>\r\n<\/div>\r\n\r\n\r\n\r\n<div class=\"wp-block-column is-layout-flow wp-block-column-is-layout-flow\" style=\"flex-basis: 66.66%;\">\r\n<p>La capture des donn\u00e9es client est probablement le plus grand avantage du num\u00e9ro LEI. Auparavant, les cartes d&#8217;identit\u00e9 devaient \u00eatre copi\u00e9es manuellement et v\u00e9rifi\u00e9es pour l&#8217;exactitude, ce qui \u00e9tait un processus long compte tenu des d\u00e9lais. De plus, beaucoup de donn\u00e9es \u00e9taient n\u00e9cessaires pour assurer le chemin s\u00e9curis\u00e9 d&#8217;un achat d&#8217;actions. Le concept de num\u00e9rotation LEI conduit \u00e0 une am\u00e9lioration du processus. Avec l&#8217;aide de la num\u00e9risation des diff\u00e9rentes \u00e9tapes, seul un petit formulaire en ligne est requis aujourd&#8217;hui. De m\u00eame, la mise \u00e0 jour, l&#8217;extension et la suppression des donn\u00e9es de l&#8217;entreprise sont d\u00e9sormais soumises \u00e0 un syst\u00e8me fonctionnel qui peut bien suivre l&#8217;\u00e9volution rapide des march\u00e9s financiers internationaux.<\/p>\r\n\r\n\r\n\r\n<p>Des donn\u00e9es ouvertes et transparentes minimisent le risque d&#8217;une transaction financi\u00e8re internationale. Cela permet de voir facilement qui est le partenaire commercial et ce qu&#8217;il repr\u00e9sente. Cela offre une s\u00e9curit\u00e9 qui n&#8217;existait pas sous cette forme avant le num\u00e9ro LEI.<\/p>\r\n<\/div>\r\n<\/div>\r\n\r\n\r\n\r\n<div class=\"wp-block-spacer\" style=\"height: 50px;\" aria-hidden=\"true\">\u00a0<\/div>\r\n\r\n\r\n\n<section class=\"container px-4 xl:px-0\">\n    <div class=\"flex rounded-2xl bg-gradient-to-r from-[#B3E0FF] to-[#6097D7] px-10 md:px-20 py-10 items-center gap-10 flex-col md:flex-row\">\n        <div class=\"w-full md:w-1\/2 flex justify-center\">\n            <img loading=\"lazy\" decoding=\"async\" alt=\"\" src=\"https:\/\/lei.net\/wp-content\/uploads\/2024\/02\/cta.svg\" width=\"440\" height=\"350\">        <\/div>\n        <div class=\"w-full md:w-1\/2\">\n            <h3 class=\"text-lightgray-200 font-axiforma text-[25px] md:text-[35px] mb-4\">Souhaitez-vous acheter un num\u00e9ro LEI ?<\/h3>\n            <p class=\"font-axiforma-light !text-base md:!text-xl !font-light !text-lightgray-200 !mb-12\">Votre num\u00e9ro d&#039;enregistrement d&#039;entit\u00e9 l\u00e9gale LEI en France!<\/p>\n            <div class=\"text-center md:text-left\">\n                <a href=\"https:\/\/lei.net\/registration\/\" class=\"bg-primary text-lightgray-200 text-lg px-8 py-4 rounded-full hover:bg-opacity-40 transition\">Commen\u00e7ons<\/a>\n            <\/div>\n        <\/div>\n    <\/div>\n<\/section>\r\n\r\n\r\n<h3 class=\"wp-block-heading has-text-align-center\" style=\"font-size: 45px; font-style: normal; font-weight: 600;\">Structure d&#8217;un code LEI<\/h3>\r\n\r\n\r\n\r\n<p class=\"has-text-align-center\" style=\"font-size: 20px;\">Un num\u00e9ro LEI est standardis\u00e9 via le certificat ISO 17442. Il se compose d&#8217;une combinaison de 20 chiffres et lettres<\/p>\r\n\r\n\r\n<div class=\"container px-4 xl:px-0\">\n  <div class=\"shadow-medium rounded-2xl my-12 py-5 md:py-12 overflow-auto\">\n    <div class=\"flex justify-start md:justify-center gap-1 mx-5 md:mx-0\">\n      <div>\n        <div class='text-2xl md:text-[40px] text-black font-axiforma tracking-widest'>1.2.3.4.<\/div>\n        <div class='flex items-center border-r border-l border-lightgray h-[0.8vw]'>\n          <div class='bg-lightgray h-[1px] w-full'><\/div>\n        <\/div>\n        <div class='text-center text-xs md:text-lg font-axiforma text-black'>ID LOU<\/div>\n      <\/div>\n      <div>\n        <div class='text-2xl md:text-[40px] text-black font-axiforma tracking-widest'>5.6.<\/div>\n        <div class='flex items-center border-r border-l border-lightgray h-[0.8vw]'>\n          <div class='bg-lightgray h-[1px] w-full'><\/div>\n        <\/div>\n        <div class='text-center text-xs md:text-lg font-axiforma text-black'>0.0<\/div>\n      <\/div>\n      <div>\n        <div class='text-2xl md:text-[40px] text-primary font-axiforma tracking-widest'>7.8.9.10.11.12.13.14.15.16.17.18.<\/div>\n        <div class='flex items-center border-r border-l border-lightgray h-[0.8vw]'>\n          <div class='bg-lightgray h-[1px] w-full'><\/div>\n        <\/div>\n        <div class='text-center text-xs md:text-lg font-axiforma text-primary'>Identificateur d&#039;entit\u00e9<\/div>\n      <\/div>\n      <div>\n        <div class='text-2xl md:text-[40px] text-black font-axiforma tracking-widest'>19.20.<\/div>\n        <div class='flex items-center border-r border-l border-lightgray h-[0.8vw]'>\n          <div class='bg-lightgray h-[1px] w-full'><\/div>\n        <\/div>\n        <div class='text-center text-xs md:text-lg font-axiforma text-black'>Identifiant de v\u00e9rification<\/div>\n      <\/div>\n    <\/div>\n  <\/div>\n<\/div>\n\r\n\r\n\r\n\r\n\r\n<div class=\"wp-block-columns is-layout-flex wp-container-core-columns-is-layout-9d6595d7 wp-block-columns-is-layout-flex\">\r\n<div class=\"wp-block-column is-layout-flow wp-block-column-is-layout-flow\">\r\n<p>Les chiffres <strong>1-4<\/strong> indiquent toujours l&#8217;ID du LOU qui a \u00e9mis le LEI.<\/p>\r\n\r\n\r\n\r\n<p>Les chiffres <strong>5-6<\/strong> ont toujours la valeur 0.<\/p>\r\n\r\n\r\n\r\n<p>Les chiffres\/lettres <strong>7-18<\/strong> sont uniques pour chaque entit\u00e9.<\/p>\r\n\r\n\r\n\r\n<p>Les chiffres <strong>19-20<\/strong> sont utilis\u00e9s pour la v\u00e9rification.<\/p>\r\n<\/div>\r\n<\/div>\r\n\r\n\r\n","protected":false},"excerpt":{"rendered":"<p>Informations de base LEI \u2013 un num\u00e9ro d&#8217;identification pour les entit\u00e9s juridiques (num\u00e9ro d&#8217;Identification d&#8217;Entit\u00e9 Juridique). Un code d&#8217;identification unique pour les entreprises op\u00e9rant sur les march\u00e9s financiers (avec des actions, des obligations, des futurs, des devises, etc.). Chaque transaction effectu\u00e9e sur les march\u00e9s financiers est li\u00e9e au partenaire commercial via un num\u00e9ro LEI. Les [&hellip;]<\/p>\n","protected":false},"author":1,"featured_media":0,"parent":0,"menu_order":0,"comment_status":"closed","ping_status":"closed","template":"","meta":{"_acf_changed":false,"footnotes":""},"class_list":["post-237","page","type-page","status-publish","hentry"],"acf":[],"yoast_head":"<!-- This site is optimized with the Yoast SEO plugin v25.6 - https:\/\/yoast.com\/wordpress\/plugins\/seo\/ -->\n<title>Qu&#039;est-ce que le LEI ? - LEI.net<\/title>\n<meta name=\"description\" content=\"Informations de base LEI \u2013 un num\u00e9ro d&#039;identification pour les entit\u00e9s juridiques (num\u00e9ro d&#039;Identification d&#039;Entit\u00e9 Juridique). Un code d&#039;identification\" \/>\n<meta name=\"robots\" content=\"index, follow, max-snippet:-1, max-image-preview:large, max-video-preview:-1\" \/>\n<link rel=\"canonical\" href=\"https:\/\/lei.net\/fr\/wp-json\/wp\/v2\/pages\/237\" \/>\n<meta property=\"og:locale\" content=\"fr_FR\" \/>\n<meta property=\"og:type\" content=\"article\" \/>\n<meta property=\"og:title\" content=\"Qu&#039;est-ce que le LEI ? - LEI.net\" \/>\n<meta property=\"og:description\" content=\"Informations de base LEI \u2013 un num\u00e9ro d&#039;identification pour les entit\u00e9s juridiques (num\u00e9ro d&#039;Identification d&#039;Entit\u00e9 Juridique). Un code d&#039;identification\" \/>\n<meta property=\"og:url\" content=\"https:\/\/lei.net\/fr\/quest-ce-que-le-lei\/\" \/>\n<meta property=\"og:site_name\" content=\"LEI.net\" \/>\n<meta property=\"article:modified_time\" content=\"2026-03-05T04:59:40+00:00\" \/>\n<meta name=\"twitter:card\" content=\"summary_large_image\" \/>\n<meta name=\"twitter:label1\" content=\"Dur\u00e9e de lecture estim\u00e9e\" \/>\n\t<meta name=\"twitter:data1\" content=\"2 minutes\" \/>\n<script type=\"application\/ld+json\" class=\"yoast-schema-graph\">{\"@context\":\"https:\/\/schema.org\",\"@graph\":[{\"@type\":\"WebPage\",\"@id\":\"https:\/\/lei.net\/fr\/quest-ce-que-le-lei\/\",\"url\":\"https:\/\/lei.net\/fr\/quest-ce-que-le-lei\/\",\"name\":\"Qu'est-ce que le LEI ? - LEI.net\",\"isPartOf\":{\"@id\":\"https:\/\/lei.net\/#website\"},\"datePublished\":\"2021-06-29T13:14:05+00:00\",\"dateModified\":\"2026-03-05T04:59:40+00:00\",\"description\":\"Informations de base LEI \u2013 un num\u00e9ro d'identification pour les entit\u00e9s juridiques (num\u00e9ro d'Identification d'Entit\u00e9 Juridique). Un code d'identification\",\"breadcrumb\":{\"@id\":\"https:\/\/lei.net\/fr\/quest-ce-que-le-lei\/#breadcrumb\"},\"inLanguage\":\"fr-FR\",\"potentialAction\":[{\"@type\":\"ReadAction\",\"target\":[\"https:\/\/lei.net\/fr\/quest-ce-que-le-lei\/\"]}]},{\"@type\":\"BreadcrumbList\",\"@id\":\"https:\/\/lei.net\/fr\/quest-ce-que-le-lei\/#breadcrumb\",\"itemListElement\":[{\"@type\":\"ListItem\",\"position\":1,\"name\":\"Startseite\",\"item\":\"https:\/\/lei.net\/fr\/\"},{\"@type\":\"ListItem\",\"position\":2,\"name\":\"Qu&#8217;est-ce que le LEI ?\"}]},{\"@type\":\"WebSite\",\"@id\":\"https:\/\/lei.net\/#website\",\"url\":\"https:\/\/lei.net\/\",\"name\":\"LEI.net\",\"description\":\"Official Legal Entity Identifier (LEI) Registrar\",\"publisher\":{\"@id\":\"https:\/\/lei.net\/#organization\"},\"potentialAction\":[{\"@type\":\"SearchAction\",\"target\":{\"@type\":\"EntryPoint\",\"urlTemplate\":\"https:\/\/lei.net\/?s={search_term_string}\"},\"query-input\":{\"@type\":\"PropertyValueSpecification\",\"valueRequired\":true,\"valueName\":\"search_term_string\"}}],\"inLanguage\":\"fr-FR\"},{\"@type\":\"Organization\",\"@id\":\"https:\/\/lei.net\/#organization\",\"name\":\"F.I.D.Firmeninformationsdienst GmbH\",\"url\":\"https:\/\/lei.net\/\",\"logo\":{\"@type\":\"ImageObject\",\"inLanguage\":\"fr-FR\",\"@id\":\"https:\/\/lei.net\/#\/schema\/logo\/image\/\",\"url\":\"https:\/\/lei.net\/wp-content\/uploads\/2021\/12\/color_vertical.jpg\",\"contentUrl\":\"https:\/\/lei.net\/wp-content\/uploads\/2021\/12\/color_vertical.jpg\",\"width\":283,\"height\":283,\"caption\":\"F.I.D.Firmeninformationsdienst GmbH\"},\"image\":{\"@id\":\"https:\/\/lei.net\/#\/schema\/logo\/image\/\"}}]}<\/script>\n<!-- \/ Yoast SEO plugin. -->","yoast_head_json":{"title":"Qu'est-ce que le LEI ? - LEI.net","description":"Informations de base LEI \u2013 un num\u00e9ro d'identification pour les entit\u00e9s juridiques (num\u00e9ro d'Identification d'Entit\u00e9 Juridique). Un code d'identification","robots":{"index":"index","follow":"follow","max-snippet":"max-snippet:-1","max-image-preview":"max-image-preview:large","max-video-preview":"max-video-preview:-1"},"canonical":"https:\/\/lei.net\/fr\/wp-json\/wp\/v2\/pages\/237","og_locale":"fr_FR","og_type":"article","og_title":"Qu'est-ce que le LEI ? - LEI.net","og_description":"Informations de base LEI \u2013 un num\u00e9ro d'identification pour les entit\u00e9s juridiques (num\u00e9ro d'Identification d'Entit\u00e9 Juridique). Un code d'identification","og_url":"https:\/\/lei.net\/fr\/quest-ce-que-le-lei\/","og_site_name":"LEI.net","article_modified_time":"2026-03-05T04:59:40+00:00","twitter_card":"summary_large_image","twitter_misc":{"Dur\u00e9e de lecture estim\u00e9e":"2 minutes"},"schema":{"@context":"https:\/\/schema.org","@graph":[{"@type":"WebPage","@id":"https:\/\/lei.net\/fr\/quest-ce-que-le-lei\/","url":"https:\/\/lei.net\/fr\/quest-ce-que-le-lei\/","name":"Qu'est-ce que le LEI ? - LEI.net","isPartOf":{"@id":"https:\/\/lei.net\/#website"},"datePublished":"2021-06-29T13:14:05+00:00","dateModified":"2026-03-05T04:59:40+00:00","description":"Informations de base LEI \u2013 un num\u00e9ro d'identification pour les entit\u00e9s juridiques (num\u00e9ro d'Identification d'Entit\u00e9 Juridique). Un code d'identification","breadcrumb":{"@id":"https:\/\/lei.net\/fr\/quest-ce-que-le-lei\/#breadcrumb"},"inLanguage":"fr-FR","potentialAction":[{"@type":"ReadAction","target":["https:\/\/lei.net\/fr\/quest-ce-que-le-lei\/"]}]},{"@type":"BreadcrumbList","@id":"https:\/\/lei.net\/fr\/quest-ce-que-le-lei\/#breadcrumb","itemListElement":[{"@type":"ListItem","position":1,"name":"Startseite","item":"https:\/\/lei.net\/fr\/"},{"@type":"ListItem","position":2,"name":"Qu&#8217;est-ce que le LEI ?"}]},{"@type":"WebSite","@id":"https:\/\/lei.net\/#website","url":"https:\/\/lei.net\/","name":"LEI.net","description":"Official Legal Entity Identifier (LEI) Registrar","publisher":{"@id":"https:\/\/lei.net\/#organization"},"potentialAction":[{"@type":"SearchAction","target":{"@type":"EntryPoint","urlTemplate":"https:\/\/lei.net\/?s={search_term_string}"},"query-input":{"@type":"PropertyValueSpecification","valueRequired":true,"valueName":"search_term_string"}}],"inLanguage":"fr-FR"},{"@type":"Organization","@id":"https:\/\/lei.net\/#organization","name":"F.I.D.Firmeninformationsdienst GmbH","url":"https:\/\/lei.net\/","logo":{"@type":"ImageObject","inLanguage":"fr-FR","@id":"https:\/\/lei.net\/#\/schema\/logo\/image\/","url":"https:\/\/lei.net\/wp-content\/uploads\/2021\/12\/color_vertical.jpg","contentUrl":"https:\/\/lei.net\/wp-content\/uploads\/2021\/12\/color_vertical.jpg","width":283,"height":283,"caption":"F.I.D.Firmeninformationsdienst GmbH"},"image":{"@id":"https:\/\/lei.net\/#\/schema\/logo\/image\/"}}]}},"_links":{"self":[{"href":"https:\/\/lei.net\/fr\/wp-json\/wp\/v2\/pages\/237","targetHints":{"allow":["GET"]}}],"collection":[{"href":"https:\/\/lei.net\/fr\/wp-json\/wp\/v2\/pages"}],"about":[{"href":"https:\/\/lei.net\/fr\/wp-json\/wp\/v2\/types\/page"}],"author":[{"embeddable":true,"href":"https:\/\/lei.net\/fr\/wp-json\/wp\/v2\/users\/1"}],"replies":[{"embeddable":true,"href":"https:\/\/lei.net\/fr\/wp-json\/wp\/v2\/comments?post=237"}],"version-history":[{"count":9,"href":"https:\/\/lei.net\/fr\/wp-json\/wp\/v2\/pages\/237\/revisions"}],"predecessor-version":[{"id":17740,"href":"https:\/\/lei.net\/fr\/wp-json\/wp\/v2\/pages\/237\/revisions\/17740"}],"wp:attachment":[{"href":"https:\/\/lei.net\/fr\/wp-json\/wp\/v2\/media?parent=237"}],"curies":[{"name":"wp","href":"https:\/\/api.w.org\/{rel}","templated":true}]}}