

{"id":5177,"date":"2024-03-15T12:52:17","date_gmt":"2024-03-15T11:52:17","guid":{"rendered":"https:\/\/lei.net\/?page_id=5177"},"modified":"2026-03-05T06:13:17","modified_gmt":"2026-03-05T05:13:17","slug":"contact","status":"publish","type":"page","link":"https:\/\/lei.net\/fr\/contact\/","title":{"rendered":"Contact"},"content":{"rendered":"\r\n<div class=\"wp-block-columns is-layout-flex wp-container-core-columns-is-layout-9d6595d7 wp-block-columns-is-layout-flex\">\r\n<div class=\"wp-block-column is-layout-flow wp-block-column-is-layout-flow\">\r\n<h2 class=\"wp-block-heading font-axiforma\" style=\"font-size: 45px; font-style: normal; font-weight: 600;\">Contact<\/h2>\r\n<\/div>\r\n<\/div>\r\n\r\n\r\n\r\n<div class=\"wp-block-columns is-layout-flex wp-container-core-columns-is-layout-9d6595d7 wp-block-columns-is-layout-flex\">\r\n<div class=\"wp-block-column is-layout-flow wp-block-column-is-layout-flow\">\r\n<p>Veuillez utiliser le formulaire pour vos questions. Nous r\u00e9pondrons dans les 2 heures pendant nos heures d&#8217;ouverture.<\/p>\r\n\r\n\r\n\n<p class=\"!text-base md:!text-lg !font-semibold text-center md:text-left\"><a href=\"https:\/\/lei.net\/what-is-lei\/\" class=\"flex text-primary items-center justify-center md:justify-start\">Qu&#8217;est-ce que LEI? <span class=\"stroke-primary rotate-180 w-6 h-6 inline-block\"><svg viewBox=\"0 0 16 16\" fill=\"none\" xmlns=\"http:\/\/www.w3.org\/2000\/svg\">\n<path d=\"M10 12.0002L6 8.00024L10 4.00024\" stroke-width=\"1.5\" stroke-linecap=\"round\" stroke-linejoin=\"round\"\/>\n<\/svg>\n<\/span><\/a><\/p>\r\n\r\n\n<p class=\"!text-base md:!text-lg !font-semibold text-center md:text-left\"><a href=\"https:\/\/lei.net\/faq\/\" class=\"flex text-primary items-center justify-center md:justify-start\">FAQ <span class=\"stroke-primary rotate-180 w-6 h-6 inline-block\"><svg viewBox=\"0 0 16 16\" fill=\"none\" xmlns=\"http:\/\/www.w3.org\/2000\/svg\">\n<path d=\"M10 12.0002L6 8.00024L10 4.00024\" stroke-width=\"1.5\" stroke-linecap=\"round\" stroke-linejoin=\"round\"\/>\n<\/svg>\n<\/span><\/a><\/p>\r\n\r\n\r\n<p>Num\u00e9ro de t\u00e9l\u00e9phone: +49 (89) 614215110<br \/>E-mail: support@lei.net<\/p>\r\n\r\n\r\n\r\n<p>LEI.net par FID GmbH<\/p>\r\n<\/div>\r\n\r\n\r\n\r\n<div class=\"wp-block-column is-layout-flow wp-block-column-is-layout-flow\">\n<div class=\"wpcf7 no-js\" id=\"wpcf7-f728-o1\" lang=\"fr-FR\" dir=\"ltr\" data-wpcf7-id=\"728\">\n<div class=\"screen-reader-response\"><p role=\"status\" aria-live=\"polite\" aria-atomic=\"true\"><\/p> <ul><\/ul><\/div>\n<form action=\"\/fr\/wp-json\/wp\/v2\/pages\/5177#wpcf7-f728-o1\" method=\"post\" class=\"wpcf7-form init\" aria-label=\"Formulaire de contact\" novalidate=\"novalidate\" data-status=\"init\">\n<fieldset class=\"hidden-fields-container\"><input type=\"hidden\" name=\"_wpcf7\" value=\"728\" \/><input type=\"hidden\" name=\"_wpcf7_version\" value=\"6.1\" \/><input type=\"hidden\" name=\"_wpcf7_locale\" value=\"fr_FR\" \/><input type=\"hidden\" name=\"_wpcf7_unit_tag\" value=\"wpcf7-f728-o1\" \/><input type=\"hidden\" name=\"_wpcf7_container_post\" value=\"0\" \/><input type=\"hidden\" name=\"_wpcf7_posted_data_hash\" value=\"\" \/><input type=\"hidden\" name=\"_wpcf7_recaptcha_response\" value=\"\" \/>\n<\/fieldset>\n<p><span class=\"wpcf7-form-control-wrap\" data-name=\"your-name\"><text-field model-value=\"\" standalone=\"true\" class=\"wpcf7-form-control wpcf7-text wpcf7-validates-as-required\" aria-required=\"true\" aria-invalid=\"false\" placeholder=\"Votre nom\" value=\"\" type=\"text\" name=\"your-name\" label=\"Votre nom\"\/><\/span><br \/>\n<span class=\"wpcf7-form-control-wrap\" data-name=\"your-email\"><text-field model-value=\"\" standalone=\"true\" class=\"wpcf7-form-control wpcf7-email wpcf7-validates-as-required wpcf7-text wpcf7-validates-as-email\" aria-required=\"true\" aria-invalid=\"false\" placeholder=\"E-mail\" value=\"\" type=\"email\" name=\"your-email\" label=\"E-mail\"\/><\/span><br \/>\n<span class=\"wpcf7-form-control-wrap\" data-name=\"your-subject\"><text-field model-value=\"\" standalone=\"true\" class=\"wpcf7-form-control wpcf7-text wpcf7-validates-as-required\" aria-required=\"true\" aria-invalid=\"false\" placeholder=\"Sujet\" value=\"\" type=\"text\" name=\"your-subject\" label=\"Sujet\"\/><\/span><br \/>\n<span class=\"wpcf7-form-control-wrap\" data-name=\"your-message\"><textarea-field model-value=\"\" cols=\"40\" rows=\"10\" class=\"wpcf7-form-control wpcf7-textarea\" aria-invalid=\"false\" placeholder=\"Votre message\" name=\"your-message\" label=\"Votre message\" \/>Votre message<\/span><br \/>\n<input class=\"wpcf7-form-control wpcf7-submit has-spinner action-button contact-field-button\" type=\"submit\" value=\"Envoyer\" \/>\n<\/p><div class=\"wpcf7-response-output\" aria-hidden=\"true\"><\/div>\n<\/form>\n<\/div>\n\n<\/div>\r\n<\/div>\r\n\r\n\r\n","protected":false},"excerpt":{"rendered":"<p>Contact Veuillez utiliser le formulaire pour vos questions. Nous r\u00e9pondrons dans les 2 heures pendant nos heures d&#8217;ouverture. Num\u00e9ro de t\u00e9l\u00e9phone: +49 (89) 614215110E-mail: support@lei.net LEI.net par FID GmbH<\/p>\n","protected":false},"author":1,"featured_media":0,"parent":0,"menu_order":0,"comment_status":"closed","ping_status":"closed","template":"","meta":{"_acf_changed":false,"footnotes":""},"class_list":["post-5177","page","type-page","status-publish","hentry"],"acf":[],"yoast_head":"<!-- This site is optimized with the Yoast SEO plugin v25.6 - https:\/\/yoast.com\/wordpress\/plugins\/seo\/ -->\n<title>Contact - LEI.net<\/title>\n<meta name=\"description\" content=\"Contact Veuillez utiliser le formulaire pour vos questions. Nous r\u00e9pondrons dans les 2 heures pendant nos heures d&#039;ouverture. Num\u00e9ro de t\u00e9l\u00e9phone: +49\" \/>\n<meta name=\"robots\" content=\"index, follow, max-snippet:-1, max-image-preview:large, max-video-preview:-1\" \/>\n<link rel=\"canonical\" href=\"https:\/\/lei.net\/fr\/wp-json\/wp\/v2\/pages\/5177\" \/>\n<meta property=\"og:locale\" content=\"fr_FR\" \/>\n<meta property=\"og:type\" content=\"article\" \/>\n<meta property=\"og:title\" content=\"Contact - LEI.net\" \/>\n<meta property=\"og:description\" content=\"Contact Veuillez utiliser le formulaire pour vos questions. Nous r\u00e9pondrons dans les 2 heures pendant nos heures d&#039;ouverture. Num\u00e9ro de t\u00e9l\u00e9phone: +49\" \/>\n<meta property=\"og:url\" content=\"https:\/\/lei.net\/fr\/contact\/\" \/>\n<meta property=\"og:site_name\" content=\"LEI.net\" \/>\n<meta property=\"article:modified_time\" content=\"2026-03-05T05:13:17+00:00\" \/>\n<meta name=\"twitter:card\" content=\"summary_large_image\" \/>\n<meta name=\"twitter:label1\" content=\"Dur\u00e9e de lecture estim\u00e9e\" \/>\n\t<meta name=\"twitter:data1\" content=\"1 minute\" \/>\n<script type=\"application\/ld+json\" class=\"yoast-schema-graph\">{\"@context\":\"https:\/\/schema.org\",\"@graph\":[{\"@type\":\"WebPage\",\"@id\":\"https:\/\/lei.net\/fr\/contact\/\",\"url\":\"https:\/\/lei.net\/fr\/contact\/\",\"name\":\"Contact - LEI.net\",\"isPartOf\":{\"@id\":\"https:\/\/lei.net\/#website\"},\"datePublished\":\"2024-03-15T11:52:17+00:00\",\"dateModified\":\"2026-03-05T05:13:17+00:00\",\"description\":\"Contact Veuillez utiliser le formulaire pour vos questions. Nous r\u00e9pondrons dans les 2 heures pendant nos heures d'ouverture. Num\u00e9ro de t\u00e9l\u00e9phone: +49\",\"breadcrumb\":{\"@id\":\"https:\/\/lei.net\/fr\/contact\/#breadcrumb\"},\"inLanguage\":\"fr-FR\",\"potentialAction\":[{\"@type\":\"ReadAction\",\"target\":[\"https:\/\/lei.net\/fr\/contact\/\"]}]},{\"@type\":\"BreadcrumbList\",\"@id\":\"https:\/\/lei.net\/fr\/contact\/#breadcrumb\",\"itemListElement\":[{\"@type\":\"ListItem\",\"position\":1,\"name\":\"Startseite\",\"item\":\"https:\/\/lei.net\/fr\/\"},{\"@type\":\"ListItem\",\"position\":2,\"name\":\"Contact\"}]},{\"@type\":\"WebSite\",\"@id\":\"https:\/\/lei.net\/#website\",\"url\":\"https:\/\/lei.net\/\",\"name\":\"LEI.net\",\"description\":\"Official Legal Entity Identifier (LEI) Registrar\",\"publisher\":{\"@id\":\"https:\/\/lei.net\/#organization\"},\"potentialAction\":[{\"@type\":\"SearchAction\",\"target\":{\"@type\":\"EntryPoint\",\"urlTemplate\":\"https:\/\/lei.net\/?s={search_term_string}\"},\"query-input\":{\"@type\":\"PropertyValueSpecification\",\"valueRequired\":true,\"valueName\":\"search_term_string\"}}],\"inLanguage\":\"fr-FR\"},{\"@type\":\"Organization\",\"@id\":\"https:\/\/lei.net\/#organization\",\"name\":\"F.I.D.Firmeninformationsdienst GmbH\",\"url\":\"https:\/\/lei.net\/\",\"logo\":{\"@type\":\"ImageObject\",\"inLanguage\":\"fr-FR\",\"@id\":\"https:\/\/lei.net\/#\/schema\/logo\/image\/\",\"url\":\"https:\/\/lei.net\/wp-content\/uploads\/2021\/12\/color_vertical.jpg\",\"contentUrl\":\"https:\/\/lei.net\/wp-content\/uploads\/2021\/12\/color_vertical.jpg\",\"width\":283,\"height\":283,\"caption\":\"F.I.D.Firmeninformationsdienst GmbH\"},\"image\":{\"@id\":\"https:\/\/lei.net\/#\/schema\/logo\/image\/\"}}]}<\/script>\n<!-- \/ Yoast SEO plugin. -->","yoast_head_json":{"title":"Contact - LEI.net","description":"Contact Veuillez utiliser le formulaire pour vos questions. Nous r\u00e9pondrons dans les 2 heures pendant nos heures d'ouverture. Num\u00e9ro de t\u00e9l\u00e9phone: +49","robots":{"index":"index","follow":"follow","max-snippet":"max-snippet:-1","max-image-preview":"max-image-preview:large","max-video-preview":"max-video-preview:-1"},"canonical":"https:\/\/lei.net\/fr\/wp-json\/wp\/v2\/pages\/5177","og_locale":"fr_FR","og_type":"article","og_title":"Contact - LEI.net","og_description":"Contact Veuillez utiliser le formulaire pour vos questions. Nous r\u00e9pondrons dans les 2 heures pendant nos heures d'ouverture. Num\u00e9ro de t\u00e9l\u00e9phone: +49","og_url":"https:\/\/lei.net\/fr\/contact\/","og_site_name":"LEI.net","article_modified_time":"2026-03-05T05:13:17+00:00","twitter_card":"summary_large_image","twitter_misc":{"Dur\u00e9e de lecture estim\u00e9e":"1 minute"},"schema":{"@context":"https:\/\/schema.org","@graph":[{"@type":"WebPage","@id":"https:\/\/lei.net\/fr\/contact\/","url":"https:\/\/lei.net\/fr\/contact\/","name":"Contact - LEI.net","isPartOf":{"@id":"https:\/\/lei.net\/#website"},"datePublished":"2024-03-15T11:52:17+00:00","dateModified":"2026-03-05T05:13:17+00:00","description":"Contact Veuillez utiliser le formulaire pour vos questions. Nous r\u00e9pondrons dans les 2 heures pendant nos heures d'ouverture. Num\u00e9ro de t\u00e9l\u00e9phone: +49","breadcrumb":{"@id":"https:\/\/lei.net\/fr\/contact\/#breadcrumb"},"inLanguage":"fr-FR","potentialAction":[{"@type":"ReadAction","target":["https:\/\/lei.net\/fr\/contact\/"]}]},{"@type":"BreadcrumbList","@id":"https:\/\/lei.net\/fr\/contact\/#breadcrumb","itemListElement":[{"@type":"ListItem","position":1,"name":"Startseite","item":"https:\/\/lei.net\/fr\/"},{"@type":"ListItem","position":2,"name":"Contact"}]},{"@type":"WebSite","@id":"https:\/\/lei.net\/#website","url":"https:\/\/lei.net\/","name":"LEI.net","description":"Official Legal Entity Identifier (LEI) Registrar","publisher":{"@id":"https:\/\/lei.net\/#organization"},"potentialAction":[{"@type":"SearchAction","target":{"@type":"EntryPoint","urlTemplate":"https:\/\/lei.net\/?s={search_term_string}"},"query-input":{"@type":"PropertyValueSpecification","valueRequired":true,"valueName":"search_term_string"}}],"inLanguage":"fr-FR"},{"@type":"Organization","@id":"https:\/\/lei.net\/#organization","name":"F.I.D.Firmeninformationsdienst GmbH","url":"https:\/\/lei.net\/","logo":{"@type":"ImageObject","inLanguage":"fr-FR","@id":"https:\/\/lei.net\/#\/schema\/logo\/image\/","url":"https:\/\/lei.net\/wp-content\/uploads\/2021\/12\/color_vertical.jpg","contentUrl":"https:\/\/lei.net\/wp-content\/uploads\/2021\/12\/color_vertical.jpg","width":283,"height":283,"caption":"F.I.D.Firmeninformationsdienst GmbH"},"image":{"@id":"https:\/\/lei.net\/#\/schema\/logo\/image\/"}}]}},"_links":{"self":[{"href":"https:\/\/lei.net\/fr\/wp-json\/wp\/v2\/pages\/5177","targetHints":{"allow":["GET"]}}],"collection":[{"href":"https:\/\/lei.net\/fr\/wp-json\/wp\/v2\/pages"}],"about":[{"href":"https:\/\/lei.net\/fr\/wp-json\/wp\/v2\/types\/page"}],"author":[{"embeddable":true,"href":"https:\/\/lei.net\/fr\/wp-json\/wp\/v2\/users\/1"}],"replies":[{"embeddable":true,"href":"https:\/\/lei.net\/fr\/wp-json\/wp\/v2\/comments?post=5177"}],"version-history":[{"count":3,"href":"https:\/\/lei.net\/fr\/wp-json\/wp\/v2\/pages\/5177\/revisions"}],"predecessor-version":[{"id":17745,"href":"https:\/\/lei.net\/fr\/wp-json\/wp\/v2\/pages\/5177\/revisions\/17745"}],"wp:attachment":[{"href":"https:\/\/lei.net\/fr\/wp-json\/wp\/v2\/media?parent=5177"}],"curies":[{"name":"wp","href":"https:\/\/api.w.org\/{rel}","templated":true}]}}