

{"id":687,"date":"2021-08-05T13:07:05","date_gmt":"2021-08-05T12:07:05","guid":{"rendered":"https:\/\/lei.net\/imprint\/"},"modified":"2026-03-05T06:14:49","modified_gmt":"2026-03-05T05:14:49","slug":"impressum","status":"publish","type":"page","link":"https:\/\/lei.net\/fr\/impressum\/","title":{"rendered":"Impressum"},"content":{"rendered":"\r\n<div class=\"wp-block-columns is-layout-flex wp-container-core-columns-is-layout-9d6595d7 wp-block-columns-is-layout-flex\">\r\n<div class=\"wp-block-column is-layout-flow wp-block-column-is-layout-flow\">  <div class=\"container px-4 xl:px-0\">\n    <div class=\"flex flex-wrap  mb-10 md:mb-16\">\n      <div class=\"w-full md:w-1\/2\">\n      <h1 class=\"font-axiforma text-[45px] md:text-[55px] text-center md:text-left\">Impressum<\/h1>\n            <\/div>\n      <div class=\"w-full md:w-1\/2 flex justify-center mt-10 md:mt-0\">\n        <img loading=\"lazy\" decoding=\"async\" alt=\"\" src=\"https:\/\/lei.net\/wp-content\/uploads\/2021\/06\/transfer.svg\" width=\"215\" height=\"250\">      <\/div>\n    <\/div>\n  <\/div>\n<\/div>\r\n\r\n\r\n\r\n<div class=\"wp-block-column is-layout-flow wp-block-column-is-layout-flow\">\r\n<p>LEI.NET est un service de F.I.D. Firmeninformationsdienst GmbH.<\/p>\r\n\r\n\r\n\r\n<p>Les repr\u00e9sentants l\u00e9gaux de F.I.D. Firmeninformationsdienst GmbH sont les directeurs g\u00e9n\u00e9raux C. Raphael Mahir et Markus S. Glatz.<\/p>\r\n\r\n\r\n\r\n<p>F.I.D. Company Information Service GmbH (en angais)<br \/>Pelkovenstrasse 148<br \/>D-80992 Munich<\/p>\r\n\r\n\r\n\r\n<p>Num\u00e9ro de t\u00e9l\u00e9phone: +49 (89) 614215110<br \/>Courriel: <a href=\"mailto:support@lei.net\">support@lei.net<\/a><\/p>\r\n\r\n\r\n\r\n<p>HRB 216109 (tribunal local de Munich)<br \/>N\u00b0 de TVA.: DE298120788<br \/>Bureau fiscal de Munich II<br \/>LEI: 98450069D77R7698B317<\/p>\r\n<\/div>\r\n<\/div>\r\n","protected":false},"excerpt":{"rendered":"<p>LEI.NET est un service de F.I.D. Firmeninformationsdienst GmbH. Les repr\u00e9sentants l\u00e9gaux de F.I.D. Firmeninformationsdienst GmbH sont les directeurs g\u00e9n\u00e9raux C. Raphael Mahir et Markus S. Glatz. F.I.D. Company Information Service GmbH (en angais)Pelkovenstrasse 148D-80992 Munich Num\u00e9ro de t\u00e9l\u00e9phone: +49 (89) 614215110Courriel: support@lei.net HRB 216109 (tribunal local de Munich)N\u00b0 de TVA.: DE298120788Bureau fiscal de Munich IILEI: [&hellip;]<\/p>\n","protected":false},"author":4,"featured_media":0,"parent":0,"menu_order":0,"comment_status":"closed","ping_status":"closed","template":"","meta":{"_acf_changed":false,"footnotes":""},"class_list":["post-687","page","type-page","status-publish","hentry"],"acf":[],"yoast_head":"<!-- This site is optimized with the Yoast SEO plugin v25.6 - https:\/\/yoast.com\/wordpress\/plugins\/seo\/ -->\n<title>Impressum - LEI.net<\/title>\n<meta name=\"description\" content=\"LEI.NET est un service de F.I.D. Firmeninformationsdienst GmbH. Les repr\u00e9sentants l\u00e9gaux de F.I.D. Firmeninformationsdienst GmbH sont les directeurs\" \/>\n<meta name=\"robots\" content=\"index, follow, max-snippet:-1, max-image-preview:large, max-video-preview:-1\" \/>\n<link rel=\"canonical\" href=\"https:\/\/lei.net\/fr\/wp-json\/wp\/v2\/pages\/687\" \/>\n<meta property=\"og:locale\" content=\"fr_FR\" \/>\n<meta property=\"og:type\" content=\"article\" \/>\n<meta property=\"og:title\" content=\"Impressum - LEI.net\" \/>\n<meta property=\"og:description\" content=\"LEI.NET est un service de F.I.D. Firmeninformationsdienst GmbH. Les repr\u00e9sentants l\u00e9gaux de F.I.D. Firmeninformationsdienst GmbH sont les directeurs\" \/>\n<meta property=\"og:url\" content=\"https:\/\/lei.net\/fr\/impressum\/\" \/>\n<meta property=\"og:site_name\" content=\"LEI.net\" \/>\n<meta property=\"article:modified_time\" content=\"2026-03-05T05:14:49+00:00\" \/>\n<meta name=\"twitter:card\" content=\"summary_large_image\" \/>\n<meta name=\"twitter:label1\" content=\"Dur\u00e9e de lecture estim\u00e9e\" \/>\n\t<meta name=\"twitter:data1\" content=\"1 minute\" \/>\n<script type=\"application\/ld+json\" class=\"yoast-schema-graph\">{\"@context\":\"https:\/\/schema.org\",\"@graph\":[{\"@type\":\"WebPage\",\"@id\":\"https:\/\/lei.net\/fr\/impressum\/\",\"url\":\"https:\/\/lei.net\/fr\/impressum\/\",\"name\":\"Impressum - LEI.net\",\"isPartOf\":{\"@id\":\"https:\/\/lei.net\/#website\"},\"datePublished\":\"2021-08-05T12:07:05+00:00\",\"dateModified\":\"2026-03-05T05:14:49+00:00\",\"description\":\"LEI.NET est un service de F.I.D. Firmeninformationsdienst GmbH. Les repr\u00e9sentants l\u00e9gaux de F.I.D. Firmeninformationsdienst GmbH sont les directeurs\",\"breadcrumb\":{\"@id\":\"https:\/\/lei.net\/fr\/impressum\/#breadcrumb\"},\"inLanguage\":\"fr-FR\",\"potentialAction\":[{\"@type\":\"ReadAction\",\"target\":[\"https:\/\/lei.net\/fr\/impressum\/\"]}]},{\"@type\":\"BreadcrumbList\",\"@id\":\"https:\/\/lei.net\/fr\/impressum\/#breadcrumb\",\"itemListElement\":[{\"@type\":\"ListItem\",\"position\":1,\"name\":\"Startseite\",\"item\":\"https:\/\/lei.net\/fr\/\"},{\"@type\":\"ListItem\",\"position\":2,\"name\":\"Impressum\"}]},{\"@type\":\"WebSite\",\"@id\":\"https:\/\/lei.net\/#website\",\"url\":\"https:\/\/lei.net\/\",\"name\":\"LEI.net\",\"description\":\"Official Legal Entity Identifier (LEI) Registrar\",\"publisher\":{\"@id\":\"https:\/\/lei.net\/#organization\"},\"potentialAction\":[{\"@type\":\"SearchAction\",\"target\":{\"@type\":\"EntryPoint\",\"urlTemplate\":\"https:\/\/lei.net\/?s={search_term_string}\"},\"query-input\":{\"@type\":\"PropertyValueSpecification\",\"valueRequired\":true,\"valueName\":\"search_term_string\"}}],\"inLanguage\":\"fr-FR\"},{\"@type\":\"Organization\",\"@id\":\"https:\/\/lei.net\/#organization\",\"name\":\"F.I.D.Firmeninformationsdienst GmbH\",\"url\":\"https:\/\/lei.net\/\",\"logo\":{\"@type\":\"ImageObject\",\"inLanguage\":\"fr-FR\",\"@id\":\"https:\/\/lei.net\/#\/schema\/logo\/image\/\",\"url\":\"https:\/\/lei.net\/wp-content\/uploads\/2021\/12\/color_vertical.jpg\",\"contentUrl\":\"https:\/\/lei.net\/wp-content\/uploads\/2021\/12\/color_vertical.jpg\",\"width\":283,\"height\":283,\"caption\":\"F.I.D.Firmeninformationsdienst GmbH\"},\"image\":{\"@id\":\"https:\/\/lei.net\/#\/schema\/logo\/image\/\"}}]}<\/script>\n<!-- \/ Yoast SEO plugin. -->","yoast_head_json":{"title":"Impressum - LEI.net","description":"LEI.NET est un service de F.I.D. Firmeninformationsdienst GmbH. Les repr\u00e9sentants l\u00e9gaux de F.I.D. Firmeninformationsdienst GmbH sont les directeurs","robots":{"index":"index","follow":"follow","max-snippet":"max-snippet:-1","max-image-preview":"max-image-preview:large","max-video-preview":"max-video-preview:-1"},"canonical":"https:\/\/lei.net\/fr\/wp-json\/wp\/v2\/pages\/687","og_locale":"fr_FR","og_type":"article","og_title":"Impressum - LEI.net","og_description":"LEI.NET est un service de F.I.D. Firmeninformationsdienst GmbH. Les repr\u00e9sentants l\u00e9gaux de F.I.D. Firmeninformationsdienst GmbH sont les directeurs","og_url":"https:\/\/lei.net\/fr\/impressum\/","og_site_name":"LEI.net","article_modified_time":"2026-03-05T05:14:49+00:00","twitter_card":"summary_large_image","twitter_misc":{"Dur\u00e9e de lecture estim\u00e9e":"1 minute"},"schema":{"@context":"https:\/\/schema.org","@graph":[{"@type":"WebPage","@id":"https:\/\/lei.net\/fr\/impressum\/","url":"https:\/\/lei.net\/fr\/impressum\/","name":"Impressum - LEI.net","isPartOf":{"@id":"https:\/\/lei.net\/#website"},"datePublished":"2021-08-05T12:07:05+00:00","dateModified":"2026-03-05T05:14:49+00:00","description":"LEI.NET est un service de F.I.D. Firmeninformationsdienst GmbH. Les repr\u00e9sentants l\u00e9gaux de F.I.D. Firmeninformationsdienst GmbH sont les directeurs","breadcrumb":{"@id":"https:\/\/lei.net\/fr\/impressum\/#breadcrumb"},"inLanguage":"fr-FR","potentialAction":[{"@type":"ReadAction","target":["https:\/\/lei.net\/fr\/impressum\/"]}]},{"@type":"BreadcrumbList","@id":"https:\/\/lei.net\/fr\/impressum\/#breadcrumb","itemListElement":[{"@type":"ListItem","position":1,"name":"Startseite","item":"https:\/\/lei.net\/fr\/"},{"@type":"ListItem","position":2,"name":"Impressum"}]},{"@type":"WebSite","@id":"https:\/\/lei.net\/#website","url":"https:\/\/lei.net\/","name":"LEI.net","description":"Official Legal Entity Identifier (LEI) Registrar","publisher":{"@id":"https:\/\/lei.net\/#organization"},"potentialAction":[{"@type":"SearchAction","target":{"@type":"EntryPoint","urlTemplate":"https:\/\/lei.net\/?s={search_term_string}"},"query-input":{"@type":"PropertyValueSpecification","valueRequired":true,"valueName":"search_term_string"}}],"inLanguage":"fr-FR"},{"@type":"Organization","@id":"https:\/\/lei.net\/#organization","name":"F.I.D.Firmeninformationsdienst GmbH","url":"https:\/\/lei.net\/","logo":{"@type":"ImageObject","inLanguage":"fr-FR","@id":"https:\/\/lei.net\/#\/schema\/logo\/image\/","url":"https:\/\/lei.net\/wp-content\/uploads\/2021\/12\/color_vertical.jpg","contentUrl":"https:\/\/lei.net\/wp-content\/uploads\/2021\/12\/color_vertical.jpg","width":283,"height":283,"caption":"F.I.D.Firmeninformationsdienst GmbH"},"image":{"@id":"https:\/\/lei.net\/#\/schema\/logo\/image\/"}}]}},"_links":{"self":[{"href":"https:\/\/lei.net\/fr\/wp-json\/wp\/v2\/pages\/687","targetHints":{"allow":["GET"]}}],"collection":[{"href":"https:\/\/lei.net\/fr\/wp-json\/wp\/v2\/pages"}],"about":[{"href":"https:\/\/lei.net\/fr\/wp-json\/wp\/v2\/types\/page"}],"author":[{"embeddable":true,"href":"https:\/\/lei.net\/fr\/wp-json\/wp\/v2\/users\/4"}],"replies":[{"embeddable":true,"href":"https:\/\/lei.net\/fr\/wp-json\/wp\/v2\/comments?post=687"}],"version-history":[{"count":5,"href":"https:\/\/lei.net\/fr\/wp-json\/wp\/v2\/pages\/687\/revisions"}],"predecessor-version":[{"id":17746,"href":"https:\/\/lei.net\/fr\/wp-json\/wp\/v2\/pages\/687\/revisions\/17746"}],"wp:attachment":[{"href":"https:\/\/lei.net\/fr\/wp-json\/wp\/v2\/media?parent=687"}],"curies":[{"name":"wp","href":"https:\/\/api.w.org\/{rel}","templated":true}]}}