

{"id":5303,"date":"2021-06-30T13:44:40","date_gmt":"2021-06-30T12:44:40","guid":{"rendered":"https:\/\/lei.net\/transfer\/"},"modified":"2026-02-26T07:32:40","modified_gmt":"2026-02-26T06:32:40","slug":"transzfer","status":"publish","type":"page","link":"https:\/\/lei.net\/hu\/transzfer\/","title":{"rendered":"Transzfer"},"content":{"rendered":"\n<select-plan-component default-subscription-type=\"transfer\" :switcher=\"false\" :reasons=\"[{&quot;_type&quot;:&quot;_&quot;,&quot;reason_code&quot;:&quot;NATURAL_PERSON&quot;,&quot;reason&quot;:&quot;Term\\u00e9szetes szem\\u00e9lyek: \\u00c9rtelemszer\\u0171en nincs anyav\\u00e1llalat, mert a gazd\\u00e1lkod\\u00f3 egys\\u00e9get olyan term\\u00e9szetes szem\\u00e9ly vagy k\\u00f6ztes anyav\\u00e1llalat n\\u00e9lk\\u00fcli szem\\u00e9lyek ir\\u00e1ny\\u00edtj\\u00e1k, akik megfelelnek az anyav\\u00e1llalat konszolid\\u00e1ci\\u00f3s k\\u00f6r\\u00e9nek meghat\\u00e1roz\\u00e1s\\u00e1nak.&quot;,&quot;information_points&quot;:[]},{&quot;_type&quot;:&quot;_&quot;,&quot;reason_code&quot;:&quot;NON_CONSOLIDATING&quot;,&quot;reason&quot;:&quot;NEM_KONSZOLID\\u00c1LT: A defin\\u00edci\\u00f3 szerint nincs anyav\\u00e1llalat, mert a gazd\\u00e1lkod\\u00f3 egys\\u00e9get olyan jogi szem\\u00e9lyek ir\\u00e1ny\\u00edtj\\u00e1k, amelyek nem tartoznak konszolid\\u00e1lt p\\u00e9nz\\u00fcgyi kimutat\\u00e1sok k\\u00e9sz\\u00edt\\u00e9s\\u00e9re.&quot;,&quot;information_points&quot;:[]},{&quot;_type&quot;:&quot;_&quot;,&quot;reason_code&quot;:&quot;NO_KNOWN_PERSON&quot;,&quot;reason&quot;:&quot;Nem ismert szem\\u00e9ly: A defin\\u00edci\\u00f3 szerint a Jogi Szem\\u00e9lyazonos\\u00edt\\u00f3 Alap\\u00edtv\\u00e1nyban nincs sz\\u00fcl\\u0151, mert nincs ismert szem\\u00e9ly, aki ir\\u00e1ny\\u00edtan\\u00e1 a szervezetet (pl. sz\\u00e9tsz\\u00f3rt r\\u00e9szv\\u00e9nyesek).&quot;,&quot;information_points&quot;:[]},{&quot;_type&quot;:&quot;_&quot;,&quot;reason_code&quot;:&quot;NON_PUBLIC&quot;,&quot;reason&quot;:&quot;NON_PUBLIC: A k\\u00f6vetkez\\u0151 alkalmaz\\u00e1sokhoz:&quot;,&quot;information_points&quot;:[{&quot;_type&quot;:&quot;_&quot;,&quot;information_point&quot;:&quot;Jogi akad\\u00e1lyok: Egy joghat\\u00f3s\\u00e1g t\\u00f6rv\\u00e9nyei vagy rendeletei akad\\u00e1lyozz\\u00e1k az inform\\u00e1ci\\u00f3k szolg\\u00e1ltat\\u00e1s\\u00e1t vagy k\\u00f6zz\\u00e9t\\u00e9tel\\u00e9t. Az entit\\u00e1s nem teheti k\\u00f6zz\\u00e9 az anyav\\u00e1llalatot a glob\\u00e1lis LEI-sz\\u00e1m adatb\\u00e1zisban.&quot;},{&quot;_type&quot;:&quot;_&quot;,&quot;information_point&quot;:&quot;Hozz\\u00e1j\\u00e1rul\\u00e1s nem t\\u00f6rt\\u00e9nt meg: A hat\\u00e1lyos jogszab\\u00e1lyi keretek szerint az anyav\\u00e1llalat hozz\\u00e1j\\u00e1rul\\u00e1sa kellett, \\u00e9s az anyav\\u00e1llalat nem j\\u00e1rult hozz\\u00e1, illetve nem lehetett vele kapcsolatba l\\u00e9pni.&quot;},{&quot;_type&quot;:&quot;_&quot;,&quot;information_point&quot;:&quot;K\\u00f6telez\\u0151 \\u00e9rv\\u00e9ny\\u0171 jogi k\\u00f6telezetts\\u00e9gv\\u00e1llal\\u00e1sok: A k\\u00f6telez\\u0151 erej\\u0171 jogi k\\u00f6telezetts\\u00e9gv\\u00e1llal\\u00e1sok (az adott joghat\\u00f3s\\u00e1g t\\u00f6rv\\u00e9nyeit\\u0151l \\u00e9s rendeleteit\\u0151l elt\\u00e9r\\u0151en), p\\u00e9ld\\u00e1ul a jogi szem\\u00e9lyre vagy szerz\\u0151d\\u00e9sre vonatkoz\\u00f3 alapszab\\u00e1lyok megakad\\u00e1lyozz\\u00e1k ezen inform\\u00e1ci\\u00f3k rendelkez\\u00e9sre bocs\\u00e1t\\u00e1s\\u00e1t vagy k\\u00f6zz\\u00e9t\\u00e9tel\\u00e9t.&quot;},{&quot;_type&quot;:&quot;_&quot;,&quot;information_point&quot;:&quot;\\u00c9rt\\u00e9kveszt\\u00e9s nem mentes\\u00fcl: A le\\u00e1nyv\\u00e1llalat k\\u00e9rte az anyav\\u00e1llalat felkeres\\u00e9s\\u00e9t az anyav\\u00e1llalati besz\\u00e1mol\\u00f3val kapcsolatban, de ezt az \\u00e9rt\\u00e9kveszt\\u00e9s hi\\u00e1nya miatt nem tudta \\u00fagy meger\\u0151s\\u00edteni, hogy elker\\u00fclje a le\\u00e1nyv\\u00e1llalat felel\\u0151ss\\u00e9g\\u00e9nek \\u00e9sszer\\u0171 kock\\u00e1zat\\u00e1t.&quot;},{&quot;_type&quot;:&quot;_&quot;,&quot;information_point&quot;:&quot;K\\u00e1ros hat\\u00e1s a k\\u00f6zz\\u00e9t\\u00e9telre: Ezen inform\\u00e1ci\\u00f3k nyilv\\u00e1noss\\u00e1gra hozatala k\\u00e1ros lenne az \\u00e9rintett jogi szem\\u00e9lyre vagy anyaszervezetre n\\u00e9zve. Ez mag\\u00e1ban foglalja a hat\\u00f3s\\u00e1gok \\u00e1ltal hasonl\\u00f3 k\\u00f6r\\u00fclm\\u00e9nyek k\\u00f6z\\u00f6tt \\u00e1ltal\\u00e1nosan elfogadott indokokat is, amelyek a szervezet nyilatkozat\\u00e1n alapulnak.&quot;}]},{&quot;_type&quot;:&quot;_&quot;,&quot;reason_code&quot;:&quot;NO_LEI&quot;,&quot;reason&quot;:&quot;Nincs LEI: A gyermek jogi szem\\u00e9ly jelent\\u00e9se szerint van sz\\u00fcl\\u0151je a haszn\\u00e1lt defin\\u00edci\\u00f3 szerint, de ennek a sz\\u00fcl\\u0151nek m\\u00e9g nincs LEI-je.&quot;,&quot;information_points&quot;:[]}]\" :countries=\"{&quot;AF&quot;:&quot;Afghanistan&quot;,&quot;AL&quot;:&quot;Albania&quot;,&quot;DZ&quot;:&quot;Algeria&quot;,&quot;AS&quot;:&quot;American Samoa&quot;,&quot;AD&quot;:&quot;Andorra&quot;,&quot;AO&quot;:&quot;Angola&quot;,&quot;AI&quot;:&quot;Anguilla&quot;,&quot;AG&quot;:&quot;Antigua and Barbuda&quot;,&quot;AR&quot;:&quot;Argentina&quot;,&quot;AM&quot;:&quot;Armenia&quot;,&quot;AW&quot;:&quot;Aruba&quot;,&quot;AU&quot;:&quot;Australia&quot;,&quot;AT&quot;:&quot;Austria&quot;,&quot;AZ&quot;:&quot;Azerbaijan&quot;,&quot;BS&quot;:&quot;Bahamas&quot;,&quot;BD&quot;:&quot;Bangladesh&quot;,&quot;BB&quot;:&quot;Barbados&quot;,&quot;BY&quot;:&quot;Belarus&quot;,&quot;BE&quot;:&quot;Belgium&quot;,&quot;BZ&quot;:&quot;Belize&quot;,&quot;BJ&quot;:&quot;Benin&quot;,&quot;BM&quot;:&quot;Bermuda&quot;,&quot;BT&quot;:&quot;Bhutan&quot;,&quot;BO&quot;:&quot;Bolivia&quot;,&quot;BA&quot;:&quot;Bosnia and Herzegovina&quot;,&quot;BW&quot;:&quot;Botswana&quot;,&quot;BV&quot;:&quot;Bouvet Island&quot;,&quot;BR&quot;:&quot;Brazil&quot;,&quot;IO&quot;:&quot;British Indian Ocean Territory&quot;,&quot;BN&quot;:&quot;Brunei Darussalam&quot;,&quot;BG&quot;:&quot;Bulgaria&quot;,&quot;BF&quot;:&quot;Burkina Faso&quot;,&quot;BI&quot;:&quot;Burundi&quot;,&quot;KH&quot;:&quot;Cambodia&quot;,&quot;CM&quot;:&quot;Cameroon&quot;,&quot;CA&quot;:&quot;Canada&quot;,&quot;KY&quot;:&quot;Cayman Islands&quot;,&quot;CF&quot;:&quot;Central African Republic&quot;,&quot;TD&quot;:&quot;Chad&quot;,&quot;CL&quot;:&quot;Chile&quot;,&quot;CN&quot;:&quot;China&quot;,&quot;CX&quot;:&quot;Christmas Island&quot;,&quot;CC&quot;:&quot;Cocos (Keeling) Islands&quot;,&quot;CO&quot;:&quot;Colombia&quot;,&quot;KM&quot;:&quot;Comoros&quot;,&quot;CG&quot;:&quot;Congo&quot;,&quot;CK&quot;:&quot;Cook Islands&quot;,&quot;CR&quot;:&quot;Costa Rica&quot;,&quot;CI&quot;:&quot;C\\u00f4te d&#039;Ivoire&quot;,&quot;HR&quot;:&quot;Croatia&quot;,&quot;CY&quot;:&quot;Cyprus&quot;,&quot;CZ&quot;:&quot;Czech Republic&quot;,&quot;DK&quot;:&quot;Denmark&quot;,&quot;DJ&quot;:&quot;Djibouti&quot;,&quot;DM&quot;:&quot;Dominica&quot;,&quot;DO&quot;:&quot;Dominican Republic&quot;,&quot;EC&quot;:&quot;Ecuador&quot;,&quot;EG&quot;:&quot;Egypt&quot;,&quot;SV&quot;:&quot;El Salvador&quot;,&quot;GQ&quot;:&quot;Equatorial Guinea&quot;,&quot;EE&quot;:&quot;Estonia&quot;,&quot;ET&quot;:&quot;Ethiopia&quot;,&quot;FK&quot;:&quot;Falkland Islands (Malvinas)&quot;,&quot;FO&quot;:&quot;Faroe Islands&quot;,&quot;FJ&quot;:&quot;Fiji&quot;,&quot;FI&quot;:&quot;Finland&quot;,&quot;FR&quot;:&quot;France&quot;,&quot;GF&quot;:&quot;French Guiana&quot;,&quot;PF&quot;:&quot;French Polynesia&quot;,&quot;TF&quot;:&quot;French Southern Territories&quot;,&quot;GA&quot;:&quot;Gabon&quot;,&quot;GM&quot;:&quot;Gambia&quot;,&quot;GE&quot;:&quot;Georgia&quot;,&quot;DE&quot;:&quot;Germany&quot;,&quot;GH&quot;:&quot;Ghana&quot;,&quot;GI&quot;:&quot;Gibraltar&quot;,&quot;GR&quot;:&quot;Greece&quot;,&quot;GL&quot;:&quot;Greenland&quot;,&quot;GD&quot;:&quot;Grenada&quot;,&quot;GP&quot;:&quot;Guadeloupe&quot;,&quot;GU&quot;:&quot;Guam&quot;,&quot;GT&quot;:&quot;Guatemala&quot;,&quot;GN&quot;:&quot;Guinea&quot;,&quot;GW&quot;:&quot;Guinea-Bissau&quot;,&quot;GY&quot;:&quot;Guyana&quot;,&quot;HT&quot;:&quot;Haiti&quot;,&quot;HM&quot;:&quot;Heard Island and McDonald Islands&quot;,&quot;VA&quot;:&quot;Holy See (Vatican City State)&quot;,&quot;HN&quot;:&quot;Honduras&quot;,&quot;HK&quot;:&quot;Hong Kong&quot;,&quot;HU&quot;:&quot;Hungary&quot;,&quot;IS&quot;:&quot;Iceland&quot;,&quot;IN&quot;:&quot;India&quot;,&quot;ID&quot;:&quot;Indonesia&quot;,&quot;IR&quot;:&quot;Iran&quot;,&quot;IQ&quot;:&quot;Iraq&quot;,&quot;IE&quot;:&quot;Ireland&quot;,&quot;IL&quot;:&quot;Israel&quot;,&quot;IT&quot;:&quot;Italy&quot;,&quot;JM&quot;:&quot;Jamaica&quot;,&quot;JP&quot;:&quot;Japan&quot;,&quot;JO&quot;:&quot;Jordan&quot;,&quot;KZ&quot;:&quot;Kazakhstan&quot;,&quot;KE&quot;:&quot;Kenya&quot;,&quot;KI&quot;:&quot;Kiribati&quot;,&quot;KP&quot;:&quot;North Korea&quot;,&quot;KR&quot;:&quot;South Korea&quot;,&quot;KW&quot;:&quot;Kuwait&quot;,&quot;KG&quot;:&quot;Kyrgyzstan&quot;,&quot;LA&quot;:&quot;Lao People&#039;s Democratic Republic&quot;,&quot;LV&quot;:&quot;Latvia&quot;,&quot;LB&quot;:&quot;Lebanon&quot;,&quot;LS&quot;:&quot;Lesotho&quot;,&quot;LR&quot;:&quot;Liberia&quot;,&quot;LY&quot;:&quot;Libyan Arab Jamahiriya&quot;,&quot;LI&quot;:&quot;Liechtenstein&quot;,&quot;LT&quot;:&quot;Lithuania&quot;,&quot;LU&quot;:&quot;Luxembourg&quot;,&quot;MO&quot;:&quot;Macao&quot;,&quot;MK&quot;:&quot;Macedonia&quot;,&quot;MG&quot;:&quot;Madagascar&quot;,&quot;MW&quot;:&quot;Malawi&quot;,&quot;MY&quot;:&quot;Malaysia&quot;,&quot;MV&quot;:&quot;Maldives&quot;,&quot;ML&quot;:&quot;Mali&quot;,&quot;MT&quot;:&quot;Malta&quot;,&quot;MH&quot;:&quot;Marshall Islands&quot;,&quot;MQ&quot;:&quot;Martinique&quot;,&quot;MR&quot;:&quot;Mauritania&quot;,&quot;MU&quot;:&quot;Mauritius&quot;,&quot;YT&quot;:&quot;Mayotte&quot;,&quot;MX&quot;:&quot;Mexico&quot;,&quot;FM&quot;:&quot;Micronesia&quot;,&quot;MD&quot;:&quot;Moldova&quot;,&quot;MC&quot;:&quot;Monaco&quot;,&quot;MN&quot;:&quot;Mongolia&quot;,&quot;ME&quot;:&quot;Montenegro&quot;,&quot;MS&quot;:&quot;Montserrat&quot;,&quot;MA&quot;:&quot;Morocco&quot;,&quot;MZ&quot;:&quot;Mozambique&quot;,&quot;MM&quot;:&quot;Myanmar&quot;,&quot;NA&quot;:&quot;Namibia&quot;,&quot;NR&quot;:&quot;Nauru&quot;,&quot;NP&quot;:&quot;Nepal&quot;,&quot;NL&quot;:&quot;Netherlands&quot;,&quot;AN&quot;:&quot;Netherlands Antilles&quot;,&quot;NC&quot;:&quot;New Caledonia&quot;,&quot;NZ&quot;:&quot;New Zealand&quot;,&quot;NI&quot;:&quot;Nicaragua&quot;,&quot;NE&quot;:&quot;Niger&quot;,&quot;NG&quot;:&quot;Nigeria&quot;,&quot;NU&quot;:&quot;Niue&quot;,&quot;NF&quot;:&quot;Norfolk Island&quot;,&quot;MP&quot;:&quot;Northern Mariana Islands&quot;,&quot;NO&quot;:&quot;Norway&quot;,&quot;OM&quot;:&quot;Oman&quot;,&quot;PK&quot;:&quot;Pakistan&quot;,&quot;PW&quot;:&quot;Palau&quot;,&quot;PS&quot;:&quot;Palestinian Territory&quot;,&quot;PA&quot;:&quot;Panama&quot;,&quot;PG&quot;:&quot;Papua New Guinea&quot;,&quot;PY&quot;:&quot;Paraguay&quot;,&quot;PE&quot;:&quot;Peru&quot;,&quot;PH&quot;:&quot;Philippines&quot;,&quot;PN&quot;:&quot;Pitcairn&quot;,&quot;PL&quot;:&quot;Poland&quot;,&quot;PT&quot;:&quot;Portugal&quot;,&quot;PR&quot;:&quot;Puerto Rico&quot;,&quot;QA&quot;:&quot;Qatar&quot;,&quot;RE&quot;:&quot;R\\u00e9union&quot;,&quot;RO&quot;:&quot;Romania&quot;,&quot;RU&quot;:&quot;Russian Federation&quot;,&quot;RW&quot;:&quot;Rwanda&quot;,&quot;WS&quot;:&quot;Samoa&quot;,&quot;SM&quot;:&quot;San Marino&quot;,&quot;ST&quot;:&quot;Sao Tome and Principe&quot;,&quot;SA&quot;:&quot;Saudi Arabia&quot;,&quot;SN&quot;:&quot;Senegal&quot;,&quot;RS&quot;:&quot;Serbia&quot;,&quot;SC&quot;:&quot;Seychelles&quot;,&quot;SL&quot;:&quot;Sierra Leone&quot;,&quot;SG&quot;:&quot;Singapore&quot;,&quot;SK&quot;:&quot;Slovakia&quot;,&quot;SI&quot;:&quot;Slovenia&quot;,&quot;SB&quot;:&quot;Solomon Islands&quot;,&quot;SO&quot;:&quot;Somalia&quot;,&quot;ZA&quot;:&quot;South Africa&quot;,&quot;GS&quot;:&quot;South Georgia and the South Sandwich Islands&quot;,&quot;ES&quot;:&quot;Spain&quot;,&quot;LK&quot;:&quot;Sri Lanka&quot;,&quot;SD&quot;:&quot;Sudan&quot;,&quot;SR&quot;:&quot;Suriname&quot;,&quot;SJ&quot;:&quot;Svalbard and Jan Mayen&quot;,&quot;SZ&quot;:&quot;Swaziland&quot;,&quot;SE&quot;:&quot;Sweden&quot;,&quot;CH&quot;:&quot;Switzerland&quot;,&quot;SY&quot;:&quot;Syrian Arab Republic&quot;,&quot;TW&quot;:&quot;Taiwan&quot;,&quot;TJ&quot;:&quot;Tajikistan&quot;,&quot;TZ&quot;:&quot;Tanzania&quot;,&quot;TH&quot;:&quot;Thailand&quot;,&quot;TL&quot;:&quot;Timor-Leste&quot;,&quot;TG&quot;:&quot;Togo&quot;,&quot;TK&quot;:&quot;Tokelau&quot;,&quot;TO&quot;:&quot;Tonga&quot;,&quot;TT&quot;:&quot;Trinidad and Tobago&quot;,&quot;TN&quot;:&quot;Tunisia&quot;,&quot;TR&quot;:&quot;Turkey&quot;,&quot;TM&quot;:&quot;Turkmenistan&quot;,&quot;TC&quot;:&quot;Turks and Caicos Islands&quot;,&quot;TV&quot;:&quot;Tuvalu&quot;,&quot;UG&quot;:&quot;Uganda&quot;,&quot;UA&quot;:&quot;Ukraine&quot;,&quot;AE&quot;:&quot;United Arab Emirates&quot;,&quot;GB&quot;:&quot;United Kingdom&quot;,&quot;US&quot;:&quot;United States&quot;,&quot;UM&quot;:&quot;United States Minor Outlying Islands&quot;,&quot;UY&quot;:&quot;Uruguay&quot;,&quot;UZ&quot;:&quot;Uzbekistan&quot;,&quot;VU&quot;:&quot;Vanuatu&quot;,&quot;VE&quot;:&quot;Venezuela&quot;,&quot;VN&quot;:&quot;Viet Nam&quot;,&quot;VG&quot;:&quot;Virgin Islands, British&quot;,&quot;VI&quot;:&quot;Virgin Islands, U.S.&quot;,&quot;WF&quot;:&quot;Wallis and Futuna&quot;,&quot;EH&quot;:&quot;Western Sahara&quot;,&quot;YE&quot;:&quot;Yemen&quot;,&quot;ZM&quot;:&quot;Zambia&quot;,&quot;ZW&quot;:&quot;Zimbabwe&quot;}\" :plans=\"{&quot;registration&quot;:[{&quot;pricePerYear&quot;:&quot;79\\u20ac \\\/ 1 \\u00e9v&quot;,&quot;price&quot;:&quot;79\\u20ac&quot;,&quot;priceText&quot;:&quot; \\\/ 1 \\u00e9v&quot;,&quot;duration&quot;:&quot;1 \\u00e9v&quot;,&quot;name&quot;:&quot;Official LEI Registration&quot;,&quot;isPopular&quot;:false,&quot;benefits&quot;:[]}],&quot;renewal&quot;:[{&quot;pricePerYear&quot;:&quot;79\\u20ac \\\/ 1 \\u00e9v&quot;,&quot;price&quot;:&quot;79\\u20ac&quot;,&quot;priceText&quot;:&quot; \\\/ 1 \\u00e9v&quot;,&quot;duration&quot;:&quot;1 \\u00e9v&quot;,&quot;name&quot;:&quot;LEI \\u00e1tad\\u00e1s\\\/meg\\u00faj\\u00edt\\u00e1s&quot;,&quot;isPopular&quot;:&quot;&quot;,&quot;benefits&quot;:&quot;&quot;}],&quot;transfer&quot;:[{&quot;pricePerYear&quot;:&quot;79\\u20ac \\\/ 1 \\u00e9v&quot;,&quot;price&quot;:&quot;79\\u20ac&quot;,&quot;priceText&quot;:&quot; \\\/ 1 \\u00e9v&quot;,&quot;duration&quot;:&quot;1 \\u00e9v&quot;,&quot;name&quot;:&quot;LEI \\u00e1tad\\u00e1s\\\/meg\\u00faj\\u00edt\\u00e1s&quot;,&quot;isPopular&quot;:&quot;&quot;,&quot;benefits&quot;:&quot;&quot;}]}\" lang=\"hu\" plan-bg=\"https:\/\/lei.net\/wp-content\/themes\/leinumber\/assets\/images\/plan-bg.webp\" confirm-bg=\"https:\/\/lei.net\/wp-content\/themes\/leinumber\/assets\/images\/confirm-bg.webp\"><\/select-plan-component>\n\r\n\r\n\r\n<div class=\"wp-block-spacer\" style=\"height: 50px;\" aria-hidden=\"true\">\u00a0<\/div>\r\n\r\n\r\n\r\n<h2 class=\"wp-block-heading has-text-align-center font-axiforma\" style=\"font-size: 45px; font-style: normal; font-weight: 600;\">GYIK<\/h2>\r\n\r\n\r\n\r\n<p class=\"has-text-align-center\">\u00dcgyfeleink gyakran teszik fel nek\u00fcnk a k\u00f6vetkez\u0151 k\u00e9rd\u00e9seket<\/p>\r\n\r\n\r\n\r\n<div class=\"wp-block-spacer\" style=\"height: 50px;\" aria-hidden=\"true\">\u00a0<\/div>\r\n\r\n\r\n<faq-component data='[{&quot;_id&quot;:&quot;cf-zLCyF1AGp2zcbxMYhe_6Z&quot;,&quot;_type&quot;:&quot;_&quot;,&quot;question&quot;:&quot;Mi az LEI \\u00e1tutal\\u00e1s?&quot;,&quot;answer&quot;:&quot;Ha azt szeretn\\u00e9, hogy LEI sz\\u00e1m\\u00e1t egy m\\u00e1sik szolg\\u00e1ltat\\u00f3 kezelje, k\\u00e9rheti az \\u00e1tutal\\u00e1st, ezt nevezik LEI \\u00e1tutal\\u00e1snak. Ezt a szolg\\u00e1ltat\\u00e1st ingyenesen k\\u00edn\\u00e1ljuk \\u00e1tutal\\u00e1si \\u0171rlapunkon kereszt\\u00fcl, ami n\\u00e9h\\u00e1ny perc alatt elv\\u00e9gezhet\\u0151.&quot;},{&quot;_id&quot;:&quot;cf-aVQh0q7I_E6NAfnISmeo8&quot;,&quot;_type&quot;:&quot;_&quot;,&quot;question&quot;:&quot;Hogyan m\\u0171k\\u00f6dik az LEI \\u00e1tutal\\u00e1s?&quot;,&quot;answer&quot;:&quot;Mint \\u00fcgyf\\u00e9l, mind\\u00f6ssze ki kell t\\u00f6ltenie \\u00e9s el kell k\\u00fcldenie az \\u00e1tutal\\u00e1si \\u0171rlapot a weboldalunkon. Ezut\\u00e1n felvessz\\u00fck a kapcsolatot a jelenlegi szolg\\u00e1ltat\\u00f3j\\u00e1val \\u00e9s gondoskodunk az \\u00e1tutal\\u00e1sr\\u00f3l a GLEIF csal\\u00e1don bel\\u00fcl. \\u00c9rtes\\u00edt\\u00e9st fog kapni t\\u0151l\\u00fcnk, amint az \\u00e1tutal\\u00e1s befejez\\u0151d\\u00f6tt.&quot;},{&quot;_id&quot;:&quot;cf-wbp5hFdmEZ_R5ZcE9GuSU&quot;,&quot;_type&quot;:&quot;_&quot;,&quot;question&quot;:&quot;Mi az LEI sz\\u00e1m?&quot;,&quot;answer&quot;:&quot;Az LEI a jogi szem\\u00e9lyek azonos\\u00edt\\u00f3j\\u00e1nak r\\u00f6vid\\u00edt\\u00e9se. Ez egy azonos\\u00edt\\u00f3 sz\\u00e1m, amelyet a jogi szem\\u00e9lyeknek meg kell adniuk egy p\\u00e9nz\\u00fcgyi tranzakci\\u00f3 sor\\u00e1n. Ez a sz\\u00e1m megk\\u00f6nny\\u00edti a partner sz\\u00e1m\\u00e1ra a k\\u00edv\\u00e1nt adatok megad\\u00e1s\\u00e1t egy p\\u00e9nz\\u00fcgyi tranzakci\\u00f3 sor\\u00e1n. Egy\\u00e9bk\\u00e9nt egy nagyon hosszadalmas folyamat csup\\u00e1n n\\u00e9h\\u00e1ny perc alatt elv\\u00e9gezhet\\u0151 az LEI haszn\\u00e1lat\\u00e1val.nnAz LEI sz\\u00e1mot a GLEIF (Global Entity Identifier Foundation) adja ki. Ez a szervezet 2014 \\u00f3ta l\\u00e9tezik, transznacion\\u00e1lis alapon m\\u0171k\\u00f6dik \\u00e9s sz\\u00e9khelye Baselben van.nnAz LEI sz\\u00e1m birtokosainak minden adata egy k\\u00f6zponti adatb\\u00e1zisban van t\\u00e1rolva. Ezt nevezik Glob\\u00e1lis LEI Rendszernek vagy r\\u00f6viden GLEIS-nek.&quot;},{&quot;_id&quot;:&quot;cf-Wsr_XCfX8hyDLNc1GoFpR&quot;,&quot;_type&quot;:&quot;_&quot;,&quot;question&quot;:&quot;Hogyan ig\\u00e9nyelhetek LEI sz\\u00e1mot?&quot;,&quot;answer&quot;:&quot;A GLEIF a szervezet, amely kiadja az LEI sz\\u00e1mot. Az LOU-kn\\u00e1l vagy regisztr\\u00e1ci\\u00f3s \\u00fcgyn\\u00f6k\\u00f6kn\\u00e9l lehet k\\u00e9relmezni. Csak t\\u00f6ltse ki a sz\\u00fcks\\u00e9ges inform\\u00e1ci\\u00f3kat \\u00e9s k\\u00fcldje el a k\\u00e9relmez\\u0151 \\u0171rlapot. Miut\\u00e1n megkaptuk a fizet\\u00e9s\\u00e9t, legfeljebb 24 \\u00f3r\\u00e1ba telik, mire az LEI sz\\u00e1ma akt\\u00edv lesz. T\\u00f6bb fizet\\u00e9si lehet\\u0151s\\u00e9get k\\u00edn\\u00e1lunk, hogy a folyamat a lehet\\u0151 legz\\u00f6kken\\u0151mentesebb legyen. Ha az LEI sz\\u00e1mra nagyon s\\u00fcrg\\u0151sen sz\\u00fcks\\u00e9ge van egy p\\u00e9nz\\u00fcgyi tranzakci\\u00f3hoz, gy\\u0151z\\u0151dj\\u00f6n meg r\\u00f3la, hogy olyan fizet\\u00e9si lehet\\u0151s\\u00e9get v\\u00e1laszt, amely azonnaliv\\u00e1 teszi a fizet\\u00e9s\\u00e9t.nnAz LEI sz\\u00e1m egy \\u00e9vig \\u00e9rv\\u00e9nyes. Ezut\\u00e1n meg\\u00faj\\u00edthatja az LEI sz\\u00e1mot. Lehets\\u00e9ges t\\u00f6bb \\u00e9vre sz\\u00f3l\\u00f3 szerz\\u0151d\\u00e9st k\\u00f6tni, ebben az esetben nem kell agg\\u00f3dnia az LEI sz\\u00e1m meg\\u00faj\\u00edt\\u00e1sa miatt.&quot;},{&quot;_id&quot;:&quot;cf-0kx1rTkOVA5hdM1SxDgcz&quot;,&quot;_type&quot;:&quot;_&quot;,&quot;question&quot;:&quot;Mi\\u00e9rt l\\u00e9tezik egy\\u00e1ltal\\u00e1n az LEI sz\\u00e1m?&quot;,&quot;answer&quot;:&quot;Az LEI sz\\u00e1mmal az \\u00fcgyf\\u00e9lregisztr\\u00e1ci\\u00f3 sokkal egyszer\\u0171bb. Minden p\\u00e9nz\\u00fcgyi tranzakci\\u00f3n\\u00e1l sok adatot kell megadni. Az LEI sz\\u00e1mmal minden r\\u00e9sztvev\\u0151 sok id\\u0151t takar\\u00edthat meg.nnEgy p\\u00e9nz\\u00fcgyi tranzakci\\u00f3 mindig mag\\u00e1ban hordoz bizonyos kock\\u00e1zatot. Ez\\u00e9rt minden \\u00e9rintett pontosan tudni akarja, kivel \\u00e1ll szemben. Az LEI sz\\u00e1m gyorsan \\u00e9s megb\\u00edzhat\\u00f3an ny\\u00fajtja ezt az inform\\u00e1ci\\u00f3t.&quot;}]'><\/faq-component>\n","protected":false},"excerpt":{"rendered":"<p>GYIK \u00dcgyfeleink gyakran teszik fel nek\u00fcnk a k\u00f6vetkez\u0151 k\u00e9rd\u00e9seket<\/p>\n","protected":false},"author":1,"featured_media":0,"parent":0,"menu_order":0,"comment_status":"closed","ping_status":"closed","template":"","meta":{"_acf_changed":false,"footnotes":""},"class_list":["post-5303","page","type-page","status-publish","hentry"],"acf":[],"yoast_head":"<!-- This site is optimized with the Yoast SEO plugin v25.6 - https:\/\/yoast.com\/wordpress\/plugins\/seo\/ -->\n<title>Transzfer - LEI.net<\/title>\n<meta name=\"description\" content=\"\u00a0    GYIK    \u00dcgyfeleink gyakran teszik fel nek\u00fcnk a k\u00f6vetkez\u0151 k\u00e9rd\u00e9seket    \u00a0\" \/>\n<meta name=\"robots\" content=\"index, follow, max-snippet:-1, max-image-preview:large, max-video-preview:-1\" \/>\n<link rel=\"canonical\" href=\"https:\/\/lei.net\/hu\/wp-json\/wp\/v2\/pages\/5303\" \/>\n<meta property=\"og:locale\" content=\"hu_HU\" \/>\n<meta property=\"og:type\" content=\"article\" \/>\n<meta property=\"og:title\" content=\"Transzfer - LEI.net\" \/>\n<meta property=\"og:description\" content=\"\u00a0    GYIK    \u00dcgyfeleink gyakran teszik fel nek\u00fcnk a k\u00f6vetkez\u0151 k\u00e9rd\u00e9seket    \u00a0\" \/>\n<meta property=\"og:url\" content=\"https:\/\/lei.net\/hu\/transzfer\/\" \/>\n<meta property=\"og:site_name\" content=\"LEI.net\" \/>\n<meta property=\"article:modified_time\" content=\"2026-02-26T06:32:40+00:00\" \/>\n<meta name=\"twitter:card\" content=\"summary_large_image\" \/>\n<meta name=\"twitter:label1\" content=\"Becs\u00fclt olvas\u00e1si id\u0151\" \/>\n\t<meta name=\"twitter:data1\" content=\"1 perc\" \/>\n<script type=\"application\/ld+json\" class=\"yoast-schema-graph\">{\"@context\":\"https:\/\/schema.org\",\"@graph\":[{\"@type\":\"WebPage\",\"@id\":\"https:\/\/lei.net\/hu\/transzfer\/\",\"url\":\"https:\/\/lei.net\/hu\/transzfer\/\",\"name\":\"Transzfer - LEI.net\",\"isPartOf\":{\"@id\":\"https:\/\/lei.net\/#website\"},\"datePublished\":\"2021-06-30T12:44:40+00:00\",\"dateModified\":\"2026-02-26T06:32:40+00:00\",\"description\":\"\u00a0 GYIK \u00dcgyfeleink gyakran teszik fel nek\u00fcnk a k\u00f6vetkez\u0151 k\u00e9rd\u00e9seket \u00a0\",\"breadcrumb\":{\"@id\":\"https:\/\/lei.net\/hu\/transzfer\/#breadcrumb\"},\"inLanguage\":\"hu\",\"potentialAction\":[{\"@type\":\"ReadAction\",\"target\":[\"https:\/\/lei.net\/hu\/transzfer\/\"]}]},{\"@type\":\"BreadcrumbList\",\"@id\":\"https:\/\/lei.net\/hu\/transzfer\/#breadcrumb\",\"itemListElement\":[{\"@type\":\"ListItem\",\"position\":1,\"name\":\"Startseite\",\"item\":\"https:\/\/lei.net\/hu\/\"},{\"@type\":\"ListItem\",\"position\":2,\"name\":\"Transzfer\"}]},{\"@type\":\"WebSite\",\"@id\":\"https:\/\/lei.net\/#website\",\"url\":\"https:\/\/lei.net\/\",\"name\":\"LEI.net\",\"description\":\"Official Legal Entity Identifier (LEI) Registrar\",\"publisher\":{\"@id\":\"https:\/\/lei.net\/#organization\"},\"potentialAction\":[{\"@type\":\"SearchAction\",\"target\":{\"@type\":\"EntryPoint\",\"urlTemplate\":\"https:\/\/lei.net\/?s={search_term_string}\"},\"query-input\":{\"@type\":\"PropertyValueSpecification\",\"valueRequired\":true,\"valueName\":\"search_term_string\"}}],\"inLanguage\":\"hu\"},{\"@type\":\"Organization\",\"@id\":\"https:\/\/lei.net\/#organization\",\"name\":\"F.I.D.Firmeninformationsdienst GmbH\",\"url\":\"https:\/\/lei.net\/\",\"logo\":{\"@type\":\"ImageObject\",\"inLanguage\":\"hu\",\"@id\":\"https:\/\/lei.net\/#\/schema\/logo\/image\/\",\"url\":\"https:\/\/lei.net\/wp-content\/uploads\/2021\/12\/color_vertical.jpg\",\"contentUrl\":\"https:\/\/lei.net\/wp-content\/uploads\/2021\/12\/color_vertical.jpg\",\"width\":283,\"height\":283,\"caption\":\"F.I.D.Firmeninformationsdienst GmbH\"},\"image\":{\"@id\":\"https:\/\/lei.net\/#\/schema\/logo\/image\/\"}}]}<\/script>\n<!-- \/ Yoast SEO plugin. -->","yoast_head_json":{"title":"Transzfer - LEI.net","description":"\u00a0    GYIK    \u00dcgyfeleink gyakran teszik fel nek\u00fcnk a k\u00f6vetkez\u0151 k\u00e9rd\u00e9seket    \u00a0","robots":{"index":"index","follow":"follow","max-snippet":"max-snippet:-1","max-image-preview":"max-image-preview:large","max-video-preview":"max-video-preview:-1"},"canonical":"https:\/\/lei.net\/hu\/wp-json\/wp\/v2\/pages\/5303","og_locale":"hu_HU","og_type":"article","og_title":"Transzfer - LEI.net","og_description":"\u00a0    GYIK    \u00dcgyfeleink gyakran teszik fel nek\u00fcnk a k\u00f6vetkez\u0151 k\u00e9rd\u00e9seket    \u00a0","og_url":"https:\/\/lei.net\/hu\/transzfer\/","og_site_name":"LEI.net","article_modified_time":"2026-02-26T06:32:40+00:00","twitter_card":"summary_large_image","twitter_misc":{"Becs\u00fclt olvas\u00e1si id\u0151":"1 perc"},"schema":{"@context":"https:\/\/schema.org","@graph":[{"@type":"WebPage","@id":"https:\/\/lei.net\/hu\/transzfer\/","url":"https:\/\/lei.net\/hu\/transzfer\/","name":"Transzfer - LEI.net","isPartOf":{"@id":"https:\/\/lei.net\/#website"},"datePublished":"2021-06-30T12:44:40+00:00","dateModified":"2026-02-26T06:32:40+00:00","description":"\u00a0 GYIK \u00dcgyfeleink gyakran teszik fel nek\u00fcnk a k\u00f6vetkez\u0151 k\u00e9rd\u00e9seket \u00a0","breadcrumb":{"@id":"https:\/\/lei.net\/hu\/transzfer\/#breadcrumb"},"inLanguage":"hu","potentialAction":[{"@type":"ReadAction","target":["https:\/\/lei.net\/hu\/transzfer\/"]}]},{"@type":"BreadcrumbList","@id":"https:\/\/lei.net\/hu\/transzfer\/#breadcrumb","itemListElement":[{"@type":"ListItem","position":1,"name":"Startseite","item":"https:\/\/lei.net\/hu\/"},{"@type":"ListItem","position":2,"name":"Transzfer"}]},{"@type":"WebSite","@id":"https:\/\/lei.net\/#website","url":"https:\/\/lei.net\/","name":"LEI.net","description":"Official Legal Entity Identifier (LEI) Registrar","publisher":{"@id":"https:\/\/lei.net\/#organization"},"potentialAction":[{"@type":"SearchAction","target":{"@type":"EntryPoint","urlTemplate":"https:\/\/lei.net\/?s={search_term_string}"},"query-input":{"@type":"PropertyValueSpecification","valueRequired":true,"valueName":"search_term_string"}}],"inLanguage":"hu"},{"@type":"Organization","@id":"https:\/\/lei.net\/#organization","name":"F.I.D.Firmeninformationsdienst GmbH","url":"https:\/\/lei.net\/","logo":{"@type":"ImageObject","inLanguage":"hu","@id":"https:\/\/lei.net\/#\/schema\/logo\/image\/","url":"https:\/\/lei.net\/wp-content\/uploads\/2021\/12\/color_vertical.jpg","contentUrl":"https:\/\/lei.net\/wp-content\/uploads\/2021\/12\/color_vertical.jpg","width":283,"height":283,"caption":"F.I.D.Firmeninformationsdienst GmbH"},"image":{"@id":"https:\/\/lei.net\/#\/schema\/logo\/image\/"}}]}},"_links":{"self":[{"href":"https:\/\/lei.net\/hu\/wp-json\/wp\/v2\/pages\/5303","targetHints":{"allow":["GET"]}}],"collection":[{"href":"https:\/\/lei.net\/hu\/wp-json\/wp\/v2\/pages"}],"about":[{"href":"https:\/\/lei.net\/hu\/wp-json\/wp\/v2\/types\/page"}],"author":[{"embeddable":true,"href":"https:\/\/lei.net\/hu\/wp-json\/wp\/v2\/users\/1"}],"replies":[{"embeddable":true,"href":"https:\/\/lei.net\/hu\/wp-json\/wp\/v2\/comments?post=5303"}],"version-history":[{"count":5,"href":"https:\/\/lei.net\/hu\/wp-json\/wp\/v2\/pages\/5303\/revisions"}],"predecessor-version":[{"id":14923,"href":"https:\/\/lei.net\/hu\/wp-json\/wp\/v2\/pages\/5303\/revisions\/14923"}],"wp:attachment":[{"href":"https:\/\/lei.net\/hu\/wp-json\/wp\/v2\/media?parent=5303"}],"curies":[{"name":"wp","href":"https:\/\/api.w.org\/{rel}","templated":true}]}}