

{"id":938,"date":"2021-06-29T14:14:05","date_gmt":"2021-06-29T13:14:05","guid":{"rendered":"https:\/\/lei.net\/what-is-lei\/"},"modified":"2026-02-26T07:04:45","modified_gmt":"2026-02-26T06:04:45","slug":"mi-az-a-lei","status":"publish","type":"page","link":"https:\/\/lei.net\/hu\/mi-az-a-lei\/","title":{"rendered":"Mi az a LEI?"},"content":{"rendered":"  <div class=\"container px-4 xl:px-0\">\n    <div class=\"flex flex-wrap  mb-10 md:mb-16\">\n      <div class=\"w-full md:w-1\/2\">\n      <h1 class=\"font-axiforma text-[45px] md:text-[55px] text-center md:text-left\">Mi az az LEI?<\/h1>\n            <\/div>\n      <div class=\"w-full md:w-1\/2 flex justify-center mt-10 md:mt-0\">\n        <img loading=\"lazy\" decoding=\"async\" alt=\"\" src=\"https:\/\/lei.net\/wp-content\/uploads\/2024\/02\/whyus.svg\" width=\"590\" height=\"300\">      <\/div>\n    <\/div>\n  <\/div>\n\r\n\r\n\r\n<div class=\"wp-block-columns is-layout-flex wp-container-core-columns-is-layout-9d6595d7 wp-block-columns-is-layout-flex\">\r\n<div class=\"wp-block-column is-layout-flow wp-block-column-is-layout-flow\" style=\"flex-basis:33.33%\">\r\n<h2 class=\"wp-block-heading has-large-font-size\" style=\"font-style:normal;font-weight:600\">Alapinform\u00e1ci\u00f3k<\/h2>\r\n<\/div>\r\n\r\n\r\n\r\n<div class=\"wp-block-column is-layout-flow wp-block-column-is-layout-flow\" style=\"flex-basis:66.66%\">\r\n<p>Az LEI \u2013 jogi szem\u00e9lyazonos\u00edt\u00f3 sz\u00e1m (Legal Entity Identifier) egyedi azonos\u00edt\u00f3 k\u00f3d a p\u00e9nz\u00fcgyi piacokon keresked\u0151 v\u00e1llalatok sz\u00e1m\u00e1ra (r\u00e9szv\u00e9nyek, k\u00f6tv\u00e9nyek, hat\u00e1rid\u0151s \u00fcgyletek, deviz\u00e1k stb.). Minden p\u00e9nz\u00fcgyi piacokon v\u00e9grehajtott tranzakci\u00f3 az LEI sz\u00e1m \u00e1ltal van \u00f6sszekapcsolva a keresked\u00e9si partnerrel. Az LEI k\u00f3dokat a szab\u00e1lyoz\u00f3 hat\u00f3s\u00e1gok haszn\u00e1lj\u00e1k a p\u00e9nz\u00fcgyi piacok nyomon k\u00f6vet\u00e9s\u00e9re. Az LEI k\u00f3dok \u00f6sszek\u00f6tik a p\u00e9nz\u00fcgyi piacokat, a v\u00e1llalatokat \u00e9s a szab\u00e1lyoz\u00f3kat. Az LEI sz\u00e1mokat a GLEIF \u00e1ltal akkredit\u00e1lt LOU-k bocs\u00e1tj\u00e1k ki. GLEIF \u2013 Glob\u00e1lis Jogalany Azonos\u00edt\u00f3 Alap\u00edtv\u00e1ny. NINCS KERESKED\u00c9S LEI N\u00c9LK\u00dcL.<\/p>\r\n<\/div>\r\n<\/div>\r\n\r\n\r\n\r\n<div style=\"height:50px\" aria-hidden=\"true\" class=\"wp-block-spacer\"><\/div>\r\n\r\n\r\n\r\n<div class=\"wp-block-columns is-layout-flex wp-container-core-columns-is-layout-9d6595d7 wp-block-columns-is-layout-flex\">\r\n<div class=\"wp-block-column is-layout-flow wp-block-column-is-layout-flow\" style=\"flex-basis:33.33%\">\r\n<h2 class=\"wp-block-heading has-large-font-size\" style=\"font-style:normal;font-weight:600\">Az LEI k\u00f3d el\u0151nyei<\/h2>\r\n<\/div>\r\n\r\n\r\n\r\n<div class=\"wp-block-column is-layout-flow wp-block-column-is-layout-flow\" style=\"flex-basis:66.66%\">\r\n<p>Az \u00fcgyf\u00e9ladatok gy\u0171jt\u00e9se val\u00f3sz\u00edn\u0171leg az LEI sz\u00e1m legnagyobb el\u0151nye. Kor\u00e1bban a szem\u00e9lyi igazolv\u00e1nyokat k\u00e9zzel kellett m\u00e1solni \u00e9s ellen\u0151rizni azok hiteless\u00e9g\u00e9t, ami id\u0151ig\u00e9nyes folyamat volt a korok figyelembev\u00e9tel\u00e9vel. R\u00e1ad\u00e1sul az \u00e9rt\u00e9kpap\u00edrv\u00e1s\u00e1rl\u00e1s biztons\u00e1gos \u00fatj\u00e1nak biztos\u00edt\u00e1s\u00e1hoz sok adatra volt sz\u00fcks\u00e9g. Az LEI sz\u00e1mok koncepci\u00f3ja jav\u00edtja ezt a folyamatot. A k\u00fcl\u00f6nb\u00f6z\u0151 l\u00e9p\u00e9sek digitaliz\u00e1l\u00e1s\u00e1val ma m\u00e1r csak egy kis webes \u0171rlapra van sz\u00fcks\u00e9g. Emellett a v\u00e1llalati adatok friss\u00edt\u00e9se, meghosszabb\u00edt\u00e1sa \u00e9s t\u00f6rl\u00e9se most m\u00e1r egy j\u00f3l m\u0171k\u00f6d\u0151 rendszer alatt van, amely k\u00e9pes l\u00e9p\u00e9st tartani a gyorsan fejl\u0151d\u0151 nemzetk\u00f6zi p\u00e9nz\u00fcgyi piacokkal.<\/p>\r\n\r\n\r\n\r\n<p>A nyilv\u00e1nos \u00e9s \u00e1tl\u00e1that\u00f3 adatok cs\u00f6kkentik a nemzetk\u00f6zi p\u00e9nz\u00fcgyi tranzakci\u00f3k kock\u00e1zat\u00e1t. Ez lehet\u0151v\u00e9 teszi, hogy k\u00f6nnyen l\u00e1ssa, ki a keresked\u00e9si partner \u00e9s mit k\u00e9pviselnek. Ez biztons\u00e1got ny\u00fajt, ami az LEI sz\u00e1m el\u0151tt ilyen form\u00e1ban nem l\u00e9tezett.<\/p>\r\n<\/div>\r\n<\/div>\r\n\r\n\r\n\r\n<div style=\"height:50px\" aria-hidden=\"true\" class=\"wp-block-spacer\"><\/div>\r\n\r\n\r\n\n<section class=\"container px-4 xl:px-0\">\n    <div class=\"flex rounded-2xl bg-gradient-to-r from-[#B3E0FF] to-[#6097D7] px-10 md:px-20 py-10 items-center gap-10 flex-col md:flex-row\">\n        <div class=\"w-full md:w-1\/2 flex justify-center\">\n            <img loading=\"lazy\" decoding=\"async\" alt=\"\" src=\"https:\/\/lei.net\/wp-content\/uploads\/2024\/02\/cta.svg\" width=\"440\" height=\"350\">        <\/div>\n        <div class=\"w-full md:w-1\/2\">\n            <h3 class=\"text-lightgray-200 font-axiforma text-[25px] md:text-[35px] mb-4\">Szeretne LEI sz\u00e1mot v\u00e1s\u00e1rolni?<\/h3>\n            <p class=\"font-axiforma-light !text-base md:!text-xl !font-light !text-lightgray-200 !mb-12\">Az \u00d6n jogi szem\u00e9ly nyilv\u00e1ntart\u00e1si sz\u00e1ma LEI Magyarorsz\u00e1gon!<\/p>\n            <div class=\"text-center md:text-left\">\n                <a href=\"https:\/\/lei.net\/registration\/\" class=\"bg-primary text-lightgray-200 text-lg px-8 py-4 rounded-full hover:bg-opacity-40 transition\">Kezdj\u00fck<\/a>\n            <\/div>\n        <\/div>\n    <\/div>\n<\/section>\r\n\r\n\r\n<h3 class=\"wp-block-heading has-text-align-center\" style=\"font-size:45px;font-style:normal;font-weight:600\">Az LEI k\u00f3d szerkezete<\/h3>\r\n\r\n\r\n\r\n<p class=\"has-text-align-center\" style=\"font-size:20px\">Az LEI sz\u00e1m az ISO 17442 tan\u00fas\u00edtv\u00e1ny szerint szabv\u00e1nyos\u00edtott. Ez 20 karakteres \u00e9s sz\u00e1m kombin\u00e1ci\u00f3b\u00f3l \u00e1ll<\/p>\r\n\r\n\r\n<div class=\"container px-4 xl:px-0\">\n  <div class=\"shadow-medium rounded-2xl my-12 py-5 md:py-12 overflow-auto\">\n    <div class=\"flex justify-start md:justify-center gap-1 mx-5 md:mx-0\">\n      <div>\n        <div class='text-2xl md:text-[40px] text-black font-axiforma tracking-widest'>1.2.3.4.<\/div>\n        <div class='flex items-center border-r border-l border-lightgray h-[0.8vw]'>\n          <div class='bg-lightgray h-[1px] w-full'><\/div>\n        <\/div>\n        <div class='text-center text-xs md:text-lg font-axiforma text-black'>LOU ID<\/div>\n      <\/div>\n      <div>\n        <div class='text-2xl md:text-[40px] text-black font-axiforma tracking-widest'>5.6.<\/div>\n        <div class='flex items-center border-r border-l border-lightgray h-[0.8vw]'>\n          <div class='bg-lightgray h-[1px] w-full'><\/div>\n        <\/div>\n        <div class='text-center text-xs md:text-lg font-axiforma text-black'>0.0<\/div>\n      <\/div>\n      <div>\n        <div class='text-2xl md:text-[40px] text-primary font-axiforma tracking-widest'>7.8.9.10.11.12.13.14.15.16.17.18.<\/div>\n        <div class='flex items-center border-r border-l border-lightgray h-[0.8vw]'>\n          <div class='bg-lightgray h-[1px] w-full'><\/div>\n        <\/div>\n        <div class='text-center text-xs md:text-lg font-axiforma text-primary'>Entit\u00e1s azonos\u00edt\u00f3<\/div>\n      <\/div>\n      <div>\n        <div class='text-2xl md:text-[40px] text-black font-axiforma tracking-widest'>19.20.<\/div>\n        <div class='flex items-center border-r border-l border-lightgray h-[0.8vw]'>\n          <div class='bg-lightgray h-[1px] w-full'><\/div>\n        <\/div>\n        <div class='text-center text-xs md:text-lg font-axiforma text-black'>Ellen\u0151rz\u00e9si azonos\u00edt\u00f3<\/div>\n      <\/div>\n    <\/div>\n  <\/div>\n<\/div>\n\r\n\r\n\r\n\r\n\r\n<div class=\"wp-block-columns is-layout-flex wp-container-core-columns-is-layout-9d6595d7 wp-block-columns-is-layout-flex\">\r\n<div class=\"wp-block-column is-layout-flow wp-block-column-is-layout-flow\">\r\n<p>A <strong>1-4<\/strong> sz\u00e1mok mindig az LEI-t kibocs\u00e1t\u00f3 LOU azonos\u00edt\u00f3j\u00e1t jelzik.<\/p>\r\n\r\n\r\n\r\n<p>A <strong>5-6<\/strong> sz\u00e1mok \u00e9rt\u00e9ke mindig 0.<\/p>\r\n\r\n\r\n\r\n<p>A <strong>7-18<\/strong> karakterek\/sz\u00e1mok egyediek minden entit\u00e1s sz\u00e1m\u00e1ra.<\/p>\r\n\r\n\r\n\r\n<p>A <strong>19-20<\/strong> sz\u00e1mokat ellen\u0151rz\u00e9sre haszn\u00e1lj\u00e1k.<\/p>\r\n<\/div>\r\n<\/div>\r\n\r\n\r\n","protected":false},"excerpt":{"rendered":"<p>Alapinform\u00e1ci\u00f3k Az LEI \u2013 jogi szem\u00e9lyazonos\u00edt\u00f3 sz\u00e1m (Legal Entity Identifier) egyedi azonos\u00edt\u00f3 k\u00f3d a p\u00e9nz\u00fcgyi piacokon keresked\u0151 v\u00e1llalatok sz\u00e1m\u00e1ra (r\u00e9szv\u00e9nyek, k\u00f6tv\u00e9nyek, hat\u00e1rid\u0151s \u00fcgyletek, deviz\u00e1k stb.). Minden p\u00e9nz\u00fcgyi piacokon v\u00e9grehajtott tranzakci\u00f3 az LEI sz\u00e1m \u00e1ltal van \u00f6sszekapcsolva a keresked\u00e9si partnerrel. Az LEI k\u00f3dokat a szab\u00e1lyoz\u00f3 hat\u00f3s\u00e1gok haszn\u00e1lj\u00e1k a p\u00e9nz\u00fcgyi piacok nyomon k\u00f6vet\u00e9s\u00e9re. Az LEI k\u00f3dok \u00f6sszek\u00f6tik [&hellip;]<\/p>\n","protected":false},"author":1,"featured_media":0,"parent":0,"menu_order":0,"comment_status":"closed","ping_status":"closed","template":"","meta":{"_acf_changed":false,"footnotes":""},"class_list":["post-938","page","type-page","status-publish","hentry"],"acf":[],"yoast_head":"<!-- This site is optimized with the Yoast SEO plugin v25.6 - https:\/\/yoast.com\/wordpress\/plugins\/seo\/ -->\n<title>Mi az a LEI? - LEI.net<\/title>\n<meta name=\"description\" content=\"Alapinform\u00e1ci\u00f3k Az LEI \u2013 jogi szem\u00e9lyazonos\u00edt\u00f3 sz\u00e1m (Legal Entity Identifier) egyedi azonos\u00edt\u00f3 k\u00f3d a p\u00e9nz\u00fcgyi piacokon keresked\u0151 v\u00e1llalatok sz\u00e1m\u00e1ra\" \/>\n<meta name=\"robots\" content=\"index, follow, max-snippet:-1, max-image-preview:large, max-video-preview:-1\" \/>\n<link rel=\"canonical\" href=\"https:\/\/lei.net\/hu\/wp-json\/wp\/v2\/pages\/938\" \/>\n<meta property=\"og:locale\" content=\"hu_HU\" \/>\n<meta property=\"og:type\" content=\"article\" \/>\n<meta property=\"og:title\" content=\"Mi az a LEI? - LEI.net\" \/>\n<meta property=\"og:description\" content=\"Alapinform\u00e1ci\u00f3k Az LEI \u2013 jogi szem\u00e9lyazonos\u00edt\u00f3 sz\u00e1m (Legal Entity Identifier) egyedi azonos\u00edt\u00f3 k\u00f3d a p\u00e9nz\u00fcgyi piacokon keresked\u0151 v\u00e1llalatok sz\u00e1m\u00e1ra\" \/>\n<meta property=\"og:url\" content=\"https:\/\/lei.net\/hu\/mi-az-a-lei\/\" \/>\n<meta property=\"og:site_name\" content=\"LEI.net\" \/>\n<meta property=\"article:modified_time\" content=\"2026-02-26T06:04:45+00:00\" \/>\n<meta name=\"twitter:card\" content=\"summary_large_image\" \/>\n<meta name=\"twitter:label1\" content=\"Becs\u00fclt olvas\u00e1si id\u0151\" \/>\n\t<meta name=\"twitter:data1\" content=\"2 perc\" \/>\n<script type=\"application\/ld+json\" class=\"yoast-schema-graph\">{\"@context\":\"https:\/\/schema.org\",\"@graph\":[{\"@type\":\"WebPage\",\"@id\":\"https:\/\/lei.net\/hu\/mi-az-a-lei\/\",\"url\":\"https:\/\/lei.net\/hu\/mi-az-a-lei\/\",\"name\":\"Mi az a LEI? - LEI.net\",\"isPartOf\":{\"@id\":\"https:\/\/lei.net\/#website\"},\"datePublished\":\"2021-06-29T13:14:05+00:00\",\"dateModified\":\"2026-02-26T06:04:45+00:00\",\"description\":\"Alapinform\u00e1ci\u00f3k Az LEI \u2013 jogi szem\u00e9lyazonos\u00edt\u00f3 sz\u00e1m (Legal Entity Identifier) egyedi azonos\u00edt\u00f3 k\u00f3d a p\u00e9nz\u00fcgyi piacokon keresked\u0151 v\u00e1llalatok sz\u00e1m\u00e1ra\",\"breadcrumb\":{\"@id\":\"https:\/\/lei.net\/hu\/mi-az-a-lei\/#breadcrumb\"},\"inLanguage\":\"hu\",\"potentialAction\":[{\"@type\":\"ReadAction\",\"target\":[\"https:\/\/lei.net\/hu\/mi-az-a-lei\/\"]}]},{\"@type\":\"BreadcrumbList\",\"@id\":\"https:\/\/lei.net\/hu\/mi-az-a-lei\/#breadcrumb\",\"itemListElement\":[{\"@type\":\"ListItem\",\"position\":1,\"name\":\"Startseite\",\"item\":\"https:\/\/lei.net\/hu\/\"},{\"@type\":\"ListItem\",\"position\":2,\"name\":\"Mi az a LEI?\"}]},{\"@type\":\"WebSite\",\"@id\":\"https:\/\/lei.net\/#website\",\"url\":\"https:\/\/lei.net\/\",\"name\":\"LEI.net\",\"description\":\"Official Legal Entity Identifier (LEI) Registrar\",\"publisher\":{\"@id\":\"https:\/\/lei.net\/#organization\"},\"potentialAction\":[{\"@type\":\"SearchAction\",\"target\":{\"@type\":\"EntryPoint\",\"urlTemplate\":\"https:\/\/lei.net\/?s={search_term_string}\"},\"query-input\":{\"@type\":\"PropertyValueSpecification\",\"valueRequired\":true,\"valueName\":\"search_term_string\"}}],\"inLanguage\":\"hu\"},{\"@type\":\"Organization\",\"@id\":\"https:\/\/lei.net\/#organization\",\"name\":\"F.I.D.Firmeninformationsdienst GmbH\",\"url\":\"https:\/\/lei.net\/\",\"logo\":{\"@type\":\"ImageObject\",\"inLanguage\":\"hu\",\"@id\":\"https:\/\/lei.net\/#\/schema\/logo\/image\/\",\"url\":\"https:\/\/lei.net\/wp-content\/uploads\/2021\/12\/color_vertical.jpg\",\"contentUrl\":\"https:\/\/lei.net\/wp-content\/uploads\/2021\/12\/color_vertical.jpg\",\"width\":283,\"height\":283,\"caption\":\"F.I.D.Firmeninformationsdienst GmbH\"},\"image\":{\"@id\":\"https:\/\/lei.net\/#\/schema\/logo\/image\/\"}}]}<\/script>\n<!-- \/ Yoast SEO plugin. -->","yoast_head_json":{"title":"Mi az a LEI? - LEI.net","description":"Alapinform\u00e1ci\u00f3k Az LEI \u2013 jogi szem\u00e9lyazonos\u00edt\u00f3 sz\u00e1m (Legal Entity Identifier) egyedi azonos\u00edt\u00f3 k\u00f3d a p\u00e9nz\u00fcgyi piacokon keresked\u0151 v\u00e1llalatok sz\u00e1m\u00e1ra","robots":{"index":"index","follow":"follow","max-snippet":"max-snippet:-1","max-image-preview":"max-image-preview:large","max-video-preview":"max-video-preview:-1"},"canonical":"https:\/\/lei.net\/hu\/wp-json\/wp\/v2\/pages\/938","og_locale":"hu_HU","og_type":"article","og_title":"Mi az a LEI? - LEI.net","og_description":"Alapinform\u00e1ci\u00f3k Az LEI \u2013 jogi szem\u00e9lyazonos\u00edt\u00f3 sz\u00e1m (Legal Entity Identifier) egyedi azonos\u00edt\u00f3 k\u00f3d a p\u00e9nz\u00fcgyi piacokon keresked\u0151 v\u00e1llalatok sz\u00e1m\u00e1ra","og_url":"https:\/\/lei.net\/hu\/mi-az-a-lei\/","og_site_name":"LEI.net","article_modified_time":"2026-02-26T06:04:45+00:00","twitter_card":"summary_large_image","twitter_misc":{"Becs\u00fclt olvas\u00e1si id\u0151":"2 perc"},"schema":{"@context":"https:\/\/schema.org","@graph":[{"@type":"WebPage","@id":"https:\/\/lei.net\/hu\/mi-az-a-lei\/","url":"https:\/\/lei.net\/hu\/mi-az-a-lei\/","name":"Mi az a LEI? - LEI.net","isPartOf":{"@id":"https:\/\/lei.net\/#website"},"datePublished":"2021-06-29T13:14:05+00:00","dateModified":"2026-02-26T06:04:45+00:00","description":"Alapinform\u00e1ci\u00f3k Az LEI \u2013 jogi szem\u00e9lyazonos\u00edt\u00f3 sz\u00e1m (Legal Entity Identifier) egyedi azonos\u00edt\u00f3 k\u00f3d a p\u00e9nz\u00fcgyi piacokon keresked\u0151 v\u00e1llalatok sz\u00e1m\u00e1ra","breadcrumb":{"@id":"https:\/\/lei.net\/hu\/mi-az-a-lei\/#breadcrumb"},"inLanguage":"hu","potentialAction":[{"@type":"ReadAction","target":["https:\/\/lei.net\/hu\/mi-az-a-lei\/"]}]},{"@type":"BreadcrumbList","@id":"https:\/\/lei.net\/hu\/mi-az-a-lei\/#breadcrumb","itemListElement":[{"@type":"ListItem","position":1,"name":"Startseite","item":"https:\/\/lei.net\/hu\/"},{"@type":"ListItem","position":2,"name":"Mi az a LEI?"}]},{"@type":"WebSite","@id":"https:\/\/lei.net\/#website","url":"https:\/\/lei.net\/","name":"LEI.net","description":"Official Legal Entity Identifier (LEI) Registrar","publisher":{"@id":"https:\/\/lei.net\/#organization"},"potentialAction":[{"@type":"SearchAction","target":{"@type":"EntryPoint","urlTemplate":"https:\/\/lei.net\/?s={search_term_string}"},"query-input":{"@type":"PropertyValueSpecification","valueRequired":true,"valueName":"search_term_string"}}],"inLanguage":"hu"},{"@type":"Organization","@id":"https:\/\/lei.net\/#organization","name":"F.I.D.Firmeninformationsdienst GmbH","url":"https:\/\/lei.net\/","logo":{"@type":"ImageObject","inLanguage":"hu","@id":"https:\/\/lei.net\/#\/schema\/logo\/image\/","url":"https:\/\/lei.net\/wp-content\/uploads\/2021\/12\/color_vertical.jpg","contentUrl":"https:\/\/lei.net\/wp-content\/uploads\/2021\/12\/color_vertical.jpg","width":283,"height":283,"caption":"F.I.D.Firmeninformationsdienst GmbH"},"image":{"@id":"https:\/\/lei.net\/#\/schema\/logo\/image\/"}}]}},"_links":{"self":[{"href":"https:\/\/lei.net\/hu\/wp-json\/wp\/v2\/pages\/938","targetHints":{"allow":["GET"]}}],"collection":[{"href":"https:\/\/lei.net\/hu\/wp-json\/wp\/v2\/pages"}],"about":[{"href":"https:\/\/lei.net\/hu\/wp-json\/wp\/v2\/types\/page"}],"author":[{"embeddable":true,"href":"https:\/\/lei.net\/hu\/wp-json\/wp\/v2\/users\/1"}],"replies":[{"embeddable":true,"href":"https:\/\/lei.net\/hu\/wp-json\/wp\/v2\/comments?post=938"}],"version-history":[{"count":6,"href":"https:\/\/lei.net\/hu\/wp-json\/wp\/v2\/pages\/938\/revisions"}],"predecessor-version":[{"id":14916,"href":"https:\/\/lei.net\/hu\/wp-json\/wp\/v2\/pages\/938\/revisions\/14916"}],"wp:attachment":[{"href":"https:\/\/lei.net\/hu\/wp-json\/wp\/v2\/media?parent=938"}],"curies":[{"name":"wp","href":"https:\/\/api.w.org\/{rel}","templated":true}]}}