

{"id":950,"date":"2021-08-05T13:07:05","date_gmt":"2021-08-05T12:07:05","guid":{"rendered":"https:\/\/lei.net\/imprint\/"},"modified":"2026-02-26T07:41:39","modified_gmt":"2026-02-26T06:41:39","slug":"impresszum","status":"publish","type":"page","link":"https:\/\/lei.net\/hu\/impresszum\/","title":{"rendered":"Impresszum"},"content":{"rendered":"\r\n<div class=\"wp-block-columns is-layout-flex wp-container-core-columns-is-layout-9d6595d7 wp-block-columns-is-layout-flex\">\r\n<div class=\"wp-block-column is-layout-flow wp-block-column-is-layout-flow\">  <div class=\"container px-4 xl:px-0\">\n    <div class=\"flex flex-wrap  mb-10 md:mb-16\">\n      <div class=\"w-full md:w-1\/2\">\n      <h1 class=\"font-axiforma text-[45px] md:text-[55px] text-center md:text-left\">Impresszum<\/h1>\n            <\/div>\n      <div class=\"w-full md:w-1\/2 flex justify-center mt-10 md:mt-0\">\n        <img loading=\"lazy\" decoding=\"async\" alt=\"\" src=\"https:\/\/lei.net\/wp-content\/uploads\/2024\/01\/imprint.svg\" width=\"440\" height=\"350\">      <\/div>\n    <\/div>\n  <\/div>\n<\/div>\r\n\r\n\r\n\r\n<div class=\"wp-block-column is-layout-flow wp-block-column-is-layout-flow\">\r\n<p>A LEI.NET az F.I.D. Firmeninformationsdienst GmbH szolg\u00e1ltat\u00e1sa.<\/p>\r\n\r\n\r\n\r\n<p>Az F.I.D. Firmeninformationsdienst GmbH jogi k\u00e9pvisel\u0151i C. Raphael Mahir \u00e9s Markus S. Glatz \u00fcgyvezet\u0151k.<\/p>\r\n\r\n\r\n\r\n<p>F.I.D. Company Information Service GmbH<br \/>Pelkovenstrasse 148<br \/>D-80992 M\u00fcnchen<\/p>\r\n\r\n\r\n\r\n<p>Telefonsz\u00e1m: +49 (89) 614215110<br \/>E-mail: support@lei.net<\/p>\r\n\r\n\r\n\r\n<p>HRB 216109 (Helyi b\u00edr\u00f3s\u00e1g M\u00fcnchen)<br \/>H\u00c9A-azonos\u00edt\u00f3sz\u00e1m: DE298120788<br \/>Ad\u00f3hivatal M\u00fcnchen II<br \/>LEI: 98450069D77R7698B317<\/p>\r\n<\/div>\r\n<\/div>\r\n","protected":false},"excerpt":{"rendered":"<p>A LEI.NET az F.I.D. Firmeninformationsdienst GmbH szolg\u00e1ltat\u00e1sa. Az F.I.D. Firmeninformationsdienst GmbH jogi k\u00e9pvisel\u0151i C. Raphael Mahir \u00e9s Markus S. Glatz \u00fcgyvezet\u0151k. F.I.D. Company Information Service GmbHPelkovenstrasse 148D-80992 M\u00fcnchen Telefonsz\u00e1m: +49 (89) 614215110E-mail: support@lei.net HRB 216109 (Helyi b\u00edr\u00f3s\u00e1g M\u00fcnchen)H\u00c9A-azonos\u00edt\u00f3sz\u00e1m: DE298120788Ad\u00f3hivatal M\u00fcnchen IILEI: 98450069D77R7698B317<\/p>\n","protected":false},"author":4,"featured_media":0,"parent":0,"menu_order":0,"comment_status":"closed","ping_status":"closed","template":"","meta":{"_acf_changed":false,"footnotes":""},"class_list":["post-950","page","type-page","status-publish","hentry"],"acf":[],"yoast_head":"<!-- This site is optimized with the Yoast SEO plugin v25.6 - https:\/\/yoast.com\/wordpress\/plugins\/seo\/ -->\n<title>Impresszum - LEI.net<\/title>\n<meta name=\"description\" content=\"A LEI.NET az F.I.D. Firmeninformationsdienst GmbH szolg\u00e1ltat\u00e1sa. Az F.I.D. Firmeninformationsdienst GmbH jogi k\u00e9pvisel\u0151i C. Raphael Mahir \u00e9s Markus S.\" \/>\n<meta name=\"robots\" content=\"index, follow, max-snippet:-1, max-image-preview:large, max-video-preview:-1\" \/>\n<link rel=\"canonical\" href=\"https:\/\/lei.net\/hu\/wp-json\/wp\/v2\/pages\/950\" \/>\n<meta property=\"og:locale\" content=\"hu_HU\" \/>\n<meta property=\"og:type\" content=\"article\" \/>\n<meta property=\"og:title\" content=\"Impresszum - LEI.net\" \/>\n<meta property=\"og:description\" content=\"A LEI.NET az F.I.D. Firmeninformationsdienst GmbH szolg\u00e1ltat\u00e1sa. Az F.I.D. Firmeninformationsdienst GmbH jogi k\u00e9pvisel\u0151i C. Raphael Mahir \u00e9s Markus S.\" \/>\n<meta property=\"og:url\" content=\"https:\/\/lei.net\/hu\/impresszum\/\" \/>\n<meta property=\"og:site_name\" content=\"LEI.net\" \/>\n<meta property=\"article:modified_time\" content=\"2026-02-26T06:41:39+00:00\" \/>\n<meta name=\"twitter:card\" content=\"summary_large_image\" \/>\n<meta name=\"twitter:label1\" content=\"Becs\u00fclt olvas\u00e1si id\u0151\" \/>\n\t<meta name=\"twitter:data1\" content=\"1 perc\" \/>\n<script type=\"application\/ld+json\" class=\"yoast-schema-graph\">{\"@context\":\"https:\/\/schema.org\",\"@graph\":[{\"@type\":\"WebPage\",\"@id\":\"https:\/\/lei.net\/hu\/impresszum\/\",\"url\":\"https:\/\/lei.net\/hu\/impresszum\/\",\"name\":\"Impresszum - LEI.net\",\"isPartOf\":{\"@id\":\"https:\/\/lei.net\/#website\"},\"datePublished\":\"2021-08-05T12:07:05+00:00\",\"dateModified\":\"2026-02-26T06:41:39+00:00\",\"description\":\"A LEI.NET az F.I.D. Firmeninformationsdienst GmbH szolg\u00e1ltat\u00e1sa. Az F.I.D. Firmeninformationsdienst GmbH jogi k\u00e9pvisel\u0151i C. Raphael Mahir \u00e9s Markus S.\",\"breadcrumb\":{\"@id\":\"https:\/\/lei.net\/hu\/impresszum\/#breadcrumb\"},\"inLanguage\":\"hu\",\"potentialAction\":[{\"@type\":\"ReadAction\",\"target\":[\"https:\/\/lei.net\/hu\/impresszum\/\"]}]},{\"@type\":\"BreadcrumbList\",\"@id\":\"https:\/\/lei.net\/hu\/impresszum\/#breadcrumb\",\"itemListElement\":[{\"@type\":\"ListItem\",\"position\":1,\"name\":\"Startseite\",\"item\":\"https:\/\/lei.net\/hu\/\"},{\"@type\":\"ListItem\",\"position\":2,\"name\":\"Impresszum\"}]},{\"@type\":\"WebSite\",\"@id\":\"https:\/\/lei.net\/#website\",\"url\":\"https:\/\/lei.net\/\",\"name\":\"LEI.net\",\"description\":\"Official Legal Entity Identifier (LEI) Registrar\",\"publisher\":{\"@id\":\"https:\/\/lei.net\/#organization\"},\"potentialAction\":[{\"@type\":\"SearchAction\",\"target\":{\"@type\":\"EntryPoint\",\"urlTemplate\":\"https:\/\/lei.net\/?s={search_term_string}\"},\"query-input\":{\"@type\":\"PropertyValueSpecification\",\"valueRequired\":true,\"valueName\":\"search_term_string\"}}],\"inLanguage\":\"hu\"},{\"@type\":\"Organization\",\"@id\":\"https:\/\/lei.net\/#organization\",\"name\":\"F.I.D.Firmeninformationsdienst GmbH\",\"url\":\"https:\/\/lei.net\/\",\"logo\":{\"@type\":\"ImageObject\",\"inLanguage\":\"hu\",\"@id\":\"https:\/\/lei.net\/#\/schema\/logo\/image\/\",\"url\":\"https:\/\/lei.net\/wp-content\/uploads\/2021\/12\/color_vertical.jpg\",\"contentUrl\":\"https:\/\/lei.net\/wp-content\/uploads\/2021\/12\/color_vertical.jpg\",\"width\":283,\"height\":283,\"caption\":\"F.I.D.Firmeninformationsdienst GmbH\"},\"image\":{\"@id\":\"https:\/\/lei.net\/#\/schema\/logo\/image\/\"}}]}<\/script>\n<!-- \/ Yoast SEO plugin. -->","yoast_head_json":{"title":"Impresszum - LEI.net","description":"A LEI.NET az F.I.D. Firmeninformationsdienst GmbH szolg\u00e1ltat\u00e1sa. Az F.I.D. Firmeninformationsdienst GmbH jogi k\u00e9pvisel\u0151i C. Raphael Mahir \u00e9s Markus S.","robots":{"index":"index","follow":"follow","max-snippet":"max-snippet:-1","max-image-preview":"max-image-preview:large","max-video-preview":"max-video-preview:-1"},"canonical":"https:\/\/lei.net\/hu\/wp-json\/wp\/v2\/pages\/950","og_locale":"hu_HU","og_type":"article","og_title":"Impresszum - LEI.net","og_description":"A LEI.NET az F.I.D. Firmeninformationsdienst GmbH szolg\u00e1ltat\u00e1sa. Az F.I.D. Firmeninformationsdienst GmbH jogi k\u00e9pvisel\u0151i C. Raphael Mahir \u00e9s Markus S.","og_url":"https:\/\/lei.net\/hu\/impresszum\/","og_site_name":"LEI.net","article_modified_time":"2026-02-26T06:41:39+00:00","twitter_card":"summary_large_image","twitter_misc":{"Becs\u00fclt olvas\u00e1si id\u0151":"1 perc"},"schema":{"@context":"https:\/\/schema.org","@graph":[{"@type":"WebPage","@id":"https:\/\/lei.net\/hu\/impresszum\/","url":"https:\/\/lei.net\/hu\/impresszum\/","name":"Impresszum - LEI.net","isPartOf":{"@id":"https:\/\/lei.net\/#website"},"datePublished":"2021-08-05T12:07:05+00:00","dateModified":"2026-02-26T06:41:39+00:00","description":"A LEI.NET az F.I.D. Firmeninformationsdienst GmbH szolg\u00e1ltat\u00e1sa. Az F.I.D. Firmeninformationsdienst GmbH jogi k\u00e9pvisel\u0151i C. Raphael Mahir \u00e9s Markus S.","breadcrumb":{"@id":"https:\/\/lei.net\/hu\/impresszum\/#breadcrumb"},"inLanguage":"hu","potentialAction":[{"@type":"ReadAction","target":["https:\/\/lei.net\/hu\/impresszum\/"]}]},{"@type":"BreadcrumbList","@id":"https:\/\/lei.net\/hu\/impresszum\/#breadcrumb","itemListElement":[{"@type":"ListItem","position":1,"name":"Startseite","item":"https:\/\/lei.net\/hu\/"},{"@type":"ListItem","position":2,"name":"Impresszum"}]},{"@type":"WebSite","@id":"https:\/\/lei.net\/#website","url":"https:\/\/lei.net\/","name":"LEI.net","description":"Official Legal Entity Identifier (LEI) Registrar","publisher":{"@id":"https:\/\/lei.net\/#organization"},"potentialAction":[{"@type":"SearchAction","target":{"@type":"EntryPoint","urlTemplate":"https:\/\/lei.net\/?s={search_term_string}"},"query-input":{"@type":"PropertyValueSpecification","valueRequired":true,"valueName":"search_term_string"}}],"inLanguage":"hu"},{"@type":"Organization","@id":"https:\/\/lei.net\/#organization","name":"F.I.D.Firmeninformationsdienst GmbH","url":"https:\/\/lei.net\/","logo":{"@type":"ImageObject","inLanguage":"hu","@id":"https:\/\/lei.net\/#\/schema\/logo\/image\/","url":"https:\/\/lei.net\/wp-content\/uploads\/2021\/12\/color_vertical.jpg","contentUrl":"https:\/\/lei.net\/wp-content\/uploads\/2021\/12\/color_vertical.jpg","width":283,"height":283,"caption":"F.I.D.Firmeninformationsdienst GmbH"},"image":{"@id":"https:\/\/lei.net\/#\/schema\/logo\/image\/"}}]}},"_links":{"self":[{"href":"https:\/\/lei.net\/hu\/wp-json\/wp\/v2\/pages\/950","targetHints":{"allow":["GET"]}}],"collection":[{"href":"https:\/\/lei.net\/hu\/wp-json\/wp\/v2\/pages"}],"about":[{"href":"https:\/\/lei.net\/hu\/wp-json\/wp\/v2\/types\/page"}],"author":[{"embeddable":true,"href":"https:\/\/lei.net\/hu\/wp-json\/wp\/v2\/users\/4"}],"replies":[{"embeddable":true,"href":"https:\/\/lei.net\/hu\/wp-json\/wp\/v2\/comments?post=950"}],"version-history":[{"count":3,"href":"https:\/\/lei.net\/hu\/wp-json\/wp\/v2\/pages\/950\/revisions"}],"predecessor-version":[{"id":14926,"href":"https:\/\/lei.net\/hu\/wp-json\/wp\/v2\/pages\/950\/revisions\/14926"}],"wp:attachment":[{"href":"https:\/\/lei.net\/hu\/wp-json\/wp\/v2\/media?parent=950"}],"curies":[{"name":"wp","href":"https:\/\/api.w.org\/{rel}","templated":true}]}}