

{"id":1461,"date":"2021-07-22T10:40:44","date_gmt":"2021-07-22T09:40:44","guid":{"rendered":"https:\/\/lei.net\/contact\/"},"modified":"2026-03-03T06:03:35","modified_gmt":"2026-03-03T05:03:35","slug":"hafdu-samband","status":"publish","type":"page","link":"https:\/\/lei.net\/is\/hafdu-samband\/","title":{"rendered":"Haf\u00f0u samband"},"content":{"rendered":"\r\n<div class=\"wp-block-columns is-layout-flex wp-container-core-columns-is-layout-9d6595d7 wp-block-columns-is-layout-flex\">\r\n<div class=\"wp-block-column is-layout-flow wp-block-column-is-layout-flow\">\r\n<h2 class=\"wp-block-heading font-axiforma\" style=\"font-size: 45px; font-style: normal; font-weight: 600;\">Haf\u00f0u samband<\/h2>\r\n<\/div>\r\n<\/div>\r\n\r\n\r\n\r\n<div class=\"wp-block-columns is-layout-flex wp-container-core-columns-is-layout-9d6595d7 wp-block-columns-is-layout-flex\">\r\n<div class=\"wp-block-column is-layout-flow wp-block-column-is-layout-flow\">\r\n<p>Vinsamlegast nota\u00f0u ey\u00f0ubla\u00f0i\u00f0 fyrir spurningar \u00fe\u00ednar. Vi\u00f0 munum svara innan 2 klukkustunda \u00e1 opnunart\u00edma okkar.<\/p>\r\n\r\n\r\n\n<p class=\"!text-base md:!text-lg !font-semibold text-center md:text-left\"><a href=\"https:\/\/lei.net\/what-is-lei\/\" class=\"flex text-primary items-center justify-center md:justify-start\">Hva\u00f0 er LEI? <span class=\"stroke-primary rotate-180 w-6 h-6 inline-block\"><svg viewBox=\"0 0 16 16\" fill=\"none\" xmlns=\"http:\/\/www.w3.org\/2000\/svg\">\n<path d=\"M10 12.0002L6 8.00024L10 4.00024\" stroke-width=\"1.5\" stroke-linecap=\"round\" stroke-linejoin=\"round\"\/>\n<\/svg>\n<\/span><\/a><\/p>\r\n\r\n\n<p class=\"!text-base md:!text-lg !font-semibold text-center md:text-left\"><a href=\"https:\/\/lei.net\/faq\/\" class=\"flex text-primary items-center justify-center md:justify-start\">FAQ <span class=\"stroke-primary rotate-180 w-6 h-6 inline-block\"><svg viewBox=\"0 0 16 16\" fill=\"none\" xmlns=\"http:\/\/www.w3.org\/2000\/svg\">\n<path d=\"M10 12.0002L6 8.00024L10 4.00024\" stroke-width=\"1.5\" stroke-linecap=\"round\" stroke-linejoin=\"round\"\/>\n<\/svg>\n<\/span><\/a><\/p>\r\n\r\n\r\n<p>S\u00edman\u00famer: +49 (89) 614215110<br \/>E-mail: support@lei.net<\/p>\r\n\r\n\r\n\r\n<p>LEI.net eftir FID GmbH<\/p>\r\n<\/div>\r\n\r\n\r\n\r\n<div class=\"wp-block-column is-layout-flow wp-block-column-is-layout-flow\"><p class=\"wpcf7-contact-form-not-found\"><strong>Error:<\/strong> Contact form not found.<\/p>\n<\/div>\r\n<\/div>\r\n\r\n\r\n<div class='block-grey-divider grey-divider'><\/div>","protected":false},"excerpt":{"rendered":"<p>Haf\u00f0u samband Vinsamlegast nota\u00f0u ey\u00f0ubla\u00f0i\u00f0 fyrir spurningar \u00fe\u00ednar. Vi\u00f0 munum svara innan 2 klukkustunda \u00e1 opnunart\u00edma okkar. S\u00edman\u00famer: +49 (89) 614215110E-mail: support@lei.net LEI.net eftir FID GmbH<\/p>\n","protected":false},"author":1,"featured_media":0,"parent":0,"menu_order":0,"comment_status":"closed","ping_status":"closed","template":"","meta":{"_acf_changed":false,"footnotes":""},"class_list":["post-1461","page","type-page","status-publish","hentry"],"acf":[],"yoast_head":"<!-- This site is optimized with the Yoast SEO plugin v25.6 - https:\/\/yoast.com\/wordpress\/plugins\/seo\/ -->\n<title>hafdu-samband- LEI.net<\/title>\n<meta name=\"description\" content=\"Haf\u00f0u samband Vinsamlegast nota\u00f0u ey\u00f0ubla\u00f0i\u00f0 fyrir spurningar \u00fe\u00ednar. Vi\u00f0 munum svara innan 2 klukkustunda \u00e1 opnunart\u00edma okkar. S\u00edman\u00famer: +49 (89)\" \/>\n<meta name=\"robots\" content=\"index, follow, max-snippet:-1, max-image-preview:large, max-video-preview:-1\" \/>\n<link rel=\"canonical\" href=\"https:\/\/lei.net\/is\/wp-json\/wp\/v2\/pages\/1461\" \/>\n<meta property=\"og:locale\" content=\"is_IS\" \/>\n<meta property=\"og:type\" content=\"article\" \/>\n<meta property=\"og:title\" content=\"hafdu-samband- LEI.net\" \/>\n<meta property=\"og:description\" content=\"Haf\u00f0u samband Vinsamlegast nota\u00f0u ey\u00f0ubla\u00f0i\u00f0 fyrir spurningar \u00fe\u00ednar. Vi\u00f0 munum svara innan 2 klukkustunda \u00e1 opnunart\u00edma okkar. S\u00edman\u00famer: +49 (89)\" \/>\n<meta property=\"og:url\" content=\"https:\/\/lei.net\/is\/hafdu-samband\/\" \/>\n<meta property=\"og:site_name\" content=\"LEI.net\" \/>\n<meta property=\"article:modified_time\" content=\"2026-03-03T05:03:35+00:00\" \/>\n<meta name=\"twitter:card\" content=\"summary_large_image\" \/>\n<meta name=\"twitter:label1\" content=\"Est. reading time\" \/>\n\t<meta name=\"twitter:data1\" content=\"1 minute\" \/>\n<script type=\"application\/ld+json\" class=\"yoast-schema-graph\">{\"@context\":\"https:\/\/schema.org\",\"@graph\":[{\"@type\":\"WebPage\",\"@id\":\"https:\/\/lei.net\/is\/hafdu-samband\/\",\"url\":\"https:\/\/lei.net\/is\/hafdu-samband\/\",\"name\":\"hafdu-samband- LEI.net\",\"isPartOf\":{\"@id\":\"https:\/\/lei.net\/#website\"},\"datePublished\":\"2021-07-22T09:40:44+00:00\",\"dateModified\":\"2026-03-03T05:03:35+00:00\",\"description\":\"Haf\u00f0u samband Vinsamlegast nota\u00f0u ey\u00f0ubla\u00f0i\u00f0 fyrir spurningar \u00fe\u00ednar. Vi\u00f0 munum svara innan 2 klukkustunda \u00e1 opnunart\u00edma okkar. S\u00edman\u00famer: +49 (89)\",\"breadcrumb\":{\"@id\":\"https:\/\/lei.net\/is\/hafdu-samband\/#breadcrumb\"},\"inLanguage\":\"is\",\"potentialAction\":[{\"@type\":\"ReadAction\",\"target\":[\"https:\/\/lei.net\/is\/hafdu-samband\/\"]}]},{\"@type\":\"BreadcrumbList\",\"@id\":\"https:\/\/lei.net\/is\/hafdu-samband\/#breadcrumb\",\"itemListElement\":[{\"@type\":\"ListItem\",\"position\":1,\"name\":\"Startseite\",\"item\":\"https:\/\/lei.net\/is\/\"},{\"@type\":\"ListItem\",\"position\":2,\"name\":\"Haf\u00f0u samband\"}]},{\"@type\":\"WebSite\",\"@id\":\"https:\/\/lei.net\/#website\",\"url\":\"https:\/\/lei.net\/\",\"name\":\"LEI.net\",\"description\":\"Official Legal Entity Identifier (LEI) Registrar\",\"publisher\":{\"@id\":\"https:\/\/lei.net\/#organization\"},\"potentialAction\":[{\"@type\":\"SearchAction\",\"target\":{\"@type\":\"EntryPoint\",\"urlTemplate\":\"https:\/\/lei.net\/?s={search_term_string}\"},\"query-input\":{\"@type\":\"PropertyValueSpecification\",\"valueRequired\":true,\"valueName\":\"search_term_string\"}}],\"inLanguage\":\"is\"},{\"@type\":\"Organization\",\"@id\":\"https:\/\/lei.net\/#organization\",\"name\":\"F.I.D.Firmeninformationsdienst GmbH\",\"url\":\"https:\/\/lei.net\/\",\"logo\":{\"@type\":\"ImageObject\",\"inLanguage\":\"is\",\"@id\":\"https:\/\/lei.net\/#\/schema\/logo\/image\/\",\"url\":\"https:\/\/lei.net\/wp-content\/uploads\/2021\/12\/color_vertical.jpg\",\"contentUrl\":\"https:\/\/lei.net\/wp-content\/uploads\/2021\/12\/color_vertical.jpg\",\"width\":283,\"height\":283,\"caption\":\"F.I.D.Firmeninformationsdienst GmbH\"},\"image\":{\"@id\":\"https:\/\/lei.net\/#\/schema\/logo\/image\/\"}}]}<\/script>\n<!-- \/ Yoast SEO plugin. -->","yoast_head_json":{"title":"hafdu-samband- LEI.net","description":"Haf\u00f0u samband Vinsamlegast nota\u00f0u ey\u00f0ubla\u00f0i\u00f0 fyrir spurningar \u00fe\u00ednar. Vi\u00f0 munum svara innan 2 klukkustunda \u00e1 opnunart\u00edma okkar. S\u00edman\u00famer: +49 (89)","robots":{"index":"index","follow":"follow","max-snippet":"max-snippet:-1","max-image-preview":"max-image-preview:large","max-video-preview":"max-video-preview:-1"},"canonical":"https:\/\/lei.net\/is\/wp-json\/wp\/v2\/pages\/1461","og_locale":"is_IS","og_type":"article","og_title":"hafdu-samband- LEI.net","og_description":"Haf\u00f0u samband Vinsamlegast nota\u00f0u ey\u00f0ubla\u00f0i\u00f0 fyrir spurningar \u00fe\u00ednar. Vi\u00f0 munum svara innan 2 klukkustunda \u00e1 opnunart\u00edma okkar. S\u00edman\u00famer: +49 (89)","og_url":"https:\/\/lei.net\/is\/hafdu-samband\/","og_site_name":"LEI.net","article_modified_time":"2026-03-03T05:03:35+00:00","twitter_card":"summary_large_image","twitter_misc":{"Est. reading time":"1 minute"},"schema":{"@context":"https:\/\/schema.org","@graph":[{"@type":"WebPage","@id":"https:\/\/lei.net\/is\/hafdu-samband\/","url":"https:\/\/lei.net\/is\/hafdu-samband\/","name":"hafdu-samband- LEI.net","isPartOf":{"@id":"https:\/\/lei.net\/#website"},"datePublished":"2021-07-22T09:40:44+00:00","dateModified":"2026-03-03T05:03:35+00:00","description":"Haf\u00f0u samband Vinsamlegast nota\u00f0u ey\u00f0ubla\u00f0i\u00f0 fyrir spurningar \u00fe\u00ednar. Vi\u00f0 munum svara innan 2 klukkustunda \u00e1 opnunart\u00edma okkar. S\u00edman\u00famer: +49 (89)","breadcrumb":{"@id":"https:\/\/lei.net\/is\/hafdu-samband\/#breadcrumb"},"inLanguage":"is","potentialAction":[{"@type":"ReadAction","target":["https:\/\/lei.net\/is\/hafdu-samband\/"]}]},{"@type":"BreadcrumbList","@id":"https:\/\/lei.net\/is\/hafdu-samband\/#breadcrumb","itemListElement":[{"@type":"ListItem","position":1,"name":"Startseite","item":"https:\/\/lei.net\/is\/"},{"@type":"ListItem","position":2,"name":"Haf\u00f0u samband"}]},{"@type":"WebSite","@id":"https:\/\/lei.net\/#website","url":"https:\/\/lei.net\/","name":"LEI.net","description":"Official Legal Entity Identifier (LEI) Registrar","publisher":{"@id":"https:\/\/lei.net\/#organization"},"potentialAction":[{"@type":"SearchAction","target":{"@type":"EntryPoint","urlTemplate":"https:\/\/lei.net\/?s={search_term_string}"},"query-input":{"@type":"PropertyValueSpecification","valueRequired":true,"valueName":"search_term_string"}}],"inLanguage":"is"},{"@type":"Organization","@id":"https:\/\/lei.net\/#organization","name":"F.I.D.Firmeninformationsdienst GmbH","url":"https:\/\/lei.net\/","logo":{"@type":"ImageObject","inLanguage":"is","@id":"https:\/\/lei.net\/#\/schema\/logo\/image\/","url":"https:\/\/lei.net\/wp-content\/uploads\/2021\/12\/color_vertical.jpg","contentUrl":"https:\/\/lei.net\/wp-content\/uploads\/2021\/12\/color_vertical.jpg","width":283,"height":283,"caption":"F.I.D.Firmeninformationsdienst GmbH"},"image":{"@id":"https:\/\/lei.net\/#\/schema\/logo\/image\/"}}]}},"_links":{"self":[{"href":"https:\/\/lei.net\/is\/wp-json\/wp\/v2\/pages\/1461","targetHints":{"allow":["GET"]}}],"collection":[{"href":"https:\/\/lei.net\/is\/wp-json\/wp\/v2\/pages"}],"about":[{"href":"https:\/\/lei.net\/is\/wp-json\/wp\/v2\/types\/page"}],"author":[{"embeddable":true,"href":"https:\/\/lei.net\/is\/wp-json\/wp\/v2\/users\/1"}],"replies":[{"embeddable":true,"href":"https:\/\/lei.net\/is\/wp-json\/wp\/v2\/comments?post=1461"}],"version-history":[{"count":8,"href":"https:\/\/lei.net\/is\/wp-json\/wp\/v2\/pages\/1461\/revisions"}],"predecessor-version":[{"id":16828,"href":"https:\/\/lei.net\/is\/wp-json\/wp\/v2\/pages\/1461\/revisions\/16828"}],"wp:attachment":[{"href":"https:\/\/lei.net\/is\/wp-json\/wp\/v2\/media?parent=1461"}],"curies":[{"name":"wp","href":"https:\/\/api.w.org\/{rel}","templated":true}]}}