

{"id":1469,"date":"2021-08-05T13:07:05","date_gmt":"2021-08-05T12:07:05","guid":{"rendered":"https:\/\/lei.net\/imprint\/"},"modified":"2026-03-03T06:05:00","modified_gmt":"2026-03-03T05:05:00","slug":"aletrun","status":"publish","type":"page","link":"https:\/\/lei.net\/is\/aletrun\/","title":{"rendered":"\u00c1letrun"},"content":{"rendered":"\r\n<div class=\"wp-block-columns is-layout-flex wp-container-core-columns-is-layout-9d6595d7 wp-block-columns-is-layout-flex\">\r\n<div class=\"wp-block-column is-layout-flow wp-block-column-is-layout-flow\">  <div class=\"container px-4 xl:px-0\">\n    <div class=\"flex flex-wrap  mb-10 md:mb-16\">\n      <div class=\"w-full md:w-1\/2\">\n      <h1 class=\"font-axiforma text-[45px] md:text-[55px] text-center md:text-left\">\u00c1letrun<\/h1>\n            <\/div>\n      <div class=\"w-full md:w-1\/2 flex justify-center mt-10 md:mt-0\">\n        <img loading=\"lazy\" decoding=\"async\" alt=\"\" src=\"https:\/\/lei.net\/wp-content\/uploads\/2024\/01\/imprint.svg\" width=\"440\" height=\"350\">      <\/div>\n    <\/div>\n  <\/div>\n<\/div>\r\n\r\n\r\n\r\n<div class=\"wp-block-column is-layout-flow wp-block-column-is-layout-flow\">\r\n<p>LEI.NET er \u00fej\u00f3nusta F.I.D. Firmeninformationsdienst GmbH.<\/p>\r\n\r\n\r\n\r\n<p>L\u00f6gfr\u00e6\u00f0ingar F.I.D. Firmeninformationsdienst GmbH eru framkv\u00e6mdarstj\u00f3rarnir C. Raphael Mahir og Markus S. Glatz.<\/p>\r\n\r\n\r\n\r\n<p>F.I.D. Fyrirt\u00e6kjauppl\u00fdsingar Service GmbH<br \/>Pelkovenstrasse 148<br \/>D-80992 M\u00fcnchen<\/p>\r\n\r\n\r\n\r\n<p>S\u00edman\u00famer: +49 (89) 614215110<br \/>Netfang: support@lei.net<\/p>\r\n\r\n\r\n\r\n<p>HRB 216109 (Local Court Munich)<br \/>VSK-n\u00famer: DE298120788<br \/>Skattstofa Munchen II<br \/>LEI: 98450069D77R7698B317<\/p>\r\n<\/div>\r\n<\/div>\r\n","protected":false},"excerpt":{"rendered":"<p>LEI.NET er \u00fej\u00f3nusta F.I.D. Firmeninformationsdienst GmbH. L\u00f6gfr\u00e6\u00f0ingar F.I.D. Firmeninformationsdienst GmbH eru framkv\u00e6mdarstj\u00f3rarnir C. Raphael Mahir og Markus S. Glatz. F.I.D. Fyrirt\u00e6kjauppl\u00fdsingar Service GmbHPelkovenstrasse 148D-80992 M\u00fcnchen S\u00edman\u00famer: +49 (89) 614215110Netfang: support@lei.net HRB 216109 (Local Court Munich)VSK-n\u00famer: DE298120788Skattstofa Munchen IILEI: 98450069D77R7698B317<\/p>\n","protected":false},"author":4,"featured_media":0,"parent":0,"menu_order":0,"comment_status":"closed","ping_status":"closed","template":"","meta":{"_acf_changed":false,"footnotes":""},"class_list":["post-1469","page","type-page","status-publish","hentry"],"acf":[],"yoast_head":"<!-- This site is optimized with the Yoast SEO plugin v25.6 - https:\/\/yoast.com\/wordpress\/plugins\/seo\/ -->\n<title>\u00c1letrun - LEI.net<\/title>\n<meta name=\"description\" content=\"LEI.NET er \u00fej\u00f3nusta F.I.D. Firmeninformationsdienst GmbH. L\u00f6gfr\u00e6\u00f0ingar F.I.D. Firmeninformationsdienst GmbH eru framkv\u00e6mdarstj\u00f3rarnir C. Raphael Mahir og\" \/>\n<meta name=\"robots\" content=\"index, follow, max-snippet:-1, max-image-preview:large, max-video-preview:-1\" \/>\n<link rel=\"canonical\" href=\"https:\/\/lei.net\/is\/wp-json\/wp\/v2\/pages\/1469\" \/>\n<meta property=\"og:locale\" content=\"is_IS\" \/>\n<meta property=\"og:type\" content=\"article\" \/>\n<meta property=\"og:title\" content=\"\u00c1letrun - LEI.net\" \/>\n<meta property=\"og:description\" content=\"LEI.NET er \u00fej\u00f3nusta F.I.D. Firmeninformationsdienst GmbH. L\u00f6gfr\u00e6\u00f0ingar F.I.D. Firmeninformationsdienst GmbH eru framkv\u00e6mdarstj\u00f3rarnir C. Raphael Mahir og\" \/>\n<meta property=\"og:url\" content=\"https:\/\/lei.net\/is\/aletrun\/\" \/>\n<meta property=\"og:site_name\" content=\"LEI.net\" \/>\n<meta property=\"article:modified_time\" content=\"2026-03-03T05:05:00+00:00\" \/>\n<meta name=\"twitter:card\" content=\"summary_large_image\" \/>\n<meta name=\"twitter:label1\" content=\"Est. reading time\" \/>\n\t<meta name=\"twitter:data1\" content=\"1 minute\" \/>\n<script type=\"application\/ld+json\" class=\"yoast-schema-graph\">{\"@context\":\"https:\/\/schema.org\",\"@graph\":[{\"@type\":\"WebPage\",\"@id\":\"https:\/\/lei.net\/is\/aletrun\/\",\"url\":\"https:\/\/lei.net\/is\/aletrun\/\",\"name\":\"\u00c1letrun - LEI.net\",\"isPartOf\":{\"@id\":\"https:\/\/lei.net\/#website\"},\"datePublished\":\"2021-08-05T12:07:05+00:00\",\"dateModified\":\"2026-03-03T05:05:00+00:00\",\"description\":\"LEI.NET er \u00fej\u00f3nusta F.I.D. Firmeninformationsdienst GmbH. L\u00f6gfr\u00e6\u00f0ingar F.I.D. Firmeninformationsdienst GmbH eru framkv\u00e6mdarstj\u00f3rarnir C. Raphael Mahir og\",\"breadcrumb\":{\"@id\":\"https:\/\/lei.net\/is\/aletrun\/#breadcrumb\"},\"inLanguage\":\"is\",\"potentialAction\":[{\"@type\":\"ReadAction\",\"target\":[\"https:\/\/lei.net\/is\/aletrun\/\"]}]},{\"@type\":\"BreadcrumbList\",\"@id\":\"https:\/\/lei.net\/is\/aletrun\/#breadcrumb\",\"itemListElement\":[{\"@type\":\"ListItem\",\"position\":1,\"name\":\"Startseite\",\"item\":\"https:\/\/lei.net\/is\/\"},{\"@type\":\"ListItem\",\"position\":2,\"name\":\"\u00c1letrun\"}]},{\"@type\":\"WebSite\",\"@id\":\"https:\/\/lei.net\/#website\",\"url\":\"https:\/\/lei.net\/\",\"name\":\"LEI.net\",\"description\":\"Official Legal Entity Identifier (LEI) Registrar\",\"publisher\":{\"@id\":\"https:\/\/lei.net\/#organization\"},\"potentialAction\":[{\"@type\":\"SearchAction\",\"target\":{\"@type\":\"EntryPoint\",\"urlTemplate\":\"https:\/\/lei.net\/?s={search_term_string}\"},\"query-input\":{\"@type\":\"PropertyValueSpecification\",\"valueRequired\":true,\"valueName\":\"search_term_string\"}}],\"inLanguage\":\"is\"},{\"@type\":\"Organization\",\"@id\":\"https:\/\/lei.net\/#organization\",\"name\":\"F.I.D.Firmeninformationsdienst GmbH\",\"url\":\"https:\/\/lei.net\/\",\"logo\":{\"@type\":\"ImageObject\",\"inLanguage\":\"is\",\"@id\":\"https:\/\/lei.net\/#\/schema\/logo\/image\/\",\"url\":\"https:\/\/lei.net\/wp-content\/uploads\/2021\/12\/color_vertical.jpg\",\"contentUrl\":\"https:\/\/lei.net\/wp-content\/uploads\/2021\/12\/color_vertical.jpg\",\"width\":283,\"height\":283,\"caption\":\"F.I.D.Firmeninformationsdienst GmbH\"},\"image\":{\"@id\":\"https:\/\/lei.net\/#\/schema\/logo\/image\/\"}}]}<\/script>\n<!-- \/ Yoast SEO plugin. -->","yoast_head_json":{"title":"\u00c1letrun - LEI.net","description":"LEI.NET er \u00fej\u00f3nusta F.I.D. Firmeninformationsdienst GmbH. L\u00f6gfr\u00e6\u00f0ingar F.I.D. Firmeninformationsdienst GmbH eru framkv\u00e6mdarstj\u00f3rarnir C. Raphael Mahir og","robots":{"index":"index","follow":"follow","max-snippet":"max-snippet:-1","max-image-preview":"max-image-preview:large","max-video-preview":"max-video-preview:-1"},"canonical":"https:\/\/lei.net\/is\/wp-json\/wp\/v2\/pages\/1469","og_locale":"is_IS","og_type":"article","og_title":"\u00c1letrun - LEI.net","og_description":"LEI.NET er \u00fej\u00f3nusta F.I.D. Firmeninformationsdienst GmbH. L\u00f6gfr\u00e6\u00f0ingar F.I.D. Firmeninformationsdienst GmbH eru framkv\u00e6mdarstj\u00f3rarnir C. Raphael Mahir og","og_url":"https:\/\/lei.net\/is\/aletrun\/","og_site_name":"LEI.net","article_modified_time":"2026-03-03T05:05:00+00:00","twitter_card":"summary_large_image","twitter_misc":{"Est. reading time":"1 minute"},"schema":{"@context":"https:\/\/schema.org","@graph":[{"@type":"WebPage","@id":"https:\/\/lei.net\/is\/aletrun\/","url":"https:\/\/lei.net\/is\/aletrun\/","name":"\u00c1letrun - LEI.net","isPartOf":{"@id":"https:\/\/lei.net\/#website"},"datePublished":"2021-08-05T12:07:05+00:00","dateModified":"2026-03-03T05:05:00+00:00","description":"LEI.NET er \u00fej\u00f3nusta F.I.D. Firmeninformationsdienst GmbH. L\u00f6gfr\u00e6\u00f0ingar F.I.D. Firmeninformationsdienst GmbH eru framkv\u00e6mdarstj\u00f3rarnir C. Raphael Mahir og","breadcrumb":{"@id":"https:\/\/lei.net\/is\/aletrun\/#breadcrumb"},"inLanguage":"is","potentialAction":[{"@type":"ReadAction","target":["https:\/\/lei.net\/is\/aletrun\/"]}]},{"@type":"BreadcrumbList","@id":"https:\/\/lei.net\/is\/aletrun\/#breadcrumb","itemListElement":[{"@type":"ListItem","position":1,"name":"Startseite","item":"https:\/\/lei.net\/is\/"},{"@type":"ListItem","position":2,"name":"\u00c1letrun"}]},{"@type":"WebSite","@id":"https:\/\/lei.net\/#website","url":"https:\/\/lei.net\/","name":"LEI.net","description":"Official Legal Entity Identifier (LEI) Registrar","publisher":{"@id":"https:\/\/lei.net\/#organization"},"potentialAction":[{"@type":"SearchAction","target":{"@type":"EntryPoint","urlTemplate":"https:\/\/lei.net\/?s={search_term_string}"},"query-input":{"@type":"PropertyValueSpecification","valueRequired":true,"valueName":"search_term_string"}}],"inLanguage":"is"},{"@type":"Organization","@id":"https:\/\/lei.net\/#organization","name":"F.I.D.Firmeninformationsdienst GmbH","url":"https:\/\/lei.net\/","logo":{"@type":"ImageObject","inLanguage":"is","@id":"https:\/\/lei.net\/#\/schema\/logo\/image\/","url":"https:\/\/lei.net\/wp-content\/uploads\/2021\/12\/color_vertical.jpg","contentUrl":"https:\/\/lei.net\/wp-content\/uploads\/2021\/12\/color_vertical.jpg","width":283,"height":283,"caption":"F.I.D.Firmeninformationsdienst GmbH"},"image":{"@id":"https:\/\/lei.net\/#\/schema\/logo\/image\/"}}]}},"_links":{"self":[{"href":"https:\/\/lei.net\/is\/wp-json\/wp\/v2\/pages\/1469","targetHints":{"allow":["GET"]}}],"collection":[{"href":"https:\/\/lei.net\/is\/wp-json\/wp\/v2\/pages"}],"about":[{"href":"https:\/\/lei.net\/is\/wp-json\/wp\/v2\/types\/page"}],"author":[{"embeddable":true,"href":"https:\/\/lei.net\/is\/wp-json\/wp\/v2\/users\/4"}],"replies":[{"embeddable":true,"href":"https:\/\/lei.net\/is\/wp-json\/wp\/v2\/comments?post=1469"}],"version-history":[{"count":4,"href":"https:\/\/lei.net\/is\/wp-json\/wp\/v2\/pages\/1469\/revisions"}],"predecessor-version":[{"id":16829,"href":"https:\/\/lei.net\/is\/wp-json\/wp\/v2\/pages\/1469\/revisions\/16829"}],"wp:attachment":[{"href":"https:\/\/lei.net\/is\/wp-json\/wp\/v2\/media?parent=1469"}],"curies":[{"name":"wp","href":"https:\/\/api.w.org\/{rel}","templated":true}]}}