

{"id":1488,"date":"2021-06-29T14:14:05","date_gmt":"2021-06-29T13:14:05","guid":{"rendered":"https:\/\/lei.net\/what-is-lei\/"},"modified":"2026-03-02T08:22:15","modified_gmt":"2026-03-02T07:22:15","slug":"hvad-er-lei","status":"publish","type":"page","link":"https:\/\/lei.net\/is\/hvad-er-lei\/","title":{"rendered":"Hva\u00f0 er LEI?"},"content":{"rendered":"  <div class=\"container px-4 xl:px-0\">\n    <div class=\"flex flex-wrap  mb-10 md:mb-16\">\n      <div class=\"w-full md:w-1\/2\">\n      <h1 class=\"font-axiforma text-[45px] md:text-[55px] text-center md:text-left\">Hva\u00f0 er LEI?<\/h1>\n            <\/div>\n      <div class=\"w-full md:w-1\/2 flex justify-center mt-10 md:mt-0\">\n        <img loading=\"lazy\" decoding=\"async\" alt=\"\" src=\"https:\/\/lei.net\/wp-content\/uploads\/2024\/02\/whyus.svg\" width=\"590\" height=\"300\">      <\/div>\n    <\/div>\n  <\/div>\n\r\n\r\n\r\n<div class=\"wp-block-columns is-layout-flex wp-container-core-columns-is-layout-9d6595d7 wp-block-columns-is-layout-flex\">\r\n<div class=\"wp-block-column is-layout-flow wp-block-column-is-layout-flow\" style=\"flex-basis: 33.33%;\">\r\n<h2 class=\"wp-block-heading has-large-font-size\" style=\"font-style: normal; font-weight: 600;\">Grunnuppl\u00fdsingar<\/h2>\r\n<\/div>\r\n\r\n\r\n\r\n<div class=\"wp-block-column is-layout-flow wp-block-column-is-layout-flow\" style=\"flex-basis: 66.66%;\">\r\n<p>LEI \u2013 kennit\u00f6lu fyrir l\u00f6ga\u00f0ila (Legal Entity Identification number). Einstakt au\u00f0kenni fyrir fyrirt\u00e6ki sem stunda vi\u00f0skipti \u00e1 fj\u00e1rm\u00e1lam\u00f6rku\u00f0um (me\u00f0 hlutabr\u00e9f, skuldabr\u00e9f, framt\u00ed\u00f0arsamninga, gjaldeyrisskipti o.s.frv.). Hver vi\u00f0skipti sem framkv\u00e6md eru \u00e1 fj\u00e1rm\u00e1lam\u00f6rku\u00f0um eru tengd vi\u00f0skiptaf\u00e9laga \u00ed gegnum LEI n\u00famer. LEI k\u00f3\u00f0ar eru nota\u00f0ir af eftirlitsa\u00f0ilum til a\u00f0 fylgjast me\u00f0 fj\u00e1rm\u00e1lam\u00f6rku\u00f0um. LEI t\u00f6lur tengja fj\u00e1rm\u00e1lamarka\u00f0i, fyrirt\u00e6ki og eftirlitsa\u00f0ila. LEI t\u00f6lur eru gefnar \u00fat af GLEIF-vi\u00f0urkenndum LOU. GLEIF \u2013 Global Legal Entity Identifier Foundation. ENGIN VI\u00d0SKIPTI \u00c1N LEI.<\/p>\r\n<\/div>\r\n<\/div>\r\n\r\n\r\n\r\n<div class=\"wp-block-spacer\" style=\"height: 50px;\" aria-hidden=\"true\">\u00a0<\/div>\r\n\r\n\r\n\r\n<div class=\"wp-block-columns is-layout-flex wp-container-core-columns-is-layout-9d6595d7 wp-block-columns-is-layout-flex\">\r\n<div class=\"wp-block-column is-layout-flow wp-block-column-is-layout-flow\" style=\"flex-basis: 33.33%;\">\r\n<h2 class=\"wp-block-heading has-large-font-size\" style=\"font-style: normal; font-weight: 600;\">Kostir LEI k\u00f3\u00f0a<\/h2>\r\n<\/div>\r\n\r\n\r\n\r\n<div class=\"wp-block-column is-layout-flow wp-block-column-is-layout-flow\" style=\"flex-basis: 66.66%;\">\r\n<p>S\u00f6fnun vi\u00f0skiptavinagagna er l\u00edklega mesti kostur LEI n\u00famersins. \u00c1\u00f0ur \u00feurfti a\u00f0 afrita skilr\u00edki handvirkt og athuga n\u00e1kv\u00e6mni \u00feeirra, sem var langt ferli mi\u00f0a\u00f0 vi\u00f0 t\u00edmasetningar. Auk \u00feess var \u00fe\u00f6rf \u00e1 miklum g\u00f6gnum til a\u00f0 tryggja \u00f6ruggan farveg hlutabr\u00e9fakaupa. Hugmyndin um LEI n\u00famerun lei\u00f0ir til b\u00e6tingar \u00e1 ferlinu. Me\u00f0 hj\u00e1lp stafr\u00e6nningar \u00e1 mismunandi skrefum er \u00ed dag \u00fe\u00f6rf \u00e1 a\u00f0eins litlu rafr\u00e6nu formi. Einnig eru uppf\u00e6rsla, framlenging og ey\u00f0ing fyrirt\u00e6kjagagna n\u00fa h\u00e1\u00f0 virku kerfi sem getur haldi\u00f0 \u00ed vi\u00f0 hratt \u00fer\u00f3andi al\u00fej\u00f3\u00f0lega fj\u00e1rm\u00e1lamarka\u00f0i.<\/p>\r\n\r\n\r\n\r\n<p>Opin og gagns\u00e6 g\u00f6gn l\u00e1gmarka \u00e1h\u00e6ttu al\u00fej\u00f3\u00f0legrar fj\u00e1rm\u00e1lagj\u00f6rnings. \u00deetta gerir \u00fea\u00f0 au\u00f0velt a\u00f0 sj\u00e1 hver vi\u00f0skiptaf\u00e9laginn er og hva\u00f0 hann stendur fyrir. \u00deetta veitir \u00f6ryggi sem ekki var til sta\u00f0ar \u00e1 \u00feennan h\u00e1tt fyrir LEI n\u00fameri\u00f0.<\/p>\r\n<\/div>\r\n<\/div>\r\n\r\n\r\n\r\n<div class=\"wp-block-spacer\" style=\"height: 50px;\" aria-hidden=\"true\">\u00a0<\/div>\r\n\r\n\r\n\n<section class=\"container px-4 xl:px-0\">\n    <div class=\"flex rounded-2xl bg-gradient-to-r from-[#B3E0FF] to-[#6097D7] px-10 md:px-20 py-10 items-center gap-10 flex-col md:flex-row\">\n        <div class=\"w-full md:w-1\/2 flex justify-center\">\n            <img loading=\"lazy\" decoding=\"async\" alt=\"\" src=\"https:\/\/lei.net\/wp-content\/uploads\/2024\/02\/cta.svg\" width=\"440\" height=\"350\">        <\/div>\n        <div class=\"w-full md:w-1\/2\">\n            <h3 class=\"text-lightgray-200 font-axiforma text-[25px] md:text-[35px] mb-4\">Viltu kaupa LEI n\u00famer?<\/h3>\n            <p class=\"font-axiforma-light !text-base md:!text-xl !font-light !text-lightgray-200 !mb-12\">Skr\u00e1ningarn\u00famer l\u00f6ga\u00f0ila \u00fe\u00edns LEI \u00e1 \u00cdslandi!<\/p>\n            <div class=\"text-center md:text-left\">\n                <a href=\"https:\/\/lei.net\/registration\/\" class=\"bg-primary text-lightgray-200 text-lg px-8 py-4 rounded-full hover:bg-opacity-40 transition\">Byrjum<\/a>\n            <\/div>\n        <\/div>\n    <\/div>\n<\/section>\r\n\r\n\r\n<h3 class=\"wp-block-heading has-text-align-center\" style=\"font-size: 45px; font-style: normal; font-weight: 600;\">Uppbygging LEI k\u00f3\u00f0a<\/h3>\r\n\r\n\r\n\r\n<p class=\"has-text-align-center\" style=\"font-size: 20px;\">LEI n\u00famer er sta\u00f0la\u00f0 \u00ed gegnum ISO vottun 17442. \u00dea\u00f0 samanstendur af samsetningu 20 t\u00f6lustafa og b\u00f3kstafa<\/p>\r\n\r\n\r\n<div class=\"container px-4 xl:px-0\">\n  <div class=\"shadow-medium rounded-2xl my-12 py-5 md:py-12 overflow-auto\">\n    <div class=\"flex justify-start md:justify-center gap-1 mx-5 md:mx-0\">\n      <div>\n        <div class='text-2xl md:text-[40px] text-black font-axiforma tracking-widest'>1.2.3.4.<\/div>\n        <div class='flex items-center border-r border-l border-lightgray h-[0.8vw]'>\n          <div class='bg-lightgray h-[1px] w-full'><\/div>\n        <\/div>\n        <div class='text-center text-xs md:text-lg font-axiforma text-black'>LOU ID<\/div>\n      <\/div>\n      <div>\n        <div class='text-2xl md:text-[40px] text-black font-axiforma tracking-widest'>5.6.<\/div>\n        <div class='flex items-center border-r border-l border-lightgray h-[0.8vw]'>\n          <div class='bg-lightgray h-[1px] w-full'><\/div>\n        <\/div>\n        <div class='text-center text-xs md:text-lg font-axiforma text-black'>0.0<\/div>\n      <\/div>\n      <div>\n        <div class='text-2xl md:text-[40px] text-primary font-axiforma tracking-widest'>7.8.9.10.11.12.13.14.15.16.17.18.<\/div>\n        <div class='flex items-center border-r border-l border-lightgray h-[0.8vw]'>\n          <div class='bg-lightgray h-[1px] w-full'><\/div>\n        <\/div>\n        <div class='text-center text-xs md:text-lg font-axiforma text-primary'>Entity Identifier<\/div>\n      <\/div>\n      <div>\n        <div class='text-2xl md:text-[40px] text-black font-axiforma tracking-widest'>19.20.<\/div>\n        <div class='flex items-center border-r border-l border-lightgray h-[0.8vw]'>\n          <div class='bg-lightgray h-[1px] w-full'><\/div>\n        <\/div>\n        <div class='text-center text-xs md:text-lg font-axiforma text-black'>Verification ID<\/div>\n      <\/div>\n    <\/div>\n  <\/div>\n<\/div>\n\r\n\r\n\r\n\r\n\r\n<div class=\"wp-block-columns is-layout-flex wp-container-core-columns-is-layout-9d6595d7 wp-block-columns-is-layout-flex\">\r\n<div class=\"wp-block-column is-layout-flow wp-block-column-is-layout-flow\">\r\n<p>T\u00f6lustafir <strong>1-4<\/strong> t\u00e1kna alltaf au\u00f0kenni LOU sem gaf \u00fat LEI.<\/p>\r\n\r\n\r\n\r\n<p>T\u00f6lustafir <strong>5-6<\/strong> hafa alltaf gildi\u00f0 0.<\/p>\r\n\r\n\r\n\r\n<p>T\u00f6lustafir\/b\u00f3kstafir <strong>7-18<\/strong> eru einstakir fyrir hvert fyrirt\u00e6ki.<\/p>\r\n\r\n\r\n\r\n<p>T\u00f6lustafir <strong>19-20<\/strong> eru nota\u00f0ir fyrir sta\u00f0festingu.<\/p>\r\n<\/div>\r\n<\/div>\r\n\r\n\r\n<div class='block-grey-divider grey-divider'><\/div>","protected":false},"excerpt":{"rendered":"<p>Grunnuppl\u00fdsingar LEI \u2013 kennit\u00f6lu fyrir l\u00f6ga\u00f0ila (Legal Entity Identification number). Einstakt au\u00f0kenni fyrir fyrirt\u00e6ki sem stunda vi\u00f0skipti \u00e1 fj\u00e1rm\u00e1lam\u00f6rku\u00f0um (me\u00f0 hlutabr\u00e9f, skuldabr\u00e9f, framt\u00ed\u00f0arsamninga, gjaldeyrisskipti o.s.frv.). Hver vi\u00f0skipti sem framkv\u00e6md eru \u00e1 fj\u00e1rm\u00e1lam\u00f6rku\u00f0um eru tengd vi\u00f0skiptaf\u00e9laga \u00ed gegnum LEI n\u00famer. LEI k\u00f3\u00f0ar eru nota\u00f0ir af eftirlitsa\u00f0ilum til a\u00f0 fylgjast me\u00f0 fj\u00e1rm\u00e1lam\u00f6rku\u00f0um. LEI t\u00f6lur tengja fj\u00e1rm\u00e1lamarka\u00f0i, fyrirt\u00e6ki [&hellip;]<\/p>\n","protected":false},"author":1,"featured_media":0,"parent":0,"menu_order":0,"comment_status":"closed","ping_status":"closed","template":"","meta":{"_acf_changed":false,"footnotes":""},"class_list":["post-1488","page","type-page","status-publish","hentry"],"acf":[],"yoast_head":"<!-- This site is optimized with the Yoast SEO plugin v25.6 - https:\/\/yoast.com\/wordpress\/plugins\/seo\/ -->\n<title>Hva\u00f0 er LEI? - LEI.net<\/title>\n<meta name=\"description\" content=\"Grunnuppl\u00fdsingar LEI \u2013 kennit\u00f6lu fyrir l\u00f6ga\u00f0ila (Legal Entity Identification number). Einstakt au\u00f0kenni fyrir fyrirt\u00e6ki sem stunda vi\u00f0skipti \u00e1\" \/>\n<meta name=\"robots\" content=\"index, follow, max-snippet:-1, max-image-preview:large, max-video-preview:-1\" \/>\n<link rel=\"canonical\" href=\"https:\/\/lei.net\/is\/wp-json\/wp\/v2\/pages\/1488\" \/>\n<meta property=\"og:locale\" content=\"is_IS\" \/>\n<meta property=\"og:type\" content=\"article\" \/>\n<meta property=\"og:title\" content=\"Hva\u00f0 er LEI? - LEI.net\" \/>\n<meta property=\"og:description\" content=\"Grunnuppl\u00fdsingar LEI \u2013 kennit\u00f6lu fyrir l\u00f6ga\u00f0ila (Legal Entity Identification number). Einstakt au\u00f0kenni fyrir fyrirt\u00e6ki sem stunda vi\u00f0skipti \u00e1\" \/>\n<meta property=\"og:url\" content=\"https:\/\/lei.net\/is\/hvad-er-lei\/\" \/>\n<meta property=\"og:site_name\" content=\"LEI.net\" \/>\n<meta property=\"article:modified_time\" content=\"2026-03-02T07:22:15+00:00\" \/>\n<meta name=\"twitter:card\" content=\"summary_large_image\" \/>\n<meta name=\"twitter:label1\" content=\"Est. reading time\" \/>\n\t<meta name=\"twitter:data1\" content=\"2 minutes\" \/>\n<script type=\"application\/ld+json\" class=\"yoast-schema-graph\">{\"@context\":\"https:\/\/schema.org\",\"@graph\":[{\"@type\":\"WebPage\",\"@id\":\"https:\/\/lei.net\/is\/hvad-er-lei\/\",\"url\":\"https:\/\/lei.net\/is\/hvad-er-lei\/\",\"name\":\"Hva\u00f0 er LEI? - LEI.net\",\"isPartOf\":{\"@id\":\"https:\/\/lei.net\/#website\"},\"datePublished\":\"2021-06-29T13:14:05+00:00\",\"dateModified\":\"2026-03-02T07:22:15+00:00\",\"description\":\"Grunnuppl\u00fdsingar LEI \u2013 kennit\u00f6lu fyrir l\u00f6ga\u00f0ila (Legal Entity Identification number). Einstakt au\u00f0kenni fyrir fyrirt\u00e6ki sem stunda vi\u00f0skipti \u00e1\",\"breadcrumb\":{\"@id\":\"https:\/\/lei.net\/is\/hvad-er-lei\/#breadcrumb\"},\"inLanguage\":\"is\",\"potentialAction\":[{\"@type\":\"ReadAction\",\"target\":[\"https:\/\/lei.net\/is\/hvad-er-lei\/\"]}]},{\"@type\":\"BreadcrumbList\",\"@id\":\"https:\/\/lei.net\/is\/hvad-er-lei\/#breadcrumb\",\"itemListElement\":[{\"@type\":\"ListItem\",\"position\":1,\"name\":\"Startseite\",\"item\":\"https:\/\/lei.net\/is\/\"},{\"@type\":\"ListItem\",\"position\":2,\"name\":\"Hva\u00f0 er LEI?\"}]},{\"@type\":\"WebSite\",\"@id\":\"https:\/\/lei.net\/#website\",\"url\":\"https:\/\/lei.net\/\",\"name\":\"LEI.net\",\"description\":\"Official Legal Entity Identifier (LEI) Registrar\",\"publisher\":{\"@id\":\"https:\/\/lei.net\/#organization\"},\"potentialAction\":[{\"@type\":\"SearchAction\",\"target\":{\"@type\":\"EntryPoint\",\"urlTemplate\":\"https:\/\/lei.net\/?s={search_term_string}\"},\"query-input\":{\"@type\":\"PropertyValueSpecification\",\"valueRequired\":true,\"valueName\":\"search_term_string\"}}],\"inLanguage\":\"is\"},{\"@type\":\"Organization\",\"@id\":\"https:\/\/lei.net\/#organization\",\"name\":\"F.I.D.Firmeninformationsdienst GmbH\",\"url\":\"https:\/\/lei.net\/\",\"logo\":{\"@type\":\"ImageObject\",\"inLanguage\":\"is\",\"@id\":\"https:\/\/lei.net\/#\/schema\/logo\/image\/\",\"url\":\"https:\/\/lei.net\/wp-content\/uploads\/2021\/12\/color_vertical.jpg\",\"contentUrl\":\"https:\/\/lei.net\/wp-content\/uploads\/2021\/12\/color_vertical.jpg\",\"width\":283,\"height\":283,\"caption\":\"F.I.D.Firmeninformationsdienst GmbH\"},\"image\":{\"@id\":\"https:\/\/lei.net\/#\/schema\/logo\/image\/\"}}]}<\/script>\n<!-- \/ Yoast SEO plugin. -->","yoast_head_json":{"title":"Hva\u00f0 er LEI? - LEI.net","description":"Grunnuppl\u00fdsingar LEI \u2013 kennit\u00f6lu fyrir l\u00f6ga\u00f0ila (Legal Entity Identification number). Einstakt au\u00f0kenni fyrir fyrirt\u00e6ki sem stunda vi\u00f0skipti \u00e1","robots":{"index":"index","follow":"follow","max-snippet":"max-snippet:-1","max-image-preview":"max-image-preview:large","max-video-preview":"max-video-preview:-1"},"canonical":"https:\/\/lei.net\/is\/wp-json\/wp\/v2\/pages\/1488","og_locale":"is_IS","og_type":"article","og_title":"Hva\u00f0 er LEI? - LEI.net","og_description":"Grunnuppl\u00fdsingar LEI \u2013 kennit\u00f6lu fyrir l\u00f6ga\u00f0ila (Legal Entity Identification number). Einstakt au\u00f0kenni fyrir fyrirt\u00e6ki sem stunda vi\u00f0skipti \u00e1","og_url":"https:\/\/lei.net\/is\/hvad-er-lei\/","og_site_name":"LEI.net","article_modified_time":"2026-03-02T07:22:15+00:00","twitter_card":"summary_large_image","twitter_misc":{"Est. reading time":"2 minutes"},"schema":{"@context":"https:\/\/schema.org","@graph":[{"@type":"WebPage","@id":"https:\/\/lei.net\/is\/hvad-er-lei\/","url":"https:\/\/lei.net\/is\/hvad-er-lei\/","name":"Hva\u00f0 er LEI? - LEI.net","isPartOf":{"@id":"https:\/\/lei.net\/#website"},"datePublished":"2021-06-29T13:14:05+00:00","dateModified":"2026-03-02T07:22:15+00:00","description":"Grunnuppl\u00fdsingar LEI \u2013 kennit\u00f6lu fyrir l\u00f6ga\u00f0ila (Legal Entity Identification number). Einstakt au\u00f0kenni fyrir fyrirt\u00e6ki sem stunda vi\u00f0skipti \u00e1","breadcrumb":{"@id":"https:\/\/lei.net\/is\/hvad-er-lei\/#breadcrumb"},"inLanguage":"is","potentialAction":[{"@type":"ReadAction","target":["https:\/\/lei.net\/is\/hvad-er-lei\/"]}]},{"@type":"BreadcrumbList","@id":"https:\/\/lei.net\/is\/hvad-er-lei\/#breadcrumb","itemListElement":[{"@type":"ListItem","position":1,"name":"Startseite","item":"https:\/\/lei.net\/is\/"},{"@type":"ListItem","position":2,"name":"Hva\u00f0 er LEI?"}]},{"@type":"WebSite","@id":"https:\/\/lei.net\/#website","url":"https:\/\/lei.net\/","name":"LEI.net","description":"Official Legal Entity Identifier (LEI) Registrar","publisher":{"@id":"https:\/\/lei.net\/#organization"},"potentialAction":[{"@type":"SearchAction","target":{"@type":"EntryPoint","urlTemplate":"https:\/\/lei.net\/?s={search_term_string}"},"query-input":{"@type":"PropertyValueSpecification","valueRequired":true,"valueName":"search_term_string"}}],"inLanguage":"is"},{"@type":"Organization","@id":"https:\/\/lei.net\/#organization","name":"F.I.D.Firmeninformationsdienst GmbH","url":"https:\/\/lei.net\/","logo":{"@type":"ImageObject","inLanguage":"is","@id":"https:\/\/lei.net\/#\/schema\/logo\/image\/","url":"https:\/\/lei.net\/wp-content\/uploads\/2021\/12\/color_vertical.jpg","contentUrl":"https:\/\/lei.net\/wp-content\/uploads\/2021\/12\/color_vertical.jpg","width":283,"height":283,"caption":"F.I.D.Firmeninformationsdienst GmbH"},"image":{"@id":"https:\/\/lei.net\/#\/schema\/logo\/image\/"}}]}},"_links":{"self":[{"href":"https:\/\/lei.net\/is\/wp-json\/wp\/v2\/pages\/1488","targetHints":{"allow":["GET"]}}],"collection":[{"href":"https:\/\/lei.net\/is\/wp-json\/wp\/v2\/pages"}],"about":[{"href":"https:\/\/lei.net\/is\/wp-json\/wp\/v2\/types\/page"}],"author":[{"embeddable":true,"href":"https:\/\/lei.net\/is\/wp-json\/wp\/v2\/users\/1"}],"replies":[{"embeddable":true,"href":"https:\/\/lei.net\/is\/wp-json\/wp\/v2\/comments?post=1488"}],"version-history":[{"count":6,"href":"https:\/\/lei.net\/is\/wp-json\/wp\/v2\/pages\/1488\/revisions"}],"predecessor-version":[{"id":16785,"href":"https:\/\/lei.net\/is\/wp-json\/wp\/v2\/pages\/1488\/revisions\/16785"}],"wp:attachment":[{"href":"https:\/\/lei.net\/is\/wp-json\/wp\/v2\/media?parent=1488"}],"curies":[{"name":"wp","href":"https:\/\/api.w.org\/{rel}","templated":true}]}}