

{"id":5330,"date":"2021-06-30T13:44:40","date_gmt":"2021-06-30T12:44:40","guid":{"rendered":"https:\/\/lei.net\/transfer\/"},"modified":"2026-03-05T07:23:37","modified_gmt":"2026-03-05T06:23:37","slug":"transfer","status":"publish","type":"page","link":"https:\/\/lei.net\/pl\/transfer\/","title":{"rendered":"Transfer"},"content":{"rendered":"\n<select-plan-component default-subscription-type=\"transfer\" :switcher=\"false\" :reasons=\"[{&quot;_type&quot;:&quot;_&quot;,&quot;reason_code&quot;:&quot;NATURAL_PERSON&quot;,&quot;reason&quot;:&quot;Osoby fizyczne: Z definicji nie ma jednostki dominuj\\u0105cej, poniewa\\u017c jednostka jest kontrolowana przez osob\\u0119 fizyczn\\u0105 lub osoby fizyczne bez po\\u015bredniej jednostki dominuj\\u0105cej spe\\u0142niaj\\u0105cej definicj\\u0119 zakresu konsolidacji jednostki dominuj\\u0105cej.&quot;,&quot;information_points&quot;:[]},{&quot;_type&quot;:&quot;_&quot;,&quot;reason_code&quot;:&quot;NON_CONSOLIDATING&quot;,&quot;reason&quot;:&quot;NON_CONSOLIDATED: Zgodnie z definicj\\u0105 nie ma jednostki dominuj\\u0105cej, poniewa\\u017c jednostka jest kontrolowana przez osoby prawne, kt\\u00f3re nie podlegaj\\u0105 sporz\\u0105dzaniu skonsolidowanych sprawozda\\u0144 finansowych.&quot;,&quot;information_points&quot;:[]},{&quot;_type&quot;:&quot;_&quot;,&quot;reason_code&quot;:&quot;NO_KNOWN_PERSON&quot;,&quot;reason&quot;:&quot;Brak znanej osoby: Zgodnie z definicj\\u0105 w Fundacji Identyfikator Podmiotu Prawnego nie ma podmiotu dominuj\\u0105cego, poniewa\\u017c nie ma znanej osoby kontroluj\\u0105cej podmiot (np. rozproszoni udzia\\u0142owcy).&quot;,&quot;information_points&quot;:[]},{&quot;_type&quot;:&quot;_&quot;,&quot;reason_code&quot;:&quot;NON_PUBLIC&quot;,&quot;reason&quot;:&quot;NON_PUBLIC: Do nast\\u0119puj\\u0105cych zastosowa\\u0144:&quot;,&quot;information_points&quot;:[{&quot;_type&quot;:&quot;_&quot;,&quot;information_point&quot;:&quot;Bariery prawne: Bariery w przepisach ustawowych i wykonawczych danej jurysdykcji uniemo\\u017cliwiaj\\u0105 dostarczanie lub publikacj\\u0119 informacji. Podmiot nie mo\\u017ce opublikowa\\u0107 sp\\u00f3\\u0142ki-matki w globalnej bazie numer\\u00f3w LEI.&quot;},{&quot;_type&quot;:&quot;_&quot;,&quot;information_point&quot;:&quot;Nie uzyskano zgody: zgodnie z obowi\\u0105zuj\\u0105cymi ramami prawnymi wymagana by\\u0142a zgoda sp\\u00f3\\u0142ki dominuj\\u0105cej, a sp\\u00f3\\u0142ka dominuj\\u0105ca nie wyrazi\\u0142a zgody lub nie mo\\u017cna by\\u0142o si\\u0119 z ni\\u0105 skontaktowa\\u0107.&quot;},{&quot;_type&quot;:&quot;_&quot;,&quot;information_point&quot;:&quot;Wi\\u0105\\u017c\\u0105ce zobowi\\u0105zania prawne: Wi\\u0105\\u017c\\u0105ce zobowi\\u0105zania prawne (inne ni\\u017c przepisy ustawowe i wykonawcze obowi\\u0105zuj\\u0105ce w danej jurysdykcji), takie jak statut podmiotu prawnego lub umowa, uniemo\\u017cliwiaj\\u0105 udost\\u0119pnienie lub publikacj\\u0119 tych informacji.&quot;},{&quot;_type&quot;:&quot;_&quot;,&quot;information_point&quot;:&quot;Utrata warto\\u015bci nie podlega wy\\u0142\\u0105czeniu: Sp\\u00f3\\u0142ka zale\\u017cna zwr\\u00f3ci\\u0142a si\\u0119 z pro\\u015bb\\u0105 o wizyt\\u0119 w sp\\u00f3\\u0142ce dominuj\\u0105cej w zwi\\u0105zku ze sprawozdaniami sp\\u00f3\\u0142ki dominuj\\u0105cej, jednak nie by\\u0142a w stanie tego potwierdzi\\u0107 ze wzgl\\u0119du na brak utraty warto\\u015bci w spos\\u00f3b pozwalaj\\u0105cy unikn\\u0105\\u0107 uzasadnionego ryzyka odpowiedzialno\\u015bci sp\\u00f3\\u0142ki zale\\u017cnej.&quot;},{&quot;_type&quot;:&quot;_&quot;,&quot;information_point&quot;:&quot;Niekorzystny wp\\u0142yw na ujawnienie: Ujawnienie tych informacji by\\u0142oby szkodliwe dla odpowiedniego podmiotu prawnego lub podmiotu dominuj\\u0105cego. Obejmuje to przyczyny powszechnie akceptowane przez organy publiczne w podobnych okoliczno\\u015bciach, oparte na o\\u015bwiadczeniu podmiotu.&quot;}]},{&quot;_type&quot;:&quot;_&quot;,&quot;reason_code&quot;:&quot;NO_LEI&quot;,&quot;reason&quot;:&quot;Brak kodu LEI: Podmiot prawny b\\u0119d\\u0105cy dzieckiem zg\\u0142asza, \\u017ce \\u200b\\u200bzgodnie z zastosowan\\u0105 definicj\\u0105 ma podmiot nadrz\\u0119dny, ale podmiot ten nie posiada jeszcze kodu LEI.&quot;,&quot;information_points&quot;:[]}]\" :countries=\"{&quot;AF&quot;:&quot;Afghanistan&quot;,&quot;AL&quot;:&quot;Albania&quot;,&quot;DZ&quot;:&quot;Algeria&quot;,&quot;AS&quot;:&quot;American Samoa&quot;,&quot;AD&quot;:&quot;Andorra&quot;,&quot;AO&quot;:&quot;Angola&quot;,&quot;AI&quot;:&quot;Anguilla&quot;,&quot;AG&quot;:&quot;Antigua and Barbuda&quot;,&quot;AR&quot;:&quot;Argentina&quot;,&quot;AM&quot;:&quot;Armenia&quot;,&quot;AW&quot;:&quot;Aruba&quot;,&quot;AU&quot;:&quot;Australia&quot;,&quot;AT&quot;:&quot;Austria&quot;,&quot;AZ&quot;:&quot;Azerbaijan&quot;,&quot;BS&quot;:&quot;Bahamas&quot;,&quot;BD&quot;:&quot;Bangladesh&quot;,&quot;BB&quot;:&quot;Barbados&quot;,&quot;BY&quot;:&quot;Belarus&quot;,&quot;BE&quot;:&quot;Belgium&quot;,&quot;BZ&quot;:&quot;Belize&quot;,&quot;BJ&quot;:&quot;Benin&quot;,&quot;BM&quot;:&quot;Bermuda&quot;,&quot;BT&quot;:&quot;Bhutan&quot;,&quot;BO&quot;:&quot;Bolivia&quot;,&quot;BA&quot;:&quot;Bosnia and Herzegovina&quot;,&quot;BW&quot;:&quot;Botswana&quot;,&quot;BV&quot;:&quot;Bouvet Island&quot;,&quot;BR&quot;:&quot;Brazil&quot;,&quot;IO&quot;:&quot;British Indian Ocean Territory&quot;,&quot;BN&quot;:&quot;Brunei Darussalam&quot;,&quot;BG&quot;:&quot;Bulgaria&quot;,&quot;BF&quot;:&quot;Burkina Faso&quot;,&quot;BI&quot;:&quot;Burundi&quot;,&quot;KH&quot;:&quot;Cambodia&quot;,&quot;CM&quot;:&quot;Cameroon&quot;,&quot;CA&quot;:&quot;Canada&quot;,&quot;KY&quot;:&quot;Cayman Islands&quot;,&quot;CF&quot;:&quot;Central African Republic&quot;,&quot;TD&quot;:&quot;Chad&quot;,&quot;CL&quot;:&quot;Chile&quot;,&quot;CN&quot;:&quot;China&quot;,&quot;CX&quot;:&quot;Christmas Island&quot;,&quot;CC&quot;:&quot;Cocos (Keeling) Islands&quot;,&quot;CO&quot;:&quot;Colombia&quot;,&quot;KM&quot;:&quot;Comoros&quot;,&quot;CG&quot;:&quot;Congo&quot;,&quot;CK&quot;:&quot;Cook Islands&quot;,&quot;CR&quot;:&quot;Costa Rica&quot;,&quot;CI&quot;:&quot;C\\u00f4te d&#039;Ivoire&quot;,&quot;HR&quot;:&quot;Croatia&quot;,&quot;CY&quot;:&quot;Cyprus&quot;,&quot;CZ&quot;:&quot;Czech Republic&quot;,&quot;DK&quot;:&quot;Denmark&quot;,&quot;DJ&quot;:&quot;Djibouti&quot;,&quot;DM&quot;:&quot;Dominica&quot;,&quot;DO&quot;:&quot;Dominican Republic&quot;,&quot;EC&quot;:&quot;Ecuador&quot;,&quot;EG&quot;:&quot;Egypt&quot;,&quot;SV&quot;:&quot;El Salvador&quot;,&quot;GQ&quot;:&quot;Equatorial Guinea&quot;,&quot;EE&quot;:&quot;Estonia&quot;,&quot;ET&quot;:&quot;Ethiopia&quot;,&quot;FK&quot;:&quot;Falkland Islands (Malvinas)&quot;,&quot;FO&quot;:&quot;Faroe Islands&quot;,&quot;FJ&quot;:&quot;Fiji&quot;,&quot;FI&quot;:&quot;Finland&quot;,&quot;FR&quot;:&quot;France&quot;,&quot;GF&quot;:&quot;French Guiana&quot;,&quot;PF&quot;:&quot;French Polynesia&quot;,&quot;TF&quot;:&quot;French Southern Territories&quot;,&quot;GA&quot;:&quot;Gabon&quot;,&quot;GM&quot;:&quot;Gambia&quot;,&quot;GE&quot;:&quot;Georgia&quot;,&quot;DE&quot;:&quot;Germany&quot;,&quot;GH&quot;:&quot;Ghana&quot;,&quot;GI&quot;:&quot;Gibraltar&quot;,&quot;GR&quot;:&quot;Greece&quot;,&quot;GL&quot;:&quot;Greenland&quot;,&quot;GD&quot;:&quot;Grenada&quot;,&quot;GP&quot;:&quot;Guadeloupe&quot;,&quot;GU&quot;:&quot;Guam&quot;,&quot;GT&quot;:&quot;Guatemala&quot;,&quot;GN&quot;:&quot;Guinea&quot;,&quot;GW&quot;:&quot;Guinea-Bissau&quot;,&quot;GY&quot;:&quot;Guyana&quot;,&quot;HT&quot;:&quot;Haiti&quot;,&quot;HM&quot;:&quot;Heard Island and McDonald Islands&quot;,&quot;VA&quot;:&quot;Holy See (Vatican City State)&quot;,&quot;HN&quot;:&quot;Honduras&quot;,&quot;HK&quot;:&quot;Hong Kong&quot;,&quot;HU&quot;:&quot;Hungary&quot;,&quot;IS&quot;:&quot;Iceland&quot;,&quot;IN&quot;:&quot;India&quot;,&quot;ID&quot;:&quot;Indonesia&quot;,&quot;IR&quot;:&quot;Iran&quot;,&quot;IQ&quot;:&quot;Iraq&quot;,&quot;IE&quot;:&quot;Ireland&quot;,&quot;IL&quot;:&quot;Israel&quot;,&quot;IT&quot;:&quot;Italy&quot;,&quot;JM&quot;:&quot;Jamaica&quot;,&quot;JP&quot;:&quot;Japan&quot;,&quot;JO&quot;:&quot;Jordan&quot;,&quot;KZ&quot;:&quot;Kazakhstan&quot;,&quot;KE&quot;:&quot;Kenya&quot;,&quot;KI&quot;:&quot;Kiribati&quot;,&quot;KP&quot;:&quot;North Korea&quot;,&quot;KR&quot;:&quot;South Korea&quot;,&quot;KW&quot;:&quot;Kuwait&quot;,&quot;KG&quot;:&quot;Kyrgyzstan&quot;,&quot;LA&quot;:&quot;Lao People&#039;s Democratic Republic&quot;,&quot;LV&quot;:&quot;Latvia&quot;,&quot;LB&quot;:&quot;Lebanon&quot;,&quot;LS&quot;:&quot;Lesotho&quot;,&quot;LR&quot;:&quot;Liberia&quot;,&quot;LY&quot;:&quot;Libyan Arab Jamahiriya&quot;,&quot;LI&quot;:&quot;Liechtenstein&quot;,&quot;LT&quot;:&quot;Lithuania&quot;,&quot;LU&quot;:&quot;Luxembourg&quot;,&quot;MO&quot;:&quot;Macao&quot;,&quot;MK&quot;:&quot;Macedonia&quot;,&quot;MG&quot;:&quot;Madagascar&quot;,&quot;MW&quot;:&quot;Malawi&quot;,&quot;MY&quot;:&quot;Malaysia&quot;,&quot;MV&quot;:&quot;Maldives&quot;,&quot;ML&quot;:&quot;Mali&quot;,&quot;MT&quot;:&quot;Malta&quot;,&quot;MH&quot;:&quot;Marshall Islands&quot;,&quot;MQ&quot;:&quot;Martinique&quot;,&quot;MR&quot;:&quot;Mauritania&quot;,&quot;MU&quot;:&quot;Mauritius&quot;,&quot;YT&quot;:&quot;Mayotte&quot;,&quot;MX&quot;:&quot;Mexico&quot;,&quot;FM&quot;:&quot;Micronesia&quot;,&quot;MD&quot;:&quot;Moldova&quot;,&quot;MC&quot;:&quot;Monaco&quot;,&quot;MN&quot;:&quot;Mongolia&quot;,&quot;ME&quot;:&quot;Montenegro&quot;,&quot;MS&quot;:&quot;Montserrat&quot;,&quot;MA&quot;:&quot;Morocco&quot;,&quot;MZ&quot;:&quot;Mozambique&quot;,&quot;MM&quot;:&quot;Myanmar&quot;,&quot;NA&quot;:&quot;Namibia&quot;,&quot;NR&quot;:&quot;Nauru&quot;,&quot;NP&quot;:&quot;Nepal&quot;,&quot;NL&quot;:&quot;Netherlands&quot;,&quot;AN&quot;:&quot;Netherlands Antilles&quot;,&quot;NC&quot;:&quot;New Caledonia&quot;,&quot;NZ&quot;:&quot;New Zealand&quot;,&quot;NI&quot;:&quot;Nicaragua&quot;,&quot;NE&quot;:&quot;Niger&quot;,&quot;NG&quot;:&quot;Nigeria&quot;,&quot;NU&quot;:&quot;Niue&quot;,&quot;NF&quot;:&quot;Norfolk Island&quot;,&quot;MP&quot;:&quot;Northern Mariana Islands&quot;,&quot;NO&quot;:&quot;Norway&quot;,&quot;OM&quot;:&quot;Oman&quot;,&quot;PK&quot;:&quot;Pakistan&quot;,&quot;PW&quot;:&quot;Palau&quot;,&quot;PS&quot;:&quot;Palestinian Territory&quot;,&quot;PA&quot;:&quot;Panama&quot;,&quot;PG&quot;:&quot;Papua New Guinea&quot;,&quot;PY&quot;:&quot;Paraguay&quot;,&quot;PE&quot;:&quot;Peru&quot;,&quot;PH&quot;:&quot;Philippines&quot;,&quot;PN&quot;:&quot;Pitcairn&quot;,&quot;PL&quot;:&quot;Poland&quot;,&quot;PT&quot;:&quot;Portugal&quot;,&quot;PR&quot;:&quot;Puerto Rico&quot;,&quot;QA&quot;:&quot;Qatar&quot;,&quot;RE&quot;:&quot;R\\u00e9union&quot;,&quot;RO&quot;:&quot;Romania&quot;,&quot;RU&quot;:&quot;Russian Federation&quot;,&quot;RW&quot;:&quot;Rwanda&quot;,&quot;WS&quot;:&quot;Samoa&quot;,&quot;SM&quot;:&quot;San Marino&quot;,&quot;ST&quot;:&quot;Sao Tome and Principe&quot;,&quot;SA&quot;:&quot;Saudi Arabia&quot;,&quot;SN&quot;:&quot;Senegal&quot;,&quot;RS&quot;:&quot;Serbia&quot;,&quot;SC&quot;:&quot;Seychelles&quot;,&quot;SL&quot;:&quot;Sierra Leone&quot;,&quot;SG&quot;:&quot;Singapore&quot;,&quot;SK&quot;:&quot;Slovakia&quot;,&quot;SI&quot;:&quot;Slovenia&quot;,&quot;SB&quot;:&quot;Solomon Islands&quot;,&quot;SO&quot;:&quot;Somalia&quot;,&quot;ZA&quot;:&quot;South Africa&quot;,&quot;GS&quot;:&quot;South Georgia and the South Sandwich Islands&quot;,&quot;ES&quot;:&quot;Spain&quot;,&quot;LK&quot;:&quot;Sri Lanka&quot;,&quot;SD&quot;:&quot;Sudan&quot;,&quot;SR&quot;:&quot;Suriname&quot;,&quot;SJ&quot;:&quot;Svalbard and Jan Mayen&quot;,&quot;SZ&quot;:&quot;Swaziland&quot;,&quot;SE&quot;:&quot;Sweden&quot;,&quot;CH&quot;:&quot;Switzerland&quot;,&quot;SY&quot;:&quot;Syrian Arab Republic&quot;,&quot;TW&quot;:&quot;Taiwan&quot;,&quot;TJ&quot;:&quot;Tajikistan&quot;,&quot;TZ&quot;:&quot;Tanzania&quot;,&quot;TH&quot;:&quot;Thailand&quot;,&quot;TL&quot;:&quot;Timor-Leste&quot;,&quot;TG&quot;:&quot;Togo&quot;,&quot;TK&quot;:&quot;Tokelau&quot;,&quot;TO&quot;:&quot;Tonga&quot;,&quot;TT&quot;:&quot;Trinidad and Tobago&quot;,&quot;TN&quot;:&quot;Tunisia&quot;,&quot;TR&quot;:&quot;Turkey&quot;,&quot;TM&quot;:&quot;Turkmenistan&quot;,&quot;TC&quot;:&quot;Turks and Caicos Islands&quot;,&quot;TV&quot;:&quot;Tuvalu&quot;,&quot;UG&quot;:&quot;Uganda&quot;,&quot;UA&quot;:&quot;Ukraine&quot;,&quot;AE&quot;:&quot;United Arab Emirates&quot;,&quot;GB&quot;:&quot;United Kingdom&quot;,&quot;US&quot;:&quot;United States&quot;,&quot;UM&quot;:&quot;United States Minor Outlying Islands&quot;,&quot;UY&quot;:&quot;Uruguay&quot;,&quot;UZ&quot;:&quot;Uzbekistan&quot;,&quot;VU&quot;:&quot;Vanuatu&quot;,&quot;VE&quot;:&quot;Venezuela&quot;,&quot;VN&quot;:&quot;Viet Nam&quot;,&quot;VG&quot;:&quot;Virgin Islands, British&quot;,&quot;VI&quot;:&quot;Virgin Islands, U.S.&quot;,&quot;WF&quot;:&quot;Wallis and Futuna&quot;,&quot;EH&quot;:&quot;Western Sahara&quot;,&quot;YE&quot;:&quot;Yemen&quot;,&quot;ZM&quot;:&quot;Zambia&quot;,&quot;ZW&quot;:&quot;Zimbabwe&quot;}\" :plans=\"{&quot;registration&quot;:[{&quot;pricePerYear&quot;:&quot;79\\u20ac \\\/ 1 rok&quot;,&quot;price&quot;:&quot;79\\u20ac&quot;,&quot;priceText&quot;:&quot; \\\/ 1 rok&quot;,&quot;duration&quot;:&quot;1 rok&quot;,&quot;name&quot;:&quot;Official LEI Registration&quot;,&quot;isPopular&quot;:false,&quot;benefits&quot;:[]}],&quot;renewal&quot;:[{&quot;pricePerYear&quot;:&quot;79\\u20ac \\\/ 1 rok&quot;,&quot;price&quot;:&quot;79\\u20ac&quot;,&quot;priceText&quot;:&quot; \\\/ 1 rok&quot;,&quot;duration&quot;:&quot;1 rok&quot;,&quot;name&quot;:&quot;Przeniesienie\\\/odnowienie kodu LEI&quot;,&quot;isPopular&quot;:&quot;&quot;,&quot;benefits&quot;:&quot;&quot;}],&quot;transfer&quot;:[{&quot;pricePerYear&quot;:&quot;79\\u20ac \\\/ 1 rok&quot;,&quot;price&quot;:&quot;79\\u20ac&quot;,&quot;priceText&quot;:&quot; \\\/ 1 rok&quot;,&quot;duration&quot;:&quot;1 rok&quot;,&quot;name&quot;:&quot;Przeniesienie\\\/odnowienie kodu LEI&quot;,&quot;isPopular&quot;:&quot;&quot;,&quot;benefits&quot;:&quot;&quot;}]}\" lang=\"pl\" plan-bg=\"https:\/\/lei.net\/wp-content\/themes\/leinumber\/assets\/images\/plan-bg.webp\" confirm-bg=\"https:\/\/lei.net\/wp-content\/themes\/leinumber\/assets\/images\/confirm-bg.webp\"><\/select-plan-component>\n\r\n\r\n\r\n<div class=\"wp-block-spacer\" style=\"height: 50px;\" aria-hidden=\"true\">\u00a0<\/div>\r\n\r\n\r\n\r\n<h2 class=\"wp-block-heading has-text-align-center font-axiforma\" style=\"font-size: 45px; font-style: normal; font-weight: 600;\">Najcz\u0119\u015bciej zadawane pytania<\/h2>\r\n\r\n\r\n\r\n<p class=\"has-text-align-center\">Klienci cz\u0119sto zadaj\u0105 nam nast\u0119puj\u0105ce pytania<\/p>\r\n\r\n\r\n\r\n<div class=\"wp-block-spacer\" style=\"height: 50px;\" aria-hidden=\"true\">\u00a0<\/div>\r\n\r\n\r\n<faq-component data='[{&quot;_id&quot;:&quot;cf-zLCyF1AGp2zcbxMYhe_6Z&quot;,&quot;_type&quot;:&quot;_&quot;,&quot;question&quot;:&quot;Czym jest transfer LEI?&quot;,&quot;answer&quot;:&quot;Aby Tw\\u00f3j numer LEI by\\u0142 zarz\\u0105dzany przez innego dostawc\\u0119, masz mo\\u017cliwo\\u015b\\u0107 za\\u017c\\u0105dania transferu, w\\u00f3wczas nazywa si\\u0119 to transferem LEI. Oferujemy t\\u0119 us\\u0142ug\\u0119 za pomoc\\u0105 naszego formularza transferowego, jest to bezp\\u0142atne i mo\\u017cna to zrealizowa\\u0107 w kilka minut.&quot;},{&quot;_id&quot;:&quot;cf-aVQh0q7I_E6NAfnISmeo8&quot;,&quot;_type&quot;:&quot;_&quot;,&quot;question&quot;:&quot;Jak dzia\\u0142a transfer LEI?&quot;,&quot;answer&quot;:&quot;Jako klient, wszystko co musisz zrobi\\u0107, to wype\\u0142ni\\u0107 i przes\\u0142a\\u0107 formularz transferu na naszej stronie internetowej. Nast\\u0119pnie skontaktujemy si\\u0119 z Twoim obecnym dostawc\\u0105 i zajmiemy si\\u0119 transferem wewn\\u0119trznym w ramach rodziny GLEIF. Otrzymasz od nas wiadomo\\u015b\\u0107, gdy transfer zostanie zako\\u0144czony.&quot;},{&quot;_id&quot;:&quot;cf-wbp5hFdmEZ_R5ZcE9GuSU&quot;,&quot;_type&quot;:&quot;_&quot;,&quot;question&quot;:&quot;Czym jest numer LEI?&quot;,&quot;answer&quot;:&quot;LEI to skr\\u00f3t od Legal Entity Identification. Jest to numer identyfikacyjny, kt\\u00f3ry podmioty prawne musz\\u0105 poda\\u0107 podczas dokonywania transakcji finansowej. Numer ten u\\u0142atwia podczas transakcji finansowej przekazanie partnerowi po\\u017c\\u0105danych danych. Proces, kt\\u00f3ry w przeciwnym razie trwa\\u0142by bardzo d\\u0142ugo, trwa tylko kilka minut przy u\\u017cyciu LEI.nnNumer LEI jest wydawany przez GLEIF (Globalna Fundacja Identyfikatora Podmiot\\u00f3w). Organizacja ta istnieje od 2014 roku, dzia\\u0142a na zasadach ponadnarodowych i ma siedzib\\u0119 w Bazylei.nnWszystkie dane posiadaczy numeru LEI s\\u0105 przechowywane w centralnej bazie danych. Nazywa si\\u0119 to Globalnym Systemem LEI lub w skr\\u00f3cie GLEIS.&quot;},{&quot;_id&quot;:&quot;cf-Wsr_XCfX8hyDLNc1GoFpR&quot;,&quot;_type&quot;:&quot;_&quot;,&quot;question&quot;:&quot;Jak mog\\u0119 ubiega\\u0107 si\\u0119 o numer LEI?&quot;,&quot;answer&quot;:&quot;GLEIF to organizacja, kt\\u00f3ra wydaje numer LEI. Mo\\u017cna go ubiega\\u0107 si\\u0119 zar\\u00f3wno w tak zwanych LOU, jak i za po\\u015brednictwem agent\\u00f3w rejestracyjnych. Wystarczy wype\\u0142ni\\u0107 wymagane informacje i przes\\u0142a\\u0107 formularz zg\\u0142oszeniowy. Po otrzymaniu Twojej p\\u0142atno\\u015bci, maksymalnie w ci\\u0105gu 24 godzin Tw\\u00f3j numer LEI b\\u0119dzie aktywny. Oferujemy kilka opcji p\\u0142atno\\u015bci, aby proces przebiega\\u0142 jak najbardziej p\\u0142ynnie. Je\\u015bli pilnie potrzebujesz numeru LEI do transakcji finansowej, upewnij si\\u0119, \\u017ce wybierzesz opcj\\u0119 p\\u0142atno\\u015bci, kt\\u00f3ra umo\\u017cliwi natychmiastowe zaksi\\u0119gowanie Twojej p\\u0142atno\\u015bci.nnNumer LEI jest wa\\u017cny przez rok. Po tym czasie mo\\u017cesz odnowi\\u0107 numer LEI. Mo\\u017cliwe jest r\\u00f3wnie\\u017c podpisanie umowy na kilka lat, wtedy nie musisz martwi\\u0107 si\\u0119 o odnawianie numeru LEI.&quot;},{&quot;_id&quot;:&quot;cf-0kx1rTkOVA5hdM1SxDgcz&quot;,&quot;_type&quot;:&quot;_&quot;,&quot;question&quot;:&quot;Dlaczego w og\\u00f3le istnieje numer LEI?&quot;,&quot;answer&quot;:&quot;Dzi\\u0119ki numerowi LEI rejestracja klienta jest znacznie \\u0142atwiejsza. Przy ka\\u017cdej transakcji finansowej musi zosta\\u0107 wprowadzonych wiele danych. Dzi\\u0119ki numerowi LEI wszystkie zaanga\\u017cowane strony oszcz\\u0119dzaj\\u0105 du\\u017co czasu.nnTransakcja finansowa zawsze wi\\u0105\\u017ce si\\u0119 z pewnym ryzykiem. Dlatego ka\\u017cda zaanga\\u017cowana strona chce dok\\u0142adnie wiedzie\\u0107, z kim ma do czynienia. Numer LEI dostarcza te informacje szybko i niezawodnie.&quot;}]'><\/faq-component>\n","protected":false},"excerpt":{"rendered":"<p>Najcz\u0119\u015bciej zadawane pytania Klienci cz\u0119sto zadaj\u0105 nam nast\u0119puj\u0105ce pytania<\/p>\n","protected":false},"author":1,"featured_media":0,"parent":0,"menu_order":0,"comment_status":"closed","ping_status":"closed","template":"","meta":{"_acf_changed":false,"footnotes":""},"class_list":["post-5330","page","type-page","status-publish","hentry"],"acf":[],"yoast_head":"<!-- This site is optimized with the Yoast SEO plugin v25.6 - https:\/\/yoast.com\/wordpress\/plugins\/seo\/ -->\n<title>Transfer - LEI.net<\/title>\n<meta name=\"description\" content=\"\u00a0    Najcz\u0119\u015bciej zadawane pytania    Klienci cz\u0119sto zadaj\u0105 nam nast\u0119puj\u0105ce pytania    \u00a0\" \/>\n<meta name=\"robots\" content=\"index, follow, max-snippet:-1, max-image-preview:large, max-video-preview:-1\" \/>\n<link rel=\"canonical\" href=\"https:\/\/lei.net\/pl\/wp-json\/wp\/v2\/pages\/5330\" \/>\n<meta property=\"og:locale\" content=\"pl_PL\" \/>\n<meta property=\"og:type\" content=\"article\" \/>\n<meta property=\"og:title\" content=\"Transfer - LEI.net\" \/>\n<meta property=\"og:description\" content=\"\u00a0    Najcz\u0119\u015bciej zadawane pytania    Klienci cz\u0119sto zadaj\u0105 nam nast\u0119puj\u0105ce pytania    \u00a0\" \/>\n<meta property=\"og:url\" content=\"https:\/\/lei.net\/pl\/transfer\/\" \/>\n<meta property=\"og:site_name\" content=\"LEI.net\" \/>\n<meta property=\"article:modified_time\" content=\"2026-03-05T06:23:37+00:00\" \/>\n<meta name=\"twitter:card\" content=\"summary_large_image\" \/>\n<meta name=\"twitter:label1\" content=\"Szacowany czas czytania\" \/>\n\t<meta name=\"twitter:data1\" content=\"1 minuta\" \/>\n<script type=\"application\/ld+json\" class=\"yoast-schema-graph\">{\"@context\":\"https:\/\/schema.org\",\"@graph\":[{\"@type\":\"WebPage\",\"@id\":\"https:\/\/lei.net\/pl\/transfer\/\",\"url\":\"https:\/\/lei.net\/pl\/transfer\/\",\"name\":\"Transfer - LEI.net\",\"isPartOf\":{\"@id\":\"https:\/\/lei.net\/#website\"},\"datePublished\":\"2021-06-30T12:44:40+00:00\",\"dateModified\":\"2026-03-05T06:23:37+00:00\",\"description\":\"\u00a0 Najcz\u0119\u015bciej zadawane pytania Klienci cz\u0119sto zadaj\u0105 nam nast\u0119puj\u0105ce pytania \u00a0\",\"breadcrumb\":{\"@id\":\"https:\/\/lei.net\/pl\/transfer\/#breadcrumb\"},\"inLanguage\":\"pl-PL\",\"potentialAction\":[{\"@type\":\"ReadAction\",\"target\":[\"https:\/\/lei.net\/pl\/transfer\/\"]}]},{\"@type\":\"BreadcrumbList\",\"@id\":\"https:\/\/lei.net\/pl\/transfer\/#breadcrumb\",\"itemListElement\":[{\"@type\":\"ListItem\",\"position\":1,\"name\":\"Startseite\",\"item\":\"https:\/\/lei.net\/pl\/\"},{\"@type\":\"ListItem\",\"position\":2,\"name\":\"Transfer\"}]},{\"@type\":\"WebSite\",\"@id\":\"https:\/\/lei.net\/#website\",\"url\":\"https:\/\/lei.net\/\",\"name\":\"LEI.net\",\"description\":\"Official Legal Entity Identifier (LEI) Registrar\",\"publisher\":{\"@id\":\"https:\/\/lei.net\/#organization\"},\"potentialAction\":[{\"@type\":\"SearchAction\",\"target\":{\"@type\":\"EntryPoint\",\"urlTemplate\":\"https:\/\/lei.net\/?s={search_term_string}\"},\"query-input\":{\"@type\":\"PropertyValueSpecification\",\"valueRequired\":true,\"valueName\":\"search_term_string\"}}],\"inLanguage\":\"pl-PL\"},{\"@type\":\"Organization\",\"@id\":\"https:\/\/lei.net\/#organization\",\"name\":\"F.I.D.Firmeninformationsdienst GmbH\",\"url\":\"https:\/\/lei.net\/\",\"logo\":{\"@type\":\"ImageObject\",\"inLanguage\":\"pl-PL\",\"@id\":\"https:\/\/lei.net\/#\/schema\/logo\/image\/\",\"url\":\"https:\/\/lei.net\/wp-content\/uploads\/2021\/12\/color_vertical.jpg\",\"contentUrl\":\"https:\/\/lei.net\/wp-content\/uploads\/2021\/12\/color_vertical.jpg\",\"width\":283,\"height\":283,\"caption\":\"F.I.D.Firmeninformationsdienst GmbH\"},\"image\":{\"@id\":\"https:\/\/lei.net\/#\/schema\/logo\/image\/\"}}]}<\/script>\n<!-- \/ Yoast SEO plugin. -->","yoast_head_json":{"title":"Transfer - LEI.net","description":"\u00a0    Najcz\u0119\u015bciej zadawane pytania    Klienci cz\u0119sto zadaj\u0105 nam nast\u0119puj\u0105ce pytania    \u00a0","robots":{"index":"index","follow":"follow","max-snippet":"max-snippet:-1","max-image-preview":"max-image-preview:large","max-video-preview":"max-video-preview:-1"},"canonical":"https:\/\/lei.net\/pl\/wp-json\/wp\/v2\/pages\/5330","og_locale":"pl_PL","og_type":"article","og_title":"Transfer - LEI.net","og_description":"\u00a0    Najcz\u0119\u015bciej zadawane pytania    Klienci cz\u0119sto zadaj\u0105 nam nast\u0119puj\u0105ce pytania    \u00a0","og_url":"https:\/\/lei.net\/pl\/transfer\/","og_site_name":"LEI.net","article_modified_time":"2026-03-05T06:23:37+00:00","twitter_card":"summary_large_image","twitter_misc":{"Szacowany czas czytania":"1 minuta"},"schema":{"@context":"https:\/\/schema.org","@graph":[{"@type":"WebPage","@id":"https:\/\/lei.net\/pl\/transfer\/","url":"https:\/\/lei.net\/pl\/transfer\/","name":"Transfer - LEI.net","isPartOf":{"@id":"https:\/\/lei.net\/#website"},"datePublished":"2021-06-30T12:44:40+00:00","dateModified":"2026-03-05T06:23:37+00:00","description":"\u00a0 Najcz\u0119\u015bciej zadawane pytania Klienci cz\u0119sto zadaj\u0105 nam nast\u0119puj\u0105ce pytania \u00a0","breadcrumb":{"@id":"https:\/\/lei.net\/pl\/transfer\/#breadcrumb"},"inLanguage":"pl-PL","potentialAction":[{"@type":"ReadAction","target":["https:\/\/lei.net\/pl\/transfer\/"]}]},{"@type":"BreadcrumbList","@id":"https:\/\/lei.net\/pl\/transfer\/#breadcrumb","itemListElement":[{"@type":"ListItem","position":1,"name":"Startseite","item":"https:\/\/lei.net\/pl\/"},{"@type":"ListItem","position":2,"name":"Transfer"}]},{"@type":"WebSite","@id":"https:\/\/lei.net\/#website","url":"https:\/\/lei.net\/","name":"LEI.net","description":"Official Legal Entity Identifier (LEI) Registrar","publisher":{"@id":"https:\/\/lei.net\/#organization"},"potentialAction":[{"@type":"SearchAction","target":{"@type":"EntryPoint","urlTemplate":"https:\/\/lei.net\/?s={search_term_string}"},"query-input":{"@type":"PropertyValueSpecification","valueRequired":true,"valueName":"search_term_string"}}],"inLanguage":"pl-PL"},{"@type":"Organization","@id":"https:\/\/lei.net\/#organization","name":"F.I.D.Firmeninformationsdienst GmbH","url":"https:\/\/lei.net\/","logo":{"@type":"ImageObject","inLanguage":"pl-PL","@id":"https:\/\/lei.net\/#\/schema\/logo\/image\/","url":"https:\/\/lei.net\/wp-content\/uploads\/2021\/12\/color_vertical.jpg","contentUrl":"https:\/\/lei.net\/wp-content\/uploads\/2021\/12\/color_vertical.jpg","width":283,"height":283,"caption":"F.I.D.Firmeninformationsdienst GmbH"},"image":{"@id":"https:\/\/lei.net\/#\/schema\/logo\/image\/"}}]}},"_links":{"self":[{"href":"https:\/\/lei.net\/pl\/wp-json\/wp\/v2\/pages\/5330","targetHints":{"allow":["GET"]}}],"collection":[{"href":"https:\/\/lei.net\/pl\/wp-json\/wp\/v2\/pages"}],"about":[{"href":"https:\/\/lei.net\/pl\/wp-json\/wp\/v2\/types\/page"}],"author":[{"embeddable":true,"href":"https:\/\/lei.net\/pl\/wp-json\/wp\/v2\/users\/1"}],"replies":[{"embeddable":true,"href":"https:\/\/lei.net\/pl\/wp-json\/wp\/v2\/comments?post=5330"}],"version-history":[{"count":4,"href":"https:\/\/lei.net\/pl\/wp-json\/wp\/v2\/pages\/5330\/revisions"}],"predecessor-version":[{"id":18158,"href":"https:\/\/lei.net\/pl\/wp-json\/wp\/v2\/pages\/5330\/revisions\/18158"}],"wp:attachment":[{"href":"https:\/\/lei.net\/pl\/wp-json\/wp\/v2\/media?parent=5330"}],"curies":[{"name":"wp","href":"https:\/\/api.w.org\/{rel}","templated":true}]}}