

{"id":689,"date":"2021-08-05T13:07:05","date_gmt":"2021-08-05T12:07:05","guid":{"rendered":"https:\/\/lei.net\/imprint\/"},"modified":"2026-03-05T07:18:24","modified_gmt":"2026-03-05T06:18:24","slug":"nadruk","status":"publish","type":"page","link":"https:\/\/lei.net\/pl\/nadruk\/","title":{"rendered":"Nadruk"},"content":{"rendered":"\r\n<div class=\"wp-block-columns is-layout-flex wp-container-core-columns-is-layout-9d6595d7 wp-block-columns-is-layout-flex\">\r\n<div class=\"wp-block-column is-layout-flow wp-block-column-is-layout-flow\">  <div class=\"container px-4 xl:px-0\">\n    <div class=\"flex flex-wrap  mb-10 md:mb-16\">\n      <div class=\"w-full md:w-1\/2\">\n      <h1 class=\"font-axiforma text-[45px] md:text-[55px] text-center md:text-left\">Nadruk<\/h1>\n            <\/div>\n      <div class=\"w-full md:w-1\/2 flex justify-center mt-10 md:mt-0\">\n        <img loading=\"lazy\" decoding=\"async\" alt=\"\" src=\"https:\/\/lei.net\/wp-content\/uploads\/2024\/01\/imprint.svg\" width=\"440\" height=\"350\">      <\/div>\n    <\/div>\n  <\/div>\n<\/div>\r\n\r\n\r\n\r\n<div class=\"wp-block-column is-layout-flow wp-block-column-is-layout-flow\">\r\n<p>LLEI.NET jest us\u0142ug\u0105 F.I.D. Firmeninformationsdienst GmbH.<\/p>\r\n\r\n\r\n\r\n<p>Przedstawicielami prawnymi F.I.D. Firmeninformationsdienst GmbH s\u0105 dyrektorzy zarz\u0105dzaj\u0105cy C. Raphael Mahir i Markus S. Glatz.<\/p>\r\n\r\n\r\n\r\n<p>F.I.D. Company Information Service GmbH<br \/>Pelkovenstrasse 148<br \/>D-80992 Monachium<\/p>\r\n\r\n\r\n\r\n<p>Numer telefonu: +49 (89) 614215110<br \/>E-mail: support@lei.net<\/p>\r\n\r\n\r\n\r\n<p>HRB 216109 (s\u0105d rejonowy w Monachium)<br \/>Numer identyfikacyjny VAT: DE298120788<br \/>Urz\u0105d Skarbowy Monachium II<br \/>LEI: 98450069D77R7698B317<\/p>\r\n<\/div>\r\n<\/div>\r\n","protected":false},"excerpt":{"rendered":"<p>LLEI.NET jest us\u0142ug\u0105 F.I.D. Firmeninformationsdienst GmbH. Przedstawicielami prawnymi F.I.D. Firmeninformationsdienst GmbH s\u0105 dyrektorzy zarz\u0105dzaj\u0105cy C. Raphael Mahir i Markus S. Glatz. F.I.D. Company Information Service GmbHPelkovenstrasse 148D-80992 Monachium Numer telefonu: +49 (89) 614215110E-mail: support@lei.net HRB 216109 (s\u0105d rejonowy w Monachium)Numer identyfikacyjny VAT: DE298120788Urz\u0105d Skarbowy Monachium IILEI: 98450069D77R7698B317<\/p>\n","protected":false},"author":4,"featured_media":0,"parent":0,"menu_order":0,"comment_status":"closed","ping_status":"closed","template":"","meta":{"_acf_changed":false,"footnotes":""},"class_list":["post-689","page","type-page","status-publish","hentry"],"acf":[],"yoast_head":"<!-- This site is optimized with the Yoast SEO plugin v25.6 - https:\/\/yoast.com\/wordpress\/plugins\/seo\/ -->\n<title>Nadruk - LEI.net<\/title>\n<meta name=\"description\" content=\"LLEI.NET jest us\u0142ug\u0105 F.I.D. Firmeninformationsdienst GmbH. Przedstawicielami prawnymi F.I.D. Firmeninformationsdienst GmbH s\u0105 dyrektorzy zarz\u0105dzaj\u0105cy C.\" \/>\n<meta name=\"robots\" content=\"index, follow, max-snippet:-1, max-image-preview:large, max-video-preview:-1\" \/>\n<link rel=\"canonical\" href=\"https:\/\/lei.net\/pl\/wp-json\/wp\/v2\/pages\/689\" \/>\n<meta property=\"og:locale\" content=\"pl_PL\" \/>\n<meta property=\"og:type\" content=\"article\" \/>\n<meta property=\"og:title\" content=\"Nadruk - LEI.net\" \/>\n<meta property=\"og:description\" content=\"LLEI.NET jest us\u0142ug\u0105 F.I.D. Firmeninformationsdienst GmbH. Przedstawicielami prawnymi F.I.D. Firmeninformationsdienst GmbH s\u0105 dyrektorzy zarz\u0105dzaj\u0105cy C.\" \/>\n<meta property=\"og:url\" content=\"https:\/\/lei.net\/pl\/nadruk\/\" \/>\n<meta property=\"og:site_name\" content=\"LEI.net\" \/>\n<meta property=\"article:modified_time\" content=\"2026-03-05T06:18:24+00:00\" \/>\n<meta name=\"twitter:card\" content=\"summary_large_image\" \/>\n<meta name=\"twitter:label1\" content=\"Szacowany czas czytania\" \/>\n\t<meta name=\"twitter:data1\" content=\"1 minuta\" \/>\n<script type=\"application\/ld+json\" class=\"yoast-schema-graph\">{\"@context\":\"https:\/\/schema.org\",\"@graph\":[{\"@type\":\"WebPage\",\"@id\":\"https:\/\/lei.net\/pl\/nadruk\/\",\"url\":\"https:\/\/lei.net\/pl\/nadruk\/\",\"name\":\"Nadruk - LEI.net\",\"isPartOf\":{\"@id\":\"https:\/\/lei.net\/#website\"},\"datePublished\":\"2021-08-05T12:07:05+00:00\",\"dateModified\":\"2026-03-05T06:18:24+00:00\",\"description\":\"LLEI.NET jest us\u0142ug\u0105 F.I.D. Firmeninformationsdienst GmbH. Przedstawicielami prawnymi F.I.D. Firmeninformationsdienst GmbH s\u0105 dyrektorzy zarz\u0105dzaj\u0105cy C.\",\"breadcrumb\":{\"@id\":\"https:\/\/lei.net\/pl\/nadruk\/#breadcrumb\"},\"inLanguage\":\"pl-PL\",\"potentialAction\":[{\"@type\":\"ReadAction\",\"target\":[\"https:\/\/lei.net\/pl\/nadruk\/\"]}]},{\"@type\":\"BreadcrumbList\",\"@id\":\"https:\/\/lei.net\/pl\/nadruk\/#breadcrumb\",\"itemListElement\":[{\"@type\":\"ListItem\",\"position\":1,\"name\":\"Startseite\",\"item\":\"https:\/\/lei.net\/pl\/\"},{\"@type\":\"ListItem\",\"position\":2,\"name\":\"Nadruk\"}]},{\"@type\":\"WebSite\",\"@id\":\"https:\/\/lei.net\/#website\",\"url\":\"https:\/\/lei.net\/\",\"name\":\"LEI.net\",\"description\":\"Official Legal Entity Identifier (LEI) Registrar\",\"publisher\":{\"@id\":\"https:\/\/lei.net\/#organization\"},\"potentialAction\":[{\"@type\":\"SearchAction\",\"target\":{\"@type\":\"EntryPoint\",\"urlTemplate\":\"https:\/\/lei.net\/?s={search_term_string}\"},\"query-input\":{\"@type\":\"PropertyValueSpecification\",\"valueRequired\":true,\"valueName\":\"search_term_string\"}}],\"inLanguage\":\"pl-PL\"},{\"@type\":\"Organization\",\"@id\":\"https:\/\/lei.net\/#organization\",\"name\":\"F.I.D.Firmeninformationsdienst GmbH\",\"url\":\"https:\/\/lei.net\/\",\"logo\":{\"@type\":\"ImageObject\",\"inLanguage\":\"pl-PL\",\"@id\":\"https:\/\/lei.net\/#\/schema\/logo\/image\/\",\"url\":\"https:\/\/lei.net\/wp-content\/uploads\/2021\/12\/color_vertical.jpg\",\"contentUrl\":\"https:\/\/lei.net\/wp-content\/uploads\/2021\/12\/color_vertical.jpg\",\"width\":283,\"height\":283,\"caption\":\"F.I.D.Firmeninformationsdienst GmbH\"},\"image\":{\"@id\":\"https:\/\/lei.net\/#\/schema\/logo\/image\/\"}}]}<\/script>\n<!-- \/ Yoast SEO plugin. -->","yoast_head_json":{"title":"Nadruk - LEI.net","description":"LLEI.NET jest us\u0142ug\u0105 F.I.D. Firmeninformationsdienst GmbH. Przedstawicielami prawnymi F.I.D. Firmeninformationsdienst GmbH s\u0105 dyrektorzy zarz\u0105dzaj\u0105cy C.","robots":{"index":"index","follow":"follow","max-snippet":"max-snippet:-1","max-image-preview":"max-image-preview:large","max-video-preview":"max-video-preview:-1"},"canonical":"https:\/\/lei.net\/pl\/wp-json\/wp\/v2\/pages\/689","og_locale":"pl_PL","og_type":"article","og_title":"Nadruk - LEI.net","og_description":"LLEI.NET jest us\u0142ug\u0105 F.I.D. Firmeninformationsdienst GmbH. Przedstawicielami prawnymi F.I.D. Firmeninformationsdienst GmbH s\u0105 dyrektorzy zarz\u0105dzaj\u0105cy C.","og_url":"https:\/\/lei.net\/pl\/nadruk\/","og_site_name":"LEI.net","article_modified_time":"2026-03-05T06:18:24+00:00","twitter_card":"summary_large_image","twitter_misc":{"Szacowany czas czytania":"1 minuta"},"schema":{"@context":"https:\/\/schema.org","@graph":[{"@type":"WebPage","@id":"https:\/\/lei.net\/pl\/nadruk\/","url":"https:\/\/lei.net\/pl\/nadruk\/","name":"Nadruk - LEI.net","isPartOf":{"@id":"https:\/\/lei.net\/#website"},"datePublished":"2021-08-05T12:07:05+00:00","dateModified":"2026-03-05T06:18:24+00:00","description":"LLEI.NET jest us\u0142ug\u0105 F.I.D. Firmeninformationsdienst GmbH. Przedstawicielami prawnymi F.I.D. Firmeninformationsdienst GmbH s\u0105 dyrektorzy zarz\u0105dzaj\u0105cy C.","breadcrumb":{"@id":"https:\/\/lei.net\/pl\/nadruk\/#breadcrumb"},"inLanguage":"pl-PL","potentialAction":[{"@type":"ReadAction","target":["https:\/\/lei.net\/pl\/nadruk\/"]}]},{"@type":"BreadcrumbList","@id":"https:\/\/lei.net\/pl\/nadruk\/#breadcrumb","itemListElement":[{"@type":"ListItem","position":1,"name":"Startseite","item":"https:\/\/lei.net\/pl\/"},{"@type":"ListItem","position":2,"name":"Nadruk"}]},{"@type":"WebSite","@id":"https:\/\/lei.net\/#website","url":"https:\/\/lei.net\/","name":"LEI.net","description":"Official Legal Entity Identifier (LEI) Registrar","publisher":{"@id":"https:\/\/lei.net\/#organization"},"potentialAction":[{"@type":"SearchAction","target":{"@type":"EntryPoint","urlTemplate":"https:\/\/lei.net\/?s={search_term_string}"},"query-input":{"@type":"PropertyValueSpecification","valueRequired":true,"valueName":"search_term_string"}}],"inLanguage":"pl-PL"},{"@type":"Organization","@id":"https:\/\/lei.net\/#organization","name":"F.I.D.Firmeninformationsdienst GmbH","url":"https:\/\/lei.net\/","logo":{"@type":"ImageObject","inLanguage":"pl-PL","@id":"https:\/\/lei.net\/#\/schema\/logo\/image\/","url":"https:\/\/lei.net\/wp-content\/uploads\/2021\/12\/color_vertical.jpg","contentUrl":"https:\/\/lei.net\/wp-content\/uploads\/2021\/12\/color_vertical.jpg","width":283,"height":283,"caption":"F.I.D.Firmeninformationsdienst GmbH"},"image":{"@id":"https:\/\/lei.net\/#\/schema\/logo\/image\/"}}]}},"_links":{"self":[{"href":"https:\/\/lei.net\/pl\/wp-json\/wp\/v2\/pages\/689","targetHints":{"allow":["GET"]}}],"collection":[{"href":"https:\/\/lei.net\/pl\/wp-json\/wp\/v2\/pages"}],"about":[{"href":"https:\/\/lei.net\/pl\/wp-json\/wp\/v2\/types\/page"}],"author":[{"embeddable":true,"href":"https:\/\/lei.net\/pl\/wp-json\/wp\/v2\/users\/4"}],"replies":[{"embeddable":true,"href":"https:\/\/lei.net\/pl\/wp-json\/wp\/v2\/comments?post=689"}],"version-history":[{"count":6,"href":"https:\/\/lei.net\/pl\/wp-json\/wp\/v2\/pages\/689\/revisions"}],"predecessor-version":[{"id":18156,"href":"https:\/\/lei.net\/pl\/wp-json\/wp\/v2\/pages\/689\/revisions\/18156"}],"wp:attachment":[{"href":"https:\/\/lei.net\/pl\/wp-json\/wp\/v2\/media?parent=689"}],"curies":[{"name":"wp","href":"https:\/\/api.w.org\/{rel}","templated":true}]}}