

{"id":700,"date":"2021-06-29T14:14:05","date_gmt":"2021-06-29T13:14:05","guid":{"rendered":"https:\/\/lei.net\/what-is-lei\/"},"modified":"2026-03-05T07:12:10","modified_gmt":"2026-03-05T06:12:10","slug":"co-to-jest-lei","status":"publish","type":"page","link":"https:\/\/lei.net\/pl\/co-to-jest-lei\/","title":{"rendered":"Co to jest LEI ?"},"content":{"rendered":"  <div class=\"container px-4 xl:px-0\">\n    <div class=\"flex flex-wrap  mb-10 md:mb-16\">\n      <div class=\"w-full md:w-1\/2\">\n      <h1 class=\"font-axiforma text-[45px] md:text-[55px] text-center md:text-left\">Co to jest LEI?<\/h1>\n            <\/div>\n      <div class=\"w-full md:w-1\/2 flex justify-center mt-10 md:mt-0\">\n        <img loading=\"lazy\" decoding=\"async\" alt=\"\" src=\"https:\/\/lei.net\/wp-content\/uploads\/2024\/02\/whyus.svg\" width=\"590\" height=\"300\">      <\/div>\n    <\/div>\n  <\/div>\n\r\n\r\n\r\n<div class=\"wp-block-columns is-layout-flex wp-container-core-columns-is-layout-9d6595d7 wp-block-columns-is-layout-flex\">\r\n<div class=\"wp-block-column is-layout-flow wp-block-column-is-layout-flow\" style=\"flex-basis: 33.33%;\">\r\n<h2 class=\"wp-block-heading has-large-font-size\" style=\"font-style: normal; font-weight: 600;\">Podstawowe informacje<\/h2>\r\n<\/div>\r\n\r\n\r\n\r\n<div class=\"wp-block-column is-layout-flow wp-block-column-is-layout-flow\" style=\"flex-basis: 66.66%;\">\r\n<p>LEI \u2013 numer identyfikacyjny podmiotu prawnego (Legal Entity Identifier). Unikalny identyfikator dla firm prowadz\u0105cych dzia\u0142alno\u015b\u0107 na rynkach finansowych (z akcjami, obligacjami, kontraktami terminowymi, wymian\u0105 walut itp.). Ka\u017cda transakcja przeprowadzana na rynkach finansowych jest powi\u0105zana z partnerem biznesowym za po\u015brednictwem numeru LEI. Kody LEI s\u0105 u\u017cywane przez regulator\u00f3w do monitorowania rynk\u00f3w finansowych. Numery LEI \u0142\u0105cz\u0105 rynki finansowe, firmy i organy regulacyjne. Numery LEI s\u0105 wydawane przez LOU akredytowane przez GLEIF. GLEIF \u2013 Global Legal Entity Identifier Foundation. BEZ TRANSAKCJI BEZ LEI.<\/p>\r\n<\/div>\r\n<\/div>\r\n\r\n\r\n\r\n<div class=\"wp-block-spacer\" style=\"height: 50px;\" aria-hidden=\"true\">\u00a0<\/div>\r\n\r\n\r\n\r\n<div class=\"wp-block-columns is-layout-flex wp-container-core-columns-is-layout-9d6595d7 wp-block-columns-is-layout-flex\">\r\n<div class=\"wp-block-column is-layout-flow wp-block-column-is-layout-flow\" style=\"flex-basis: 33.33%;\">\r\n<h2 class=\"wp-block-heading has-large-font-size\" style=\"font-style: normal; font-weight: 600;\">Korzy\u015bci z kodu LEI<\/h2>\r\n<\/div>\r\n\r\n\r\n\r\n<div class=\"wp-block-column is-layout-flow wp-block-column-is-layout-flow\" style=\"flex-basis: 66.66%;\">\r\n<p>Zbieranie danych klient\u00f3w to prawdopodobnie najwi\u0119ksza korzy\u015b\u0107 z numeru LEI. Wcze\u015bniej konieczne by\u0142o r\u0119czne kopiowanie dokument\u00f3w to\u017csamo\u015bci i weryfikacja ich dok\u0142adno\u015bci, co by\u0142o d\u0142ugim procesem bior\u0105c pod uwag\u0119 ramy czasowe. Ponadto wymagane by\u0142y liczne dane, aby zapewni\u0107 bezpieczn\u0105 \u015bcie\u017ck\u0119 zakupu akcji. Koncepcja numeracji LEI prowadzi do udoskonalenia procesu. Dzi\u0119ki cyfryzacji r\u00f3\u017cnych etap\u00f3w, dzi\u015b wymagany jest tylko ma\u0142y formularz online. R\u00f3wnie\u017c aktualizacja, przed\u0142u\u017cenie i usuni\u0119cie danych firmowych s\u0105 teraz zale\u017cne od funkcjonalnego systemu, kt\u00f3ry mo\u017ce nad\u0105\u017cy\u0107 za szybko rozwijaj\u0105cymi si\u0119 mi\u0119dzynarodowymi rynkami finansowymi.<\/p>\r\n\r\n\r\n\r\n<p>Otwarte i przejrzyste dane minimalizuj\u0105 ryzyko mi\u0119dzynarodowej transakcji finansowej. To u\u0142atwia zobaczenie, kim jest partner biznesowy i co reprezentuje. Zapewnia to bezpiecze\u0144stwo, kt\u00f3re nie istnia\u0142o w tej formie przed wprowadzeniem numeru LEI.<\/p>\r\n<\/div>\r\n<\/div>\r\n\r\n\r\n\r\n<div class=\"wp-block-spacer\" style=\"height: 50px;\" aria-hidden=\"true\">\u00a0<\/div>\r\n\r\n\r\n\n<section class=\"container px-4 xl:px-0\">\n    <div class=\"flex rounded-2xl bg-gradient-to-r from-[#B3E0FF] to-[#6097D7] px-10 md:px-20 py-10 items-center gap-10 flex-col md:flex-row\">\n        <div class=\"w-full md:w-1\/2 flex justify-center\">\n            <img loading=\"lazy\" decoding=\"async\" alt=\"\" src=\"https:\/\/lei.net\/wp-content\/uploads\/2024\/02\/cta.svg\" width=\"440\" height=\"350\">        <\/div>\n        <div class=\"w-full md:w-1\/2\">\n            <h3 class=\"text-lightgray-200 font-axiforma text-[25px] md:text-[35px] mb-4\">Chcesz kupi\u0107 numer LEI?<\/h3>\n            <p class=\"font-axiforma-light !text-base md:!text-xl !font-light !text-lightgray-200 !mb-12\">Tw\u00f3j numer rejestracyjny podmiotu prawnego LEI w Polsce!<\/p>\n            <div class=\"text-center md:text-left\">\n                <a href=\"https:\/\/lei.net\/registration\/\" class=\"bg-primary text-lightgray-200 text-lg px-8 py-4 rounded-full hover:bg-opacity-40 transition\">Zacznijmy<\/a>\n            <\/div>\n        <\/div>\n    <\/div>\n<\/section>\r\n\r\n\r\n<h3 class=\"wp-block-heading has-text-align-center\" style=\"font-size: 45px; font-style: normal; font-weight: 600;\">Struktura kodu LEI<\/h3>\r\n\r\n\r\n\r\n<p class=\"has-text-align-center\" style=\"font-size: 20px;\">Numer LEI jest standaryzowany przez certyfikat ISO 17442. Sk\u0142ada si\u0119 z kombinacji 20 cyfr i liter<\/p>\r\n\r\n\r\n<div class=\"container px-4 xl:px-0\">\n  <div class=\"shadow-medium rounded-2xl my-12 py-5 md:py-12 overflow-auto\">\n    <div class=\"flex justify-start md:justify-center gap-1 mx-5 md:mx-0\">\n      <div>\n        <div class='text-2xl md:text-[40px] text-black font-axiforma tracking-widest'>1.2.3.4.<\/div>\n        <div class='flex items-center border-r border-l border-lightgray h-[0.8vw]'>\n          <div class='bg-lightgray h-[1px] w-full'><\/div>\n        <\/div>\n        <div class='text-center text-xs md:text-lg font-axiforma text-black'>LOU ID<\/div>\n      <\/div>\n      <div>\n        <div class='text-2xl md:text-[40px] text-black font-axiforma tracking-widest'>5.6.<\/div>\n        <div class='flex items-center border-r border-l border-lightgray h-[0.8vw]'>\n          <div class='bg-lightgray h-[1px] w-full'><\/div>\n        <\/div>\n        <div class='text-center text-xs md:text-lg font-axiforma text-black'>0.0<\/div>\n      <\/div>\n      <div>\n        <div class='text-2xl md:text-[40px] text-primary font-axiforma tracking-widest'>7.8.9.10.11.12.13.14.15.16.17.18.<\/div>\n        <div class='flex items-center border-r border-l border-lightgray h-[0.8vw]'>\n          <div class='bg-lightgray h-[1px] w-full'><\/div>\n        <\/div>\n        <div class='text-center text-xs md:text-lg font-axiforma text-primary'>Identyfikator jednostki<\/div>\n      <\/div>\n      <div>\n        <div class='text-2xl md:text-[40px] text-black font-axiforma tracking-widest'>19.20.<\/div>\n        <div class='flex items-center border-r border-l border-lightgray h-[0.8vw]'>\n          <div class='bg-lightgray h-[1px] w-full'><\/div>\n        <\/div>\n        <div class='text-center text-xs md:text-lg font-axiforma text-black'>ID weryfikacji<\/div>\n      <\/div>\n    <\/div>\n  <\/div>\n<\/div>\n\r\n\r\n\r\n\r\n\r\n<div class=\"wp-block-columns is-layout-flex wp-container-core-columns-is-layout-9d6595d7 wp-block-columns-is-layout-flex\">\r\n<div class=\"wp-block-column is-layout-flow wp-block-column-is-layout-flow\">\r\n<p>Cyfry <strong>1-4<\/strong> zawsze wskazuj\u0105 identyfikator LOU, kt\u00f3ry wyda\u0142 LEI.<\/p>\r\n\r\n\r\n\r\n<p>Cyfry <strong>5-6<\/strong> zawsze maj\u0105 warto\u015b\u0107 0.<\/p>\r\n\r\n\r\n\r\n<p>Cyfry\/litery <strong>7-18<\/strong> s\u0105 unikalne dla ka\u017cdej jednostki.<\/p>\r\n\r\n\r\n\r\n<p>Cyfry <strong>19-20<\/strong> s\u0105 u\u017cywane do weryfikacji.<\/p>\r\n<\/div>\r\n<\/div>\r\n\r\n\r\n","protected":false},"excerpt":{"rendered":"<p>Podstawowe informacje LEI \u2013 numer identyfikacyjny podmiotu prawnego (Legal Entity Identifier). Unikalny identyfikator dla firm prowadz\u0105cych dzia\u0142alno\u015b\u0107 na rynkach finansowych (z akcjami, obligacjami, kontraktami terminowymi, wymian\u0105 walut itp.). Ka\u017cda transakcja przeprowadzana na rynkach finansowych jest powi\u0105zana z partnerem biznesowym za po\u015brednictwem numeru LEI. Kody LEI s\u0105 u\u017cywane przez regulator\u00f3w do monitorowania rynk\u00f3w finansowych. Numery LEI [&hellip;]<\/p>\n","protected":false},"author":1,"featured_media":0,"parent":0,"menu_order":0,"comment_status":"closed","ping_status":"closed","template":"","meta":{"_acf_changed":false,"footnotes":""},"class_list":["post-700","page","type-page","status-publish","hentry"],"acf":[],"yoast_head":"<!-- This site is optimized with the Yoast SEO plugin v25.6 - https:\/\/yoast.com\/wordpress\/plugins\/seo\/ -->\n<title>Co to jest LEI ? - LEI.net<\/title>\n<meta name=\"description\" content=\"Podstawowe informacje LEI \u2013 numer identyfikacyjny podmiotu prawnego (Legal Entity Identifier). Unikalny identyfikator dla firm prowadz\u0105cych dzia\u0142alno\u015b\u0107 na\" \/>\n<meta name=\"robots\" content=\"index, follow, max-snippet:-1, max-image-preview:large, max-video-preview:-1\" \/>\n<link rel=\"canonical\" href=\"https:\/\/lei.net\/pl\/wp-json\/wp\/v2\/pages\/700\" \/>\n<meta property=\"og:locale\" content=\"pl_PL\" \/>\n<meta property=\"og:type\" content=\"article\" \/>\n<meta property=\"og:title\" content=\"Co to jest LEI ? - LEI.net\" \/>\n<meta property=\"og:description\" content=\"Podstawowe informacje LEI \u2013 numer identyfikacyjny podmiotu prawnego (Legal Entity Identifier). Unikalny identyfikator dla firm prowadz\u0105cych dzia\u0142alno\u015b\u0107 na\" \/>\n<meta property=\"og:url\" content=\"https:\/\/lei.net\/pl\/co-to-jest-lei\/\" \/>\n<meta property=\"og:site_name\" content=\"LEI.net\" \/>\n<meta property=\"article:modified_time\" content=\"2026-03-05T06:12:10+00:00\" \/>\n<meta name=\"twitter:card\" content=\"summary_large_image\" \/>\n<meta name=\"twitter:label1\" content=\"Szacowany czas czytania\" \/>\n\t<meta name=\"twitter:data1\" content=\"2 minuty\" \/>\n<script type=\"application\/ld+json\" class=\"yoast-schema-graph\">{\"@context\":\"https:\/\/schema.org\",\"@graph\":[{\"@type\":\"WebPage\",\"@id\":\"https:\/\/lei.net\/pl\/co-to-jest-lei\/\",\"url\":\"https:\/\/lei.net\/pl\/co-to-jest-lei\/\",\"name\":\"Co to jest LEI ? - LEI.net\",\"isPartOf\":{\"@id\":\"https:\/\/lei.net\/#website\"},\"datePublished\":\"2021-06-29T13:14:05+00:00\",\"dateModified\":\"2026-03-05T06:12:10+00:00\",\"description\":\"Podstawowe informacje LEI \u2013 numer identyfikacyjny podmiotu prawnego (Legal Entity Identifier). Unikalny identyfikator dla firm prowadz\u0105cych dzia\u0142alno\u015b\u0107 na\",\"breadcrumb\":{\"@id\":\"https:\/\/lei.net\/pl\/co-to-jest-lei\/#breadcrumb\"},\"inLanguage\":\"pl-PL\",\"potentialAction\":[{\"@type\":\"ReadAction\",\"target\":[\"https:\/\/lei.net\/pl\/co-to-jest-lei\/\"]}]},{\"@type\":\"BreadcrumbList\",\"@id\":\"https:\/\/lei.net\/pl\/co-to-jest-lei\/#breadcrumb\",\"itemListElement\":[{\"@type\":\"ListItem\",\"position\":1,\"name\":\"Startseite\",\"item\":\"https:\/\/lei.net\/pl\/\"},{\"@type\":\"ListItem\",\"position\":2,\"name\":\"Co to jest LEI ?\"}]},{\"@type\":\"WebSite\",\"@id\":\"https:\/\/lei.net\/#website\",\"url\":\"https:\/\/lei.net\/\",\"name\":\"LEI.net\",\"description\":\"Official Legal Entity Identifier (LEI) Registrar\",\"publisher\":{\"@id\":\"https:\/\/lei.net\/#organization\"},\"potentialAction\":[{\"@type\":\"SearchAction\",\"target\":{\"@type\":\"EntryPoint\",\"urlTemplate\":\"https:\/\/lei.net\/?s={search_term_string}\"},\"query-input\":{\"@type\":\"PropertyValueSpecification\",\"valueRequired\":true,\"valueName\":\"search_term_string\"}}],\"inLanguage\":\"pl-PL\"},{\"@type\":\"Organization\",\"@id\":\"https:\/\/lei.net\/#organization\",\"name\":\"F.I.D.Firmeninformationsdienst GmbH\",\"url\":\"https:\/\/lei.net\/\",\"logo\":{\"@type\":\"ImageObject\",\"inLanguage\":\"pl-PL\",\"@id\":\"https:\/\/lei.net\/#\/schema\/logo\/image\/\",\"url\":\"https:\/\/lei.net\/wp-content\/uploads\/2021\/12\/color_vertical.jpg\",\"contentUrl\":\"https:\/\/lei.net\/wp-content\/uploads\/2021\/12\/color_vertical.jpg\",\"width\":283,\"height\":283,\"caption\":\"F.I.D.Firmeninformationsdienst GmbH\"},\"image\":{\"@id\":\"https:\/\/lei.net\/#\/schema\/logo\/image\/\"}}]}<\/script>\n<!-- \/ Yoast SEO plugin. -->","yoast_head_json":{"title":"Co to jest LEI ? - LEI.net","description":"Podstawowe informacje LEI \u2013 numer identyfikacyjny podmiotu prawnego (Legal Entity Identifier). Unikalny identyfikator dla firm prowadz\u0105cych dzia\u0142alno\u015b\u0107 na","robots":{"index":"index","follow":"follow","max-snippet":"max-snippet:-1","max-image-preview":"max-image-preview:large","max-video-preview":"max-video-preview:-1"},"canonical":"https:\/\/lei.net\/pl\/wp-json\/wp\/v2\/pages\/700","og_locale":"pl_PL","og_type":"article","og_title":"Co to jest LEI ? - LEI.net","og_description":"Podstawowe informacje LEI \u2013 numer identyfikacyjny podmiotu prawnego (Legal Entity Identifier). Unikalny identyfikator dla firm prowadz\u0105cych dzia\u0142alno\u015b\u0107 na","og_url":"https:\/\/lei.net\/pl\/co-to-jest-lei\/","og_site_name":"LEI.net","article_modified_time":"2026-03-05T06:12:10+00:00","twitter_card":"summary_large_image","twitter_misc":{"Szacowany czas czytania":"2 minuty"},"schema":{"@context":"https:\/\/schema.org","@graph":[{"@type":"WebPage","@id":"https:\/\/lei.net\/pl\/co-to-jest-lei\/","url":"https:\/\/lei.net\/pl\/co-to-jest-lei\/","name":"Co to jest LEI ? - LEI.net","isPartOf":{"@id":"https:\/\/lei.net\/#website"},"datePublished":"2021-06-29T13:14:05+00:00","dateModified":"2026-03-05T06:12:10+00:00","description":"Podstawowe informacje LEI \u2013 numer identyfikacyjny podmiotu prawnego (Legal Entity Identifier). Unikalny identyfikator dla firm prowadz\u0105cych dzia\u0142alno\u015b\u0107 na","breadcrumb":{"@id":"https:\/\/lei.net\/pl\/co-to-jest-lei\/#breadcrumb"},"inLanguage":"pl-PL","potentialAction":[{"@type":"ReadAction","target":["https:\/\/lei.net\/pl\/co-to-jest-lei\/"]}]},{"@type":"BreadcrumbList","@id":"https:\/\/lei.net\/pl\/co-to-jest-lei\/#breadcrumb","itemListElement":[{"@type":"ListItem","position":1,"name":"Startseite","item":"https:\/\/lei.net\/pl\/"},{"@type":"ListItem","position":2,"name":"Co to jest LEI ?"}]},{"@type":"WebSite","@id":"https:\/\/lei.net\/#website","url":"https:\/\/lei.net\/","name":"LEI.net","description":"Official Legal Entity Identifier (LEI) Registrar","publisher":{"@id":"https:\/\/lei.net\/#organization"},"potentialAction":[{"@type":"SearchAction","target":{"@type":"EntryPoint","urlTemplate":"https:\/\/lei.net\/?s={search_term_string}"},"query-input":{"@type":"PropertyValueSpecification","valueRequired":true,"valueName":"search_term_string"}}],"inLanguage":"pl-PL"},{"@type":"Organization","@id":"https:\/\/lei.net\/#organization","name":"F.I.D.Firmeninformationsdienst GmbH","url":"https:\/\/lei.net\/","logo":{"@type":"ImageObject","inLanguage":"pl-PL","@id":"https:\/\/lei.net\/#\/schema\/logo\/image\/","url":"https:\/\/lei.net\/wp-content\/uploads\/2021\/12\/color_vertical.jpg","contentUrl":"https:\/\/lei.net\/wp-content\/uploads\/2021\/12\/color_vertical.jpg","width":283,"height":283,"caption":"F.I.D.Firmeninformationsdienst GmbH"},"image":{"@id":"https:\/\/lei.net\/#\/schema\/logo\/image\/"}}]}},"_links":{"self":[{"href":"https:\/\/lei.net\/pl\/wp-json\/wp\/v2\/pages\/700","targetHints":{"allow":["GET"]}}],"collection":[{"href":"https:\/\/lei.net\/pl\/wp-json\/wp\/v2\/pages"}],"about":[{"href":"https:\/\/lei.net\/pl\/wp-json\/wp\/v2\/types\/page"}],"author":[{"embeddable":true,"href":"https:\/\/lei.net\/pl\/wp-json\/wp\/v2\/users\/1"}],"replies":[{"embeddable":true,"href":"https:\/\/lei.net\/pl\/wp-json\/wp\/v2\/comments?post=700"}],"version-history":[{"count":8,"href":"https:\/\/lei.net\/pl\/wp-json\/wp\/v2\/pages\/700\/revisions"}],"predecessor-version":[{"id":18152,"href":"https:\/\/lei.net\/pl\/wp-json\/wp\/v2\/pages\/700\/revisions\/18152"}],"wp:attachment":[{"href":"https:\/\/lei.net\/pl\/wp-json\/wp\/v2\/media?parent=700"}],"curies":[{"name":"wp","href":"https:\/\/api.w.org\/{rel}","templated":true}]}}