

{"id":1319,"date":"2021-08-05T13:07:05","date_gmt":"2021-08-05T12:07:05","guid":{"rendered":"https:\/\/lei.net\/imprint\/"},"modified":"2026-03-10T06:13:44","modified_gmt":"2026-03-10T05:13:44","slug":"tryck","status":"publish","type":"page","link":"https:\/\/lei.net\/sv\/tryck\/","title":{"rendered":"Tryck"},"content":{"rendered":"\r\n<div class=\"wp-block-columns is-layout-flex wp-container-core-columns-is-layout-9d6595d7 wp-block-columns-is-layout-flex\">\r\n<div class=\"wp-block-column is-layout-flow wp-block-column-is-layout-flow\">  <div class=\"container px-4 xl:px-0\">\n    <div class=\"flex flex-wrap  mb-10 md:mb-16\">\n      <div class=\"w-full md:w-1\/2\">\n      <h1 class=\"font-axiforma text-[45px] md:text-[55px] text-center md:text-left\">Tryck<\/h1>\n            <\/div>\n      <div class=\"w-full md:w-1\/2 flex justify-center mt-10 md:mt-0\">\n        <img loading=\"lazy\" decoding=\"async\" alt=\"\" src=\"https:\/\/lei.net\/wp-content\/uploads\/2024\/01\/imprint.svg\" width=\"440\" height=\"350\">      <\/div>\n    <\/div>\n  <\/div>\n<\/div>\r\n\r\n\r\n\r\n<div class=\"wp-block-column is-layout-flow wp-block-column-is-layout-flow\">\r\n<p>LEI.NET \u00e4r en tj\u00e4nst fr\u00e5n F.I.D. Firmeninformationsdienst GmbH.<\/p>\r\n\r\n\r\n\r\n<p>F.I.D. Firmeninformationsdienst GmbH:s r\u00e4ttsliga f\u00f6retr\u00e4dare \u00e4r de verkst\u00e4llande direkt\u00f6rerna C. Raphael Mahir och Markus S. Glatz.<\/p>\r\n\r\n\r\n\r\n<p>F.I.D. Informationstj\u00e4nst f\u00f6r f\u00f6retag GmbH<br \/>Pelkovenstrasse 148<br \/>D-80992 M\u00fcnchen<\/p>\r\n\r\n\r\n\r\n<p>Telefonnummer: +49 (89) 614215110<br \/>E-post: support@lei.net<\/p>\r\n\r\n\r\n\r\n<p>HRB 216109 (tingsr\u00e4tten i M\u00fcnchen)<br \/>Momsregistreringsnummer: DE298120788<br \/>Skattekontor M\u00fcnchen II<br \/>LEI: 98450069D77R7698B317<\/p>\r\n<\/div>\r\n<\/div>\r\n","protected":false},"excerpt":{"rendered":"<p>LEI.NET \u00e4r en tj\u00e4nst fr\u00e5n F.I.D. Firmeninformationsdienst GmbH. F.I.D. Firmeninformationsdienst GmbH:s r\u00e4ttsliga f\u00f6retr\u00e4dare \u00e4r de verkst\u00e4llande direkt\u00f6rerna C. Raphael Mahir och Markus S. Glatz. F.I.D. Informationstj\u00e4nst f\u00f6r f\u00f6retag GmbHPelkovenstrasse 148D-80992 M\u00fcnchen Telefonnummer: +49 (89) 614215110E-post: support@lei.net HRB 216109 (tingsr\u00e4tten i M\u00fcnchen)Momsregistreringsnummer: DE298120788Skattekontor M\u00fcnchen IILEI: 98450069D77R7698B317<\/p>\n","protected":false},"author":4,"featured_media":0,"parent":0,"menu_order":0,"comment_status":"closed","ping_status":"closed","template":"","meta":{"_acf_changed":false,"footnotes":""},"class_list":["post-1319","page","type-page","status-publish","hentry"],"acf":[],"yoast_head":"<!-- This site is optimized with the Yoast SEO plugin v25.6 - https:\/\/yoast.com\/wordpress\/plugins\/seo\/ -->\n<title>Tryck - LEI.net<\/title>\n<meta name=\"description\" content=\"LEI.NET \u00e4r en tj\u00e4nst fr\u00e5n F.I.D. Firmeninformationsdienst GmbH. F.I.D. Firmeninformationsdienst GmbH:s r\u00e4ttsliga f\u00f6retr\u00e4dare \u00e4r de verkst\u00e4llande\" \/>\n<meta name=\"robots\" content=\"index, follow, max-snippet:-1, max-image-preview:large, max-video-preview:-1\" \/>\n<link rel=\"canonical\" href=\"https:\/\/lei.net\/sv\/wp-json\/wp\/v2\/pages\/1319\" \/>\n<meta property=\"og:locale\" content=\"sv_SE\" \/>\n<meta property=\"og:type\" content=\"article\" \/>\n<meta property=\"og:title\" content=\"Tryck - LEI.net\" \/>\n<meta property=\"og:description\" content=\"LEI.NET \u00e4r en tj\u00e4nst fr\u00e5n F.I.D. Firmeninformationsdienst GmbH. F.I.D. Firmeninformationsdienst GmbH:s r\u00e4ttsliga f\u00f6retr\u00e4dare \u00e4r de verkst\u00e4llande\" \/>\n<meta property=\"og:url\" content=\"https:\/\/lei.net\/sv\/tryck\/\" \/>\n<meta property=\"og:site_name\" content=\"LEI.net\" \/>\n<meta property=\"article:modified_time\" content=\"2026-03-10T05:13:44+00:00\" \/>\n<meta name=\"twitter:card\" content=\"summary_large_image\" \/>\n<meta name=\"twitter:label1\" content=\"Ber\u00e4knad l\u00e4stid\" \/>\n\t<meta name=\"twitter:data1\" content=\"1 minut\" \/>\n<script type=\"application\/ld+json\" class=\"yoast-schema-graph\">{\"@context\":\"https:\/\/schema.org\",\"@graph\":[{\"@type\":\"WebPage\",\"@id\":\"https:\/\/lei.net\/sv\/tryck\/\",\"url\":\"https:\/\/lei.net\/sv\/tryck\/\",\"name\":\"Tryck - LEI.net\",\"isPartOf\":{\"@id\":\"https:\/\/lei.net\/#website\"},\"datePublished\":\"2021-08-05T12:07:05+00:00\",\"dateModified\":\"2026-03-10T05:13:44+00:00\",\"description\":\"LEI.NET \u00e4r en tj\u00e4nst fr\u00e5n F.I.D. Firmeninformationsdienst GmbH. F.I.D. Firmeninformationsdienst GmbH:s r\u00e4ttsliga f\u00f6retr\u00e4dare \u00e4r de verkst\u00e4llande\",\"breadcrumb\":{\"@id\":\"https:\/\/lei.net\/sv\/tryck\/#breadcrumb\"},\"inLanguage\":\"sv-SE\",\"potentialAction\":[{\"@type\":\"ReadAction\",\"target\":[\"https:\/\/lei.net\/sv\/tryck\/\"]}]},{\"@type\":\"BreadcrumbList\",\"@id\":\"https:\/\/lei.net\/sv\/tryck\/#breadcrumb\",\"itemListElement\":[{\"@type\":\"ListItem\",\"position\":1,\"name\":\"Startseite\",\"item\":\"https:\/\/lei.net\/sv\/\"},{\"@type\":\"ListItem\",\"position\":2,\"name\":\"Tryck\"}]},{\"@type\":\"WebSite\",\"@id\":\"https:\/\/lei.net\/#website\",\"url\":\"https:\/\/lei.net\/\",\"name\":\"LEI.net\",\"description\":\"Official Legal Entity Identifier (LEI) Registrar\",\"publisher\":{\"@id\":\"https:\/\/lei.net\/#organization\"},\"potentialAction\":[{\"@type\":\"SearchAction\",\"target\":{\"@type\":\"EntryPoint\",\"urlTemplate\":\"https:\/\/lei.net\/?s={search_term_string}\"},\"query-input\":{\"@type\":\"PropertyValueSpecification\",\"valueRequired\":true,\"valueName\":\"search_term_string\"}}],\"inLanguage\":\"sv-SE\"},{\"@type\":\"Organization\",\"@id\":\"https:\/\/lei.net\/#organization\",\"name\":\"F.I.D.Firmeninformationsdienst GmbH\",\"url\":\"https:\/\/lei.net\/\",\"logo\":{\"@type\":\"ImageObject\",\"inLanguage\":\"sv-SE\",\"@id\":\"https:\/\/lei.net\/#\/schema\/logo\/image\/\",\"url\":\"https:\/\/lei.net\/wp-content\/uploads\/2021\/12\/color_vertical.jpg\",\"contentUrl\":\"https:\/\/lei.net\/wp-content\/uploads\/2021\/12\/color_vertical.jpg\",\"width\":283,\"height\":283,\"caption\":\"F.I.D.Firmeninformationsdienst GmbH\"},\"image\":{\"@id\":\"https:\/\/lei.net\/#\/schema\/logo\/image\/\"}}]}<\/script>\n<!-- \/ Yoast SEO plugin. -->","yoast_head_json":{"title":"Tryck - LEI.net","description":"LEI.NET \u00e4r en tj\u00e4nst fr\u00e5n F.I.D. Firmeninformationsdienst GmbH. F.I.D. Firmeninformationsdienst GmbH:s r\u00e4ttsliga f\u00f6retr\u00e4dare \u00e4r de verkst\u00e4llande","robots":{"index":"index","follow":"follow","max-snippet":"max-snippet:-1","max-image-preview":"max-image-preview:large","max-video-preview":"max-video-preview:-1"},"canonical":"https:\/\/lei.net\/sv\/wp-json\/wp\/v2\/pages\/1319","og_locale":"sv_SE","og_type":"article","og_title":"Tryck - LEI.net","og_description":"LEI.NET \u00e4r en tj\u00e4nst fr\u00e5n F.I.D. Firmeninformationsdienst GmbH. F.I.D. Firmeninformationsdienst GmbH:s r\u00e4ttsliga f\u00f6retr\u00e4dare \u00e4r de verkst\u00e4llande","og_url":"https:\/\/lei.net\/sv\/tryck\/","og_site_name":"LEI.net","article_modified_time":"2026-03-10T05:13:44+00:00","twitter_card":"summary_large_image","twitter_misc":{"Ber\u00e4knad l\u00e4stid":"1 minut"},"schema":{"@context":"https:\/\/schema.org","@graph":[{"@type":"WebPage","@id":"https:\/\/lei.net\/sv\/tryck\/","url":"https:\/\/lei.net\/sv\/tryck\/","name":"Tryck - LEI.net","isPartOf":{"@id":"https:\/\/lei.net\/#website"},"datePublished":"2021-08-05T12:07:05+00:00","dateModified":"2026-03-10T05:13:44+00:00","description":"LEI.NET \u00e4r en tj\u00e4nst fr\u00e5n F.I.D. Firmeninformationsdienst GmbH. F.I.D. Firmeninformationsdienst GmbH:s r\u00e4ttsliga f\u00f6retr\u00e4dare \u00e4r de verkst\u00e4llande","breadcrumb":{"@id":"https:\/\/lei.net\/sv\/tryck\/#breadcrumb"},"inLanguage":"sv-SE","potentialAction":[{"@type":"ReadAction","target":["https:\/\/lei.net\/sv\/tryck\/"]}]},{"@type":"BreadcrumbList","@id":"https:\/\/lei.net\/sv\/tryck\/#breadcrumb","itemListElement":[{"@type":"ListItem","position":1,"name":"Startseite","item":"https:\/\/lei.net\/sv\/"},{"@type":"ListItem","position":2,"name":"Tryck"}]},{"@type":"WebSite","@id":"https:\/\/lei.net\/#website","url":"https:\/\/lei.net\/","name":"LEI.net","description":"Official Legal Entity Identifier (LEI) Registrar","publisher":{"@id":"https:\/\/lei.net\/#organization"},"potentialAction":[{"@type":"SearchAction","target":{"@type":"EntryPoint","urlTemplate":"https:\/\/lei.net\/?s={search_term_string}"},"query-input":{"@type":"PropertyValueSpecification","valueRequired":true,"valueName":"search_term_string"}}],"inLanguage":"sv-SE"},{"@type":"Organization","@id":"https:\/\/lei.net\/#organization","name":"F.I.D.Firmeninformationsdienst GmbH","url":"https:\/\/lei.net\/","logo":{"@type":"ImageObject","inLanguage":"sv-SE","@id":"https:\/\/lei.net\/#\/schema\/logo\/image\/","url":"https:\/\/lei.net\/wp-content\/uploads\/2021\/12\/color_vertical.jpg","contentUrl":"https:\/\/lei.net\/wp-content\/uploads\/2021\/12\/color_vertical.jpg","width":283,"height":283,"caption":"F.I.D.Firmeninformationsdienst GmbH"},"image":{"@id":"https:\/\/lei.net\/#\/schema\/logo\/image\/"}}]}},"_links":{"self":[{"href":"https:\/\/lei.net\/sv\/wp-json\/wp\/v2\/pages\/1319","targetHints":{"allow":["GET"]}}],"collection":[{"href":"https:\/\/lei.net\/sv\/wp-json\/wp\/v2\/pages"}],"about":[{"href":"https:\/\/lei.net\/sv\/wp-json\/wp\/v2\/types\/page"}],"author":[{"embeddable":true,"href":"https:\/\/lei.net\/sv\/wp-json\/wp\/v2\/users\/4"}],"replies":[{"embeddable":true,"href":"https:\/\/lei.net\/sv\/wp-json\/wp\/v2\/comments?post=1319"}],"version-history":[{"count":4,"href":"https:\/\/lei.net\/sv\/wp-json\/wp\/v2\/pages\/1319\/revisions"}],"predecessor-version":[{"id":20666,"href":"https:\/\/lei.net\/sv\/wp-json\/wp\/v2\/pages\/1319\/revisions\/20666"}],"wp:attachment":[{"href":"https:\/\/lei.net\/sv\/wp-json\/wp\/v2\/media?parent=1319"}],"curies":[{"name":"wp","href":"https:\/\/api.w.org\/{rel}","templated":true}]}}