

{"id":1338,"date":"2021-06-29T14:14:05","date_gmt":"2021-06-29T13:14:05","guid":{"rendered":"https:\/\/lei.net\/what-is-lei\/"},"modified":"2026-03-10T05:57:57","modified_gmt":"2026-03-10T04:57:57","slug":"vad-ar-lei","status":"publish","type":"page","link":"https:\/\/lei.net\/sv\/vad-ar-lei\/","title":{"rendered":"Vad \u00e4r LEI?"},"content":{"rendered":"  <div class=\"container px-4 xl:px-0\">\n    <div class=\"flex flex-wrap  mb-10 md:mb-16\">\n      <div class=\"w-full md:w-1\/2\">\n      <h1 class=\"font-axiforma text-[45px] md:text-[55px] text-center md:text-left\">Vad \u00e4r LEI?<\/h1>\n            <\/div>\n      <div class=\"w-full md:w-1\/2 flex justify-center mt-10 md:mt-0\">\n        <img loading=\"lazy\" decoding=\"async\" alt=\"\" src=\"https:\/\/lei.net\/wp-content\/uploads\/2024\/02\/whyus.svg\" width=\"590\" height=\"300\">      <\/div>\n    <\/div>\n  <\/div>\n\r\n\r\n\r\n<div class=\"wp-block-columns is-layout-flex wp-container-core-columns-is-layout-9d6595d7 wp-block-columns-is-layout-flex\">\r\n<div class=\"wp-block-column is-layout-flow wp-block-column-is-layout-flow\" style=\"flex-basis: 33.33%;\">\r\n<h2 class=\"wp-block-heading has-large-font-size\" style=\"font-style: normal; font-weight: 600;\">Grundl\u00e4ggande information<\/h2>\r\n<\/div>\r\n\r\n\r\n\r\n<div class=\"wp-block-column is-layout-flow wp-block-column-is-layout-flow\" style=\"flex-basis: 66.66%;\">\r\n<p>LEI \u2013 ett identifieringsnummer f\u00f6r juridiska enheter (Legal Entity Identifier). Ett unikt identifieringskod f\u00f6r f\u00f6retag som handlar p\u00e5 finansmarknaderna (med aktier, obligationer, terminer, valutahandel osv.). Varje transaktion som genomf\u00f6rs p\u00e5 finansmarknaderna \u00e4r l\u00e4nkad till handelspartnern via ett LEI-nummer. LEI-koder anv\u00e4nds av regleringsmyndigheter f\u00f6r att \u00f6vervaka finansmarknaderna. LEI-koder l\u00e4nkar samman finansmarknaderna, f\u00f6retagen och regleringsmyndigheterna. LEI-nummer utf\u00e4rdas av GLEIF-ackrediterade LOU:er. GLEIF \u2013 Global Legal Entity Identifier Foundation. INGEN HANDEL UTAN LEI.<\/p>\r\n<\/div>\r\n<\/div>\r\n\r\n\r\n\r\n<div class=\"wp-block-spacer\" style=\"height: 50px;\" aria-hidden=\"true\">\u00a0<\/div>\r\n\r\n\r\n\r\n<div class=\"wp-block-columns is-layout-flex wp-container-core-columns-is-layout-9d6595d7 wp-block-columns-is-layout-flex\">\r\n<div class=\"wp-block-column is-layout-flow wp-block-column-is-layout-flow\" style=\"flex-basis: 33.33%;\">\r\n<h2 class=\"wp-block-heading has-large-font-size\" style=\"font-style: normal; font-weight: 600;\">F\u00f6rdelarna med en LEI-kod<\/h2>\r\n<\/div>\r\n\r\n\r\n\r\n<div class=\"wp-block-column is-layout-flow wp-block-column-is-layout-flow\" style=\"flex-basis: 66.66%;\">\r\n<p>Insamling av kunddata \u00e4r f\u00f6rmodligen den st\u00f6rsta f\u00f6rdelen med LEI-numret. Tidigare var man tvungen att manuellt kopiera ID-kort och kontrollera deras korrekthet, vilket var en tidskr\u00e4vande process med tanke p\u00e5 tiderna. Dessutom beh\u00f6vdes mycket data f\u00f6r att s\u00e4kerst\u00e4lla en s\u00e4ker v\u00e4g f\u00f6r ett aktiek\u00f6p. Konceptet med LEI-numrering leder till en f\u00f6rb\u00e4ttring av processen. Med hj\u00e4lp av digitalisering av de olika stegen kr\u00e4vs idag endast ett litet onlineformul\u00e4r. P\u00e5 samma s\u00e4tt \u00e4r uppdatering, f\u00f6rl\u00e4ngning och radering av f\u00f6retagsdata nu f\u00f6rem\u00e5l f\u00f6r ett funktionellt system som kan h\u00e5lla j\u00e4mna steg v\u00e4l med de snabbt utvecklande internationella finansmarknaderna.<\/p>\r\n\r\n\r\n\r\n<p>\u00d6ppna och transparenta data minimerar risken f\u00f6r en internationell finanstransaktion. Detta g\u00f6r det enkelt att se vem handelspartnern \u00e4r och vad de representerar. Detta ger en s\u00e4kerhet som inte fanns i denna form f\u00f6re LEI-numret.<\/p>\r\n<\/div>\r\n<\/div>\r\n\r\n\r\n\r\n<div class=\"wp-block-spacer\" style=\"height: 50px;\" aria-hidden=\"true\">\u00a0<\/div>\r\n\r\n\r\n\n<section class=\"container px-4 xl:px-0\">\n    <div class=\"flex rounded-2xl bg-gradient-to-r from-[#B3E0FF] to-[#6097D7] px-10 md:px-20 py-10 items-center gap-10 flex-col md:flex-row\">\n        <div class=\"w-full md:w-1\/2 flex justify-center\">\n            <img loading=\"lazy\" decoding=\"async\" alt=\"\" src=\"https:\/\/lei.net\/wp-content\/uploads\/2024\/02\/cta.svg\" width=\"440\" height=\"350\">        <\/div>\n        <div class=\"w-full md:w-1\/2\">\n            <h3 class=\"text-lightgray-200 font-axiforma text-[25px] md:text-[35px] mb-4\">Vill du k\u00f6pa ett LEI-nummer?<\/h3>\n            <p class=\"font-axiforma-light !text-base md:!text-xl !font-light !text-lightgray-200 !mb-12\">Ditt registreringsnummer f\u00f6r juridisk person LEI i Sverige!<\/p>\n            <div class=\"text-center md:text-left\">\n                <a href=\"https:\/\/lei.net\/registration\/\" class=\"bg-primary text-lightgray-200 text-lg px-8 py-4 rounded-full hover:bg-opacity-40 transition\">L\u00e5t oss b\u00f6rja<\/a>\n            <\/div>\n        <\/div>\n    <\/div>\n<\/section>\r\n\r\n\r\n<h3 class=\"wp-block-heading has-text-align-center\" style=\"font-size: 45px; font-style: normal; font-weight: 600;\">Strukturen av en LEI-kod<\/h3>\r\n\r\n\r\n\r\n<p class=\"has-text-align-center\" style=\"font-size: 20px;\">Ett LEI-nummer \u00e4r standardiserat via ISO-certifikat 17442. Det best\u00e5r av en kombination av 20 siffror och bokst\u00e4ver<\/p>\r\n\r\n\r\n<div class=\"container px-4 xl:px-0\">\n  <div class=\"shadow-medium rounded-2xl my-12 py-5 md:py-12 overflow-auto\">\n    <div class=\"flex justify-start md:justify-center gap-1 mx-5 md:mx-0\">\n      <div>\n        <div class='text-2xl md:text-[40px] text-black font-axiforma tracking-widest'>1.2.3.4.<\/div>\n        <div class='flex items-center border-r border-l border-lightgray h-[0.8vw]'>\n          <div class='bg-lightgray h-[1px] w-full'><\/div>\n        <\/div>\n        <div class='text-center text-xs md:text-lg font-axiforma text-black'>LOU ID<\/div>\n      <\/div>\n      <div>\n        <div class='text-2xl md:text-[40px] text-black font-axiforma tracking-widest'>5.6.<\/div>\n        <div class='flex items-center border-r border-l border-lightgray h-[0.8vw]'>\n          <div class='bg-lightgray h-[1px] w-full'><\/div>\n        <\/div>\n        <div class='text-center text-xs md:text-lg font-axiforma text-black'>0.0<\/div>\n      <\/div>\n      <div>\n        <div class='text-2xl md:text-[40px] text-primary font-axiforma tracking-widest'>7.8.9.10.11.12.13.14.15.16.17.18.<\/div>\n        <div class='flex items-center border-r border-l border-lightgray h-[0.8vw]'>\n          <div class='bg-lightgray h-[1px] w-full'><\/div>\n        <\/div>\n        <div class='text-center text-xs md:text-lg font-axiforma text-primary'>Enhetsidentifierare<\/div>\n      <\/div>\n      <div>\n        <div class='text-2xl md:text-[40px] text-black font-axiforma tracking-widest'>19.20.<\/div>\n        <div class='flex items-center border-r border-l border-lightgray h-[0.8vw]'>\n          <div class='bg-lightgray h-[1px] w-full'><\/div>\n        <\/div>\n        <div class='text-center text-xs md:text-lg font-axiforma text-black'>Verifierings-ID<\/div>\n      <\/div>\n    <\/div>\n  <\/div>\n<\/div>\n\r\n\r\n\r\n\r\n\r\n<div class=\"wp-block-columns is-layout-flex wp-container-core-columns-is-layout-9d6595d7 wp-block-columns-is-layout-flex\">\r\n<div class=\"wp-block-column is-layout-flow wp-block-column-is-layout-flow\">\r\n<p>Siffrorna <strong>1-4<\/strong> anger alltid ID f\u00f6r LOU som utf\u00e4rdat LEI.<\/p>\r\n\r\n\r\n\r\n<p>Siffrorna <strong>5-6<\/strong> har alltid v\u00e4rdet 0.<\/p>\r\n\r\n\r\n\r\n<p>Siffror\/bokst\u00e4ver <strong>7-18<\/strong> \u00e4r unika f\u00f6r varje enhet.<\/p>\r\n\r\n\r\n\r\n<p>Siffrorna <strong>19-20<\/strong> anv\u00e4nds f\u00f6r verifiering.<\/p>\r\n<\/div>\r\n<\/div>\r\n\r\n\r\n","protected":false},"excerpt":{"rendered":"<p>Grundl\u00e4ggande information LEI \u2013 ett identifieringsnummer f\u00f6r juridiska enheter (Legal Entity Identifier). Ett unikt identifieringskod f\u00f6r f\u00f6retag som handlar p\u00e5 finansmarknaderna (med aktier, obligationer, terminer, valutahandel osv.). Varje transaktion som genomf\u00f6rs p\u00e5 finansmarknaderna \u00e4r l\u00e4nkad till handelspartnern via ett LEI-nummer. LEI-koder anv\u00e4nds av regleringsmyndigheter f\u00f6r att \u00f6vervaka finansmarknaderna. LEI-koder l\u00e4nkar samman finansmarknaderna, f\u00f6retagen och regleringsmyndigheterna. [&hellip;]<\/p>\n","protected":false},"author":1,"featured_media":0,"parent":0,"menu_order":0,"comment_status":"closed","ping_status":"closed","template":"","meta":{"_acf_changed":false,"footnotes":""},"class_list":["post-1338","page","type-page","status-publish","hentry"],"acf":[],"yoast_head":"<!-- This site is optimized with the Yoast SEO plugin v25.6 - https:\/\/yoast.com\/wordpress\/plugins\/seo\/ -->\n<title>Vad \u00e4r LEI? - LEI.net<\/title>\n<meta name=\"description\" content=\"Grundl\u00e4ggande information LEI \u2013 ett identifieringsnummer f\u00f6r juridiska enheter (Legal Entity Identifier). Ett unikt identifieringskod f\u00f6r f\u00f6retag som\" \/>\n<meta name=\"robots\" content=\"index, follow, max-snippet:-1, max-image-preview:large, max-video-preview:-1\" \/>\n<link rel=\"canonical\" href=\"https:\/\/lei.net\/sv\/wp-json\/wp\/v2\/pages\/1338\" \/>\n<meta property=\"og:locale\" content=\"sv_SE\" \/>\n<meta property=\"og:type\" content=\"article\" \/>\n<meta property=\"og:title\" content=\"Vad \u00e4r LEI? - LEI.net\" \/>\n<meta property=\"og:description\" content=\"Grundl\u00e4ggande information LEI \u2013 ett identifieringsnummer f\u00f6r juridiska enheter (Legal Entity Identifier). Ett unikt identifieringskod f\u00f6r f\u00f6retag som\" \/>\n<meta property=\"og:url\" content=\"https:\/\/lei.net\/sv\/vad-ar-lei\/\" \/>\n<meta property=\"og:site_name\" content=\"LEI.net\" \/>\n<meta property=\"article:modified_time\" content=\"2026-03-10T04:57:57+00:00\" \/>\n<meta name=\"twitter:card\" content=\"summary_large_image\" \/>\n<meta name=\"twitter:label1\" content=\"Ber\u00e4knad l\u00e4stid\" \/>\n\t<meta name=\"twitter:data1\" content=\"2 minuter\" \/>\n<script type=\"application\/ld+json\" class=\"yoast-schema-graph\">{\"@context\":\"https:\/\/schema.org\",\"@graph\":[{\"@type\":\"WebPage\",\"@id\":\"https:\/\/lei.net\/sv\/vad-ar-lei\/\",\"url\":\"https:\/\/lei.net\/sv\/vad-ar-lei\/\",\"name\":\"Vad \u00e4r LEI? - LEI.net\",\"isPartOf\":{\"@id\":\"https:\/\/lei.net\/#website\"},\"datePublished\":\"2021-06-29T13:14:05+00:00\",\"dateModified\":\"2026-03-10T04:57:57+00:00\",\"description\":\"Grundl\u00e4ggande information LEI \u2013 ett identifieringsnummer f\u00f6r juridiska enheter (Legal Entity Identifier). Ett unikt identifieringskod f\u00f6r f\u00f6retag som\",\"breadcrumb\":{\"@id\":\"https:\/\/lei.net\/sv\/vad-ar-lei\/#breadcrumb\"},\"inLanguage\":\"sv-SE\",\"potentialAction\":[{\"@type\":\"ReadAction\",\"target\":[\"https:\/\/lei.net\/sv\/vad-ar-lei\/\"]}]},{\"@type\":\"BreadcrumbList\",\"@id\":\"https:\/\/lei.net\/sv\/vad-ar-lei\/#breadcrumb\",\"itemListElement\":[{\"@type\":\"ListItem\",\"position\":1,\"name\":\"Startseite\",\"item\":\"https:\/\/lei.net\/sv\/\"},{\"@type\":\"ListItem\",\"position\":2,\"name\":\"Vad \u00e4r LEI?\"}]},{\"@type\":\"WebSite\",\"@id\":\"https:\/\/lei.net\/#website\",\"url\":\"https:\/\/lei.net\/\",\"name\":\"LEI.net\",\"description\":\"Official Legal Entity Identifier (LEI) Registrar\",\"publisher\":{\"@id\":\"https:\/\/lei.net\/#organization\"},\"potentialAction\":[{\"@type\":\"SearchAction\",\"target\":{\"@type\":\"EntryPoint\",\"urlTemplate\":\"https:\/\/lei.net\/?s={search_term_string}\"},\"query-input\":{\"@type\":\"PropertyValueSpecification\",\"valueRequired\":true,\"valueName\":\"search_term_string\"}}],\"inLanguage\":\"sv-SE\"},{\"@type\":\"Organization\",\"@id\":\"https:\/\/lei.net\/#organization\",\"name\":\"F.I.D.Firmeninformationsdienst GmbH\",\"url\":\"https:\/\/lei.net\/\",\"logo\":{\"@type\":\"ImageObject\",\"inLanguage\":\"sv-SE\",\"@id\":\"https:\/\/lei.net\/#\/schema\/logo\/image\/\",\"url\":\"https:\/\/lei.net\/wp-content\/uploads\/2021\/12\/color_vertical.jpg\",\"contentUrl\":\"https:\/\/lei.net\/wp-content\/uploads\/2021\/12\/color_vertical.jpg\",\"width\":283,\"height\":283,\"caption\":\"F.I.D.Firmeninformationsdienst GmbH\"},\"image\":{\"@id\":\"https:\/\/lei.net\/#\/schema\/logo\/image\/\"}}]}<\/script>\n<!-- \/ Yoast SEO plugin. -->","yoast_head_json":{"title":"Vad \u00e4r LEI? - LEI.net","description":"Grundl\u00e4ggande information LEI \u2013 ett identifieringsnummer f\u00f6r juridiska enheter (Legal Entity Identifier). Ett unikt identifieringskod f\u00f6r f\u00f6retag som","robots":{"index":"index","follow":"follow","max-snippet":"max-snippet:-1","max-image-preview":"max-image-preview:large","max-video-preview":"max-video-preview:-1"},"canonical":"https:\/\/lei.net\/sv\/wp-json\/wp\/v2\/pages\/1338","og_locale":"sv_SE","og_type":"article","og_title":"Vad \u00e4r LEI? - LEI.net","og_description":"Grundl\u00e4ggande information LEI \u2013 ett identifieringsnummer f\u00f6r juridiska enheter (Legal Entity Identifier). Ett unikt identifieringskod f\u00f6r f\u00f6retag som","og_url":"https:\/\/lei.net\/sv\/vad-ar-lei\/","og_site_name":"LEI.net","article_modified_time":"2026-03-10T04:57:57+00:00","twitter_card":"summary_large_image","twitter_misc":{"Ber\u00e4knad l\u00e4stid":"2 minuter"},"schema":{"@context":"https:\/\/schema.org","@graph":[{"@type":"WebPage","@id":"https:\/\/lei.net\/sv\/vad-ar-lei\/","url":"https:\/\/lei.net\/sv\/vad-ar-lei\/","name":"Vad \u00e4r LEI? - LEI.net","isPartOf":{"@id":"https:\/\/lei.net\/#website"},"datePublished":"2021-06-29T13:14:05+00:00","dateModified":"2026-03-10T04:57:57+00:00","description":"Grundl\u00e4ggande information LEI \u2013 ett identifieringsnummer f\u00f6r juridiska enheter (Legal Entity Identifier). Ett unikt identifieringskod f\u00f6r f\u00f6retag som","breadcrumb":{"@id":"https:\/\/lei.net\/sv\/vad-ar-lei\/#breadcrumb"},"inLanguage":"sv-SE","potentialAction":[{"@type":"ReadAction","target":["https:\/\/lei.net\/sv\/vad-ar-lei\/"]}]},{"@type":"BreadcrumbList","@id":"https:\/\/lei.net\/sv\/vad-ar-lei\/#breadcrumb","itemListElement":[{"@type":"ListItem","position":1,"name":"Startseite","item":"https:\/\/lei.net\/sv\/"},{"@type":"ListItem","position":2,"name":"Vad \u00e4r LEI?"}]},{"@type":"WebSite","@id":"https:\/\/lei.net\/#website","url":"https:\/\/lei.net\/","name":"LEI.net","description":"Official Legal Entity Identifier (LEI) Registrar","publisher":{"@id":"https:\/\/lei.net\/#organization"},"potentialAction":[{"@type":"SearchAction","target":{"@type":"EntryPoint","urlTemplate":"https:\/\/lei.net\/?s={search_term_string}"},"query-input":{"@type":"PropertyValueSpecification","valueRequired":true,"valueName":"search_term_string"}}],"inLanguage":"sv-SE"},{"@type":"Organization","@id":"https:\/\/lei.net\/#organization","name":"F.I.D.Firmeninformationsdienst GmbH","url":"https:\/\/lei.net\/","logo":{"@type":"ImageObject","inLanguage":"sv-SE","@id":"https:\/\/lei.net\/#\/schema\/logo\/image\/","url":"https:\/\/lei.net\/wp-content\/uploads\/2021\/12\/color_vertical.jpg","contentUrl":"https:\/\/lei.net\/wp-content\/uploads\/2021\/12\/color_vertical.jpg","width":283,"height":283,"caption":"F.I.D.Firmeninformationsdienst GmbH"},"image":{"@id":"https:\/\/lei.net\/#\/schema\/logo\/image\/"}}]}},"_links":{"self":[{"href":"https:\/\/lei.net\/sv\/wp-json\/wp\/v2\/pages\/1338","targetHints":{"allow":["GET"]}}],"collection":[{"href":"https:\/\/lei.net\/sv\/wp-json\/wp\/v2\/pages"}],"about":[{"href":"https:\/\/lei.net\/sv\/wp-json\/wp\/v2\/types\/page"}],"author":[{"embeddable":true,"href":"https:\/\/lei.net\/sv\/wp-json\/wp\/v2\/users\/1"}],"replies":[{"embeddable":true,"href":"https:\/\/lei.net\/sv\/wp-json\/wp\/v2\/comments?post=1338"}],"version-history":[{"count":8,"href":"https:\/\/lei.net\/sv\/wp-json\/wp\/v2\/pages\/1338\/revisions"}],"predecessor-version":[{"id":20627,"href":"https:\/\/lei.net\/sv\/wp-json\/wp\/v2\/pages\/1338\/revisions\/20627"}],"wp:attachment":[{"href":"https:\/\/lei.net\/sv\/wp-json\/wp\/v2\/media?parent=1338"}],"curies":[{"name":"wp","href":"https:\/\/api.w.org\/{rel}","templated":true}]}}