

{"id":5336,"date":"2021-06-30T13:44:40","date_gmt":"2021-06-30T12:44:40","guid":{"rendered":"https:\/\/lei.net\/transfer\/"},"modified":"2026-03-10T06:19:43","modified_gmt":"2026-03-10T05:19:43","slug":"overforing","status":"publish","type":"page","link":"https:\/\/lei.net\/sv\/overforing\/","title":{"rendered":"\u00d6verf\u00f6ring"},"content":{"rendered":"\n<select-plan-component default-subscription-type=\"transfer\" :switcher=\"false\" :reasons=\"[{&quot;_type&quot;:&quot;_&quot;,&quot;reason_code&quot;:&quot;NATURAL_PERSON&quot;,&quot;reason&quot;:&quot;Fysiska personer: Per definition finns det inget moderbolag eftersom f\\u00f6retaget kontrolleras av en fysisk person eller personer utan ett mellanliggande moderbolag som uppfyller definitionen av moderbolagets konsolideringsomf\\u00e5ng.&quot;,&quot;information_points&quot;:[]},{&quot;_type&quot;:&quot;_&quot;,&quot;reason_code&quot;:&quot;NON_CONSOLIDATING&quot;,&quot;reason&quot;:&quot;NON_CONSOLIDATED: Enligt definitionen finns det inget moderbolag eftersom enheten kontrolleras av juridiska personer som inte \\u00e4r f\\u00f6rem\\u00e5l f\\u00f6r uppr\\u00e4ttande av koncernredovisning.&quot;,&quot;information_points&quot;:[]},{&quot;_type&quot;:&quot;_&quot;,&quot;reason_code&quot;:&quot;NO_KNOWN_PERSON&quot;,&quot;reason&quot;:&quot;Ingen k\\u00e4nd person: Enligt definitionen finns det ingen f\\u00f6r\\u00e4lder i Legal Entity Identifier Foundation eftersom det inte finns n\\u00e5gon k\\u00e4nd person som kontrollerar enheten (t.ex. spridda aktie\\u00e4gare).&quot;,&quot;information_points&quot;:[]},{&quot;_type&quot;:&quot;_&quot;,&quot;reason_code&quot;:&quot;NON_PUBLIC&quot;,&quot;reason&quot;:&quot;NON_PUBLIC: F\\u00f6r f\\u00f6ljande applikationer:&quot;,&quot;information_points&quot;:[{&quot;_type&quot;:&quot;_&quot;,&quot;information_point&quot;:&quot;Juridiska hinder: Barri\\u00e4rer i en jurisdiktions lagar eller f\\u00f6rordningar f\\u00f6rhindrar tillhandah\\u00e5llande eller publicering av information. Entiteten kan inte publicera moderbolaget i den globala LEI-nummerdatabasen.&quot;},{&quot;_type&quot;:&quot;_&quot;,&quot;information_point&quot;:&quot;Samtycke ej erh\\u00e5llet: Enligt till\\u00e4mplig r\\u00e4ttslig ram kr\\u00e4vdes moderbolagets samtycke och moderbolaget gav inte sitt samtycke eller kunde inte kontaktas.&quot;},{&quot;_type&quot;:&quot;_&quot;,&quot;information_point&quot;:&quot;Bindande r\\u00e4ttsliga \\u00e5taganden: Bindande r\\u00e4ttsliga \\u00e5taganden (andra \\u00e4n lagar eller f\\u00f6rordningar i en jurisdiktion), s\\u00e5som stadgarna som styr den juridiska personen eller ett kontrakt, f\\u00f6rhindrar tillhandah\\u00e5llande eller publicering av denna information.&quot;},{&quot;_type&quot;:&quot;_&quot;,&quot;information_point&quot;:&quot;Nedskrivning ej undantagen: Dotterbolaget beg\\u00e4rde att f\\u00e5 bes\\u00f6ka moderbolaget i f\\u00f6rh\\u00e5llande till moderbolagets rapportering, men kunde inte bekr\\u00e4fta detta p\\u00e5 grund av utebliven nedskrivning p\\u00e5 ett s\\u00e4tt som skulle undvika rimliga risker f\\u00f6r ansvar f\\u00f6r dotterbolaget.&quot;},{&quot;_type&quot;:&quot;_&quot;,&quot;information_point&quot;:&quot;Skadlig effekt p\\u00e5 avsl\\u00f6jande: Utl\\u00e4mnande av denna information skulle vara skadligt f\\u00f6r den relevanta juridiska personen eller moderenheten. Detta inkluderar sk\\u00e4l som allm\\u00e4nt accepteras av offentliga myndigheter under liknande omst\\u00e4ndigheter, baserade p\\u00e5 ett uttalande fr\\u00e5n enheten.&quot;}]},{&quot;_type&quot;:&quot;_&quot;,&quot;reason_code&quot;:&quot;NO_LEI&quot;,&quot;reason&quot;:&quot;Ingen LEI: Child Legal Entity rapporterar att den har en f\\u00f6r\\u00e4lder enligt definitionen som anv\\u00e4nds men denna f\\u00f6r\\u00e4lder har \\u00e4nnu inte en LEI.&quot;,&quot;information_points&quot;:[]}]\" :countries=\"{&quot;AF&quot;:&quot;Afghanistan&quot;,&quot;AL&quot;:&quot;Albania&quot;,&quot;DZ&quot;:&quot;Algeria&quot;,&quot;AS&quot;:&quot;American Samoa&quot;,&quot;AD&quot;:&quot;Andorra&quot;,&quot;AO&quot;:&quot;Angola&quot;,&quot;AI&quot;:&quot;Anguilla&quot;,&quot;AG&quot;:&quot;Antigua and Barbuda&quot;,&quot;AR&quot;:&quot;Argentina&quot;,&quot;AM&quot;:&quot;Armenia&quot;,&quot;AW&quot;:&quot;Aruba&quot;,&quot;AU&quot;:&quot;Australia&quot;,&quot;AT&quot;:&quot;Austria&quot;,&quot;AZ&quot;:&quot;Azerbaijan&quot;,&quot;BS&quot;:&quot;Bahamas&quot;,&quot;BD&quot;:&quot;Bangladesh&quot;,&quot;BB&quot;:&quot;Barbados&quot;,&quot;BY&quot;:&quot;Belarus&quot;,&quot;BE&quot;:&quot;Belgium&quot;,&quot;BZ&quot;:&quot;Belize&quot;,&quot;BJ&quot;:&quot;Benin&quot;,&quot;BM&quot;:&quot;Bermuda&quot;,&quot;BT&quot;:&quot;Bhutan&quot;,&quot;BO&quot;:&quot;Bolivia&quot;,&quot;BA&quot;:&quot;Bosnia and Herzegovina&quot;,&quot;BW&quot;:&quot;Botswana&quot;,&quot;BV&quot;:&quot;Bouvet Island&quot;,&quot;BR&quot;:&quot;Brazil&quot;,&quot;IO&quot;:&quot;British Indian Ocean Territory&quot;,&quot;BN&quot;:&quot;Brunei Darussalam&quot;,&quot;BG&quot;:&quot;Bulgaria&quot;,&quot;BF&quot;:&quot;Burkina Faso&quot;,&quot;BI&quot;:&quot;Burundi&quot;,&quot;KH&quot;:&quot;Cambodia&quot;,&quot;CM&quot;:&quot;Cameroon&quot;,&quot;CA&quot;:&quot;Canada&quot;,&quot;KY&quot;:&quot;Cayman Islands&quot;,&quot;CF&quot;:&quot;Central African Republic&quot;,&quot;TD&quot;:&quot;Chad&quot;,&quot;CL&quot;:&quot;Chile&quot;,&quot;CN&quot;:&quot;China&quot;,&quot;CX&quot;:&quot;Christmas Island&quot;,&quot;CC&quot;:&quot;Cocos (Keeling) Islands&quot;,&quot;CO&quot;:&quot;Colombia&quot;,&quot;KM&quot;:&quot;Comoros&quot;,&quot;CG&quot;:&quot;Congo&quot;,&quot;CK&quot;:&quot;Cook Islands&quot;,&quot;CR&quot;:&quot;Costa Rica&quot;,&quot;CI&quot;:&quot;C\\u00f4te d&#039;Ivoire&quot;,&quot;HR&quot;:&quot;Croatia&quot;,&quot;CY&quot;:&quot;Cyprus&quot;,&quot;CZ&quot;:&quot;Czech Republic&quot;,&quot;DK&quot;:&quot;Denmark&quot;,&quot;DJ&quot;:&quot;Djibouti&quot;,&quot;DM&quot;:&quot;Dominica&quot;,&quot;DO&quot;:&quot;Dominican Republic&quot;,&quot;EC&quot;:&quot;Ecuador&quot;,&quot;EG&quot;:&quot;Egypt&quot;,&quot;SV&quot;:&quot;El Salvador&quot;,&quot;GQ&quot;:&quot;Equatorial Guinea&quot;,&quot;EE&quot;:&quot;Estonia&quot;,&quot;ET&quot;:&quot;Ethiopia&quot;,&quot;FK&quot;:&quot;Falkland Islands (Malvinas)&quot;,&quot;FO&quot;:&quot;Faroe Islands&quot;,&quot;FJ&quot;:&quot;Fiji&quot;,&quot;FI&quot;:&quot;Finland&quot;,&quot;FR&quot;:&quot;France&quot;,&quot;GF&quot;:&quot;French Guiana&quot;,&quot;PF&quot;:&quot;French Polynesia&quot;,&quot;TF&quot;:&quot;French Southern Territories&quot;,&quot;GA&quot;:&quot;Gabon&quot;,&quot;GM&quot;:&quot;Gambia&quot;,&quot;GE&quot;:&quot;Georgia&quot;,&quot;DE&quot;:&quot;Germany&quot;,&quot;GH&quot;:&quot;Ghana&quot;,&quot;GI&quot;:&quot;Gibraltar&quot;,&quot;GR&quot;:&quot;Greece&quot;,&quot;GL&quot;:&quot;Greenland&quot;,&quot;GD&quot;:&quot;Grenada&quot;,&quot;GP&quot;:&quot;Guadeloupe&quot;,&quot;GU&quot;:&quot;Guam&quot;,&quot;GT&quot;:&quot;Guatemala&quot;,&quot;GN&quot;:&quot;Guinea&quot;,&quot;GW&quot;:&quot;Guinea-Bissau&quot;,&quot;GY&quot;:&quot;Guyana&quot;,&quot;HT&quot;:&quot;Haiti&quot;,&quot;HM&quot;:&quot;Heard Island and McDonald Islands&quot;,&quot;VA&quot;:&quot;Holy See (Vatican City State)&quot;,&quot;HN&quot;:&quot;Honduras&quot;,&quot;HK&quot;:&quot;Hong Kong&quot;,&quot;HU&quot;:&quot;Hungary&quot;,&quot;IS&quot;:&quot;Iceland&quot;,&quot;IN&quot;:&quot;India&quot;,&quot;ID&quot;:&quot;Indonesia&quot;,&quot;IR&quot;:&quot;Iran&quot;,&quot;IQ&quot;:&quot;Iraq&quot;,&quot;IE&quot;:&quot;Ireland&quot;,&quot;IL&quot;:&quot;Israel&quot;,&quot;IT&quot;:&quot;Italy&quot;,&quot;JM&quot;:&quot;Jamaica&quot;,&quot;JP&quot;:&quot;Japan&quot;,&quot;JO&quot;:&quot;Jordan&quot;,&quot;KZ&quot;:&quot;Kazakhstan&quot;,&quot;KE&quot;:&quot;Kenya&quot;,&quot;KI&quot;:&quot;Kiribati&quot;,&quot;KP&quot;:&quot;North Korea&quot;,&quot;KR&quot;:&quot;South Korea&quot;,&quot;KW&quot;:&quot;Kuwait&quot;,&quot;KG&quot;:&quot;Kyrgyzstan&quot;,&quot;LA&quot;:&quot;Lao People&#039;s Democratic Republic&quot;,&quot;LV&quot;:&quot;Latvia&quot;,&quot;LB&quot;:&quot;Lebanon&quot;,&quot;LS&quot;:&quot;Lesotho&quot;,&quot;LR&quot;:&quot;Liberia&quot;,&quot;LY&quot;:&quot;Libyan Arab Jamahiriya&quot;,&quot;LI&quot;:&quot;Liechtenstein&quot;,&quot;LT&quot;:&quot;Lithuania&quot;,&quot;LU&quot;:&quot;Luxembourg&quot;,&quot;MO&quot;:&quot;Macao&quot;,&quot;MK&quot;:&quot;Macedonia&quot;,&quot;MG&quot;:&quot;Madagascar&quot;,&quot;MW&quot;:&quot;Malawi&quot;,&quot;MY&quot;:&quot;Malaysia&quot;,&quot;MV&quot;:&quot;Maldives&quot;,&quot;ML&quot;:&quot;Mali&quot;,&quot;MT&quot;:&quot;Malta&quot;,&quot;MH&quot;:&quot;Marshall Islands&quot;,&quot;MQ&quot;:&quot;Martinique&quot;,&quot;MR&quot;:&quot;Mauritania&quot;,&quot;MU&quot;:&quot;Mauritius&quot;,&quot;YT&quot;:&quot;Mayotte&quot;,&quot;MX&quot;:&quot;Mexico&quot;,&quot;FM&quot;:&quot;Micronesia&quot;,&quot;MD&quot;:&quot;Moldova&quot;,&quot;MC&quot;:&quot;Monaco&quot;,&quot;MN&quot;:&quot;Mongolia&quot;,&quot;ME&quot;:&quot;Montenegro&quot;,&quot;MS&quot;:&quot;Montserrat&quot;,&quot;MA&quot;:&quot;Morocco&quot;,&quot;MZ&quot;:&quot;Mozambique&quot;,&quot;MM&quot;:&quot;Myanmar&quot;,&quot;NA&quot;:&quot;Namibia&quot;,&quot;NR&quot;:&quot;Nauru&quot;,&quot;NP&quot;:&quot;Nepal&quot;,&quot;NL&quot;:&quot;Netherlands&quot;,&quot;AN&quot;:&quot;Netherlands Antilles&quot;,&quot;NC&quot;:&quot;New Caledonia&quot;,&quot;NZ&quot;:&quot;New Zealand&quot;,&quot;NI&quot;:&quot;Nicaragua&quot;,&quot;NE&quot;:&quot;Niger&quot;,&quot;NG&quot;:&quot;Nigeria&quot;,&quot;NU&quot;:&quot;Niue&quot;,&quot;NF&quot;:&quot;Norfolk Island&quot;,&quot;MP&quot;:&quot;Northern Mariana Islands&quot;,&quot;NO&quot;:&quot;Norway&quot;,&quot;OM&quot;:&quot;Oman&quot;,&quot;PK&quot;:&quot;Pakistan&quot;,&quot;PW&quot;:&quot;Palau&quot;,&quot;PS&quot;:&quot;Palestinian Territory&quot;,&quot;PA&quot;:&quot;Panama&quot;,&quot;PG&quot;:&quot;Papua New Guinea&quot;,&quot;PY&quot;:&quot;Paraguay&quot;,&quot;PE&quot;:&quot;Peru&quot;,&quot;PH&quot;:&quot;Philippines&quot;,&quot;PN&quot;:&quot;Pitcairn&quot;,&quot;PL&quot;:&quot;Poland&quot;,&quot;PT&quot;:&quot;Portugal&quot;,&quot;PR&quot;:&quot;Puerto Rico&quot;,&quot;QA&quot;:&quot;Qatar&quot;,&quot;RE&quot;:&quot;R\\u00e9union&quot;,&quot;RO&quot;:&quot;Romania&quot;,&quot;RU&quot;:&quot;Russian Federation&quot;,&quot;RW&quot;:&quot;Rwanda&quot;,&quot;WS&quot;:&quot;Samoa&quot;,&quot;SM&quot;:&quot;San Marino&quot;,&quot;ST&quot;:&quot;Sao Tome and Principe&quot;,&quot;SA&quot;:&quot;Saudi Arabia&quot;,&quot;SN&quot;:&quot;Senegal&quot;,&quot;RS&quot;:&quot;Serbia&quot;,&quot;SC&quot;:&quot;Seychelles&quot;,&quot;SL&quot;:&quot;Sierra Leone&quot;,&quot;SG&quot;:&quot;Singapore&quot;,&quot;SK&quot;:&quot;Slovakia&quot;,&quot;SI&quot;:&quot;Slovenia&quot;,&quot;SB&quot;:&quot;Solomon Islands&quot;,&quot;SO&quot;:&quot;Somalia&quot;,&quot;ZA&quot;:&quot;South Africa&quot;,&quot;GS&quot;:&quot;South Georgia and the South Sandwich Islands&quot;,&quot;ES&quot;:&quot;Spain&quot;,&quot;LK&quot;:&quot;Sri Lanka&quot;,&quot;SD&quot;:&quot;Sudan&quot;,&quot;SR&quot;:&quot;Suriname&quot;,&quot;SJ&quot;:&quot;Svalbard and Jan Mayen&quot;,&quot;SZ&quot;:&quot;Swaziland&quot;,&quot;SE&quot;:&quot;Sweden&quot;,&quot;CH&quot;:&quot;Switzerland&quot;,&quot;SY&quot;:&quot;Syrian Arab Republic&quot;,&quot;TW&quot;:&quot;Taiwan&quot;,&quot;TJ&quot;:&quot;Tajikistan&quot;,&quot;TZ&quot;:&quot;Tanzania&quot;,&quot;TH&quot;:&quot;Thailand&quot;,&quot;TL&quot;:&quot;Timor-Leste&quot;,&quot;TG&quot;:&quot;Togo&quot;,&quot;TK&quot;:&quot;Tokelau&quot;,&quot;TO&quot;:&quot;Tonga&quot;,&quot;TT&quot;:&quot;Trinidad and Tobago&quot;,&quot;TN&quot;:&quot;Tunisia&quot;,&quot;TR&quot;:&quot;Turkey&quot;,&quot;TM&quot;:&quot;Turkmenistan&quot;,&quot;TC&quot;:&quot;Turks and Caicos Islands&quot;,&quot;TV&quot;:&quot;Tuvalu&quot;,&quot;UG&quot;:&quot;Uganda&quot;,&quot;UA&quot;:&quot;Ukraine&quot;,&quot;AE&quot;:&quot;United Arab Emirates&quot;,&quot;GB&quot;:&quot;United Kingdom&quot;,&quot;US&quot;:&quot;United States&quot;,&quot;UM&quot;:&quot;United States Minor Outlying Islands&quot;,&quot;UY&quot;:&quot;Uruguay&quot;,&quot;UZ&quot;:&quot;Uzbekistan&quot;,&quot;VU&quot;:&quot;Vanuatu&quot;,&quot;VE&quot;:&quot;Venezuela&quot;,&quot;VN&quot;:&quot;Viet Nam&quot;,&quot;VG&quot;:&quot;Virgin Islands, British&quot;,&quot;VI&quot;:&quot;Virgin Islands, U.S.&quot;,&quot;WF&quot;:&quot;Wallis and Futuna&quot;,&quot;EH&quot;:&quot;Western Sahara&quot;,&quot;YE&quot;:&quot;Yemen&quot;,&quot;ZM&quot;:&quot;Zambia&quot;,&quot;ZW&quot;:&quot;Zimbabwe&quot;}\" :plans=\"{&quot;registration&quot;:[{&quot;pricePerYear&quot;:&quot;79\\u20ac \\\/ 1 \\u00e5r&quot;,&quot;price&quot;:&quot;79\\u20ac&quot;,&quot;priceText&quot;:&quot; \\\/ 1 \\u00e5r&quot;,&quot;duration&quot;:&quot;1 \\u00e5r&quot;,&quot;name&quot;:&quot;Official LEI Registration&quot;,&quot;isPopular&quot;:false,&quot;benefits&quot;:[]}],&quot;renewal&quot;:[{&quot;pricePerYear&quot;:&quot;79\\u20ac \\\/ 1 \\u00e5r&quot;,&quot;price&quot;:&quot;79\\u20ac&quot;,&quot;priceText&quot;:&quot; \\\/ 1 \\u00e5r&quot;,&quot;duration&quot;:&quot;1 \\u00e5r&quot;,&quot;name&quot;:&quot;LEI \\u00f6verf\\u00f6ring\\\/f\\u00f6rnyelse&quot;,&quot;isPopular&quot;:&quot;&quot;,&quot;benefits&quot;:&quot;&quot;}],&quot;transfer&quot;:[{&quot;pricePerYear&quot;:&quot;79\\u20ac \\\/ 1 \\u00e5r&quot;,&quot;price&quot;:&quot;79\\u20ac&quot;,&quot;priceText&quot;:&quot; \\\/ 1 \\u00e5r&quot;,&quot;duration&quot;:&quot;1 \\u00e5r&quot;,&quot;name&quot;:&quot;LEI \\u00f6verf\\u00f6ring\\\/f\\u00f6rnyelse&quot;,&quot;isPopular&quot;:&quot;&quot;,&quot;benefits&quot;:&quot;&quot;}]}\" lang=\"sv\" plan-bg=\"https:\/\/lei.net\/wp-content\/themes\/leinumber\/assets\/images\/plan-bg.webp\" confirm-bg=\"https:\/\/lei.net\/wp-content\/themes\/leinumber\/assets\/images\/confirm-bg.webp\"><\/select-plan-component>\n\r\n\r\n\r\n<div class=\"wp-block-spacer\" style=\"height: 50px;\" aria-hidden=\"true\">\u00a0<\/div>\r\n\r\n\r\n\r\n<h2 class=\"wp-block-heading has-text-align-center font-axiforma\" style=\"font-size: 45px; font-style: normal; font-weight: 600;\">Vanliga fr\u00e5gor<\/h2>\r\n\r\n\r\n\r\n<p class=\"has-text-align-center\">Kunder st\u00e4ller ofta f\u00f6ljande fr\u00e5gor till oss<\/p>\r\n\r\n\r\n\r\n<div class=\"wp-block-spacer\" style=\"height: 50px;\" aria-hidden=\"true\">\u00a0<\/div>\r\n\r\n\r\n<faq-component data='[{&quot;_id&quot;:&quot;cf-zLCyF1AGp2zcbxMYhe_6Z&quot;,&quot;_type&quot;:&quot;_&quot;,&quot;question&quot;:&quot;Vad \\u00e4r en LEI-\\u00f6verf\\u00f6ring?&quot;,&quot;answer&quot;:&quot;F\\u00f6r att f\\u00e5 ditt LEI-nummer hanterat av en annan leverant\\u00f6r har du m\\u00f6jlighet att beg\\u00e4ra en \\u00f6verf\\u00f6ring, d\\u00e5 kallas det LEI-\\u00f6verf\\u00f6ring. Vi erbjuder denna tj\\u00e4nst med v\\u00e5rt \\u00f6verf\\u00f6ringsformul\\u00e4r, det \\u00e4r kostnadsfritt och kan slutf\\u00f6ras p\\u00e5 n\\u00e5gra minuter.&quot;},{&quot;_id&quot;:&quot;cf-aVQh0q7I_E6NAfnISmeo8&quot;,&quot;_type&quot;:&quot;_&quot;,&quot;question&quot;:&quot;Hur fungerar LEI-\\u00f6verf\\u00f6ringen?&quot;,&quot;answer&quot;:&quot;Som kund beh\\u00f6ver du bara fylla i och skicka in \\u00f6verf\\u00f6ringsformul\\u00e4ret p\\u00e5 v\\u00e5r webbplats. Vi kommer sedan att kontakta din nuvarande leverant\\u00f6r och ta hand om \\u00f6verf\\u00f6ringen internt inom GLEIF-familjen. Du f\\u00e5r ett meddelande fr\\u00e5n oss s\\u00e5 snart \\u00f6verf\\u00f6ringen \\u00e4r slutf\\u00f6rd.&quot;},{&quot;_id&quot;:&quot;cf-wbp5hFdmEZ_R5ZcE9GuSU&quot;,&quot;_type&quot;:&quot;_&quot;,&quot;question&quot;:&quot;Vad \\u00e4r ett LEI-nummer?&quot;,&quot;answer&quot;:&quot;LEI \\u00e4r en f\\u00f6rkortning f\\u00f6r Legal Entity Identifier. Det \\u00e4r ett identifieringsnummer som juridiska enheter m\\u00e5ste ange vid genomf\\u00f6rande av en finansiell transaktion. Detta nummer g\\u00f6r det enkelt att tillhandah\\u00e5lla partner med \\u00f6nskad data under en finansiell transaktion. En process som annars \\u00e4r mycket l\\u00e5ngdragen tar bara n\\u00e5gra minuter med hj\\u00e4lp av ett LEI.nnLEI-numret utf\\u00e4rdas av GLEIF (Global Legal Entity Identifier Foundation). Denna organisation har funnits sedan 2014, verkar p\\u00e5 en transnationell basis och har sitt huvudkontor i Basel.nnAlla data om innehavare av LEI-nummer lagras i en central databas. Detta kallas f\\u00f6r Global LEI System eller GLEIS i kortform.&quot;},{&quot;_id&quot;:&quot;cf-Wsr_XCfX8hyDLNc1GoFpR&quot;,&quot;_type&quot;:&quot;_&quot;,&quot;question&quot;:&quot;Hur kan jag ans\\u00f6ka om ett LEI-nummer?&quot;,&quot;answer&quot;:&quot;GLEIF \\u00e4r organisationen som utf\\u00e4rdar LEI-numret. Det kan ans\\u00f6kas om antingen hos s\\u00e5 kallade LOU:er eller via registreringsagenter. Fyll bara i den n\\u00f6dv\\u00e4ndiga informationen och skicka in ans\\u00f6kningsformul\\u00e4ret. Efter att vi har mottagit din betalning tar det maximalt 24 timmar innan ditt LEI-nummer \\u00e4r aktivt. Vi erbjuder flera betalningsalternativ f\\u00f6r att g\\u00f6ra processen s\\u00e5 smidig som m\\u00f6jligt. Om du beh\\u00f6ver LEI-numret mycket akut f\\u00f6r en finansiell transaktion, se till att v\\u00e4lja ett betalningsalternativ som g\\u00f6r din betalning omedelbar.nnLEI-numret \\u00e4r giltigt i ett \\u00e5r. D\\u00e4refter kan du f\\u00f6rnya LEI-numret. Det \\u00e4r ocks\\u00e5 m\\u00f6jligt att teckna ett avtal f\\u00f6r flera \\u00e5r, d\\u00e5 beh\\u00f6ver du inte oroa dig f\\u00f6r att f\\u00f6rnya ditt LEI-nummer.&quot;},{&quot;_id&quot;:&quot;cf-0kx1rTkOVA5hdM1SxDgcz&quot;,&quot;_type&quot;:&quot;_&quot;,&quot;question&quot;:&quot;Varf\\u00f6r finns LEI-numret \\u00f6ver huvud taget?&quot;,&quot;answer&quot;:&quot;Med ett LEI-nummer \\u00e4r kundregistreringen mycket enklare. Vid varje finansiell transaktion m\\u00e5ste en m\\u00e4ngd data anges. Med LEI-numret sparar alla inblandade mycket tid.nnEn finansiell transaktion inneb\\u00e4r alltid en viss risk. D\\u00e4rf\\u00f6r vill alla inblandade veta exakt vem de har att g\\u00f6ra med. LEI-numret tillhandah\\u00e5ller denna information snabbt och tillf\\u00f6rlitligt.&quot;}]'><\/faq-component>\n","protected":false},"excerpt":{"rendered":"<p>Vanliga fr\u00e5gor Kunder st\u00e4ller ofta f\u00f6ljande fr\u00e5gor till oss<\/p>\n","protected":false},"author":1,"featured_media":0,"parent":0,"menu_order":0,"comment_status":"closed","ping_status":"closed","template":"","meta":{"_acf_changed":false,"footnotes":""},"class_list":["post-5336","page","type-page","status-publish","hentry"],"acf":[],"yoast_head":"<!-- This site is optimized with the Yoast SEO plugin v25.6 - https:\/\/yoast.com\/wordpress\/plugins\/seo\/ -->\n<title>\u00d6verf\u00f6ring - LEI.net<\/title>\n<meta name=\"description\" content=\"\u00a0    Vanliga fr\u00e5gor    Kunder st\u00e4ller ofta f\u00f6ljande fr\u00e5gor till oss    \u00a0\" \/>\n<meta name=\"robots\" content=\"index, follow, max-snippet:-1, max-image-preview:large, max-video-preview:-1\" \/>\n<link rel=\"canonical\" href=\"https:\/\/lei.net\/sv\/wp-json\/wp\/v2\/pages\/5336\" \/>\n<meta property=\"og:locale\" content=\"sv_SE\" \/>\n<meta property=\"og:type\" content=\"article\" \/>\n<meta property=\"og:title\" content=\"\u00d6verf\u00f6ring - LEI.net\" \/>\n<meta property=\"og:description\" content=\"\u00a0    Vanliga fr\u00e5gor    Kunder st\u00e4ller ofta f\u00f6ljande fr\u00e5gor till oss    \u00a0\" \/>\n<meta property=\"og:url\" content=\"https:\/\/lei.net\/sv\/overforing\/\" \/>\n<meta property=\"og:site_name\" content=\"LEI.net\" \/>\n<meta property=\"article:modified_time\" content=\"2026-03-10T05:19:43+00:00\" \/>\n<meta name=\"twitter:card\" content=\"summary_large_image\" \/>\n<meta name=\"twitter:label1\" content=\"Ber\u00e4knad l\u00e4stid\" \/>\n\t<meta name=\"twitter:data1\" content=\"1 minut\" \/>\n<script type=\"application\/ld+json\" class=\"yoast-schema-graph\">{\"@context\":\"https:\/\/schema.org\",\"@graph\":[{\"@type\":\"WebPage\",\"@id\":\"https:\/\/lei.net\/sv\/overforing\/\",\"url\":\"https:\/\/lei.net\/sv\/overforing\/\",\"name\":\"\u00d6verf\u00f6ring - LEI.net\",\"isPartOf\":{\"@id\":\"https:\/\/lei.net\/#website\"},\"datePublished\":\"2021-06-30T12:44:40+00:00\",\"dateModified\":\"2026-03-10T05:19:43+00:00\",\"description\":\"\u00a0 Vanliga fr\u00e5gor Kunder st\u00e4ller ofta f\u00f6ljande fr\u00e5gor till oss \u00a0\",\"breadcrumb\":{\"@id\":\"https:\/\/lei.net\/sv\/overforing\/#breadcrumb\"},\"inLanguage\":\"sv-SE\",\"potentialAction\":[{\"@type\":\"ReadAction\",\"target\":[\"https:\/\/lei.net\/sv\/overforing\/\"]}]},{\"@type\":\"BreadcrumbList\",\"@id\":\"https:\/\/lei.net\/sv\/overforing\/#breadcrumb\",\"itemListElement\":[{\"@type\":\"ListItem\",\"position\":1,\"name\":\"Startseite\",\"item\":\"https:\/\/lei.net\/sv\/\"},{\"@type\":\"ListItem\",\"position\":2,\"name\":\"\u00d6verf\u00f6ring\"}]},{\"@type\":\"WebSite\",\"@id\":\"https:\/\/lei.net\/#website\",\"url\":\"https:\/\/lei.net\/\",\"name\":\"LEI.net\",\"description\":\"Official Legal Entity Identifier (LEI) Registrar\",\"publisher\":{\"@id\":\"https:\/\/lei.net\/#organization\"},\"potentialAction\":[{\"@type\":\"SearchAction\",\"target\":{\"@type\":\"EntryPoint\",\"urlTemplate\":\"https:\/\/lei.net\/?s={search_term_string}\"},\"query-input\":{\"@type\":\"PropertyValueSpecification\",\"valueRequired\":true,\"valueName\":\"search_term_string\"}}],\"inLanguage\":\"sv-SE\"},{\"@type\":\"Organization\",\"@id\":\"https:\/\/lei.net\/#organization\",\"name\":\"F.I.D.Firmeninformationsdienst GmbH\",\"url\":\"https:\/\/lei.net\/\",\"logo\":{\"@type\":\"ImageObject\",\"inLanguage\":\"sv-SE\",\"@id\":\"https:\/\/lei.net\/#\/schema\/logo\/image\/\",\"url\":\"https:\/\/lei.net\/wp-content\/uploads\/2021\/12\/color_vertical.jpg\",\"contentUrl\":\"https:\/\/lei.net\/wp-content\/uploads\/2021\/12\/color_vertical.jpg\",\"width\":283,\"height\":283,\"caption\":\"F.I.D.Firmeninformationsdienst GmbH\"},\"image\":{\"@id\":\"https:\/\/lei.net\/#\/schema\/logo\/image\/\"}}]}<\/script>\n<!-- \/ Yoast SEO plugin. -->","yoast_head_json":{"title":"\u00d6verf\u00f6ring - LEI.net","description":"\u00a0    Vanliga fr\u00e5gor    Kunder st\u00e4ller ofta f\u00f6ljande fr\u00e5gor till oss    \u00a0","robots":{"index":"index","follow":"follow","max-snippet":"max-snippet:-1","max-image-preview":"max-image-preview:large","max-video-preview":"max-video-preview:-1"},"canonical":"https:\/\/lei.net\/sv\/wp-json\/wp\/v2\/pages\/5336","og_locale":"sv_SE","og_type":"article","og_title":"\u00d6verf\u00f6ring - LEI.net","og_description":"\u00a0    Vanliga fr\u00e5gor    Kunder st\u00e4ller ofta f\u00f6ljande fr\u00e5gor till oss    \u00a0","og_url":"https:\/\/lei.net\/sv\/overforing\/","og_site_name":"LEI.net","article_modified_time":"2026-03-10T05:19:43+00:00","twitter_card":"summary_large_image","twitter_misc":{"Ber\u00e4knad l\u00e4stid":"1 minut"},"schema":{"@context":"https:\/\/schema.org","@graph":[{"@type":"WebPage","@id":"https:\/\/lei.net\/sv\/overforing\/","url":"https:\/\/lei.net\/sv\/overforing\/","name":"\u00d6verf\u00f6ring - LEI.net","isPartOf":{"@id":"https:\/\/lei.net\/#website"},"datePublished":"2021-06-30T12:44:40+00:00","dateModified":"2026-03-10T05:19:43+00:00","description":"\u00a0 Vanliga fr\u00e5gor Kunder st\u00e4ller ofta f\u00f6ljande fr\u00e5gor till oss \u00a0","breadcrumb":{"@id":"https:\/\/lei.net\/sv\/overforing\/#breadcrumb"},"inLanguage":"sv-SE","potentialAction":[{"@type":"ReadAction","target":["https:\/\/lei.net\/sv\/overforing\/"]}]},{"@type":"BreadcrumbList","@id":"https:\/\/lei.net\/sv\/overforing\/#breadcrumb","itemListElement":[{"@type":"ListItem","position":1,"name":"Startseite","item":"https:\/\/lei.net\/sv\/"},{"@type":"ListItem","position":2,"name":"\u00d6verf\u00f6ring"}]},{"@type":"WebSite","@id":"https:\/\/lei.net\/#website","url":"https:\/\/lei.net\/","name":"LEI.net","description":"Official Legal Entity Identifier (LEI) Registrar","publisher":{"@id":"https:\/\/lei.net\/#organization"},"potentialAction":[{"@type":"SearchAction","target":{"@type":"EntryPoint","urlTemplate":"https:\/\/lei.net\/?s={search_term_string}"},"query-input":{"@type":"PropertyValueSpecification","valueRequired":true,"valueName":"search_term_string"}}],"inLanguage":"sv-SE"},{"@type":"Organization","@id":"https:\/\/lei.net\/#organization","name":"F.I.D.Firmeninformationsdienst GmbH","url":"https:\/\/lei.net\/","logo":{"@type":"ImageObject","inLanguage":"sv-SE","@id":"https:\/\/lei.net\/#\/schema\/logo\/image\/","url":"https:\/\/lei.net\/wp-content\/uploads\/2021\/12\/color_vertical.jpg","contentUrl":"https:\/\/lei.net\/wp-content\/uploads\/2021\/12\/color_vertical.jpg","width":283,"height":283,"caption":"F.I.D.Firmeninformationsdienst GmbH"},"image":{"@id":"https:\/\/lei.net\/#\/schema\/logo\/image\/"}}]}},"_links":{"self":[{"href":"https:\/\/lei.net\/sv\/wp-json\/wp\/v2\/pages\/5336","targetHints":{"allow":["GET"]}}],"collection":[{"href":"https:\/\/lei.net\/sv\/wp-json\/wp\/v2\/pages"}],"about":[{"href":"https:\/\/lei.net\/sv\/wp-json\/wp\/v2\/types\/page"}],"author":[{"embeddable":true,"href":"https:\/\/lei.net\/sv\/wp-json\/wp\/v2\/users\/1"}],"replies":[{"embeddable":true,"href":"https:\/\/lei.net\/sv\/wp-json\/wp\/v2\/comments?post=5336"}],"version-history":[{"count":3,"href":"https:\/\/lei.net\/sv\/wp-json\/wp\/v2\/pages\/5336\/revisions"}],"predecessor-version":[{"id":20668,"href":"https:\/\/lei.net\/sv\/wp-json\/wp\/v2\/pages\/5336\/revisions\/20668"}],"wp:attachment":[{"href":"https:\/\/lei.net\/sv\/wp-json\/wp\/v2\/media?parent=5336"}],"curies":[{"name":"wp","href":"https:\/\/api.w.org\/{rel}","templated":true}]}}