

{"id":1387,"date":"2021-06-25T11:26:54","date_gmt":"2021-06-25T10:26:54","guid":{"rendered":"https:\/\/lei.net\/faq\/"},"modified":"2026-02-25T05:42:58","modified_gmt":"2026-02-25T04:42:58","slug":"sss","status":"publish","type":"page","link":"https:\/\/lei.net\/tr\/sss\/","title":{"rendered":"SSS"},"content":{"rendered":"  <div class=\"container px-4 xl:px-0\">\n    <div class=\"flex flex-wrap  mb-10 md:mb-16\">\n      <div class=\"w-full md:w-1\/2\">\n      <h1 class=\"font-axiforma text-[45px] md:text-[55px] text-center md:text-left\">SSS<\/h1>\n              <p class=\"text-base md:text-xl font-light text-center md:text-left\">M\u00fc\u015fteriler s\u0131k s\u0131k bize a\u015fa\u011f\u0131daki sorular\u0131 sorarlar<\/p>\n            <\/div>\n      <div class=\"w-full md:w-1\/2 flex justify-center mt-10 md:mt-0\">\n        <img loading=\"lazy\" decoding=\"async\" alt=\"\" src=\"https:\/\/lei.net\/wp-content\/uploads\/2024\/01\/faq.svg\" width=\"590\" height=\"300\">      <\/div>\n    <\/div>\n  <\/div>\n\r\n\r\n<faq-component data='[{&quot;_id&quot;:&quot;cf-50Nl3FH2ydNW1g8XHf2e3&quot;,&quot;_type&quot;:&quot;_&quot;,&quot;question&quot;:&quot;LEI nedir?&quot;,&quot;answer&quot;:&quot;LEI, T\\u00fczel Ki\\u015fi Kimlik Kodu anlam\\u0131na gelir. Sahibini tam olarak tan\\u0131mlamak i\\u00e7in kullan\\u0131labilecek yirmi basamakl\\u0131 bir say\\u0131d\\u0131r. T\\u00fczel ki\\u015filerin bu benzersiz atamas\\u0131, uluslararas\\u0131 finans piyasalar\\u0131nda daha fazla \\u015feffafl\\u0131k yarat\\u0131r.&quot;},{&quot;_id&quot;:&quot;cf-Jua8VigBnsboBhrGp6Cw0&quot;,&quot;_type&quot;:&quot;_&quot;,&quot;question&quot;:&quot;LOU nedir?&quot;,&quot;answer&quot;:&quot;LOU k\\u0131saltmas\\u0131, Yerel Operasyon Birimi anlam\\u0131na gelir ve bu, GLEIF ad\\u0131na LEI numaralar\\u0131 tahsis eden kurulu\\u015flara at\\u0131fta bulunur.&quot;},{&quot;_id&quot;:&quot;cf-HpNTEQMXbCfU3pBjqE0vF&quot;,&quot;_type&quot;:&quot;_&quot;,&quot;question&quot;:&quot;GLEIF ne anlama geliyor?&quot;,&quot;answer&quot;:&quot;Global Legal Entity Identifier Foundation, k\\u0131saca GLEIF, 2014 y\\u0131l\\u0131nda Finansal \\u0130stikrar Kurulu taraf\\u0131ndan kurulan Basel merkezli bir ulus\\u00f6tesi kurulu\\u015ftur. GLEIF&#039;in ana g\\u00f6revi, LOU&#039;lara LEI numaralar\\u0131n\\u0131 vermek ve bu da t\\u00fczel ki\\u015filere LEI numaralar\\u0131n\\u0131 vermektir. .&quot;},{&quot;_id&quot;:&quot;cf-cOxOdZUnSbRztg60Jdxev&quot;,&quot;_type&quot;:&quot;_&quot;,&quot;question&quot;:&quot;GLE\\u0130S ne anlama gelmektedir?&quot;,&quot;answer&quot;:&quot;K\\u0131sa ad\\u0131 GLEIS olan Global LEI Sistemi, bir LEI numaras\\u0131na sahip t\\u00fcm sahiplerin verilerinin listelendi\\u011fi d\\u00fcnya \\u00e7ap\\u0131nda bir veritaban\\u0131d\\u0131r. Veritaban\\u0131 \\u00fccretsiz olarak herkes taraf\\u0131ndan g\\u00f6r\\u00fcnt\\u00fclenebilir.&quot;},{&quot;_id&quot;:&quot;cf-dCv9mzmVzEVh8I3CIVp_l&quot;,&quot;_type&quot;:&quot;_&quot;,&quot;question&quot;:&quot;Hangi ama\\u00e7lar i\\u00e7in bir LEI koduna ihtiyac\\u0131n\\u0131z var?&quot;,&quot;answer&quot;:&quot;LEI kodu, finansal i\\u015flemlerdeki kat\\u0131l\\u0131mc\\u0131lar\\u0131n belirlenmesini m\\u00fcmk\\u00fcn k\\u0131lar. Bu, yasal raporlama gerekliliklerine uymay\\u0131 kolayla\\u015ft\\u0131r\\u0131r ve finansal i\\u015flemlerin k\\u00f6t\\u00fcye kullan\\u0131lmas\\u0131 riskini \\u00f6nler.&quot;},{&quot;_id&quot;:&quot;cf-0j4zHyT0RzBALIkPzJ0jD&quot;,&quot;_type&quot;:&quot;_&quot;,&quot;question&quot;:&quot;Bir LEI kodunun onaylanmas\\u0131 ne kadar s\\u00fcrer?&quot;,&quot;answer&quot;:&quot;Kural olarak, \\u00f6demenin al\\u0131nmas\\u0131ndan sonraki 24 saat i\\u00e7inde bir LEI numaras\\u0131 verilir. Yetersiz bilgi verilmesi nedeniyle gecikmeler ya\\u015fanabilir.&quot;},{&quot;_id&quot;:&quot;cf-kUscQF9lV1zAYQI0jb9l7&quot;,&quot;_type&quot;:&quot;_&quot;,&quot;question&quot;:&quot;Kimin LEI numaras\\u0131na ihtiyac\\u0131 var?&quot;,&quot;answer&quot;:&quot;Finansal i\\u015flemlerde t\\u00fcm kat\\u0131l\\u0131mc\\u0131lar i\\u00e7in bir LEI numaras\\u0131 gereklidir. Bu, di\\u011ferleri aras\\u0131nda ge\\u00e7erlidir:\\n- \\u015eirketler, ba\\u011fl\\u0131 ortakl\\u0131klar\\u0131 ve \\u015fubeleri\\n- Vak\\u0131flar ve fonlar\\n- Kar amac\\u0131 g\\u00fctmeyen kurulu\\u015flar\\n- Kamu kurum ve kurulu\\u015flar\\u0131\\n- \\u015eah\\u0131s sahipleri&quot;},{&quot;_id&quot;:&quot;cf-5NMndnDQDPuDqdN8V0SOj&quot;,&quot;_type&quot;:&quot;_&quot;,&quot;question&quot;:&quot;Bir LEI&#039;yi ne kadar s\\u00fcre kullanabilirsiniz?&quot;,&quot;answer&quot;:&quot;LEI numaras\\u0131 verildikten sonra, ba\\u015flang\\u0131\\u00e7ta bir y\\u0131l ge\\u00e7erlidir. Bu y\\u0131ldan sonra LEI kodunun yenilenmesi gerekir.&quot;},{&quot;_id&quot;:&quot;cf-fHAuvu_su4ASpDPYtbz8B&quot;,&quot;_type&quot;:&quot;_&quot;,&quot;question&quot;:&quot;LEI&#039;nin s\\u00fcresi doldu\\u011funda ne olur?&quot;,&quot;answer&quot;:&quot;Bir LEI numaras\\u0131 art\\u0131k ge\\u00e7erli de\\u011filse, ili\\u015fkili \\u015firket bu numarayla herhangi bir finansal i\\u015flem ger\\u00e7ekle\\u015ftiremez. LEI numaran\\u0131z\\u0131n hala ge\\u00e7erli olup olmad\\u0131\\u011f\\u0131ndan emin de\\u011filseniz, bir sorgu \\u00e7al\\u0131\\u015ft\\u0131rabilirsiniz. Numara art\\u0131k ge\\u00e7erli de\\u011filse, yenilemeniz gerekir.&quot;},{&quot;_id&quot;:&quot;cf-Y5ek7wWCWUQCItL5Vsmn7&quot;,&quot;_type&quot;:&quot;_&quot;,&quot;question&quot;:&quot;Yeni bir LEI ba\\u015fvurusu yapmak m\\u00fcmk\\u00fcn m\\u00fcd\\u00fcr?&quot;,&quot;answer&quot;:&quot;LEI kodu verildikten veya yenilendikten sonra de\\u011fi\\u015ftirilemez. Bir y\\u0131l sonra LEI numaras\\u0131n\\u0131 yenilemeniz gerekir. LEI numaras\\u0131 i\\u00e7in sitemiz arac\\u0131l\\u0131\\u011f\\u0131yla birka\\u00e7 y\\u0131l boyunca ba\\u015fvurabilirsiniz. Yenilemeyi zaman\\u0131nda halledece\\u011fiz.&quot;},{&quot;_id&quot;:&quot;cf-Jtp0v71nGc2VS3YH5rlXf&quot;,&quot;_type&quot;:&quot;_&quot;,&quot;question&quot;:&quot;Nereden LEI alabilirim?&quot;,&quot;answer&quot;:&quot;Bir LEI numaras\\u0131, bir LOU veya Kay\\u0131t Temsilcisine \\u00e7evrimi\\u00e7i olarak ba\\u015fvurulabilir. Bunu yapmak i\\u00e7in \\u00e7evrimi\\u00e7i formu doldurman\\u0131z ve \\u00f6deme y\\u00f6ntemini se\\u00e7meniz gerekir. LEI kodunu, belirtilen e-postaya bir saat i\\u00e7inde alacaks\\u0131n\\u0131z.&quot;},{&quot;_id&quot;:&quot;cf-FZKP3gkZf2DT2QABxFWZX&quot;,&quot;_type&quot;:&quot;_&quot;,&quot;question&quot;:&quot;LEI kodundaki say\\u0131lar ve harfler ne anlama geliyor?&quot;,&quot;answer&quot;:&quot;Lei kodu toplam 20 basamaktan olu\\u015fur. Her zaman d\\u00f6rt basamakla ba\\u015flar, bu da sorumlu LOU&#039;nun tan\\u0131mlanmas\\u0131n\\u0131 sa\\u011flar. Bunu, LOU kodunu di\\u011ferlerinden ay\\u0131ran iki s\\u0131f\\u0131r takip eder. Ard\\u0131ndan on iki say\\u0131 ve rakamdan olu\\u015fan bir dizi gelir. Bu, hak sahibinin ger\\u00e7ek kimli\\u011fidir. Son olarak, bir kontrol basama\\u011f\\u0131 var. Bu, yanl\\u0131\\u015f bir giri\\u015f sonucunda LEI numaras\\u0131n\\u0131n ba\\u015fka bir hak sahibine atanmas\\u0131n\\u0131 \\u00f6nlemeyi ama\\u00e7lar.&quot;},{&quot;_id&quot;:&quot;cf-oWsrAtr61UKdX7JhFxx9k&quot;,&quot;_type&quot;:&quot;_&quot;,&quot;question&quot;:&quot;Verilerim herkese a\\u00e7\\u0131k m\\u0131?&quot;,&quot;answer&quot;:&quot;Bir LEI ile ili\\u015fkili bilgiler herkes taraf\\u0131ndan g\\u00f6r\\u00fcnt\\u00fclenebilir. GLLEIF&#039;in veri taban\\u0131 olan GLEIS&#039;te depolan\\u0131rlar.&quot;},{&quot;_id&quot;:&quot;cf-fuhsQTJXzg3LWGHo9c2tM&quot;,&quot;_type&quot;:&quot;_&quot;,&quot;question&quot;:&quot;Hangi veriler herkese a\\u00e7\\u0131k?&quot;,&quot;answer&quot;:&quot;T\\u00fczel ki\\u015finin ad\\u0131n\\u0131n yan\\u0131 s\\u0131ra, ili\\u015fkili \\u015firketin yasal ikametgah\\u0131 ve merkez ofisinin yan\\u0131 s\\u0131ra LEI numaras\\u0131 verileri de yay\\u0131nlan\\u0131r.&quot;},{&quot;_id&quot;:&quot;cf-dFvCy0aWesWWZJ3fSYqIp&quot;,&quot;_type&quot;:&quot;_&quot;,&quot;question&quot;:&quot;LEI numaras\\u0131 kullanman\\u0131n avantajlar\\u0131 nelerdir?&quot;,&quot;answer&quot;:&quot;LEI numaralar\\u0131, artan \\u015feffafl\\u0131k vekil taraflar\\u0131n (potansiyel) i\\u015f ortaklar\\u0131 hakk\\u0131nda kendilerini bilgilendirmelerine olanak tan\\u0131d\\u0131\\u011f\\u0131ndan, uluslararas\\u0131 finans piyasas\\u0131ndaki finansal i\\u015flem riskini azalt\\u0131r.\\nAyr\\u0131ca, \\u00e7ok say\\u0131da veri yerine yaln\\u0131zca LEI numaras\\u0131n\\u0131n girilmesi gerekti\\u011finden, LEI m\\u00fc\\u015fteri kayd\\u0131n\\u0131 kolayla\\u015ft\\u0131rabilir. Bu \\u015fekilde banka, finansal i\\u015flemlerini ger\\u00e7ekle\\u015ftirmek i\\u00e7in ihtiya\\u00e7 duydu\\u011fu t\\u00fcm bilgilere sahip olur.&quot;},{&quot;_id&quot;:&quot;cf-XJfHxejjc3WjsGG3ExhJu&quot;,&quot;_type&quot;:&quot;_&quot;,&quot;question&quot;:&quot;LEI nas\\u0131l yenilenir?&quot;,&quot;answer&quot;:&quot;K\\u0131sa LEI yenileme formunu doldurarak sitemizde LEI numaras\\u0131n\\u0131 kolayca yenileyebilirsiniz. Birka\\u00e7 y\\u0131ll\\u0131k bir s\\u00f6zle\\u015fme imzalamak m\\u00fcmk\\u00fcnd\\u00fcr, b\\u00f6ylece LEI&#039;nizin s\\u00fcresi doldu\\u011funda, yenilenmesini otomatik olarak biz hallederiz.&quot;},{&quot;_id&quot;:&quot;cf-2ctTNtrnCJaqfo55XKTxI&quot;,&quot;_type&quot;:&quot;_&quot;,&quot;question&quot;:&quot;Bir LEI&#039;yi bir hizmet sa\\u011flay\\u0131c\\u0131dan di\\u011ferine aktarmak m\\u00fcmk\\u00fcn m\\u00fcd\\u00fcr?&quot;,&quot;answer&quot;:&quot;LEI numaran\\u0131z zaten ba\\u015fka bir hizmet sa\\u011flay\\u0131c\\u0131da kay\\u0131tl\\u0131ysa, herhangi bir sorun ya\\u015famadan bize transfer edebilirsiniz. Bunu yapmak i\\u00e7in sitemizdeki LEI transferi formunu kullanman\\u0131z yeterlidir.&quot;},{&quot;_id&quot;:&quot;cf-IxxpX4iPFL73Ae6DC0b8N&quot;,&quot;_type&quot;:&quot;_&quot;,&quot;question&quot;:&quot;Yeni bir LEI numaras\\u0131 kaydetmek i\\u00e7in hangi belgeler gereklidir?&quot;,&quot;answer&quot;:&quot;T\\u00fczel ki\\u015fi bir sicile, \\u00f6rne\\u011fin Ticaret Siciline kay\\u0131tl\\u0131ysa, ba\\u015fka bir belgeye gerek yoktur.\\nBaz\\u0131 \\u015firketler do\\u011frudan bir ana \\u015firketle ili\\u015fkilidir. Bu durumda, bu ba\\u011flant\\u0131y\\u0131 kan\\u0131tlayan belgeler gereklidir. Bunlar y\\u0131ll\\u0131k mali tablolar veya konsolide mali tablolar olabilir. Ticaret siciline kay\\u0131tl\\u0131 \\u015firketler i\\u00e7in bu belgelere gerek yoktur.\\nHerhangi bir sicile kaydedilmeyen \\u015firketler, \\u015firketin varl\\u0131\\u011f\\u0131n\\u0131 ba\\u015fka bir \\u015fekilde kan\\u0131tlamak zorundad\\u0131r. Bu, di\\u011fer \\u015feylerin yan\\u0131 s\\u0131ra, esas s\\u00f6zle\\u015fme, i\\u015f kayd\\u0131 veya hissedarlar s\\u00f6zle\\u015fmesi yoluyla yap\\u0131labilir. Bu ayn\\u0131 zamanda \\u015fah\\u0131s \\u015firketleri i\\u00e7in de ge\\u00e7erlidir.\\nFonlar, \\u00f6rne\\u011fin BaFin&#039;den bir da\\u011f\\u0131t\\u0131m izni ile ticari faaliyetlerini kan\\u0131tlar.&quot;},{&quot;_id&quot;:&quot;cf-_73sczeo2QhzSenMnRrmS&quot;,&quot;_type&quot;:&quot;_&quot;,&quot;question&quot;:&quot;Bir yat\\u0131r\\u0131m varl\\u0131\\u011f\\u0131 i\\u00e7in LEI ba\\u015fvurusunda bulunmak istiyorum. Ne yapmam gerek?&quot;,&quot;answer&quot;:&quot;Ba\\u015fvuru yaparken LEI numaras\\u0131n\\u0131 y\\u00f6neten \\u015firketi belirtti\\u011finizden emin olun. Varl\\u0131klar sicil mahkemesinde tescil edilmi\\u015fse bu gerekli de\\u011fildir. Yat\\u0131r\\u0131m varl\\u0131klar\\u0131 sicil mahkemesinde tescil edilmi\\u015fse, kurum i\\u00e7in bir LEI ba\\u015fvurusu yap\\u0131lmal\\u0131d\\u0131r.&quot;},{&quot;_id&quot;:&quot;cf-gOrNGkbM1_ixXSZKOJUhb&quot;,&quot;_type&quot;:&quot;_&quot;,&quot;question&quot;:&quot;Birden fazla \\u015firket i\\u00e7in tek bir LEI uygulanabilir mi?&quot;,&quot;answer&quot;:&quot;Birka\\u00e7 \\u015firket i\\u00e7in LEI numaralar\\u0131na ba\\u015fvurmak i\\u00e7in bize \\u015firketlerin verilerini (tercihen bir Excel elektronik tablosu olarak) g\\u00f6nderin. LEI numaras\\u0131 ba\\u015fvurusunu biz hallederiz. Bu ama\\u00e7la deste\\u011fimizle ileti\\u015fime ge\\u00e7mek en iyisidir.&quot;},{&quot;_id&quot;:&quot;cf-j2QrVswUa4l4a4v3d_de7&quot;,&quot;_type&quot;:&quot;_&quot;,&quot;question&quot;:&quot;Yurtd\\u0131\\u015f\\u0131nda \\u015firket merkezim var. Yine de burada bir LEI i\\u00e7in ba\\u015fvurabilir miyim?&quot;,&quot;answer&quot;:&quot;Bir LEI, milliyetten ba\\u011f\\u0131ms\\u0131zd\\u0131r. B\\u00f6ylece hizmetimiz arac\\u0131l\\u0131\\u011f\\u0131yla istedi\\u011finiz zaman bir LEI ba\\u015fvurusunda bulunabilirsiniz.&quot;},{&quot;_id&quot;:&quot;cf-Ne2Shw_Izaw68QST5KkBy&quot;,&quot;_type&quot;:&quot;_&quot;,&quot;question&quot;:&quot;Bu siteye kaydolursam bana herhangi bir maliyeti olacak m\\u0131?&quot;,&quot;answer&quot;:&quot;Bu siteye kay\\u0131t olmak \\u00fccretsizdir ve sizin i\\u00e7in herhangi bir y\\u00fck\\u00fcml\\u00fcl\\u00fck alt\\u0131na girmez.&quot;},{&quot;_id&quot;:&quot;cf-aTcfCGBv0LnUSgQ2MtJhF&quot;,&quot;_type&quot;:&quot;_&quot;,&quot;question&quot;:&quot;LEI numaralar\\u0131yla ilgili bilgileri alman\\u0131n ve indirmenin maliyeti nedir?&quot;,&quot;answer&quot;:&quot;Bu hizmet sitemizde \\u00fccretsizdir.&quot;},{&quot;_id&quot;:&quot;cf-rGRAZE48Rm1y0JFArMQ15&quot;,&quot;_type&quot;:&quot;_&quot;,&quot;question&quot;:&quot;Aramada LEI&#039;mi bulamazsam ne yapabilirim?&quot;,&quot;answer&quot;:&quot;Firma ad\\u0131n\\u0131 girerken do\\u011fru yaz\\u0131m\\u0131na dikkat ediniz. Ticaret siciline \\u015firket ad\\u0131 tam olarak yaz\\u0131ld\\u0131\\u011f\\u0131 halde genellikle k\\u0131saltmalar kullan\\u0131l\\u0131r.\\nLEI numaras\\u0131 i\\u00e7in ancak yak\\u0131n zamanda ba\\u015fvurduysan\\u0131z, hen\\u00fcz atanmam\\u0131\\u015f olabilir. Bu 24 saate kadar s\\u00fcrebilir. Birka\\u00e7 saat daha bekleyip tekrar deneyin. Hala \\u015firketi bulam\\u0131yorsan\\u0131z, deste\\u011fimizle ileti\\u015fime ge\\u00e7in.&quot;},{&quot;_id&quot;:&quot;cf-cvS7F1MkaniTXat5ZO0BC&quot;,&quot;_type&quot;:&quot;_&quot;,&quot;question&quot;:&quot;ISO 17442 ne anlama geliyor?&quot;,&quot;answer&quot;:&quot;Bu standartta, Uluslararas\\u0131 Standardizasyon \\u00d6rg\\u00fct\\u00fc, t\\u00fczel ki\\u015filerin a\\u00e7\\u0131k\\u00e7a tan\\u0131mlanabilece\\u011fi verileri tan\\u0131mlam\\u0131\\u015ft\\u0131r. ISO 17442, d\\u00fcnya \\u00e7ap\\u0131nda ge\\u00e7erli bir standart oldu\\u011fu i\\u00e7in \\u00fclke kodu i\\u00e7ermemektedir. B\\u00f6ylece her t\\u00fczel ki\\u015filik benzersiz bir \\u015fekilde tan\\u0131mlanabilir ve veriler ilgilenen herkese \\u00fccretsiz olarak sunulur.\\nISO 17442 standard\\u0131 a\\u015fa\\u011f\\u0131daki bilgileri i\\u00e7erir:\\n- Ticaret sicilinde veya di\\u011fer dizinlerde g\\u00f6r\\u00fcnd\\u00fc\\u011f\\u00fc \\u015fekliyle sahibinin ad\\u0131.\\n- adres\\n- \\u015eirketin kuruldu\\u011fu \\u00fclke\\n- LEI tahsisi tarihi\\n- \\u00dclke adlar\\u0131n\\u0131n temsili i\\u00e7in kod.&quot;},{&quot;_id&quot;:&quot;cf-7wY7XZz_mEtLX0P_SkFfF&quot;,&quot;_type&quot;:&quot;_&quot;,&quot;question&quot;:&quot;D\\u00fczey 2 verileri nedir?&quot;,&quot;answer&quot;:&quot;D\\u00fczey 1 verileri, hak sahibi hakk\\u0131nda bilgi sa\\u011flar.\\nBu bir yan kurulu\\u015fsa, ana \\u015firkete ba\\u011f\\u0131ml\\u0131l\\u0131klar e\\u015flenmelidir. Bu bilgi D\\u00fczey 2 verilerinde bulunur. D\\u00fczey 2 verilerinin yaln\\u0131zca ana \\u015firketin ba\\u011fl\\u0131 ortakl\\u0131\\u011f\\u0131n mali tablolar\\u0131n\\u0131 konsolide etmesi durumunda sa\\u011flanmas\\u0131 gerekir. Veri giri\\u015fi s\\u0131ras\\u0131nda ana \\u015firketin son konsolide mali tablolar\\u0131n\\u0131n sunulmas\\u0131 zorunludur.&quot;}]'><\/faq-component>\n\r\n\r\n\r\n<div class=\"wp-block-spacer\" style=\"height: 100px;\" aria-hidden=\"true\">\u00a0<\/div>\r\n","protected":false},"excerpt":{"rendered":"","protected":false},"author":1,"featured_media":0,"parent":0,"menu_order":0,"comment_status":"closed","ping_status":"closed","template":"","meta":{"_acf_changed":false,"footnotes":""},"class_list":["post-1387","page","type-page","status-publish","hentry"],"acf":[],"yoast_head":"<!-- This site is optimized with the Yoast SEO plugin v25.6 - https:\/\/yoast.com\/wordpress\/plugins\/seo\/ -->\n<title>SSS - LEI.net<\/title>\n<meta name=\"description\" content=\"\u00a0\" \/>\n<meta name=\"robots\" content=\"index, follow, max-snippet:-1, max-image-preview:large, max-video-preview:-1\" \/>\n<link rel=\"canonical\" href=\"https:\/\/lei.net\/tr\/wp-json\/wp\/v2\/pages\/1387\" \/>\n<meta property=\"og:locale\" content=\"tr_TR\" \/>\n<meta property=\"og:type\" content=\"article\" \/>\n<meta property=\"og:title\" content=\"SSS - LEI.net\" \/>\n<meta property=\"og:description\" content=\"\u00a0\" \/>\n<meta property=\"og:url\" content=\"https:\/\/lei.net\/tr\/sss\/\" \/>\n<meta property=\"og:site_name\" content=\"LEI.net\" \/>\n<meta property=\"article:modified_time\" content=\"2026-02-25T04:42:58+00:00\" \/>\n<meta name=\"twitter:card\" content=\"summary_large_image\" \/>\n<script type=\"application\/ld+json\" class=\"yoast-schema-graph\">{\"@context\":\"https:\/\/schema.org\",\"@graph\":[{\"@type\":\"WebPage\",\"@id\":\"https:\/\/lei.net\/tr\/sss\/\",\"url\":\"https:\/\/lei.net\/tr\/sss\/\",\"name\":\"SSS - LEI.net\",\"isPartOf\":{\"@id\":\"https:\/\/lei.net\/#website\"},\"datePublished\":\"2021-06-25T10:26:54+00:00\",\"dateModified\":\"2026-02-25T04:42:58+00:00\",\"description\":\"\u00a0\",\"breadcrumb\":{\"@id\":\"https:\/\/lei.net\/tr\/sss\/#breadcrumb\"},\"inLanguage\":\"tr\",\"potentialAction\":[{\"@type\":\"ReadAction\",\"target\":[\"https:\/\/lei.net\/tr\/sss\/\"]}]},{\"@type\":\"BreadcrumbList\",\"@id\":\"https:\/\/lei.net\/tr\/sss\/#breadcrumb\",\"itemListElement\":[{\"@type\":\"ListItem\",\"position\":1,\"name\":\"Startseite\",\"item\":\"https:\/\/lei.net\/tr\/\"},{\"@type\":\"ListItem\",\"position\":2,\"name\":\"SSS\"}]},{\"@type\":\"WebSite\",\"@id\":\"https:\/\/lei.net\/#website\",\"url\":\"https:\/\/lei.net\/\",\"name\":\"LEI.net\",\"description\":\"Official Legal Entity Identifier (LEI) Registrar\",\"publisher\":{\"@id\":\"https:\/\/lei.net\/#organization\"},\"potentialAction\":[{\"@type\":\"SearchAction\",\"target\":{\"@type\":\"EntryPoint\",\"urlTemplate\":\"https:\/\/lei.net\/?s={search_term_string}\"},\"query-input\":{\"@type\":\"PropertyValueSpecification\",\"valueRequired\":true,\"valueName\":\"search_term_string\"}}],\"inLanguage\":\"tr\"},{\"@type\":\"Organization\",\"@id\":\"https:\/\/lei.net\/#organization\",\"name\":\"F.I.D.Firmeninformationsdienst GmbH\",\"url\":\"https:\/\/lei.net\/\",\"logo\":{\"@type\":\"ImageObject\",\"inLanguage\":\"tr\",\"@id\":\"https:\/\/lei.net\/#\/schema\/logo\/image\/\",\"url\":\"https:\/\/lei.net\/wp-content\/uploads\/2021\/12\/color_vertical.jpg\",\"contentUrl\":\"https:\/\/lei.net\/wp-content\/uploads\/2021\/12\/color_vertical.jpg\",\"width\":283,\"height\":283,\"caption\":\"F.I.D.Firmeninformationsdienst GmbH\"},\"image\":{\"@id\":\"https:\/\/lei.net\/#\/schema\/logo\/image\/\"}}]}<\/script>\n<!-- \/ Yoast SEO plugin. -->","yoast_head_json":{"title":"SSS - LEI.net","description":"\u00a0","robots":{"index":"index","follow":"follow","max-snippet":"max-snippet:-1","max-image-preview":"max-image-preview:large","max-video-preview":"max-video-preview:-1"},"canonical":"https:\/\/lei.net\/tr\/wp-json\/wp\/v2\/pages\/1387","og_locale":"tr_TR","og_type":"article","og_title":"SSS - LEI.net","og_description":"\u00a0","og_url":"https:\/\/lei.net\/tr\/sss\/","og_site_name":"LEI.net","article_modified_time":"2026-02-25T04:42:58+00:00","twitter_card":"summary_large_image","schema":{"@context":"https:\/\/schema.org","@graph":[{"@type":"WebPage","@id":"https:\/\/lei.net\/tr\/sss\/","url":"https:\/\/lei.net\/tr\/sss\/","name":"SSS - LEI.net","isPartOf":{"@id":"https:\/\/lei.net\/#website"},"datePublished":"2021-06-25T10:26:54+00:00","dateModified":"2026-02-25T04:42:58+00:00","description":"\u00a0","breadcrumb":{"@id":"https:\/\/lei.net\/tr\/sss\/#breadcrumb"},"inLanguage":"tr","potentialAction":[{"@type":"ReadAction","target":["https:\/\/lei.net\/tr\/sss\/"]}]},{"@type":"BreadcrumbList","@id":"https:\/\/lei.net\/tr\/sss\/#breadcrumb","itemListElement":[{"@type":"ListItem","position":1,"name":"Startseite","item":"https:\/\/lei.net\/tr\/"},{"@type":"ListItem","position":2,"name":"SSS"}]},{"@type":"WebSite","@id":"https:\/\/lei.net\/#website","url":"https:\/\/lei.net\/","name":"LEI.net","description":"Official Legal Entity Identifier (LEI) Registrar","publisher":{"@id":"https:\/\/lei.net\/#organization"},"potentialAction":[{"@type":"SearchAction","target":{"@type":"EntryPoint","urlTemplate":"https:\/\/lei.net\/?s={search_term_string}"},"query-input":{"@type":"PropertyValueSpecification","valueRequired":true,"valueName":"search_term_string"}}],"inLanguage":"tr"},{"@type":"Organization","@id":"https:\/\/lei.net\/#organization","name":"F.I.D.Firmeninformationsdienst GmbH","url":"https:\/\/lei.net\/","logo":{"@type":"ImageObject","inLanguage":"tr","@id":"https:\/\/lei.net\/#\/schema\/logo\/image\/","url":"https:\/\/lei.net\/wp-content\/uploads\/2021\/12\/color_vertical.jpg","contentUrl":"https:\/\/lei.net\/wp-content\/uploads\/2021\/12\/color_vertical.jpg","width":283,"height":283,"caption":"F.I.D.Firmeninformationsdienst GmbH"},"image":{"@id":"https:\/\/lei.net\/#\/schema\/logo\/image\/"}}]}},"_links":{"self":[{"href":"https:\/\/lei.net\/tr\/wp-json\/wp\/v2\/pages\/1387","targetHints":{"allow":["GET"]}}],"collection":[{"href":"https:\/\/lei.net\/tr\/wp-json\/wp\/v2\/pages"}],"about":[{"href":"https:\/\/lei.net\/tr\/wp-json\/wp\/v2\/types\/page"}],"author":[{"embeddable":true,"href":"https:\/\/lei.net\/tr\/wp-json\/wp\/v2\/users\/1"}],"replies":[{"embeddable":true,"href":"https:\/\/lei.net\/tr\/wp-json\/wp\/v2\/comments?post=1387"}],"version-history":[{"count":6,"href":"https:\/\/lei.net\/tr\/wp-json\/wp\/v2\/pages\/1387\/revisions"}],"predecessor-version":[{"id":13892,"href":"https:\/\/lei.net\/tr\/wp-json\/wp\/v2\/pages\/1387\/revisions\/13892"}],"wp:attachment":[{"href":"https:\/\/lei.net\/tr\/wp-json\/wp\/v2\/media?parent=1387"}],"curies":[{"name":"wp","href":"https:\/\/api.w.org\/{rel}","templated":true}]}}