

{"id":1393,"date":"2021-08-05T13:07:05","date_gmt":"2021-08-05T12:07:05","guid":{"rendered":"https:\/\/lei.net\/imprint\/"},"modified":"2026-02-25T08:21:35","modified_gmt":"2026-02-25T07:21:35","slug":"kunye","status":"publish","type":"page","link":"https:\/\/lei.net\/tr\/kunye\/","title":{"rendered":"K\u00fcnye"},"content":{"rendered":"\r\n<div class=\"wp-block-columns is-layout-flex wp-container-core-columns-is-layout-9d6595d7 wp-block-columns-is-layout-flex\">\r\n<div class=\"wp-block-column is-layout-flow wp-block-column-is-layout-flow\">  <div class=\"container px-4 xl:px-0\">\n    <div class=\"flex flex-wrap  mb-10 md:mb-16\">\n      <div class=\"w-full md:w-1\/2\">\n      <h1 class=\"font-axiforma text-[45px] md:text-[55px] text-center md:text-left\">K\u00fcnye<\/h1>\n            <\/div>\n      <div class=\"w-full md:w-1\/2 flex justify-center mt-10 md:mt-0\">\n        <img loading=\"lazy\" decoding=\"async\" alt=\"\" src=\"https:\/\/lei.net\/wp-content\/uploads\/2024\/01\/imprint.svg\" width=\"440\" height=\"350\">      <\/div>\n    <\/div>\n  <\/div>\n<\/div>\r\n\r\n\r\n\r\n<div class=\"wp-block-column is-layout-flow wp-block-column-is-layout-flow\">\r\n<p>LEI.NET, F.I.D.&#8217;nin bir hizmetidir. Firmeninformationsdienst GmbH.<\/p>\r\n\r\n\r\n\r\n<p>F.I.D.&#8217;nin yasal temsilcileri. Firmeninformationsdienst GmbH, C. Raphael Mahir ve Markus S. Glatz&#8217;\u0131n genel m\u00fcd\u00fcrleridir.<\/p>\r\n\r\n\r\n\r\n<p>F.I.D. \u015eirket Bilgi Hizmeti GmbH<br \/>Pelkovenstra\u00dfe 148<br \/>D-80992 M\u00fcnih<\/p>\r\n\r\n\r\n\r\n<p>Telefon numaras\u0131: +49 (89) 614215110<br \/>E-posta: support@lei.net<\/p>\r\n\r\n\r\n\r\n<p>HRB 216109 (M\u00fcnih Yerel Mahkemesi)<br \/>KDV Kimlik No: DE298120788<br \/>Vergi dairesi M\u00fcnih II<br \/>LEI: 98450069D77R7698B317<\/p>\r\n<\/div>\r\n<\/div>\r\n","protected":false},"excerpt":{"rendered":"<p>LEI.NET, F.I.D.&#8217;nin bir hizmetidir. Firmeninformationsdienst GmbH. F.I.D.&#8217;nin yasal temsilcileri. Firmeninformationsdienst GmbH, C. Raphael Mahir ve Markus S. Glatz&#8217;\u0131n genel m\u00fcd\u00fcrleridir. F.I.D. \u015eirket Bilgi Hizmeti GmbHPelkovenstra\u00dfe 148D-80992 M\u00fcnih Telefon numaras\u0131: +49 (89) 614215110E-posta: support@lei.net HRB 216109 (M\u00fcnih Yerel Mahkemesi)KDV Kimlik No: DE298120788Vergi dairesi M\u00fcnih IILEI: 98450069D77R7698B317<\/p>\n","protected":false},"author":4,"featured_media":0,"parent":0,"menu_order":0,"comment_status":"closed","ping_status":"closed","template":"","meta":{"_acf_changed":false,"footnotes":""},"class_list":["post-1393","page","type-page","status-publish","hentry"],"acf":[],"yoast_head":"<!-- This site is optimized with the Yoast SEO plugin v25.6 - https:\/\/yoast.com\/wordpress\/plugins\/seo\/ -->\n<title>K\u00fcnye - LEI.net<\/title>\n<meta name=\"description\" content=\"LEI.NET, F.I.D.&#039;nin bir hizmetidir. Firmeninformationsdienst GmbH. F.I.D.&#039;nin yasal temsilcileri. Firmeninformationsdienst GmbH, C. Raphael Mahir ve\" \/>\n<meta name=\"robots\" content=\"index, follow, max-snippet:-1, max-image-preview:large, max-video-preview:-1\" \/>\n<link rel=\"canonical\" href=\"https:\/\/lei.net\/tr\/wp-json\/wp\/v2\/pages\/1393\" \/>\n<meta property=\"og:locale\" content=\"tr_TR\" \/>\n<meta property=\"og:type\" content=\"article\" \/>\n<meta property=\"og:title\" content=\"K\u00fcnye - LEI.net\" \/>\n<meta property=\"og:description\" content=\"LEI.NET, F.I.D.&#039;nin bir hizmetidir. Firmeninformationsdienst GmbH. F.I.D.&#039;nin yasal temsilcileri. Firmeninformationsdienst GmbH, C. Raphael Mahir ve\" \/>\n<meta property=\"og:url\" content=\"https:\/\/lei.net\/tr\/kunye\/\" \/>\n<meta property=\"og:site_name\" content=\"LEI.net\" \/>\n<meta property=\"article:modified_time\" content=\"2026-02-25T07:21:35+00:00\" \/>\n<meta name=\"twitter:card\" content=\"summary_large_image\" \/>\n<meta name=\"twitter:label1\" content=\"Tahmini okuma s\u00fcresi\" \/>\n\t<meta name=\"twitter:data1\" content=\"1 dakika\" \/>\n<script type=\"application\/ld+json\" class=\"yoast-schema-graph\">{\"@context\":\"https:\/\/schema.org\",\"@graph\":[{\"@type\":\"WebPage\",\"@id\":\"https:\/\/lei.net\/tr\/kunye\/\",\"url\":\"https:\/\/lei.net\/tr\/kunye\/\",\"name\":\"K\u00fcnye - LEI.net\",\"isPartOf\":{\"@id\":\"https:\/\/lei.net\/#website\"},\"datePublished\":\"2021-08-05T12:07:05+00:00\",\"dateModified\":\"2026-02-25T07:21:35+00:00\",\"description\":\"LEI.NET, F.I.D.'nin bir hizmetidir. Firmeninformationsdienst GmbH. F.I.D.'nin yasal temsilcileri. Firmeninformationsdienst GmbH, C. Raphael Mahir ve\",\"breadcrumb\":{\"@id\":\"https:\/\/lei.net\/tr\/kunye\/#breadcrumb\"},\"inLanguage\":\"tr\",\"potentialAction\":[{\"@type\":\"ReadAction\",\"target\":[\"https:\/\/lei.net\/tr\/kunye\/\"]}]},{\"@type\":\"BreadcrumbList\",\"@id\":\"https:\/\/lei.net\/tr\/kunye\/#breadcrumb\",\"itemListElement\":[{\"@type\":\"ListItem\",\"position\":1,\"name\":\"Startseite\",\"item\":\"https:\/\/lei.net\/tr\/\"},{\"@type\":\"ListItem\",\"position\":2,\"name\":\"K\u00fcnye\"}]},{\"@type\":\"WebSite\",\"@id\":\"https:\/\/lei.net\/#website\",\"url\":\"https:\/\/lei.net\/\",\"name\":\"LEI.net\",\"description\":\"Official Legal Entity Identifier (LEI) Registrar\",\"publisher\":{\"@id\":\"https:\/\/lei.net\/#organization\"},\"potentialAction\":[{\"@type\":\"SearchAction\",\"target\":{\"@type\":\"EntryPoint\",\"urlTemplate\":\"https:\/\/lei.net\/?s={search_term_string}\"},\"query-input\":{\"@type\":\"PropertyValueSpecification\",\"valueRequired\":true,\"valueName\":\"search_term_string\"}}],\"inLanguage\":\"tr\"},{\"@type\":\"Organization\",\"@id\":\"https:\/\/lei.net\/#organization\",\"name\":\"F.I.D.Firmeninformationsdienst GmbH\",\"url\":\"https:\/\/lei.net\/\",\"logo\":{\"@type\":\"ImageObject\",\"inLanguage\":\"tr\",\"@id\":\"https:\/\/lei.net\/#\/schema\/logo\/image\/\",\"url\":\"https:\/\/lei.net\/wp-content\/uploads\/2021\/12\/color_vertical.jpg\",\"contentUrl\":\"https:\/\/lei.net\/wp-content\/uploads\/2021\/12\/color_vertical.jpg\",\"width\":283,\"height\":283,\"caption\":\"F.I.D.Firmeninformationsdienst GmbH\"},\"image\":{\"@id\":\"https:\/\/lei.net\/#\/schema\/logo\/image\/\"}}]}<\/script>\n<!-- \/ Yoast SEO plugin. -->","yoast_head_json":{"title":"K\u00fcnye - LEI.net","description":"LEI.NET, F.I.D.'nin bir hizmetidir. Firmeninformationsdienst GmbH. F.I.D.'nin yasal temsilcileri. Firmeninformationsdienst GmbH, C. Raphael Mahir ve","robots":{"index":"index","follow":"follow","max-snippet":"max-snippet:-1","max-image-preview":"max-image-preview:large","max-video-preview":"max-video-preview:-1"},"canonical":"https:\/\/lei.net\/tr\/wp-json\/wp\/v2\/pages\/1393","og_locale":"tr_TR","og_type":"article","og_title":"K\u00fcnye - LEI.net","og_description":"LEI.NET, F.I.D.'nin bir hizmetidir. Firmeninformationsdienst GmbH. F.I.D.'nin yasal temsilcileri. Firmeninformationsdienst GmbH, C. Raphael Mahir ve","og_url":"https:\/\/lei.net\/tr\/kunye\/","og_site_name":"LEI.net","article_modified_time":"2026-02-25T07:21:35+00:00","twitter_card":"summary_large_image","twitter_misc":{"Tahmini okuma s\u00fcresi":"1 dakika"},"schema":{"@context":"https:\/\/schema.org","@graph":[{"@type":"WebPage","@id":"https:\/\/lei.net\/tr\/kunye\/","url":"https:\/\/lei.net\/tr\/kunye\/","name":"K\u00fcnye - LEI.net","isPartOf":{"@id":"https:\/\/lei.net\/#website"},"datePublished":"2021-08-05T12:07:05+00:00","dateModified":"2026-02-25T07:21:35+00:00","description":"LEI.NET, F.I.D.'nin bir hizmetidir. Firmeninformationsdienst GmbH. F.I.D.'nin yasal temsilcileri. Firmeninformationsdienst GmbH, C. Raphael Mahir ve","breadcrumb":{"@id":"https:\/\/lei.net\/tr\/kunye\/#breadcrumb"},"inLanguage":"tr","potentialAction":[{"@type":"ReadAction","target":["https:\/\/lei.net\/tr\/kunye\/"]}]},{"@type":"BreadcrumbList","@id":"https:\/\/lei.net\/tr\/kunye\/#breadcrumb","itemListElement":[{"@type":"ListItem","position":1,"name":"Startseite","item":"https:\/\/lei.net\/tr\/"},{"@type":"ListItem","position":2,"name":"K\u00fcnye"}]},{"@type":"WebSite","@id":"https:\/\/lei.net\/#website","url":"https:\/\/lei.net\/","name":"LEI.net","description":"Official Legal Entity Identifier (LEI) Registrar","publisher":{"@id":"https:\/\/lei.net\/#organization"},"potentialAction":[{"@type":"SearchAction","target":{"@type":"EntryPoint","urlTemplate":"https:\/\/lei.net\/?s={search_term_string}"},"query-input":{"@type":"PropertyValueSpecification","valueRequired":true,"valueName":"search_term_string"}}],"inLanguage":"tr"},{"@type":"Organization","@id":"https:\/\/lei.net\/#organization","name":"F.I.D.Firmeninformationsdienst GmbH","url":"https:\/\/lei.net\/","logo":{"@type":"ImageObject","inLanguage":"tr","@id":"https:\/\/lei.net\/#\/schema\/logo\/image\/","url":"https:\/\/lei.net\/wp-content\/uploads\/2021\/12\/color_vertical.jpg","contentUrl":"https:\/\/lei.net\/wp-content\/uploads\/2021\/12\/color_vertical.jpg","width":283,"height":283,"caption":"F.I.D.Firmeninformationsdienst GmbH"},"image":{"@id":"https:\/\/lei.net\/#\/schema\/logo\/image\/"}}]}},"_links":{"self":[{"href":"https:\/\/lei.net\/tr\/wp-json\/wp\/v2\/pages\/1393","targetHints":{"allow":["GET"]}}],"collection":[{"href":"https:\/\/lei.net\/tr\/wp-json\/wp\/v2\/pages"}],"about":[{"href":"https:\/\/lei.net\/tr\/wp-json\/wp\/v2\/types\/page"}],"author":[{"embeddable":true,"href":"https:\/\/lei.net\/tr\/wp-json\/wp\/v2\/users\/4"}],"replies":[{"embeddable":true,"href":"https:\/\/lei.net\/tr\/wp-json\/wp\/v2\/comments?post=1393"}],"version-history":[{"count":4,"href":"https:\/\/lei.net\/tr\/wp-json\/wp\/v2\/pages\/1393\/revisions"}],"predecessor-version":[{"id":14467,"href":"https:\/\/lei.net\/tr\/wp-json\/wp\/v2\/pages\/1393\/revisions\/14467"}],"wp:attachment":[{"href":"https:\/\/lei.net\/tr\/wp-json\/wp\/v2\/media?parent=1393"}],"curies":[{"name":"wp","href":"https:\/\/api.w.org\/{rel}","templated":true}]}}