

{"id":5365,"date":"2021-06-30T13:44:40","date_gmt":"2021-06-30T12:44:40","guid":{"rendered":"https:\/\/lei.net\/transfer\/"},"modified":"2026-02-25T05:21:00","modified_gmt":"2026-02-25T04:21:00","slug":"transfer","status":"publish","type":"page","link":"https:\/\/lei.net\/tr\/transfer\/","title":{"rendered":"Transfer"},"content":{"rendered":"\n<select-plan-component default-subscription-type=\"transfer\" :switcher=\"false\" :reasons=\"[{&quot;_type&quot;:&quot;_&quot;,&quot;reason_code&quot;:&quot;NATURAL_PERSON&quot;,&quot;reason&quot;:&quot;Ger\\u00e7ek ki\\u015filer: Tan\\u0131m gere\\u011fi ana \\u015firket yoktur, \\u00e7\\u00fcnk\\u00fc kurulu\\u015f ger\\u00e7ek bir ki\\u015fi veya ana ortakl\\u0131\\u011f\\u0131n konsolidasyon kapsam\\u0131 tan\\u0131m\\u0131n\\u0131 kar\\u015f\\u0131layan ara ana ortakl\\u0131\\u011f\\u0131 olmayan ki\\u015filer taraf\\u0131ndan kontrol edilmektedir.&quot;,&quot;information_points&quot;:[]},{&quot;_type&quot;:&quot;_&quot;,&quot;reason_code&quot;:&quot;NON_CONSOLIDATING&quot;,&quot;reason&quot;:&quot;KONSOL\\u0130DE OLMAYAN: Tan\\u0131ma g\\u00f6re, i\\u015fletmenin konsolide mali tablolar\\u0131n haz\\u0131rlanmas\\u0131na tabi olmayan t\\u00fczel ki\\u015filer taraf\\u0131ndan kontrol edilmesi nedeniyle ana \\u015firket bulunmamaktad\\u0131r.&quot;,&quot;information_points&quot;:[]},{&quot;_type&quot;:&quot;_&quot;,&quot;reason_code&quot;:&quot;NO_KNOWN_PERSON&quot;,&quot;reason&quot;:&quot;Bilinen ki\\u015fi yok: Tan\\u0131ma g\\u00f6re, T\\u00fczel Ki\\u015fi Kimlik Belirleyici Vakf\\u0131&#039;nda ana \\u015firket bulunmamaktad\\u0131r \\u00e7\\u00fcnk\\u00fc varl\\u0131\\u011f\\u0131 kontrol eden bilinen bir ki\\u015fi yoktur (\\u00f6rne\\u011fin da\\u011f\\u0131n\\u0131k hissedarlar).&quot;,&quot;information_points&quot;:[]},{&quot;_type&quot;:&quot;_&quot;,&quot;reason_code&quot;:&quot;NON_PUBLIC&quot;,&quot;reason&quot;:&quot;NON_PUBLIC: A\\u015fa\\u011f\\u0131daki uygulamalar i\\u00e7in:&quot;,&quot;information_points&quot;:[{&quot;_type&quot;:&quot;_&quot;,&quot;information_point&quot;:&quot;Yasal Engeller: Bir yarg\\u0131 b\\u00f6lgesinin yasa veya d\\u00fczenlemelerindeki engeller, bilginin sa\\u011flanmas\\u0131n\\u0131 veya yay\\u0131nlanmas\\u0131n\\u0131 engeller. Kurulu\\u015f, ana \\u015firketi global LEI numaras\\u0131 veritaban\\u0131nda yay\\u0131nlayamaz.&quot;},{&quot;_type&quot;:&quot;_&quot;,&quot;information_point&quot;:&quot;R\\u0131za Al\\u0131nmad\\u0131: Y\\u00fcr\\u00fcrl\\u00fckteki yasal \\u00e7er\\u00e7eveye g\\u00f6re ana \\u015firketin izni gerekiyordu ve ana \\u015firket izin vermemi\\u015fti veya ileti\\u015fime ge\\u00e7ilemedi.&quot;},{&quot;_type&quot;:&quot;_&quot;,&quot;information_point&quot;:&quot;Ba\\u011flay\\u0131c\\u0131 yasal taahh\\u00fctler: T\\u00fczel ki\\u015fili\\u011fi d\\u00fczenleyen yasalar veya bir s\\u00f6zle\\u015fme gibi ba\\u011flay\\u0131c\\u0131 yasal taahh\\u00fctler (bir yarg\\u0131 b\\u00f6lgesinin kanunlar\\u0131 veya d\\u00fczenlemeleri d\\u0131\\u015f\\u0131nda), bu bilgilerin sa\\u011flanmas\\u0131n\\u0131 veya yay\\u0131nlanmas\\u0131n\\u0131 engeller.&quot;},{&quot;_type&quot;:&quot;_&quot;,&quot;information_point&quot;:&quot;De\\u011fer d\\u00fc\\u015f\\u00fckl\\u00fc\\u011f\\u00fc muaf tutulmad\\u0131: Ba\\u011fl\\u0131 ortakl\\u0131k, ana \\u015firketin raporlamas\\u0131yla ilgili olarak ana \\u015firketi ziyaret etmeyi talep etti, ancak ba\\u011fl\\u0131 ortakl\\u0131k i\\u00e7in makul sorumluluk risklerini \\u00f6nleyecek bir \\u015fekilde de\\u011fer d\\u00fc\\u015f\\u00fckl\\u00fc\\u011f\\u00fc olmamas\\u0131 nedeniyle bunu teyit edemedi.&quot;},{&quot;_type&quot;:&quot;_&quot;,&quot;information_point&quot;:&quot;A\\u00e7\\u0131klaman\\u0131n olumsuz etkisi: Bu bilginin a\\u00e7\\u0131klanmas\\u0131 ilgili t\\u00fczel ki\\u015fi veya ana kurulu\\u015f a\\u00e7\\u0131s\\u0131ndan zararl\\u0131 olabilir. Buna, kurulu\\u015fun beyan\\u0131na dayal\\u0131 olarak benzer durumlarda kamu yetkilileri taraf\\u0131ndan genel olarak kabul edilen nedenler de dahildir.&quot;}]},{&quot;_type&quot;:&quot;_&quot;,&quot;reason_code&quot;:&quot;NO_LEI&quot;,&quot;reason&quot;:&quot;LEI yok: Alt T\\u00fczel Ki\\u015fi, kullan\\u0131lan tan\\u0131ma g\\u00f6re bir ana \\u015firkete sahip oldu\\u011funu ancak bu ana \\u015firketin hen\\u00fcz bir LEI&#039;ye sahip olmad\\u0131\\u011f\\u0131n\\u0131 bildirmektedir.&quot;,&quot;information_points&quot;:[]}]\" :countries=\"{&quot;AF&quot;:&quot;Afghanistan&quot;,&quot;AL&quot;:&quot;Albania&quot;,&quot;DZ&quot;:&quot;Algeria&quot;,&quot;AS&quot;:&quot;American Samoa&quot;,&quot;AD&quot;:&quot;Andorra&quot;,&quot;AO&quot;:&quot;Angola&quot;,&quot;AI&quot;:&quot;Anguilla&quot;,&quot;AG&quot;:&quot;Antigua and Barbuda&quot;,&quot;AR&quot;:&quot;Argentina&quot;,&quot;AM&quot;:&quot;Armenia&quot;,&quot;AW&quot;:&quot;Aruba&quot;,&quot;AU&quot;:&quot;Australia&quot;,&quot;AT&quot;:&quot;Austria&quot;,&quot;AZ&quot;:&quot;Azerbaijan&quot;,&quot;BS&quot;:&quot;Bahamas&quot;,&quot;BD&quot;:&quot;Bangladesh&quot;,&quot;BB&quot;:&quot;Barbados&quot;,&quot;BY&quot;:&quot;Belarus&quot;,&quot;BE&quot;:&quot;Belgium&quot;,&quot;BZ&quot;:&quot;Belize&quot;,&quot;BJ&quot;:&quot;Benin&quot;,&quot;BM&quot;:&quot;Bermuda&quot;,&quot;BT&quot;:&quot;Bhutan&quot;,&quot;BO&quot;:&quot;Bolivia&quot;,&quot;BA&quot;:&quot;Bosnia and Herzegovina&quot;,&quot;BW&quot;:&quot;Botswana&quot;,&quot;BV&quot;:&quot;Bouvet Island&quot;,&quot;BR&quot;:&quot;Brazil&quot;,&quot;IO&quot;:&quot;British Indian Ocean Territory&quot;,&quot;BN&quot;:&quot;Brunei Darussalam&quot;,&quot;BG&quot;:&quot;Bulgaria&quot;,&quot;BF&quot;:&quot;Burkina Faso&quot;,&quot;BI&quot;:&quot;Burundi&quot;,&quot;KH&quot;:&quot;Cambodia&quot;,&quot;CM&quot;:&quot;Cameroon&quot;,&quot;CA&quot;:&quot;Canada&quot;,&quot;KY&quot;:&quot;Cayman Islands&quot;,&quot;CF&quot;:&quot;Central African Republic&quot;,&quot;TD&quot;:&quot;Chad&quot;,&quot;CL&quot;:&quot;Chile&quot;,&quot;CN&quot;:&quot;China&quot;,&quot;CX&quot;:&quot;Christmas Island&quot;,&quot;CC&quot;:&quot;Cocos (Keeling) Islands&quot;,&quot;CO&quot;:&quot;Colombia&quot;,&quot;KM&quot;:&quot;Comoros&quot;,&quot;CG&quot;:&quot;Congo&quot;,&quot;CK&quot;:&quot;Cook Islands&quot;,&quot;CR&quot;:&quot;Costa Rica&quot;,&quot;CI&quot;:&quot;C\\u00f4te d&#039;Ivoire&quot;,&quot;HR&quot;:&quot;Croatia&quot;,&quot;CY&quot;:&quot;Cyprus&quot;,&quot;CZ&quot;:&quot;Czech Republic&quot;,&quot;DK&quot;:&quot;Denmark&quot;,&quot;DJ&quot;:&quot;Djibouti&quot;,&quot;DM&quot;:&quot;Dominica&quot;,&quot;DO&quot;:&quot;Dominican Republic&quot;,&quot;EC&quot;:&quot;Ecuador&quot;,&quot;EG&quot;:&quot;Egypt&quot;,&quot;SV&quot;:&quot;El Salvador&quot;,&quot;GQ&quot;:&quot;Equatorial Guinea&quot;,&quot;EE&quot;:&quot;Estonia&quot;,&quot;ET&quot;:&quot;Ethiopia&quot;,&quot;FK&quot;:&quot;Falkland Islands (Malvinas)&quot;,&quot;FO&quot;:&quot;Faroe Islands&quot;,&quot;FJ&quot;:&quot;Fiji&quot;,&quot;FI&quot;:&quot;Finland&quot;,&quot;FR&quot;:&quot;France&quot;,&quot;GF&quot;:&quot;French Guiana&quot;,&quot;PF&quot;:&quot;French Polynesia&quot;,&quot;TF&quot;:&quot;French Southern Territories&quot;,&quot;GA&quot;:&quot;Gabon&quot;,&quot;GM&quot;:&quot;Gambia&quot;,&quot;GE&quot;:&quot;Georgia&quot;,&quot;DE&quot;:&quot;Germany&quot;,&quot;GH&quot;:&quot;Ghana&quot;,&quot;GI&quot;:&quot;Gibraltar&quot;,&quot;GR&quot;:&quot;Greece&quot;,&quot;GL&quot;:&quot;Greenland&quot;,&quot;GD&quot;:&quot;Grenada&quot;,&quot;GP&quot;:&quot;Guadeloupe&quot;,&quot;GU&quot;:&quot;Guam&quot;,&quot;GT&quot;:&quot;Guatemala&quot;,&quot;GN&quot;:&quot;Guinea&quot;,&quot;GW&quot;:&quot;Guinea-Bissau&quot;,&quot;GY&quot;:&quot;Guyana&quot;,&quot;HT&quot;:&quot;Haiti&quot;,&quot;HM&quot;:&quot;Heard Island and McDonald Islands&quot;,&quot;VA&quot;:&quot;Holy See (Vatican City State)&quot;,&quot;HN&quot;:&quot;Honduras&quot;,&quot;HK&quot;:&quot;Hong Kong&quot;,&quot;HU&quot;:&quot;Hungary&quot;,&quot;IS&quot;:&quot;Iceland&quot;,&quot;IN&quot;:&quot;India&quot;,&quot;ID&quot;:&quot;Indonesia&quot;,&quot;IR&quot;:&quot;Iran&quot;,&quot;IQ&quot;:&quot;Iraq&quot;,&quot;IE&quot;:&quot;Ireland&quot;,&quot;IL&quot;:&quot;Israel&quot;,&quot;IT&quot;:&quot;Italy&quot;,&quot;JM&quot;:&quot;Jamaica&quot;,&quot;JP&quot;:&quot;Japan&quot;,&quot;JO&quot;:&quot;Jordan&quot;,&quot;KZ&quot;:&quot;Kazakhstan&quot;,&quot;KE&quot;:&quot;Kenya&quot;,&quot;KI&quot;:&quot;Kiribati&quot;,&quot;KP&quot;:&quot;North Korea&quot;,&quot;KR&quot;:&quot;South Korea&quot;,&quot;KW&quot;:&quot;Kuwait&quot;,&quot;KG&quot;:&quot;Kyrgyzstan&quot;,&quot;LA&quot;:&quot;Lao People&#039;s Democratic Republic&quot;,&quot;LV&quot;:&quot;Latvia&quot;,&quot;LB&quot;:&quot;Lebanon&quot;,&quot;LS&quot;:&quot;Lesotho&quot;,&quot;LR&quot;:&quot;Liberia&quot;,&quot;LY&quot;:&quot;Libyan Arab Jamahiriya&quot;,&quot;LI&quot;:&quot;Liechtenstein&quot;,&quot;LT&quot;:&quot;Lithuania&quot;,&quot;LU&quot;:&quot;Luxembourg&quot;,&quot;MO&quot;:&quot;Macao&quot;,&quot;MK&quot;:&quot;Macedonia&quot;,&quot;MG&quot;:&quot;Madagascar&quot;,&quot;MW&quot;:&quot;Malawi&quot;,&quot;MY&quot;:&quot;Malaysia&quot;,&quot;MV&quot;:&quot;Maldives&quot;,&quot;ML&quot;:&quot;Mali&quot;,&quot;MT&quot;:&quot;Malta&quot;,&quot;MH&quot;:&quot;Marshall Islands&quot;,&quot;MQ&quot;:&quot;Martinique&quot;,&quot;MR&quot;:&quot;Mauritania&quot;,&quot;MU&quot;:&quot;Mauritius&quot;,&quot;YT&quot;:&quot;Mayotte&quot;,&quot;MX&quot;:&quot;Mexico&quot;,&quot;FM&quot;:&quot;Micronesia&quot;,&quot;MD&quot;:&quot;Moldova&quot;,&quot;MC&quot;:&quot;Monaco&quot;,&quot;MN&quot;:&quot;Mongolia&quot;,&quot;ME&quot;:&quot;Montenegro&quot;,&quot;MS&quot;:&quot;Montserrat&quot;,&quot;MA&quot;:&quot;Morocco&quot;,&quot;MZ&quot;:&quot;Mozambique&quot;,&quot;MM&quot;:&quot;Myanmar&quot;,&quot;NA&quot;:&quot;Namibia&quot;,&quot;NR&quot;:&quot;Nauru&quot;,&quot;NP&quot;:&quot;Nepal&quot;,&quot;NL&quot;:&quot;Netherlands&quot;,&quot;AN&quot;:&quot;Netherlands Antilles&quot;,&quot;NC&quot;:&quot;New Caledonia&quot;,&quot;NZ&quot;:&quot;New Zealand&quot;,&quot;NI&quot;:&quot;Nicaragua&quot;,&quot;NE&quot;:&quot;Niger&quot;,&quot;NG&quot;:&quot;Nigeria&quot;,&quot;NU&quot;:&quot;Niue&quot;,&quot;NF&quot;:&quot;Norfolk Island&quot;,&quot;MP&quot;:&quot;Northern Mariana Islands&quot;,&quot;NO&quot;:&quot;Norway&quot;,&quot;OM&quot;:&quot;Oman&quot;,&quot;PK&quot;:&quot;Pakistan&quot;,&quot;PW&quot;:&quot;Palau&quot;,&quot;PS&quot;:&quot;Palestinian Territory&quot;,&quot;PA&quot;:&quot;Panama&quot;,&quot;PG&quot;:&quot;Papua New Guinea&quot;,&quot;PY&quot;:&quot;Paraguay&quot;,&quot;PE&quot;:&quot;Peru&quot;,&quot;PH&quot;:&quot;Philippines&quot;,&quot;PN&quot;:&quot;Pitcairn&quot;,&quot;PL&quot;:&quot;Poland&quot;,&quot;PT&quot;:&quot;Portugal&quot;,&quot;PR&quot;:&quot;Puerto Rico&quot;,&quot;QA&quot;:&quot;Qatar&quot;,&quot;RE&quot;:&quot;R\\u00e9union&quot;,&quot;RO&quot;:&quot;Romania&quot;,&quot;RU&quot;:&quot;Russian Federation&quot;,&quot;RW&quot;:&quot;Rwanda&quot;,&quot;WS&quot;:&quot;Samoa&quot;,&quot;SM&quot;:&quot;San Marino&quot;,&quot;ST&quot;:&quot;Sao Tome and Principe&quot;,&quot;SA&quot;:&quot;Saudi Arabia&quot;,&quot;SN&quot;:&quot;Senegal&quot;,&quot;RS&quot;:&quot;Serbia&quot;,&quot;SC&quot;:&quot;Seychelles&quot;,&quot;SL&quot;:&quot;Sierra Leone&quot;,&quot;SG&quot;:&quot;Singapore&quot;,&quot;SK&quot;:&quot;Slovakia&quot;,&quot;SI&quot;:&quot;Slovenia&quot;,&quot;SB&quot;:&quot;Solomon Islands&quot;,&quot;SO&quot;:&quot;Somalia&quot;,&quot;ZA&quot;:&quot;South Africa&quot;,&quot;GS&quot;:&quot;South Georgia and the South Sandwich Islands&quot;,&quot;ES&quot;:&quot;Spain&quot;,&quot;LK&quot;:&quot;Sri Lanka&quot;,&quot;SD&quot;:&quot;Sudan&quot;,&quot;SR&quot;:&quot;Suriname&quot;,&quot;SJ&quot;:&quot;Svalbard and Jan Mayen&quot;,&quot;SZ&quot;:&quot;Swaziland&quot;,&quot;SE&quot;:&quot;Sweden&quot;,&quot;CH&quot;:&quot;Switzerland&quot;,&quot;SY&quot;:&quot;Syrian Arab Republic&quot;,&quot;TW&quot;:&quot;Taiwan&quot;,&quot;TJ&quot;:&quot;Tajikistan&quot;,&quot;TZ&quot;:&quot;Tanzania&quot;,&quot;TH&quot;:&quot;Thailand&quot;,&quot;TL&quot;:&quot;Timor-Leste&quot;,&quot;TG&quot;:&quot;Togo&quot;,&quot;TK&quot;:&quot;Tokelau&quot;,&quot;TO&quot;:&quot;Tonga&quot;,&quot;TT&quot;:&quot;Trinidad and Tobago&quot;,&quot;TN&quot;:&quot;Tunisia&quot;,&quot;TR&quot;:&quot;Turkey&quot;,&quot;TM&quot;:&quot;Turkmenistan&quot;,&quot;TC&quot;:&quot;Turks and Caicos Islands&quot;,&quot;TV&quot;:&quot;Tuvalu&quot;,&quot;UG&quot;:&quot;Uganda&quot;,&quot;UA&quot;:&quot;Ukraine&quot;,&quot;AE&quot;:&quot;United Arab Emirates&quot;,&quot;GB&quot;:&quot;United Kingdom&quot;,&quot;US&quot;:&quot;United States&quot;,&quot;UM&quot;:&quot;United States Minor Outlying Islands&quot;,&quot;UY&quot;:&quot;Uruguay&quot;,&quot;UZ&quot;:&quot;Uzbekistan&quot;,&quot;VU&quot;:&quot;Vanuatu&quot;,&quot;VE&quot;:&quot;Venezuela&quot;,&quot;VN&quot;:&quot;Viet Nam&quot;,&quot;VG&quot;:&quot;Virgin Islands, British&quot;,&quot;VI&quot;:&quot;Virgin Islands, U.S.&quot;,&quot;WF&quot;:&quot;Wallis and Futuna&quot;,&quot;EH&quot;:&quot;Western Sahara&quot;,&quot;YE&quot;:&quot;Yemen&quot;,&quot;ZM&quot;:&quot;Zambia&quot;,&quot;ZW&quot;:&quot;Zimbabwe&quot;}\" :plans=\"{&quot;registration&quot;:[{&quot;pricePerYear&quot;:&quot;75$ \\\/ 1 y\\u0131l&quot;,&quot;price&quot;:&quot;75$&quot;,&quot;priceText&quot;:&quot; \\\/ 1 y\\u0131l&quot;,&quot;duration&quot;:&quot;1 y\\u0131l&quot;,&quot;name&quot;:&quot;Official LEI Registration&quot;,&quot;isPopular&quot;:false,&quot;benefits&quot;:[]}],&quot;renewal&quot;:[{&quot;pricePerYear&quot;:&quot;75$ \\\/ 1 y\\u0131l&quot;,&quot;price&quot;:&quot;75$&quot;,&quot;priceText&quot;:&quot; \\\/ 1 y\\u0131l&quot;,&quot;duration&quot;:&quot;1 y\\u0131l&quot;,&quot;name&quot;:&quot;LEI transferi\\\/yenileme&quot;,&quot;isPopular&quot;:&quot;&quot;,&quot;benefits&quot;:&quot;&quot;}],&quot;transfer&quot;:[{&quot;pricePerYear&quot;:&quot;75$ \\\/ 1 y\\u0131l&quot;,&quot;price&quot;:&quot;75$&quot;,&quot;priceText&quot;:&quot; \\\/ 1 y\\u0131l&quot;,&quot;duration&quot;:&quot;1 y\\u0131l&quot;,&quot;name&quot;:&quot;LEI transferi\\\/yenileme&quot;,&quot;isPopular&quot;:&quot;&quot;,&quot;benefits&quot;:&quot;&quot;}]}\" lang=\"tr\" plan-bg=\"https:\/\/lei.net\/wp-content\/themes\/leinumber\/assets\/images\/plan-bg_tr.webp\" confirm-bg=\"https:\/\/lei.net\/wp-content\/themes\/leinumber\/assets\/images\/confirm-bg_tr.webp\"><\/select-plan-component>\n\r\n\r\n\r\n<div class=\"wp-block-spacer\" style=\"height: 50px;\" aria-hidden=\"true\">\u00a0<\/div>\r\n\r\n\r\n\r\n<h2 class=\"wp-block-heading has-text-align-center font-axiforma\" style=\"font-size: 45px; font-style: normal; font-weight: 600;\">SSS<\/h2>\r\n\r\n\r\n\r\n<p class=\"has-text-align-center\">M\u00fc\u015fteriler s\u0131k\u00e7a bizden \u015fu sorular\u0131 sormaktad\u0131r<\/p>\r\n\r\n\r\n\r\n<div class=\"wp-block-spacer\" style=\"height: 50px;\" aria-hidden=\"true\">\u00a0<\/div>\r\n\r\n\r\n<faq-component data='[{&quot;_id&quot;:&quot;cf-zLCyF1AGp2zcbxMYhe_6Z&quot;,&quot;_type&quot;:&quot;_&quot;,&quot;question&quot;:&quot;LEI transferi nedir?&quot;,&quot;answer&quot;:&quot;LEI numaran\\u0131z\\u0131 ba\\u015fka bir sa\\u011flay\\u0131c\\u0131 taraf\\u0131ndan y\\u00f6netilmesini istiyorsan\\u0131z, bir transfer talep edebilirsiniz, buna LEI transferi denir. Bu hizmeti transfer formumuzla sunuyoruz, bu \\u00fccretsizdir ve birka\\u00e7 dakika i\\u00e7inde tamamlanabilir.&quot;},{&quot;_id&quot;:&quot;cf-aVQh0q7I_E6NAfnISmeo8&quot;,&quot;_type&quot;:&quot;_&quot;,&quot;question&quot;:&quot;LEI transferi nas\\u0131l i\\u015fler?&quot;,&quot;answer&quot;:&quot;M\\u00fc\\u015fteri olarak yapman\\u0131z gereken tek \\u015fey web sitemizdeki transfer formunu doldurup g\\u00f6ndermektir. Daha sonra mevcut sa\\u011flay\\u0131c\\u0131n\\u0131zla ileti\\u015fime ge\\u00e7ece\\u011fiz ve transferi GLEIF ailesi i\\u00e7inde dahili olarak halledece\\u011fiz. Transfer tamamland\\u0131\\u011f\\u0131nda size bir mesaj g\\u00f6nderece\\u011fiz.&quot;},{&quot;_id&quot;:&quot;cf-wbp5hFdmEZ_R5ZcE9GuSU&quot;,&quot;_type&quot;:&quot;_&quot;,&quot;question&quot;:&quot;LEI numaras\\u0131 nedir?&quot;,&quot;answer&quot;:&quot;LEI, Yasal Varl\\u0131k Tan\\u0131mlama&#039;n\\u0131n k\\u0131saltmas\\u0131d\\u0131r. Bu, yasal varl\\u0131klar\\u0131n bir finansal i\\u015flem yaparken sa\\u011flamak zorunda olduklar\\u0131 bir tan\\u0131mlama numaras\\u0131d\\u0131r. Bu numara, finansal bir i\\u015flem s\\u0131ras\\u0131nda partnerin istenen verileri kolayca sa\\u011flamas\\u0131n\\u0131 sa\\u011flar. Aksi takdirde \\u00e7ok uzun s\\u00fcrecek bir s\\u00fcre\\u00e7, bir LEI kullan\\u0131ld\\u0131\\u011f\\u0131nda sadece birka\\u00e7 dakika s\\u00fcrer.nnLEI numaras\\u0131 GLEIF (K\\u00fcresel Varl\\u0131k Tan\\u0131mlay\\u0131c\\u0131 Vakf\\u0131) taraf\\u0131ndan verilir. Bu organizasyon 2014 y\\u0131l\\u0131ndan beri var olup, uluslararas\\u0131 bazda faaliyet g\\u00f6stermekte ve merkezi Basel&#039;dedir.nnT\\u00fcm LEI numaras\\u0131 sahiplerinin verileri merkezi bir veritaban\\u0131nda saklan\\u0131r. Buna k\\u0131saca GLEIS denilen K\\u00fcresel Lei Sistemi denir.&quot;},{&quot;_id&quot;:&quot;cf-Wsr_XCfX8hyDLNc1GoFpR&quot;,&quot;_type&quot;:&quot;_&quot;,&quot;question&quot;:&quot;LEI numaras\\u0131 nas\\u0131l alabilirim?&quot;,&quot;answer&quot;:&quot;GLEIF, LEI numaras\\u0131 veren kurulu\\u015ftur. LOU&#039;lar olarak adland\\u0131r\\u0131lan yerlerde veya kay\\u0131t acenteleri arac\\u0131l\\u0131\\u011f\\u0131yla ba\\u015fvuruda bulunulabilir. Gerekli bilgileri doldurun ve ba\\u015fvuru formunuzu g\\u00f6nderin. \\u00d6demenizi ald\\u0131ktan sonra, LEI numaran\\u0131z\\u0131n aktif olmas\\u0131 en fazla 24 saat s\\u00fcrecektir. \\u0130\\u015flemi m\\u00fcmk\\u00fcn oldu\\u011funca sorunsuz hale getirmek i\\u00e7in birka\\u00e7 \\u00f6deme se\\u00e7ene\\u011fi sunuyoruz. Finansal bir i\\u015flem i\\u00e7in LEI numaras\\u0131na \\u00e7ok acil ihtiyac\\u0131n\\u0131z varsa, \\u00f6demenizi an\\u0131nda yapacak bir \\u00f6deme se\\u00e7ene\\u011fi se\\u00e7ti\\u011finizden emin olun.nnLEI numaras\\u0131 bir y\\u0131l ge\\u00e7erlidir. Bundan sonra LEI numaran\\u0131z\\u0131 yenileyebilirsiniz. Ayr\\u0131ca birka\\u00e7 y\\u0131l i\\u00e7in s\\u00f6zle\\u015fme imzalamak da m\\u00fcmk\\u00fcnd\\u00fcr, o zaman LEI numaran\\u0131z\\u0131 yenilemekle ilgili endi\\u015felenmenize gerek kalmaz.&quot;},{&quot;_id&quot;:&quot;cf-0kx1rTkOVA5hdM1SxDgcz&quot;,&quot;_type&quot;:&quot;_&quot;,&quot;question&quot;:&quot;LEI numaras\\u0131 neden var?&quot;,&quot;answer&quot;:&quot;LEI numaras\\u0131 ile m\\u00fc\\u015fteri kayd\\u0131 \\u00e7ok daha kolayd\\u0131r. Her finansal i\\u015flemde \\u00e7ok miktarda veri girilmesi gerekir. LEI numaras\\u0131 ile herkes \\u00e7ok zaman kazan\\u0131r.nnFinansal bir i\\u015flem her zaman belirli bir risk ta\\u015f\\u0131r. Bu y\\u00fczden herkes kar\\u015f\\u0131 taraf\\u0131n kim oldu\\u011funu tam olarak bilmek ister. LEI numaras\\u0131 bu bilgiyi h\\u0131zl\\u0131 ve g\\u00fcvenilir bir \\u015fekilde sa\\u011flar.&quot;}]'><\/faq-component>\n","protected":false},"excerpt":{"rendered":"<p>SSS M\u00fc\u015fteriler s\u0131k\u00e7a bizden \u015fu sorular\u0131 sormaktad\u0131r<\/p>\n","protected":false},"author":1,"featured_media":0,"parent":0,"menu_order":0,"comment_status":"closed","ping_status":"closed","template":"","meta":{"_acf_changed":false,"footnotes":""},"class_list":["post-5365","page","type-page","status-publish","hentry"],"acf":[],"yoast_head":"<!-- This site is optimized with the Yoast SEO plugin v25.6 - https:\/\/yoast.com\/wordpress\/plugins\/seo\/ -->\n<title>Transfer - LEI.net<\/title>\n<meta name=\"description\" content=\"\u00a0    SSS    M\u00fc\u015fteriler s\u0131k\u00e7a bizden \u015fu sorular\u0131 sormaktad\u0131r    \u00a0\" \/>\n<meta name=\"robots\" content=\"index, follow, max-snippet:-1, max-image-preview:large, max-video-preview:-1\" \/>\n<link rel=\"canonical\" href=\"https:\/\/lei.net\/tr\/wp-json\/wp\/v2\/pages\/5365\" \/>\n<meta property=\"og:locale\" content=\"tr_TR\" \/>\n<meta property=\"og:type\" content=\"article\" \/>\n<meta property=\"og:title\" content=\"Transfer - LEI.net\" \/>\n<meta property=\"og:description\" content=\"\u00a0    SSS    M\u00fc\u015fteriler s\u0131k\u00e7a bizden \u015fu sorular\u0131 sormaktad\u0131r    \u00a0\" \/>\n<meta property=\"og:url\" content=\"https:\/\/lei.net\/tr\/transfer\/\" \/>\n<meta property=\"og:site_name\" content=\"LEI.net\" \/>\n<meta property=\"article:modified_time\" content=\"2026-02-25T04:21:00+00:00\" \/>\n<meta name=\"twitter:card\" content=\"summary_large_image\" \/>\n<meta name=\"twitter:label1\" content=\"Tahmini okuma s\u00fcresi\" \/>\n\t<meta name=\"twitter:data1\" content=\"1 dakika\" \/>\n<script type=\"application\/ld+json\" class=\"yoast-schema-graph\">{\"@context\":\"https:\/\/schema.org\",\"@graph\":[{\"@type\":\"WebPage\",\"@id\":\"https:\/\/lei.net\/tr\/transfer\/\",\"url\":\"https:\/\/lei.net\/tr\/transfer\/\",\"name\":\"Transfer - LEI.net\",\"isPartOf\":{\"@id\":\"https:\/\/lei.net\/#website\"},\"datePublished\":\"2021-06-30T12:44:40+00:00\",\"dateModified\":\"2026-02-25T04:21:00+00:00\",\"description\":\"\u00a0 SSS M\u00fc\u015fteriler s\u0131k\u00e7a bizden \u015fu sorular\u0131 sormaktad\u0131r \u00a0\",\"breadcrumb\":{\"@id\":\"https:\/\/lei.net\/tr\/transfer\/#breadcrumb\"},\"inLanguage\":\"tr\",\"potentialAction\":[{\"@type\":\"ReadAction\",\"target\":[\"https:\/\/lei.net\/tr\/transfer\/\"]}]},{\"@type\":\"BreadcrumbList\",\"@id\":\"https:\/\/lei.net\/tr\/transfer\/#breadcrumb\",\"itemListElement\":[{\"@type\":\"ListItem\",\"position\":1,\"name\":\"Startseite\",\"item\":\"https:\/\/lei.net\/tr\/\"},{\"@type\":\"ListItem\",\"position\":2,\"name\":\"Transfer\"}]},{\"@type\":\"WebSite\",\"@id\":\"https:\/\/lei.net\/#website\",\"url\":\"https:\/\/lei.net\/\",\"name\":\"LEI.net\",\"description\":\"Official Legal Entity Identifier (LEI) Registrar\",\"publisher\":{\"@id\":\"https:\/\/lei.net\/#organization\"},\"potentialAction\":[{\"@type\":\"SearchAction\",\"target\":{\"@type\":\"EntryPoint\",\"urlTemplate\":\"https:\/\/lei.net\/?s={search_term_string}\"},\"query-input\":{\"@type\":\"PropertyValueSpecification\",\"valueRequired\":true,\"valueName\":\"search_term_string\"}}],\"inLanguage\":\"tr\"},{\"@type\":\"Organization\",\"@id\":\"https:\/\/lei.net\/#organization\",\"name\":\"F.I.D.Firmeninformationsdienst GmbH\",\"url\":\"https:\/\/lei.net\/\",\"logo\":{\"@type\":\"ImageObject\",\"inLanguage\":\"tr\",\"@id\":\"https:\/\/lei.net\/#\/schema\/logo\/image\/\",\"url\":\"https:\/\/lei.net\/wp-content\/uploads\/2021\/12\/color_vertical.jpg\",\"contentUrl\":\"https:\/\/lei.net\/wp-content\/uploads\/2021\/12\/color_vertical.jpg\",\"width\":283,\"height\":283,\"caption\":\"F.I.D.Firmeninformationsdienst GmbH\"},\"image\":{\"@id\":\"https:\/\/lei.net\/#\/schema\/logo\/image\/\"}}]}<\/script>\n<!-- \/ Yoast SEO plugin. -->","yoast_head_json":{"title":"Transfer - LEI.net","description":"\u00a0    SSS    M\u00fc\u015fteriler s\u0131k\u00e7a bizden \u015fu sorular\u0131 sormaktad\u0131r    \u00a0","robots":{"index":"index","follow":"follow","max-snippet":"max-snippet:-1","max-image-preview":"max-image-preview:large","max-video-preview":"max-video-preview:-1"},"canonical":"https:\/\/lei.net\/tr\/wp-json\/wp\/v2\/pages\/5365","og_locale":"tr_TR","og_type":"article","og_title":"Transfer - LEI.net","og_description":"\u00a0    SSS    M\u00fc\u015fteriler s\u0131k\u00e7a bizden \u015fu sorular\u0131 sormaktad\u0131r    \u00a0","og_url":"https:\/\/lei.net\/tr\/transfer\/","og_site_name":"LEI.net","article_modified_time":"2026-02-25T04:21:00+00:00","twitter_card":"summary_large_image","twitter_misc":{"Tahmini okuma s\u00fcresi":"1 dakika"},"schema":{"@context":"https:\/\/schema.org","@graph":[{"@type":"WebPage","@id":"https:\/\/lei.net\/tr\/transfer\/","url":"https:\/\/lei.net\/tr\/transfer\/","name":"Transfer - LEI.net","isPartOf":{"@id":"https:\/\/lei.net\/#website"},"datePublished":"2021-06-30T12:44:40+00:00","dateModified":"2026-02-25T04:21:00+00:00","description":"\u00a0 SSS M\u00fc\u015fteriler s\u0131k\u00e7a bizden \u015fu sorular\u0131 sormaktad\u0131r \u00a0","breadcrumb":{"@id":"https:\/\/lei.net\/tr\/transfer\/#breadcrumb"},"inLanguage":"tr","potentialAction":[{"@type":"ReadAction","target":["https:\/\/lei.net\/tr\/transfer\/"]}]},{"@type":"BreadcrumbList","@id":"https:\/\/lei.net\/tr\/transfer\/#breadcrumb","itemListElement":[{"@type":"ListItem","position":1,"name":"Startseite","item":"https:\/\/lei.net\/tr\/"},{"@type":"ListItem","position":2,"name":"Transfer"}]},{"@type":"WebSite","@id":"https:\/\/lei.net\/#website","url":"https:\/\/lei.net\/","name":"LEI.net","description":"Official Legal Entity Identifier (LEI) Registrar","publisher":{"@id":"https:\/\/lei.net\/#organization"},"potentialAction":[{"@type":"SearchAction","target":{"@type":"EntryPoint","urlTemplate":"https:\/\/lei.net\/?s={search_term_string}"},"query-input":{"@type":"PropertyValueSpecification","valueRequired":true,"valueName":"search_term_string"}}],"inLanguage":"tr"},{"@type":"Organization","@id":"https:\/\/lei.net\/#organization","name":"F.I.D.Firmeninformationsdienst GmbH","url":"https:\/\/lei.net\/","logo":{"@type":"ImageObject","inLanguage":"tr","@id":"https:\/\/lei.net\/#\/schema\/logo\/image\/","url":"https:\/\/lei.net\/wp-content\/uploads\/2021\/12\/color_vertical.jpg","contentUrl":"https:\/\/lei.net\/wp-content\/uploads\/2021\/12\/color_vertical.jpg","width":283,"height":283,"caption":"F.I.D.Firmeninformationsdienst GmbH"},"image":{"@id":"https:\/\/lei.net\/#\/schema\/logo\/image\/"}}]}},"_links":{"self":[{"href":"https:\/\/lei.net\/tr\/wp-json\/wp\/v2\/pages\/5365","targetHints":{"allow":["GET"]}}],"collection":[{"href":"https:\/\/lei.net\/tr\/wp-json\/wp\/v2\/pages"}],"about":[{"href":"https:\/\/lei.net\/tr\/wp-json\/wp\/v2\/types\/page"}],"author":[{"embeddable":true,"href":"https:\/\/lei.net\/tr\/wp-json\/wp\/v2\/users\/1"}],"replies":[{"embeddable":true,"href":"https:\/\/lei.net\/tr\/wp-json\/wp\/v2\/comments?post=5365"}],"version-history":[{"count":2,"href":"https:\/\/lei.net\/tr\/wp-json\/wp\/v2\/pages\/5365\/revisions"}],"predecessor-version":[{"id":13816,"href":"https:\/\/lei.net\/tr\/wp-json\/wp\/v2\/pages\/5365\/revisions\/13816"}],"wp:attachment":[{"href":"https:\/\/lei.net\/tr\/wp-json\/wp\/v2\/media?parent=5365"}],"curies":[{"name":"wp","href":"https:\/\/api.w.org\/{rel}","templated":true}]}}